{"id":7063,"date":"2020-03-13T15:24:24","date_gmt":"2020-03-13T15:24:24","guid":{"rendered":"https:\/\/www.tycroc.com\/om-tycroc\/"},"modified":"2020-07-29T08:10:39","modified_gmt":"2020-07-29T08:10:39","slug":"om-tycroc","status":"publish","type":"page","link":"https:\/\/www.tycroc.com\/sv\/om-tycroc\/","title":{"rendered":"Om Tycroc"},"content":{"rendered":"<p>TYCROC \u00e4r ett varum\u00e4rke tillh\u00f6rande det estniska f\u00f6retaget Tycroc O\u00dc. Vid utveckling och marknadsf\u00f6ring av byggnadsmaterial fokuserar vi i v\u00e5rt produkturval fr\u00e4mst p\u00e5 olika isoleringsmaterial. F\u00f6retagets utveckling har varit stabil och i st\u00e4ndig tillv\u00e4xt. F\u00f6r n\u00e4rvarande finns v\u00e5ra m\u00e5lmarknader i Finland, Estland, Lettland och Litauen. Den \u00f6verv\u00e4gande delen professionella anv\u00e4ndare intygar att vi kan garantera b\u00e4sta kvalitet och prisv\u00e4rdhet. V\u00e5r erfarna personal utm\u00e4rker sig i sitt arbete genom effektivitet, flexibilitet och kreativitet.<\/p>\n<p>V\u00e5r mission \u00e4r att ta byggnadsl\u00f6sningar till en ny kvalitetsniv\u00e5 och minska tids\u00e5tg\u00e5ngen f\u00f6r arbeten.<\/p>\n<p>V\u00e5rt m\u00e5l \u00e4r att varje modern byggm\u00e4stare ska k\u00e4nna till Tycrocs produkter och kunna anv\u00e4nda dem i sitt arbete.<\/p>\n<p>F\u00f6r att kunna fullf\u00f6lja v\u00e5r mission och uppn\u00e5 v\u00e5ra m\u00e5l utg\u00e5r vi i v\u00e5r verksamhet ifr\u00e5n f\u00f6ljande principer:<\/p>\n<p>&#8211; vi handlar professionellt och f\u00f6rs\u00f6ker alltid hitta de b\u00e4sta l\u00f6sningarna f\u00f6r v\u00e5ra kunder;<\/p>\n<p>&#8211; vi lever upp till v\u00e5ra avtal och h\u00e5ller v\u00e5ra deadlines;<\/p>\n<p>&#8211; vi f\u00f6rb\u00e4ttrar st\u00e4ndigt v\u00e5ra produkter, v\u00e5r verksamhet och v\u00e5rt administrationssystem;<\/p>\n<p>&#8211; vi \u00e4r konsekventa i v\u00e5rt arbete.<\/p>\n","protected":false},"excerpt":{"rendered":"<p>TYCROC \u00e4r ett varum\u00e4rke tillh\u00f6rande det estniska f\u00f6retaget Tycroc O\u00dc. Vid utveckling och marknadsf\u00f6ring av byggnadsmaterial fokuserar vi i v\u00e5rt produkturval fr\u00e4mst p\u00e5 olika isoleringsmaterial. F\u00f6retagets utveckling har varit stabil och i st\u00e4ndig tillv\u00e4xt. F\u00f6r n\u00e4rvarande finns v\u00e5ra m\u00e5lmarknader i Finland, Estland, Lettland och Litauen. Den \u00f6verv\u00e4gande delen professionella anv\u00e4ndare intygar att vi kan garantera [&hellip;]<\/p>\n","protected":false},"author":1,"featured_media":0,"parent":0,"menu_order":0,"comment_status":"closed","ping_status":"closed","template":"","meta":{"_acf_changed":false,"content-type":"","footnotes":""},"class_list":["post-7063","page","type-page","status-publish","hentry"],"acf":[],"yoast_head":"<!-- This site is optimized with the Yoast SEO plugin v23.2 - https:\/\/yoast.com\/wordpress\/plugins\/seo\/ -->\n<title>Om Tycroc - TYCROC<\/title>\n<meta name=\"robots\" content=\"index, follow, max-snippet:-1, max-image-preview:large, max-video-preview:-1\" \/>\n<link rel=\"canonical\" href=\"https:\/\/www.tycroc.com\/sv\/om-tycroc\/\" \/>\n<meta property=\"og:locale\" content=\"sv_SE\" \/>\n<meta property=\"og:type\" content=\"article\" \/>\n<meta property=\"og:title\" content=\"Om Tycroc - TYCROC\" \/>\n<meta property=\"og:description\" content=\"TYCROC \u00e4r ett varum\u00e4rke tillh\u00f6rande det estniska f\u00f6retaget Tycroc O\u00dc. Vid utveckling och marknadsf\u00f6ring av byggnadsmaterial fokuserar vi i v\u00e5rt produkturval fr\u00e4mst p\u00e5 olika isoleringsmaterial. F\u00f6retagets utveckling har varit stabil och i st\u00e4ndig tillv\u00e4xt. F\u00f6r n\u00e4rvarande finns v\u00e5ra m\u00e5lmarknader i Finland, Estland, Lettland och Litauen. Den \u00f6verv\u00e4gande delen professionella anv\u00e4ndare intygar att vi kan garantera [&hellip;]\" \/>\n<meta property=\"og:url\" content=\"https:\/\/www.tycroc.com\/sv\/om-tycroc\/\" \/>\n<meta property=\"og:site_name\" content=\"TYCROC\" \/>\n<meta property=\"article:modified_time\" content=\"2020-07-29T08:10:39+00:00\" \/>\n<meta name=\"twitter:card\" content=\"summary_large_image\" \/>\n<meta name=\"twitter:label1\" content=\"Ber\u00e4knad l\u00e4stid\" \/>\n\t<meta name=\"twitter:data1\" content=\"1 minut\" \/>\n<script type=\"application\/ld+json\" class=\"yoast-schema-graph\">{\"@context\":\"https:\/\/schema.org\",\"@graph\":[{\"@type\":\"WebPage\",\"@id\":\"https:\/\/www.tycroc.com\/sv\/om-tycroc\/\",\"url\":\"https:\/\/www.tycroc.com\/sv\/om-tycroc\/\",\"name\":\"Om Tycroc - TYCROC\",\"isPartOf\":{\"@id\":\"https:\/\/www.tycroc.com\/sv\/#website\"},\"datePublished\":\"2020-03-13T15:24:24+00:00\",\"dateModified\":\"2020-07-29T08:10:39+00:00\",\"breadcrumb\":{\"@id\":\"https:\/\/www.tycroc.com\/sv\/om-tycroc\/#breadcrumb\"},\"inLanguage\":\"sv-SE\",\"potentialAction\":[{\"@type\":\"ReadAction\",\"target\":[\"https:\/\/www.tycroc.com\/sv\/om-tycroc\/\"]}]},{\"@type\":\"BreadcrumbList\",\"@id\":\"https:\/\/www.tycroc.com\/sv\/om-tycroc\/#breadcrumb\",\"itemListElement\":[{\"@type\":\"ListItem\",\"position\":1,\"name\":\"Home\",\"item\":\"https:\/\/www.tycroc.com\/sv\/\"},{\"@type\":\"ListItem\",\"position\":2,\"name\":\"Om Tycroc\"}]},{\"@type\":\"WebSite\",\"@id\":\"https:\/\/www.tycroc.com\/sv\/#website\",\"url\":\"https:\/\/www.tycroc.com\/sv\/\",\"name\":\"TYCROC\",\"description\":\"\",\"publisher\":{\"@id\":\"https:\/\/www.tycroc.com\/sv\/#organization\"},\"potentialAction\":[{\"@type\":\"SearchAction\",\"target\":{\"@type\":\"EntryPoint\",\"urlTemplate\":\"https:\/\/www.tycroc.com\/sv\/?s={search_term_string}\"},\"query-input\":\"required name=search_term_string\"}],\"inLanguage\":\"sv-SE\"},{\"@type\":\"Organization\",\"@id\":\"https:\/\/www.tycroc.com\/sv\/#organization\",\"name\":\"TYCROC\",\"url\":\"https:\/\/www.tycroc.com\/sv\/\",\"logo\":{\"@type\":\"ImageObject\",\"inLanguage\":\"sv-SE\",\"@id\":\"https:\/\/www.tycroc.com\/sv\/#\/schema\/logo\/image\/\",\"url\":\"https:\/\/www.tycroc.com\/wp-content\/uploads\/2020\/03\/cropped-tycroc-logo.png\",\"contentUrl\":\"https:\/\/www.tycroc.com\/wp-content\/uploads\/2020\/03\/cropped-tycroc-logo.png\",\"width\":205,\"height\":59,\"caption\":\"TYCROC\"},\"image\":{\"@id\":\"https:\/\/www.tycroc.com\/sv\/#\/schema\/logo\/image\/\"}}]}<\/script>\n<!-- \/ Yoast SEO plugin. -->","yoast_head_json":{"title":"Om Tycroc - TYCROC","robots":{"index":"index","follow":"follow","max-snippet":"max-snippet:-1","max-image-preview":"max-image-preview:large","max-video-preview":"max-video-preview:-1"},"canonical":"https:\/\/www.tycroc.com\/sv\/om-tycroc\/","og_locale":"sv_SE","og_type":"article","og_title":"Om Tycroc - TYCROC","og_description":"TYCROC \u00e4r ett varum\u00e4rke tillh\u00f6rande det estniska f\u00f6retaget Tycroc O\u00dc. Vid utveckling och marknadsf\u00f6ring av byggnadsmaterial fokuserar vi i v\u00e5rt produkturval fr\u00e4mst p\u00e5 olika isoleringsmaterial. F\u00f6retagets utveckling har varit stabil och i st\u00e4ndig tillv\u00e4xt. F\u00f6r n\u00e4rvarande finns v\u00e5ra m\u00e5lmarknader i Finland, Estland, Lettland och Litauen. Den \u00f6verv\u00e4gande delen professionella anv\u00e4ndare intygar att vi kan garantera [&hellip;]","og_url":"https:\/\/www.tycroc.com\/sv\/om-tycroc\/","og_site_name":"TYCROC","article_modified_time":"2020-07-29T08:10:39+00:00","twitter_card":"summary_large_image","twitter_misc":{"Ber\u00e4knad l\u00e4stid":"1 minut"},"schema":{"@context":"https:\/\/schema.org","@graph":[{"@type":"WebPage","@id":"https:\/\/www.tycroc.com\/sv\/om-tycroc\/","url":"https:\/\/www.tycroc.com\/sv\/om-tycroc\/","name":"Om Tycroc - TYCROC","isPartOf":{"@id":"https:\/\/www.tycroc.com\/sv\/#website"},"datePublished":"2020-03-13T15:24:24+00:00","dateModified":"2020-07-29T08:10:39+00:00","breadcrumb":{"@id":"https:\/\/www.tycroc.com\/sv\/om-tycroc\/#breadcrumb"},"inLanguage":"sv-SE","potentialAction":[{"@type":"ReadAction","target":["https:\/\/www.tycroc.com\/sv\/om-tycroc\/"]}]},{"@type":"BreadcrumbList","@id":"https:\/\/www.tycroc.com\/sv\/om-tycroc\/#breadcrumb","itemListElement":[{"@type":"ListItem","position":1,"name":"Home","item":"https:\/\/www.tycroc.com\/sv\/"},{"@type":"ListItem","position":2,"name":"Om Tycroc"}]},{"@type":"WebSite","@id":"https:\/\/www.tycroc.com\/sv\/#website","url":"https:\/\/www.tycroc.com\/sv\/","name":"TYCROC","description":"","publisher":{"@id":"https:\/\/www.tycroc.com\/sv\/#organization"},"potentialAction":[{"@type":"SearchAction","target":{"@type":"EntryPoint","urlTemplate":"https:\/\/www.tycroc.com\/sv\/?s={search_term_string}"},"query-input":"required name=search_term_string"}],"inLanguage":"sv-SE"},{"@type":"Organization","@id":"https:\/\/www.tycroc.com\/sv\/#organization","name":"TYCROC","url":"https:\/\/www.tycroc.com\/sv\/","logo":{"@type":"ImageObject","inLanguage":"sv-SE","@id":"https:\/\/www.tycroc.com\/sv\/#\/schema\/logo\/image\/","url":"https:\/\/www.tycroc.com\/wp-content\/uploads\/2020\/03\/cropped-tycroc-logo.png","contentUrl":"https:\/\/www.tycroc.com\/wp-content\/uploads\/2020\/03\/cropped-tycroc-logo.png","width":205,"height":59,"caption":"TYCROC"},"image":{"@id":"https:\/\/www.tycroc.com\/sv\/#\/schema\/logo\/image\/"}}]}},"_links":{"self":[{"href":"https:\/\/www.tycroc.com\/sv\/wp-json\/wp\/v2\/pages\/7063"}],"collection":[{"href":"https:\/\/www.tycroc.com\/sv\/wp-json\/wp\/v2\/pages"}],"about":[{"href":"https:\/\/www.tycroc.com\/sv\/wp-json\/wp\/v2\/types\/page"}],"author":[{"embeddable":true,"href":"https:\/\/www.tycroc.com\/sv\/wp-json\/wp\/v2\/users\/1"}],"replies":[{"embeddable":true,"href":"https:\/\/www.tycroc.com\/sv\/wp-json\/wp\/v2\/comments?post=7063"}],"version-history":[{"count":2,"href":"https:\/\/www.tycroc.com\/sv\/wp-json\/wp\/v2\/pages\/7063\/revisions"}],"predecessor-version":[{"id":15569,"href":"https:\/\/www.tycroc.com\/sv\/wp-json\/wp\/v2\/pages\/7063\/revisions\/15569"}],"wp:attachment":[{"href":"https:\/\/www.tycroc.com\/sv\/wp-json\/wp\/v2\/media?parent=7063"}],"curies":[{"name":"wp","href":"https:\/\/api.w.org\/{rel}","templated":true}]}}