{"id":5198,"date":"2019-11-02T13:54:34","date_gmt":"2019-11-02T13:54:34","guid":{"rendered":"https:\/\/www.tycroc.com\/papildmateriali-un-uzstadisana\/uzstadisanas-pamaciba\/"},"modified":"2026-04-29T14:16:38","modified_gmt":"2026-04-29T11:16:38","slug":"uzstadisanas-pamaciba","status":"publish","type":"page","link":"https:\/\/www.tycroc.com\/lv\/papildmateriali-un-uzstadisana\/uzstadisanas-pamaciba\/","title":{"rendered":"Uzst\u0101d\u012b\u0161anas pam\u0101c\u012bba"},"content":{"rendered":"\t\t<div data-elementor-type=\"wp-page\" data-elementor-id=\"5198\" class=\"elementor elementor-5198 elementor-4319\">\n\t\t\t\t\t\t<section class=\"elementor-section elementor-top-section elementor-element elementor-element-f28103b elementor-section-boxed elementor-section-height-default elementor-section-height-default\" data-id=\"f28103b\" data-element_type=\"section\" data-settings=\"{&quot;jet_parallax_layout_list&quot;:[{&quot;jet_parallax_layout_image&quot;:{&quot;url&quot;:&quot;&quot;,&quot;id&quot;:&quot;&quot;,&quot;size&quot;:&quot;&quot;},&quot;_id&quot;:&quot;9a43330&quot;,&quot;jet_parallax_layout_image_tablet&quot;:{&quot;url&quot;:&quot;&quot;,&quot;id&quot;:&quot;&quot;,&quot;size&quot;:&quot;&quot;},&quot;jet_parallax_layout_image_mobile&quot;:{&quot;url&quot;:&quot;&quot;,&quot;id&quot;:&quot;&quot;,&quot;size&quot;:&quot;&quot;},&quot;jet_parallax_layout_speed&quot;:{&quot;unit&quot;:&quot;%&quot;,&quot;size&quot;:50,&quot;sizes&quot;:[]},&quot;jet_parallax_layout_type&quot;:&quot;scroll&quot;,&quot;jet_parallax_layout_direction&quot;:null,&quot;jet_parallax_layout_fx_direction&quot;:null,&quot;jet_parallax_layout_z_index&quot;:&quot;&quot;,&quot;jet_parallax_layout_bg_x&quot;:50,&quot;jet_parallax_layout_bg_x_tablet&quot;:&quot;&quot;,&quot;jet_parallax_layout_bg_x_mobile&quot;:&quot;&quot;,&quot;jet_parallax_layout_bg_y&quot;:50,&quot;jet_parallax_layout_bg_y_tablet&quot;:&quot;&quot;,&quot;jet_parallax_layout_bg_y_mobile&quot;:&quot;&quot;,&quot;jet_parallax_layout_bg_size&quot;:&quot;auto&quot;,&quot;jet_parallax_layout_bg_size_tablet&quot;:&quot;&quot;,&quot;jet_parallax_layout_bg_size_mobile&quot;:&quot;&quot;,&quot;jet_parallax_layout_animation_prop&quot;:&quot;transform&quot;,&quot;jet_parallax_layout_on&quot;:[&quot;desktop&quot;,&quot;tablet&quot;]}]}\">\n\t\t\t\t\t\t<div class=\"elementor-container elementor-column-gap-default\">\n\t\t\t\t\t<div class=\"elementor-column elementor-col-100 elementor-top-column elementor-element elementor-element-54e37c7\" data-id=\"54e37c7\" data-element_type=\"column\">\n\t\t\t<div class=\"elementor-widget-wrap elementor-element-populated\">\n\t\t\t\t\t\t<section class=\"elementor-section elementor-inner-section elementor-element elementor-element-7a41576 elementor-section-boxed elementor-section-height-default elementor-section-height-default\" data-id=\"7a41576\" data-element_type=\"section\" data-settings=\"{&quot;jet_parallax_layout_list&quot;:[{&quot;jet_parallax_layout_image&quot;:{&quot;url&quot;:&quot;&quot;,&quot;id&quot;:&quot;&quot;,&quot;size&quot;:&quot;&quot;},&quot;_id&quot;:&quot;5ff6cef&quot;,&quot;jet_parallax_layout_image_tablet&quot;:{&quot;url&quot;:&quot;&quot;,&quot;id&quot;:&quot;&quot;,&quot;size&quot;:&quot;&quot;},&quot;jet_parallax_layout_image_mobile&quot;:{&quot;url&quot;:&quot;&quot;,&quot;id&quot;:&quot;&quot;,&quot;size&quot;:&quot;&quot;},&quot;jet_parallax_layout_speed&quot;:{&quot;unit&quot;:&quot;%&quot;,&quot;size&quot;:50,&quot;sizes&quot;:[]},&quot;jet_parallax_layout_type&quot;:&quot;scroll&quot;,&quot;jet_parallax_layout_direction&quot;:null,&quot;jet_parallax_layout_fx_direction&quot;:null,&quot;jet_parallax_layout_z_index&quot;:&quot;&quot;,&quot;jet_parallax_layout_bg_x&quot;:50,&quot;jet_parallax_layout_bg_x_tablet&quot;:&quot;&quot;,&quot;jet_parallax_layout_bg_x_mobile&quot;:&quot;&quot;,&quot;jet_parallax_layout_bg_y&quot;:50,&quot;jet_parallax_layout_bg_y_tablet&quot;:&quot;&quot;,&quot;jet_parallax_layout_bg_y_mobile&quot;:&quot;&quot;,&quot;jet_parallax_layout_bg_size&quot;:&quot;auto&quot;,&quot;jet_parallax_layout_bg_size_tablet&quot;:&quot;&quot;,&quot;jet_parallax_layout_bg_size_mobile&quot;:&quot;&quot;,&quot;jet_parallax_layout_animation_prop&quot;:&quot;transform&quot;,&quot;jet_parallax_layout_on&quot;:[&quot;desktop&quot;,&quot;tablet&quot;]}]}\">\n\t\t\t\t\t\t<div class=\"elementor-container elementor-column-gap-default\">\n\t\t\t\t\t<div class=\"elementor-column elementor-col-100 elementor-inner-column elementor-element elementor-element-c27b478\" data-id=\"c27b478\" data-element_type=\"column\">\n\t\t\t<div class=\"elementor-widget-wrap elementor-element-populated\">\n\t\t\t\t\t\t<div class=\"elementor-element elementor-element-fdd211c elementor-icon-list--layout-traditional elementor-list-item-link-full_width elementor-widget elementor-widget-icon-list\" data-id=\"fdd211c\" data-element_type=\"widget\" data-widget_type=\"icon-list.default\">\n\t\t\t\t<div class=\"elementor-widget-container\">\n\t\t\t\t\t<ul class=\"elementor-icon-list-items\">\n\t\t\t\t\t\t\t<li class=\"elementor-icon-list-item\">\n\t\t\t\t\t\t\t\t\t\t\t<a href=\"https:\/\/www.tycroc.com\/wp-content\/uploads\/2026\/04\/UHP_LV_26.pdf\" target=\"_blank\">\n\n\t\t\t\t\t\t\t\t\t\t\t\t<span class=\"elementor-icon-list-icon\">\n\t\t\t\t\t\t\t<i aria-hidden=\"true\" class=\"far fa-file-pdf\"><\/i>\t\t\t\t\t\t<\/span>\n\t\t\t\t\t\t\t\t\t\t<span class=\"elementor-icon-list-text\">Tycroc UHP pl\u0101ksnes uzst\u0101d\u012b\u0161anas instrukcija<\/span>\n\t\t\t\t\t\t\t\t\t\t\t<\/a>\n\t\t\t\t\t\t\t\t\t<\/li>\n\t\t\t\t\t\t\t\t<li class=\"elementor-icon-list-item\">\n\t\t\t\t\t\t\t\t\t\t\t<a href=\"https:\/\/www.tycroc.com\/wp-content\/uploads\/2026\/04\/UHP_LV_25.pdf\" target=\"_blank\">\n\n\t\t\t\t\t\t\t\t\t\t\t\t<span class=\"elementor-icon-list-icon\">\n\t\t\t\t\t\t\t<i aria-hidden=\"true\" class=\"far fa-file-pdf\"><\/i>\t\t\t\t\t\t<\/span>\n\t\t\t\t\t\t\t\t\t\t<span class=\"elementor-icon-list-text\">Tycroc UHP iepriek\u0161\u0113j\u0101s paaudzes pl\u0101k\u0161\u0146u uzst\u0101d\u012b\u0161anas instrukcija (pirms 2026. gada ra\u017eot\u0101s pl\u0101ksnes)<\/span>\n\t\t\t\t\t\t\t\t\t\t\t<\/a>\n\t\t\t\t\t\t\t\t\t<\/li>\n\t\t\t\t\t\t\t\t<li class=\"elementor-icon-list-item\">\n\t\t\t\t\t\t\t\t\t\t\t<a href=\"https:\/\/www.tycroc.com\/wp-content\/uploads\/2025\/01\/NOB_LV_2501.pdf\" target=\"_blank\">\n\n\t\t\t\t\t\t\t\t\t\t\t\t<span class=\"elementor-icon-list-icon\">\n\t\t\t\t\t\t\t<i aria-hidden=\"true\" class=\"far fa-file-pdf\"><\/i>\t\t\t\t\t\t<\/span>\n\t\t\t\t\t\t\t\t\t\t<span class=\"elementor-icon-list-text\">Tycroc NOB pane\u013cu uzt\u0101d\u012b\u0161anas instrukcija<\/span>\n\t\t\t\t\t\t\t\t\t\t\t<\/a>\n\t\t\t\t\t\t\t\t\t<\/li>\n\t\t\t\t\t\t\t\t<li class=\"elementor-icon-list-item\">\n\t\t\t\t\t\t\t\t\t\t\t<a href=\"https:\/\/www.tycroc.com\/wp-content\/uploads\/2025\/01\/PERT_LV_2501.pdf\" target=\"_blank\">\n\n\t\t\t\t\t\t\t\t\t\t\t\t<span class=\"elementor-icon-list-icon\">\n\t\t\t\t\t\t\t<i aria-hidden=\"true\" class=\"far fa-file-pdf\"><\/i>\t\t\t\t\t\t<\/span>\n\t\t\t\t\t\t\t\t\t\t<span class=\"elementor-icon-list-text\">Tycroc PERT caurules apstr\u0101des un uzt\u0101d\u012b\u0161anas instrukcijas<\/span>\n\t\t\t\t\t\t\t\t\t\t\t<\/a>\n\t\t\t\t\t\t\t\t\t<\/li>\n\t\t\t\t\t\t\t\t<li class=\"elementor-icon-list-item\">\n\t\t\t\t\t\t\t\t\t\t\t<a href=\"https:\/\/www.tycroc.com\/wp-content\/uploads\/2023\/08\/Tycroc-TSL-assembly-2023_03.pdf\" target=\"_blank\">\n\n\t\t\t\t\t\t\t\t\t\t\t\t<span class=\"elementor-icon-list-icon\">\n\t\t\t\t\t\t\t<i aria-hidden=\"true\" class=\"far fa-file-pdf\"><\/i>\t\t\t\t\t\t<\/span>\n\t\t\t\t\t\t\t\t\t\t<span class=\"elementor-icon-list-text\">Tycroc kolektors TSL mont\u0101\u017eas instrukcijas<\/span>\n\t\t\t\t\t\t\t\t\t\t\t<\/a>\n\t\t\t\t\t\t\t\t\t<\/li>\n\t\t\t\t\t\t\t\t<li class=\"elementor-icon-list-item\">\n\t\t\t\t\t\t\t\t\t\t\t<a href=\"https:\/\/www.tycroc.com\/wp-content\/uploads\/2023\/08\/Tycroc-TSA230_24_assembly-2023_06-1.pdf\" target=\"_blank\">\n\n\t\t\t\t\t\t\t\t\t\t\t\t<span class=\"elementor-icon-list-icon\">\n\t\t\t\t\t\t\t<i aria-hidden=\"true\" class=\"far fa-file-pdf\"><\/i>\t\t\t\t\t\t<\/span>\n\t\t\t\t\t\t\t\t\t\t<span class=\"elementor-icon-list-text\">Tycroc actuators TSA mont\u0101\u017eas instrukcijas<\/span>\n\t\t\t\t\t\t\t\t\t\t\t<\/a>\n\t\t\t\t\t\t\t\t\t<\/li>\n\t\t\t\t\t\t\t\t<li class=\"elementor-icon-list-item\">\n\t\t\t\t\t\t\t\t\t\t\t<a href=\"https:\/\/www.tycroc.com\/wp-content\/uploads\/2025\/06\/TWP_LV_25.pdf\" target=\"_blank\">\n\n\t\t\t\t\t\t\t\t\t\t\t\t<span class=\"elementor-icon-list-icon\">\n\t\t\t\t\t\t\t<i aria-hidden=\"true\" class=\"far fa-file-pdf\"><\/i>\t\t\t\t\t\t<\/span>\n\t\t\t\t\t\t\t\t\t\t<span class=\"elementor-icon-list-text\">Tycroc TWP pl\u0101ksnes uzt\u0101d\u012b\u0161anas pam\u0101c\u012bba<\/span>\n\t\t\t\t\t\t\t\t\t\t\t<\/a>\n\t\t\t\t\t\t\t\t\t<\/li>\n\t\t\t\t\t\t\t\t<li class=\"elementor-icon-list-item\">\n\t\t\t\t\t\t\t\t\t\t\t<a href=\"https:\/\/www.tycroc.com\/wp-content\/uploads\/2021\/09\/STL_LV_2109.pdf\" target=\"_blank\">\n\n\t\t\t\t\t\t\t\t\t\t\t\t<span class=\"elementor-icon-list-icon\">\n\t\t\t\t\t\t\t<i aria-hidden=\"true\" class=\"far fa-file-pdf\"><\/i>\t\t\t\t\t\t<\/span>\n\t\t\t\t\t\t\t\t\t\t<span class=\"elementor-icon-list-text\">Du\u0161as pamatne ar line\u0101ro noteces uzt\u0101d\u012b\u0161anas pam\u0101c\u012bba<\/span>\n\t\t\t\t\t\t\t\t\t\t\t<\/a>\n\t\t\t\t\t\t\t\t\t<\/li>\n\t\t\t\t\t\t\t\t<li class=\"elementor-icon-list-item\">\n\t\t\t\t\t\t\t\t\t\t\t<a href=\"https:\/\/www.tycroc.com\/wp-content\/uploads\/2019\/11\/STC_LV_1901.pdf\">\n\n\t\t\t\t\t\t\t\t\t\t\t\t<span class=\"elementor-icon-list-icon\">\n\t\t\t\t\t\t\t<i aria-hidden=\"true\" class=\"far fa-file-pdf\"><\/i>\t\t\t\t\t\t<\/span>\n\t\t\t\t\t\t\t\t\t\t<span class=\"elementor-icon-list-text\">Du\u0161as pamatne ar noteces trapu uzt\u0101d\u012b\u0161anas pam\u0101c\u012bba<\/span>\n\t\t\t\t\t\t\t\t\t\t\t<\/a>\n\t\t\t\t\t\t\t\t\t<\/li>\n\t\t\t\t\t\t\t\t<li class=\"elementor-icon-list-item\">\n\t\t\t\t\t\t\t\t\t\t\t<a href=\"https:\/\/www.tycroc.com\/wp-content\/uploads\/2019\/11\/BCS_LV_1901.pdf\" target=\"_blank\">\n\n\t\t\t\t\t\t\t\t\t\t\t\t<span class=\"elementor-icon-list-icon\">\n\t\t\t\t\t\t\t<i aria-hidden=\"true\" class=\"far fa-file-pdf\"><\/i>\t\t\t\t\t\t<\/span>\n\t\t\t\t\t\t\t\t\t\t<span class=\"elementor-icon-list-text\">Vannas pane\u013ci uzt\u0101d\u012b\u0161anas pam\u0101c\u012bba<\/span>\n\t\t\t\t\t\t\t\t\t\t\t<\/a>\n\t\t\t\t\t\t\t\t\t<\/li>\n\t\t\t\t\t\t\t\t<li class=\"elementor-icon-list-item\">\n\t\t\t\t\t\t\t\t\t\t\t<a href=\"https:\/\/www.tycroc.com\/wp-content\/uploads\/2024\/09\/TVAIKA-PIRTS-SEDEKLIS_24.pdf\" target=\"_blank\">\n\n\t\t\t\t\t\t\t\t\t\t\t\t<span class=\"elementor-icon-list-icon\">\n\t\t\t\t\t\t\t<i aria-hidden=\"true\" class=\"far fa-file-pdf\"><\/i>\t\t\t\t\t\t<\/span>\n\t\t\t\t\t\t\t\t\t\t<span class=\"elementor-icon-list-text\">Tvaika pirts s\u0113deklis<\/span>\n\t\t\t\t\t\t\t\t\t\t\t<\/a>\n\t\t\t\t\t\t\t\t\t<\/li>\n\t\t\t\t\t\t<\/ul>\n\t\t\t\t<\/div>\n\t\t\t\t<\/div>\n\t\t\t\t\t<\/div>\n\t\t<\/div>\n\t\t\t\t\t<\/div>\n\t\t<\/section>\n\t\t\t\t\t<\/div>\n\t\t<\/div>\n\t\t\t\t\t<\/div>\n\t\t<\/section>\n\t\t\t\t<\/div>\n\t\t","protected":false},"excerpt":{"rendered":"<p>Tycroc UHP pl\u0101ksnes uzst\u0101d\u012b\u0161anas instrukcija Tycroc UHP iepriek\u0161\u0113j\u0101s paaudzes pl\u0101k\u0161\u0146u uzst\u0101d\u012b\u0161anas instrukcija (pirms 2026. gada ra\u017eot\u0101s pl\u0101ksnes) Tycroc NOB pane\u013cu uzt\u0101d\u012b\u0161anas instrukcija Tycroc PERT caurules apstr\u0101des un uzt\u0101d\u012b\u0161anas instrukcijas Tycroc kolektors TSL mont\u0101\u017eas instrukcijas Tycroc actuators TSA mont\u0101\u017eas instrukcijas Tycroc TWP pl\u0101ksnes uzt\u0101d\u012b\u0161anas pam\u0101c\u012bba Du\u0161as pamatne ar line\u0101ro noteces uzt\u0101d\u012b\u0161anas pam\u0101c\u012bba Du\u0161as pamatne ar noteces [&hellip;]<\/p>\n","protected":false},"author":3,"featured_media":0,"parent":5125,"menu_order":0,"comment_status":"closed","ping_status":"closed","template":"","meta":{"_acf_changed":false,"content-type":"","footnotes":""},"class_list":["post-5198","page","type-page","status-publish","hentry"],"acf":[],"yoast_head":"<!-- This site is optimized with the Yoast SEO plugin v23.2 - https:\/\/yoast.com\/wordpress\/plugins\/seo\/ -->\n<title>Uzst\u0101d\u012b\u0161anas pam\u0101c\u012bba - TYCROC<\/title>\n<meta name=\"robots\" content=\"index, follow, max-snippet:-1, max-image-preview:large, max-video-preview:-1\" \/>\n<link rel=\"canonical\" href=\"https:\/\/www.tycroc.com\/lv\/papildmateriali-un-uzstadisana\/uzstadisanas-pamaciba\/\" \/>\n<meta property=\"og:locale\" content=\"lv_LV\" \/>\n<meta property=\"og:type\" content=\"article\" \/>\n<meta property=\"og:title\" content=\"Uzst\u0101d\u012b\u0161anas pam\u0101c\u012bba - TYCROC\" \/>\n<meta property=\"og:description\" content=\"Tycroc UHP pl\u0101ksnes uzst\u0101d\u012b\u0161anas instrukcija Tycroc UHP iepriek\u0161\u0113j\u0101s paaudzes pl\u0101k\u0161\u0146u uzst\u0101d\u012b\u0161anas instrukcija (pirms 2026. gada ra\u017eot\u0101s pl\u0101ksnes) Tycroc NOB pane\u013cu uzt\u0101d\u012b\u0161anas instrukcija Tycroc PERT caurules apstr\u0101des un uzt\u0101d\u012b\u0161anas instrukcijas Tycroc kolektors TSL mont\u0101\u017eas instrukcijas Tycroc actuators TSA mont\u0101\u017eas instrukcijas Tycroc TWP pl\u0101ksnes uzt\u0101d\u012b\u0161anas pam\u0101c\u012bba Du\u0161as pamatne ar line\u0101ro noteces uzt\u0101d\u012b\u0161anas pam\u0101c\u012bba Du\u0161as pamatne ar noteces [&hellip;]\" \/>\n<meta property=\"og:url\" content=\"https:\/\/www.tycroc.com\/lv\/papildmateriali-un-uzstadisana\/uzstadisanas-pamaciba\/\" \/>\n<meta property=\"og:site_name\" content=\"TYCROC\" \/>\n<meta property=\"article:modified_time\" content=\"2026-04-29T11:16:38+00:00\" \/>\n<meta name=\"twitter:card\" content=\"summary_large_image\" \/>\n<meta name=\"twitter:label1\" content=\"Est. reading time\" \/>\n\t<meta name=\"twitter:data1\" content=\"1 minute\" \/>\n<script type=\"application\/ld+json\" class=\"yoast-schema-graph\">{\"@context\":\"https:\/\/schema.org\",\"@graph\":[{\"@type\":\"WebPage\",\"@id\":\"https:\/\/www.tycroc.com\/lv\/papildmateriali-un-uzstadisana\/uzstadisanas-pamaciba\/\",\"url\":\"https:\/\/www.tycroc.com\/lv\/papildmateriali-un-uzstadisana\/uzstadisanas-pamaciba\/\",\"name\":\"Uzst\u0101d\u012b\u0161anas pam\u0101c\u012bba - TYCROC\",\"isPartOf\":{\"@id\":\"https:\/\/www.tycroc.com\/lv\/#website\"},\"datePublished\":\"2019-11-02T13:54:34+00:00\",\"dateModified\":\"2026-04-29T11:16:38+00:00\",\"breadcrumb\":{\"@id\":\"https:\/\/www.tycroc.com\/lv\/papildmateriali-un-uzstadisana\/uzstadisanas-pamaciba\/#breadcrumb\"},\"inLanguage\":\"lv-LV\",\"potentialAction\":[{\"@type\":\"ReadAction\",\"target\":[\"https:\/\/www.tycroc.com\/lv\/papildmateriali-un-uzstadisana\/uzstadisanas-pamaciba\/\"]}]},{\"@type\":\"BreadcrumbList\",\"@id\":\"https:\/\/www.tycroc.com\/lv\/papildmateriali-un-uzstadisana\/uzstadisanas-pamaciba\/#breadcrumb\",\"itemListElement\":[{\"@type\":\"ListItem\",\"position\":1,\"name\":\"Home\",\"item\":\"https:\/\/www.tycroc.com\/lv\/\"},{\"@type\":\"ListItem\",\"position\":2,\"name\":\"Papildmateri\u0101li Un Uzst\u0101d\u012b\u0161ana\",\"item\":\"https:\/\/www.tycroc.com\/lv\/papildmateriali-un-uzstadisana\/\"},{\"@type\":\"ListItem\",\"position\":3,\"name\":\"Uzst\u0101d\u012b\u0161anas pam\u0101c\u012bba\"}]},{\"@type\":\"WebSite\",\"@id\":\"https:\/\/www.tycroc.com\/lv\/#website\",\"url\":\"https:\/\/www.tycroc.com\/lv\/\",\"name\":\"TYCROC\",\"description\":\"\",\"publisher\":{\"@id\":\"https:\/\/www.tycroc.com\/lv\/#organization\"},\"potentialAction\":[{\"@type\":\"SearchAction\",\"target\":{\"@type\":\"EntryPoint\",\"urlTemplate\":\"https:\/\/www.tycroc.com\/lv\/?s={search_term_string}\"},\"query-input\":\"required name=search_term_string\"}],\"inLanguage\":\"lv-LV\"},{\"@type\":\"Organization\",\"@id\":\"https:\/\/www.tycroc.com\/lv\/#organization\",\"name\":\"TYCROC\",\"url\":\"https:\/\/www.tycroc.com\/lv\/\",\"logo\":{\"@type\":\"ImageObject\",\"inLanguage\":\"lv-LV\",\"@id\":\"https:\/\/www.tycroc.com\/lv\/#\/schema\/logo\/image\/\",\"url\":\"https:\/\/www.tycroc.com\/wp-content\/uploads\/2020\/03\/cropped-tycroc-logo.png\",\"contentUrl\":\"https:\/\/www.tycroc.com\/wp-content\/uploads\/2020\/03\/cropped-tycroc-logo.png\",\"width\":205,\"height\":59,\"caption\":\"TYCROC\"},\"image\":{\"@id\":\"https:\/\/www.tycroc.com\/lv\/#\/schema\/logo\/image\/\"}}]}<\/script>\n<!-- \/ Yoast SEO plugin. -->","yoast_head_json":{"title":"Uzst\u0101d\u012b\u0161anas pam\u0101c\u012bba - TYCROC","robots":{"index":"index","follow":"follow","max-snippet":"max-snippet:-1","max-image-preview":"max-image-preview:large","max-video-preview":"max-video-preview:-1"},"canonical":"https:\/\/www.tycroc.com\/lv\/papildmateriali-un-uzstadisana\/uzstadisanas-pamaciba\/","og_locale":"lv_LV","og_type":"article","og_title":"Uzst\u0101d\u012b\u0161anas pam\u0101c\u012bba - TYCROC","og_description":"Tycroc UHP pl\u0101ksnes uzst\u0101d\u012b\u0161anas instrukcija Tycroc UHP iepriek\u0161\u0113j\u0101s paaudzes pl\u0101k\u0161\u0146u uzst\u0101d\u012b\u0161anas instrukcija (pirms 2026. gada ra\u017eot\u0101s pl\u0101ksnes) Tycroc NOB pane\u013cu uzt\u0101d\u012b\u0161anas instrukcija Tycroc PERT caurules apstr\u0101des un uzt\u0101d\u012b\u0161anas instrukcijas Tycroc kolektors TSL mont\u0101\u017eas instrukcijas Tycroc actuators TSA mont\u0101\u017eas instrukcijas Tycroc TWP pl\u0101ksnes uzt\u0101d\u012b\u0161anas pam\u0101c\u012bba Du\u0161as pamatne ar line\u0101ro noteces uzt\u0101d\u012b\u0161anas pam\u0101c\u012bba Du\u0161as pamatne ar noteces [&hellip;]","og_url":"https:\/\/www.tycroc.com\/lv\/papildmateriali-un-uzstadisana\/uzstadisanas-pamaciba\/","og_site_name":"TYCROC","article_modified_time":"2026-04-29T11:16:38+00:00","twitter_card":"summary_large_image","twitter_misc":{"Est. reading time":"1 minute"},"schema":{"@context":"https:\/\/schema.org","@graph":[{"@type":"WebPage","@id":"https:\/\/www.tycroc.com\/lv\/papildmateriali-un-uzstadisana\/uzstadisanas-pamaciba\/","url":"https:\/\/www.tycroc.com\/lv\/papildmateriali-un-uzstadisana\/uzstadisanas-pamaciba\/","name":"Uzst\u0101d\u012b\u0161anas pam\u0101c\u012bba - TYCROC","isPartOf":{"@id":"https:\/\/www.tycroc.com\/lv\/#website"},"datePublished":"2019-11-02T13:54:34+00:00","dateModified":"2026-04-29T11:16:38+00:00","breadcrumb":{"@id":"https:\/\/www.tycroc.com\/lv\/papildmateriali-un-uzstadisana\/uzstadisanas-pamaciba\/#breadcrumb"},"inLanguage":"lv-LV","potentialAction":[{"@type":"ReadAction","target":["https:\/\/www.tycroc.com\/lv\/papildmateriali-un-uzstadisana\/uzstadisanas-pamaciba\/"]}]},{"@type":"BreadcrumbList","@id":"https:\/\/www.tycroc.com\/lv\/papildmateriali-un-uzstadisana\/uzstadisanas-pamaciba\/#breadcrumb","itemListElement":[{"@type":"ListItem","position":1,"name":"Home","item":"https:\/\/www.tycroc.com\/lv\/"},{"@type":"ListItem","position":2,"name":"Papildmateri\u0101li Un Uzst\u0101d\u012b\u0161ana","item":"https:\/\/www.tycroc.com\/lv\/papildmateriali-un-uzstadisana\/"},{"@type":"ListItem","position":3,"name":"Uzst\u0101d\u012b\u0161anas pam\u0101c\u012bba"}]},{"@type":"WebSite","@id":"https:\/\/www.tycroc.com\/lv\/#website","url":"https:\/\/www.tycroc.com\/lv\/","name":"TYCROC","description":"","publisher":{"@id":"https:\/\/www.tycroc.com\/lv\/#organization"},"potentialAction":[{"@type":"SearchAction","target":{"@type":"EntryPoint","urlTemplate":"https:\/\/www.tycroc.com\/lv\/?s={search_term_string}"},"query-input":"required name=search_term_string"}],"inLanguage":"lv-LV"},{"@type":"Organization","@id":"https:\/\/www.tycroc.com\/lv\/#organization","name":"TYCROC","url":"https:\/\/www.tycroc.com\/lv\/","logo":{"@type":"ImageObject","inLanguage":"lv-LV","@id":"https:\/\/www.tycroc.com\/lv\/#\/schema\/logo\/image\/","url":"https:\/\/www.tycroc.com\/wp-content\/uploads\/2020\/03\/cropped-tycroc-logo.png","contentUrl":"https:\/\/www.tycroc.com\/wp-content\/uploads\/2020\/03\/cropped-tycroc-logo.png","width":205,"height":59,"caption":"TYCROC"},"image":{"@id":"https:\/\/www.tycroc.com\/lv\/#\/schema\/logo\/image\/"}}]}},"_links":{"self":[{"href":"https:\/\/www.tycroc.com\/lv\/wp-json\/wp\/v2\/pages\/5198"}],"collection":[{"href":"https:\/\/www.tycroc.com\/lv\/wp-json\/wp\/v2\/pages"}],"about":[{"href":"https:\/\/www.tycroc.com\/lv\/wp-json\/wp\/v2\/types\/page"}],"author":[{"embeddable":true,"href":"https:\/\/www.tycroc.com\/lv\/wp-json\/wp\/v2\/users\/3"}],"replies":[{"embeddable":true,"href":"https:\/\/www.tycroc.com\/lv\/wp-json\/wp\/v2\/comments?post=5198"}],"version-history":[{"count":78,"href":"https:\/\/www.tycroc.com\/lv\/wp-json\/wp\/v2\/pages\/5198\/revisions"}],"predecessor-version":[{"id":32809,"href":"https:\/\/www.tycroc.com\/lv\/wp-json\/wp\/v2\/pages\/5198\/revisions\/32809"}],"up":[{"embeddable":true,"href":"https:\/\/www.tycroc.com\/lv\/wp-json\/wp\/v2\/pages\/5125"}],"wp:attachment":[{"href":"https:\/\/www.tycroc.com\/lv\/wp-json\/wp\/v2\/media?parent=5198"}],"curies":[{"name":"wp","href":"https:\/\/api.w.org\/{rel}","templated":true}]}}