{"id":5125,"date":"2019-11-02T12:13:34","date_gmt":"2019-11-02T12:13:34","guid":{"rendered":"https:\/\/www.tycroc.com\/papildmateriali-un-uzstadisana\/"},"modified":"2019-11-02T12:13:34","modified_gmt":"2019-11-02T12:13:34","slug":"papildmateriali-un-uzstadisana","status":"publish","type":"page","link":"https:\/\/www.tycroc.com\/lv\/papildmateriali-un-uzstadisana\/","title":{"rendered":"Papildmateri\u0101li Un Uzst\u0101d\u012b\u0161ana"},"content":{"rendered":"\t\t<div data-elementor-type=\"wp-page\" data-elementor-id=\"5125\" class=\"elementor elementor-5125 elementor-4317\">\n\t\t\t\t\t\t<section class=\"elementor-section elementor-top-section elementor-element elementor-element-f965d4f elementor-section-boxed elementor-section-height-default elementor-section-height-default\" data-id=\"f965d4f\" data-element_type=\"section\" data-settings=\"{&quot;jet_parallax_layout_list&quot;:[{&quot;jet_parallax_layout_image&quot;:{&quot;url&quot;:&quot;&quot;,&quot;id&quot;:&quot;&quot;,&quot;size&quot;:&quot;&quot;},&quot;_id&quot;:&quot;028ae7d&quot;,&quot;jet_parallax_layout_image_tablet&quot;:{&quot;url&quot;:&quot;&quot;,&quot;id&quot;:&quot;&quot;,&quot;size&quot;:&quot;&quot;},&quot;jet_parallax_layout_image_mobile&quot;:{&quot;url&quot;:&quot;&quot;,&quot;id&quot;:&quot;&quot;,&quot;size&quot;:&quot;&quot;},&quot;jet_parallax_layout_speed&quot;:{&quot;unit&quot;:&quot;%&quot;,&quot;size&quot;:50,&quot;sizes&quot;:[]},&quot;jet_parallax_layout_type&quot;:&quot;scroll&quot;,&quot;jet_parallax_layout_direction&quot;:null,&quot;jet_parallax_layout_z_index&quot;:&quot;&quot;,&quot;jet_parallax_layout_bg_x&quot;:50,&quot;jet_parallax_layout_bg_y&quot;:50,&quot;jet_parallax_layout_bg_size&quot;:&quot;auto&quot;,&quot;jet_parallax_layout_animation_prop&quot;:&quot;transform&quot;,&quot;jet_parallax_layout_on&quot;:[&quot;desktop&quot;,&quot;tablet&quot;],&quot;jet_parallax_layout_fx_direction&quot;:null,&quot;jet_parallax_layout_bg_x_tablet&quot;:&quot;&quot;,&quot;jet_parallax_layout_bg_x_mobile&quot;:&quot;&quot;,&quot;jet_parallax_layout_bg_y_tablet&quot;:&quot;&quot;,&quot;jet_parallax_layout_bg_y_mobile&quot;:&quot;&quot;,&quot;jet_parallax_layout_bg_size_tablet&quot;:&quot;&quot;,&quot;jet_parallax_layout_bg_size_mobile&quot;:&quot;&quot;}]}\">\n\t\t\t\t\t\t<div class=\"elementor-container elementor-column-gap-default\">\n\t\t\t\t\t<div class=\"elementor-column elementor-col-100 elementor-top-column elementor-element elementor-element-9b90bec\" data-id=\"9b90bec\" data-element_type=\"column\">\n\t\t\t<div class=\"elementor-widget-wrap elementor-element-populated\">\n\t\t\t\t\t\t\t<\/div>\n\t\t<\/div>\n\t\t\t\t\t<\/div>\n\t\t<\/section>\n\t\t\t\t<\/div>\n\t\t","protected":false},"excerpt":{"rendered":"","protected":false},"author":3,"featured_media":0,"parent":0,"menu_order":0,"comment_status":"closed","ping_status":"closed","template":"","meta":{"_acf_changed":false,"content-type":"","footnotes":""},"class_list":["post-5125","page","type-page","status-publish","hentry"],"acf":[],"yoast_head":"<!-- This site is optimized with the Yoast SEO plugin v23.2 - https:\/\/yoast.com\/wordpress\/plugins\/seo\/ -->\n<title>Papildmateri\u0101li Un Uzst\u0101d\u012b\u0161ana - TYCROC<\/title>\n<meta name=\"robots\" content=\"index, follow, max-snippet:-1, max-image-preview:large, max-video-preview:-1\" \/>\n<link rel=\"canonical\" href=\"https:\/\/www.tycroc.com\/lv\/papildmateriali-un-uzstadisana\/\" \/>\n<meta property=\"og:locale\" content=\"lv_LV\" \/>\n<meta property=\"og:type\" content=\"article\" \/>\n<meta property=\"og:title\" content=\"Papildmateri\u0101li Un Uzst\u0101d\u012b\u0161ana - TYCROC\" \/>\n<meta property=\"og:url\" content=\"https:\/\/www.tycroc.com\/lv\/papildmateriali-un-uzstadisana\/\" \/>\n<meta property=\"og:site_name\" content=\"TYCROC\" \/>\n<meta name=\"twitter:card\" content=\"summary_large_image\" \/>\n<script type=\"application\/ld+json\" class=\"yoast-schema-graph\">{\"@context\":\"https:\/\/schema.org\",\"@graph\":[{\"@type\":\"WebPage\",\"@id\":\"https:\/\/www.tycroc.com\/lv\/papildmateriali-un-uzstadisana\/\",\"url\":\"https:\/\/www.tycroc.com\/lv\/papildmateriali-un-uzstadisana\/\",\"name\":\"Papildmateri\u0101li Un Uzst\u0101d\u012b\u0161ana - TYCROC\",\"isPartOf\":{\"@id\":\"https:\/\/www.tycroc.com\/lv\/#website\"},\"datePublished\":\"2019-11-02T12:13:34+00:00\",\"dateModified\":\"2019-11-02T12:13:34+00:00\",\"breadcrumb\":{\"@id\":\"https:\/\/www.tycroc.com\/lv\/papildmateriali-un-uzstadisana\/#breadcrumb\"},\"inLanguage\":\"lv-LV\",\"potentialAction\":[{\"@type\":\"ReadAction\",\"target\":[\"https:\/\/www.tycroc.com\/lv\/papildmateriali-un-uzstadisana\/\"]}]},{\"@type\":\"BreadcrumbList\",\"@id\":\"https:\/\/www.tycroc.com\/lv\/papildmateriali-un-uzstadisana\/#breadcrumb\",\"itemListElement\":[{\"@type\":\"ListItem\",\"position\":1,\"name\":\"Home\",\"item\":\"https:\/\/www.tycroc.com\/lv\/\"},{\"@type\":\"ListItem\",\"position\":2,\"name\":\"Papildmateri\u0101li Un Uzst\u0101d\u012b\u0161ana\"}]},{\"@type\":\"WebSite\",\"@id\":\"https:\/\/www.tycroc.com\/lv\/#website\",\"url\":\"https:\/\/www.tycroc.com\/lv\/\",\"name\":\"TYCROC\",\"description\":\"\",\"publisher\":{\"@id\":\"https:\/\/www.tycroc.com\/lv\/#organization\"},\"potentialAction\":[{\"@type\":\"SearchAction\",\"target\":{\"@type\":\"EntryPoint\",\"urlTemplate\":\"https:\/\/www.tycroc.com\/lv\/?s={search_term_string}\"},\"query-input\":\"required name=search_term_string\"}],\"inLanguage\":\"lv-LV\"},{\"@type\":\"Organization\",\"@id\":\"https:\/\/www.tycroc.com\/lv\/#organization\",\"name\":\"TYCROC\",\"url\":\"https:\/\/www.tycroc.com\/lv\/\",\"logo\":{\"@type\":\"ImageObject\",\"inLanguage\":\"lv-LV\",\"@id\":\"https:\/\/www.tycroc.com\/lv\/#\/schema\/logo\/image\/\",\"url\":\"https:\/\/www.tycroc.com\/wp-content\/uploads\/2020\/03\/cropped-tycroc-logo.png\",\"contentUrl\":\"https:\/\/www.tycroc.com\/wp-content\/uploads\/2020\/03\/cropped-tycroc-logo.png\",\"width\":205,\"height\":59,\"caption\":\"TYCROC\"},\"image\":{\"@id\":\"https:\/\/www.tycroc.com\/lv\/#\/schema\/logo\/image\/\"}}]}<\/script>\n<!-- \/ Yoast SEO plugin. -->","yoast_head_json":{"title":"Papildmateri\u0101li Un Uzst\u0101d\u012b\u0161ana - TYCROC","robots":{"index":"index","follow":"follow","max-snippet":"max-snippet:-1","max-image-preview":"max-image-preview:large","max-video-preview":"max-video-preview:-1"},"canonical":"https:\/\/www.tycroc.com\/lv\/papildmateriali-un-uzstadisana\/","og_locale":"lv_LV","og_type":"article","og_title":"Papildmateri\u0101li Un Uzst\u0101d\u012b\u0161ana - TYCROC","og_url":"https:\/\/www.tycroc.com\/lv\/papildmateriali-un-uzstadisana\/","og_site_name":"TYCROC","twitter_card":"summary_large_image","schema":{"@context":"https:\/\/schema.org","@graph":[{"@type":"WebPage","@id":"https:\/\/www.tycroc.com\/lv\/papildmateriali-un-uzstadisana\/","url":"https:\/\/www.tycroc.com\/lv\/papildmateriali-un-uzstadisana\/","name":"Papildmateri\u0101li Un Uzst\u0101d\u012b\u0161ana - TYCROC","isPartOf":{"@id":"https:\/\/www.tycroc.com\/lv\/#website"},"datePublished":"2019-11-02T12:13:34+00:00","dateModified":"2019-11-02T12:13:34+00:00","breadcrumb":{"@id":"https:\/\/www.tycroc.com\/lv\/papildmateriali-un-uzstadisana\/#breadcrumb"},"inLanguage":"lv-LV","potentialAction":[{"@type":"ReadAction","target":["https:\/\/www.tycroc.com\/lv\/papildmateriali-un-uzstadisana\/"]}]},{"@type":"BreadcrumbList","@id":"https:\/\/www.tycroc.com\/lv\/papildmateriali-un-uzstadisana\/#breadcrumb","itemListElement":[{"@type":"ListItem","position":1,"name":"Home","item":"https:\/\/www.tycroc.com\/lv\/"},{"@type":"ListItem","position":2,"name":"Papildmateri\u0101li Un Uzst\u0101d\u012b\u0161ana"}]},{"@type":"WebSite","@id":"https:\/\/www.tycroc.com\/lv\/#website","url":"https:\/\/www.tycroc.com\/lv\/","name":"TYCROC","description":"","publisher":{"@id":"https:\/\/www.tycroc.com\/lv\/#organization"},"potentialAction":[{"@type":"SearchAction","target":{"@type":"EntryPoint","urlTemplate":"https:\/\/www.tycroc.com\/lv\/?s={search_term_string}"},"query-input":"required name=search_term_string"}],"inLanguage":"lv-LV"},{"@type":"Organization","@id":"https:\/\/www.tycroc.com\/lv\/#organization","name":"TYCROC","url":"https:\/\/www.tycroc.com\/lv\/","logo":{"@type":"ImageObject","inLanguage":"lv-LV","@id":"https:\/\/www.tycroc.com\/lv\/#\/schema\/logo\/image\/","url":"https:\/\/www.tycroc.com\/wp-content\/uploads\/2020\/03\/cropped-tycroc-logo.png","contentUrl":"https:\/\/www.tycroc.com\/wp-content\/uploads\/2020\/03\/cropped-tycroc-logo.png","width":205,"height":59,"caption":"TYCROC"},"image":{"@id":"https:\/\/www.tycroc.com\/lv\/#\/schema\/logo\/image\/"}}]}},"_links":{"self":[{"href":"https:\/\/www.tycroc.com\/lv\/wp-json\/wp\/v2\/pages\/5125"}],"collection":[{"href":"https:\/\/www.tycroc.com\/lv\/wp-json\/wp\/v2\/pages"}],"about":[{"href":"https:\/\/www.tycroc.com\/lv\/wp-json\/wp\/v2\/types\/page"}],"author":[{"embeddable":true,"href":"https:\/\/www.tycroc.com\/lv\/wp-json\/wp\/v2\/users\/3"}],"replies":[{"embeddable":true,"href":"https:\/\/www.tycroc.com\/lv\/wp-json\/wp\/v2\/comments?post=5125"}],"version-history":[{"count":1,"href":"https:\/\/www.tycroc.com\/lv\/wp-json\/wp\/v2\/pages\/5125\/revisions"}],"predecessor-version":[{"id":5126,"href":"https:\/\/www.tycroc.com\/lv\/wp-json\/wp\/v2\/pages\/5125\/revisions\/5126"}],"wp:attachment":[{"href":"https:\/\/www.tycroc.com\/lv\/wp-json\/wp\/v2\/media?parent=5125"}],"curies":[{"name":"wp","href":"https:\/\/api.w.org\/{rel}","templated":true}]}}