{"id":5200,"date":"2019-11-02T13:55:07","date_gmt":"2019-11-02T13:55:07","guid":{"rendered":"https:\/\/www.tycroc.com\/papildmateriali-un-uzstadisana\/montavimo-instrukcija\/"},"modified":"2025-06-10T11:40:07","modified_gmt":"2025-06-10T08:40:07","slug":"montavimo-instrukcija","status":"publish","type":"page","link":"https:\/\/www.tycroc.com\/lt\/papildmateriali-un-uzstadisana\/montavimo-instrukcija\/","title":{"rendered":"Montavimo instrukcija"},"content":{"rendered":"\t\t<div data-elementor-type=\"wp-page\" data-elementor-id=\"5200\" class=\"elementor elementor-5200 elementor-4319\">\n\t\t\t\t\t\t<section class=\"elementor-section elementor-top-section elementor-element elementor-element-f28103b elementor-section-boxed elementor-section-height-default elementor-section-height-default\" data-id=\"f28103b\" data-element_type=\"section\" data-settings=\"{&quot;jet_parallax_layout_list&quot;:[{&quot;jet_parallax_layout_image&quot;:{&quot;url&quot;:&quot;&quot;,&quot;id&quot;:&quot;&quot;,&quot;size&quot;:&quot;&quot;},&quot;_id&quot;:&quot;9a43330&quot;,&quot;jet_parallax_layout_image_tablet&quot;:{&quot;url&quot;:&quot;&quot;,&quot;id&quot;:&quot;&quot;,&quot;size&quot;:&quot;&quot;},&quot;jet_parallax_layout_image_mobile&quot;:{&quot;url&quot;:&quot;&quot;,&quot;id&quot;:&quot;&quot;,&quot;size&quot;:&quot;&quot;},&quot;jet_parallax_layout_speed&quot;:{&quot;unit&quot;:&quot;%&quot;,&quot;size&quot;:50,&quot;sizes&quot;:[]},&quot;jet_parallax_layout_type&quot;:&quot;scroll&quot;,&quot;jet_parallax_layout_direction&quot;:null,&quot;jet_parallax_layout_fx_direction&quot;:null,&quot;jet_parallax_layout_z_index&quot;:&quot;&quot;,&quot;jet_parallax_layout_bg_x&quot;:50,&quot;jet_parallax_layout_bg_x_tablet&quot;:&quot;&quot;,&quot;jet_parallax_layout_bg_x_mobile&quot;:&quot;&quot;,&quot;jet_parallax_layout_bg_y&quot;:50,&quot;jet_parallax_layout_bg_y_tablet&quot;:&quot;&quot;,&quot;jet_parallax_layout_bg_y_mobile&quot;:&quot;&quot;,&quot;jet_parallax_layout_bg_size&quot;:&quot;auto&quot;,&quot;jet_parallax_layout_bg_size_tablet&quot;:&quot;&quot;,&quot;jet_parallax_layout_bg_size_mobile&quot;:&quot;&quot;,&quot;jet_parallax_layout_animation_prop&quot;:&quot;transform&quot;,&quot;jet_parallax_layout_on&quot;:[&quot;desktop&quot;,&quot;tablet&quot;]}]}\">\n\t\t\t\t\t\t<div class=\"elementor-container elementor-column-gap-default\">\n\t\t\t\t\t<div class=\"elementor-column elementor-col-100 elementor-top-column elementor-element elementor-element-54e37c7\" data-id=\"54e37c7\" data-element_type=\"column\">\n\t\t\t<div class=\"elementor-widget-wrap elementor-element-populated\">\n\t\t\t\t\t\t<section class=\"elementor-section elementor-inner-section elementor-element elementor-element-7a41576 elementor-section-boxed elementor-section-height-default elementor-section-height-default\" data-id=\"7a41576\" data-element_type=\"section\" data-settings=\"{&quot;jet_parallax_layout_list&quot;:[{&quot;jet_parallax_layout_image&quot;:{&quot;url&quot;:&quot;&quot;,&quot;id&quot;:&quot;&quot;,&quot;size&quot;:&quot;&quot;},&quot;_id&quot;:&quot;5ff6cef&quot;,&quot;jet_parallax_layout_image_tablet&quot;:{&quot;url&quot;:&quot;&quot;,&quot;id&quot;:&quot;&quot;,&quot;size&quot;:&quot;&quot;},&quot;jet_parallax_layout_image_mobile&quot;:{&quot;url&quot;:&quot;&quot;,&quot;id&quot;:&quot;&quot;,&quot;size&quot;:&quot;&quot;},&quot;jet_parallax_layout_speed&quot;:{&quot;unit&quot;:&quot;%&quot;,&quot;size&quot;:50,&quot;sizes&quot;:[]},&quot;jet_parallax_layout_type&quot;:&quot;scroll&quot;,&quot;jet_parallax_layout_direction&quot;:null,&quot;jet_parallax_layout_fx_direction&quot;:null,&quot;jet_parallax_layout_z_index&quot;:&quot;&quot;,&quot;jet_parallax_layout_bg_x&quot;:50,&quot;jet_parallax_layout_bg_x_tablet&quot;:&quot;&quot;,&quot;jet_parallax_layout_bg_x_mobile&quot;:&quot;&quot;,&quot;jet_parallax_layout_bg_y&quot;:50,&quot;jet_parallax_layout_bg_y_tablet&quot;:&quot;&quot;,&quot;jet_parallax_layout_bg_y_mobile&quot;:&quot;&quot;,&quot;jet_parallax_layout_bg_size&quot;:&quot;auto&quot;,&quot;jet_parallax_layout_bg_size_tablet&quot;:&quot;&quot;,&quot;jet_parallax_layout_bg_size_mobile&quot;:&quot;&quot;,&quot;jet_parallax_layout_animation_prop&quot;:&quot;transform&quot;,&quot;jet_parallax_layout_on&quot;:[&quot;desktop&quot;,&quot;tablet&quot;]}]}\">\n\t\t\t\t\t\t<div class=\"elementor-container elementor-column-gap-default\">\n\t\t\t\t\t<div class=\"elementor-column elementor-col-100 elementor-inner-column elementor-element elementor-element-c27b478\" data-id=\"c27b478\" data-element_type=\"column\">\n\t\t\t<div class=\"elementor-widget-wrap elementor-element-populated\">\n\t\t\t\t\t\t<div class=\"elementor-element elementor-element-fdd211c elementor-icon-list--layout-traditional elementor-list-item-link-full_width elementor-widget elementor-widget-icon-list\" data-id=\"fdd211c\" data-element_type=\"widget\" data-widget_type=\"icon-list.default\">\n\t\t\t\t<div class=\"elementor-widget-container\">\n\t\t\t\t\t<ul class=\"elementor-icon-list-items\">\n\t\t\t\t\t\t\t<li class=\"elementor-icon-list-item\">\n\t\t\t\t\t\t\t\t\t\t\t<a href=\"https:\/\/www.tycroc.com\/wp-content\/uploads\/2025\/06\/UHP_LT_25.pdf\" target=\"_blank\">\n\n\t\t\t\t\t\t\t\t\t\t\t\t<span class=\"elementor-icon-list-icon\">\n\t\t\t\t\t\t\t<i aria-hidden=\"true\" class=\"far fa-file-pdf\"><\/i>\t\t\t\t\t\t<\/span>\n\t\t\t\t\t\t\t\t\t\t<span class=\"elementor-icon-list-text\">Montavimo instrukcijos Tycroc UHP plok\u0161t\u0117s<\/span>\n\t\t\t\t\t\t\t\t\t\t\t<\/a>\n\t\t\t\t\t\t\t\t\t<\/li>\n\t\t\t\t\t\t\t\t<li class=\"elementor-icon-list-item\">\n\t\t\t\t\t\t\t\t\t\t\t<a href=\"https:\/\/www.tycroc.com\/wp-content\/uploads\/2025\/02\/PERT_LT_2502.pdf\" target=\"_blank\">\n\n\t\t\t\t\t\t\t\t\t\t\t\t<span class=\"elementor-icon-list-icon\">\n\t\t\t\t\t\t\t<i aria-hidden=\"true\" class=\"far fa-file-pdf\"><\/i>\t\t\t\t\t\t<\/span>\n\t\t\t\t\t\t\t\t\t\t<span class=\"elementor-icon-list-text\">Tycroc PERT vamzd\u017ei\u0173 apdorojimo ir montavimo instrukcijos<\/span>\n\t\t\t\t\t\t\t\t\t\t\t<\/a>\n\t\t\t\t\t\t\t\t\t<\/li>\n\t\t\t\t\t\t\t\t<li class=\"elementor-icon-list-item\">\n\t\t\t\t\t\t\t\t\t\t\t<a href=\"https:\/\/www.tycroc.com\/wp-content\/uploads\/2023\/08\/Tycroc-TSL-assembly-2023_03.pdf\" target=\"_blank\">\n\n\t\t\t\t\t\t\t\t\t\t\t\t<span class=\"elementor-icon-list-icon\">\n\t\t\t\t\t\t\t<i aria-hidden=\"true\" class=\"far fa-file-pdf\"><\/i>\t\t\t\t\t\t<\/span>\n\t\t\t\t\t\t\t\t\t\t<span class=\"elementor-icon-list-text\">Montavimo instrukcijos Tycroc TSL kolektorius<\/span>\n\t\t\t\t\t\t\t\t\t\t\t<\/a>\n\t\t\t\t\t\t\t\t\t<\/li>\n\t\t\t\t\t\t\t\t<li class=\"elementor-icon-list-item\">\n\t\t\t\t\t\t\t\t\t\t\t<a href=\"https:\/\/www.tycroc.com\/wp-content\/uploads\/2023\/08\/Tycroc-TSA230_24_assembly-2023_06-1.pdf\" target=\"_blank\">\n\n\t\t\t\t\t\t\t\t\t\t\t\t<span class=\"elementor-icon-list-icon\">\n\t\t\t\t\t\t\t<i aria-hidden=\"true\" class=\"far fa-file-pdf\"><\/i>\t\t\t\t\t\t<\/span>\n\t\t\t\t\t\t\t\t\t\t<span class=\"elementor-icon-list-text\">Montavimo instrukcijos Tycroc TSA aktyvatorius<\/span>\n\t\t\t\t\t\t\t\t\t\t\t<\/a>\n\t\t\t\t\t\t\t\t\t<\/li>\n\t\t\t\t\t\t\t\t<li class=\"elementor-icon-list-item\">\n\t\t\t\t\t\t\t\t\t\t\t<a href=\"https:\/\/www.tycroc.com\/wp-content\/uploads\/2024\/08\/TWP_LT_24.pdf\" target=\"_blank\">\n\n\t\t\t\t\t\t\t\t\t\t\t\t<span class=\"elementor-icon-list-icon\">\n\t\t\t\t\t\t\t<i aria-hidden=\"true\" class=\"far fa-file-pdf\"><\/i>\t\t\t\t\t\t<\/span>\n\t\t\t\t\t\t\t\t\t\t<span class=\"elementor-icon-list-text\">Montavimo instrukcijos Tycroc TWP plok\u0161t\u0117s<\/span>\n\t\t\t\t\t\t\t\t\t\t\t<\/a>\n\t\t\t\t\t\t\t\t\t<\/li>\n\t\t\t\t\t\t\t\t<li class=\"elementor-icon-list-item\">\n\t\t\t\t\t\t\t\t\t\t\t<a href=\"https:\/\/www.tycroc.com\/wp-content\/uploads\/2019\/11\/STC_LT_1901.pdf\" target=\"_blank\">\n\n\t\t\t\t\t\t\t\t\t\t\t\t<span class=\"elementor-icon-list-icon\">\n\t\t\t\t\t\t\t<i aria-hidden=\"true\" class=\"far fa-file-pdf\"><\/i>\t\t\t\t\t\t<\/span>\n\t\t\t\t\t\t\t\t\t\t<span class=\"elementor-icon-list-text\">Montavimo instrukcijos du\u0161o pad\u0117klas su nutek\u0117jimo trapu<\/span>\n\t\t\t\t\t\t\t\t\t\t\t<\/a>\n\t\t\t\t\t\t\t\t\t<\/li>\n\t\t\t\t\t\t\t\t<li class=\"elementor-icon-list-item\">\n\t\t\t\t\t\t\t\t\t\t\t<a href=\"https:\/\/www.tycroc.com\/wp-content\/uploads\/2021\/09\/STL_LT_2109.pdf\">\n\n\t\t\t\t\t\t\t\t\t\t\t\t<span class=\"elementor-icon-list-icon\">\n\t\t\t\t\t\t\t<i aria-hidden=\"true\" class=\"far fa-file-pdf\"><\/i>\t\t\t\t\t\t<\/span>\n\t\t\t\t\t\t\t\t\t\t<span class=\"elementor-icon-list-text\">Montavimo instrukcijos du\u0161o pad\u0117klas su lataku<\/span>\n\t\t\t\t\t\t\t\t\t\t\t<\/a>\n\t\t\t\t\t\t\t\t\t<\/li>\n\t\t\t\t\t\t\t\t<li class=\"elementor-icon-list-item\">\n\t\t\t\t\t\t\t\t\t\t\t<a href=\"https:\/\/www.tycroc.com\/wp-content\/uploads\/2019\/11\/BCS_LT_1901.pdf\" target=\"_blank\">\n\n\t\t\t\t\t\t\t\t\t\t\t\t<span class=\"elementor-icon-list-icon\">\n\t\t\t\t\t\t\t<i aria-hidden=\"true\" class=\"far fa-file-pdf\"><\/i>\t\t\t\t\t\t<\/span>\n\t\t\t\t\t\t\t\t\t\t<span class=\"elementor-icon-list-text\">Montavimo instrukcijos vonios skydas<\/span>\n\t\t\t\t\t\t\t\t\t\t\t<\/a>\n\t\t\t\t\t\t\t\t\t<\/li>\n\t\t\t\t\t\t<\/ul>\n\t\t\t\t<\/div>\n\t\t\t\t<\/div>\n\t\t\t\t\t<\/div>\n\t\t<\/div>\n\t\t\t\t\t<\/div>\n\t\t<\/section>\n\t\t\t\t\t<\/div>\n\t\t<\/div>\n\t\t\t\t\t<\/div>\n\t\t<\/section>\n\t\t\t\t<\/div>\n\t\t","protected":false},"excerpt":{"rendered":"<p>Montavimo instrukcijos Tycroc UHP plok\u0161t\u0117s Tycroc PERT vamzd\u017ei\u0173 apdorojimo ir montavimo instrukcijos Montavimo instrukcijos Tycroc TSL kolektorius Montavimo instrukcijos Tycroc TSA aktyvatorius Montavimo instrukcijos Tycroc TWP plok\u0161t\u0117s Montavimo instrukcijos du\u0161o pad\u0117klas su nutek\u0117jimo trapu Montavimo instrukcijos du\u0161o pad\u0117klas su lataku Montavimo instrukcijos vonios skydas<\/p>\n","protected":false},"author":3,"featured_media":0,"parent":5127,"menu_order":0,"comment_status":"closed","ping_status":"closed","template":"","meta":{"_acf_changed":false,"content-type":"","footnotes":""},"class_list":["post-5200","page","type-page","status-publish","hentry"],"acf":[],"yoast_head":"<!-- This site is optimized with the Yoast SEO plugin v23.2 - https:\/\/yoast.com\/wordpress\/plugins\/seo\/ -->\n<title>Montavimo instrukcija - TYCROC<\/title>\n<meta name=\"robots\" content=\"index, follow, max-snippet:-1, max-image-preview:large, max-video-preview:-1\" \/>\n<link rel=\"canonical\" href=\"https:\/\/www.tycroc.com\/lt\/papildmateriali-un-uzstadisana\/montavimo-instrukcija\/\" \/>\n<meta property=\"og:locale\" content=\"lt_LT\" \/>\n<meta property=\"og:type\" content=\"article\" \/>\n<meta property=\"og:title\" content=\"Montavimo instrukcija - TYCROC\" \/>\n<meta property=\"og:description\" content=\"Montavimo instrukcijos Tycroc UHP plok\u0161t\u0117s Tycroc PERT vamzd\u017ei\u0173 apdorojimo ir montavimo instrukcijos Montavimo instrukcijos Tycroc TSL kolektorius Montavimo instrukcijos Tycroc TSA aktyvatorius Montavimo instrukcijos Tycroc TWP plok\u0161t\u0117s Montavimo instrukcijos du\u0161o pad\u0117klas su nutek\u0117jimo trapu Montavimo instrukcijos du\u0161o pad\u0117klas su lataku Montavimo instrukcijos vonios skydas\" \/>\n<meta property=\"og:url\" content=\"https:\/\/www.tycroc.com\/lt\/papildmateriali-un-uzstadisana\/montavimo-instrukcija\/\" \/>\n<meta property=\"og:site_name\" content=\"TYCROC\" \/>\n<meta property=\"article:modified_time\" content=\"2025-06-10T08:40:07+00:00\" \/>\n<meta name=\"twitter:card\" content=\"summary_large_image\" \/>\n<meta name=\"twitter:label1\" content=\"Est. reading time\" \/>\n\t<meta name=\"twitter:data1\" content=\"1 minut\u0117\" \/>\n<script type=\"application\/ld+json\" class=\"yoast-schema-graph\">{\"@context\":\"https:\/\/schema.org\",\"@graph\":[{\"@type\":\"WebPage\",\"@id\":\"https:\/\/www.tycroc.com\/lt\/papildmateriali-un-uzstadisana\/montavimo-instrukcija\/\",\"url\":\"https:\/\/www.tycroc.com\/lt\/papildmateriali-un-uzstadisana\/montavimo-instrukcija\/\",\"name\":\"Montavimo instrukcija - TYCROC\",\"isPartOf\":{\"@id\":\"https:\/\/www.tycroc.com\/lt\/#website\"},\"datePublished\":\"2019-11-02T13:55:07+00:00\",\"dateModified\":\"2025-06-10T08:40:07+00:00\",\"breadcrumb\":{\"@id\":\"https:\/\/www.tycroc.com\/lt\/papildmateriali-un-uzstadisana\/montavimo-instrukcija\/#breadcrumb\"},\"inLanguage\":\"lt-LT\",\"potentialAction\":[{\"@type\":\"ReadAction\",\"target\":[\"https:\/\/www.tycroc.com\/lt\/papildmateriali-un-uzstadisana\/montavimo-instrukcija\/\"]}]},{\"@type\":\"BreadcrumbList\",\"@id\":\"https:\/\/www.tycroc.com\/lt\/papildmateriali-un-uzstadisana\/montavimo-instrukcija\/#breadcrumb\",\"itemListElement\":[{\"@type\":\"ListItem\",\"position\":1,\"name\":\"Home\",\"item\":\"https:\/\/www.tycroc.com\/lt\/\"},{\"@type\":\"ListItem\",\"position\":2,\"name\":\"Papildmateri\u0101li Un Uzst\u0101d\u012b\u0161ana\",\"item\":\"https:\/\/www.tycroc.com\/lt\/papildmateriali-un-uzstadisana\/\"},{\"@type\":\"ListItem\",\"position\":3,\"name\":\"Montavimo instrukcija\"}]},{\"@type\":\"WebSite\",\"@id\":\"https:\/\/www.tycroc.com\/lt\/#website\",\"url\":\"https:\/\/www.tycroc.com\/lt\/\",\"name\":\"TYCROC\",\"description\":\"\",\"publisher\":{\"@id\":\"https:\/\/www.tycroc.com\/lt\/#organization\"},\"potentialAction\":[{\"@type\":\"SearchAction\",\"target\":{\"@type\":\"EntryPoint\",\"urlTemplate\":\"https:\/\/www.tycroc.com\/lt\/?s={search_term_string}\"},\"query-input\":\"required name=search_term_string\"}],\"inLanguage\":\"lt-LT\"},{\"@type\":\"Organization\",\"@id\":\"https:\/\/www.tycroc.com\/lt\/#organization\",\"name\":\"TYCROC\",\"url\":\"https:\/\/www.tycroc.com\/lt\/\",\"logo\":{\"@type\":\"ImageObject\",\"inLanguage\":\"lt-LT\",\"@id\":\"https:\/\/www.tycroc.com\/lt\/#\/schema\/logo\/image\/\",\"url\":\"https:\/\/www.tycroc.com\/wp-content\/uploads\/2020\/03\/cropped-tycroc-logo.png\",\"contentUrl\":\"https:\/\/www.tycroc.com\/wp-content\/uploads\/2020\/03\/cropped-tycroc-logo.png\",\"width\":205,\"height\":59,\"caption\":\"TYCROC\"},\"image\":{\"@id\":\"https:\/\/www.tycroc.com\/lt\/#\/schema\/logo\/image\/\"}}]}<\/script>\n<!-- \/ Yoast SEO plugin. -->","yoast_head_json":{"title":"Montavimo instrukcija - TYCROC","robots":{"index":"index","follow":"follow","max-snippet":"max-snippet:-1","max-image-preview":"max-image-preview:large","max-video-preview":"max-video-preview:-1"},"canonical":"https:\/\/www.tycroc.com\/lt\/papildmateriali-un-uzstadisana\/montavimo-instrukcija\/","og_locale":"lt_LT","og_type":"article","og_title":"Montavimo instrukcija - TYCROC","og_description":"Montavimo instrukcijos Tycroc UHP plok\u0161t\u0117s Tycroc PERT vamzd\u017ei\u0173 apdorojimo ir montavimo instrukcijos Montavimo instrukcijos Tycroc TSL kolektorius Montavimo instrukcijos Tycroc TSA aktyvatorius Montavimo instrukcijos Tycroc TWP plok\u0161t\u0117s Montavimo instrukcijos du\u0161o pad\u0117klas su nutek\u0117jimo trapu Montavimo instrukcijos du\u0161o pad\u0117klas su lataku Montavimo instrukcijos vonios skydas","og_url":"https:\/\/www.tycroc.com\/lt\/papildmateriali-un-uzstadisana\/montavimo-instrukcija\/","og_site_name":"TYCROC","article_modified_time":"2025-06-10T08:40:07+00:00","twitter_card":"summary_large_image","twitter_misc":{"Est. reading time":"1 minut\u0117"},"schema":{"@context":"https:\/\/schema.org","@graph":[{"@type":"WebPage","@id":"https:\/\/www.tycroc.com\/lt\/papildmateriali-un-uzstadisana\/montavimo-instrukcija\/","url":"https:\/\/www.tycroc.com\/lt\/papildmateriali-un-uzstadisana\/montavimo-instrukcija\/","name":"Montavimo instrukcija - TYCROC","isPartOf":{"@id":"https:\/\/www.tycroc.com\/lt\/#website"},"datePublished":"2019-11-02T13:55:07+00:00","dateModified":"2025-06-10T08:40:07+00:00","breadcrumb":{"@id":"https:\/\/www.tycroc.com\/lt\/papildmateriali-un-uzstadisana\/montavimo-instrukcija\/#breadcrumb"},"inLanguage":"lt-LT","potentialAction":[{"@type":"ReadAction","target":["https:\/\/www.tycroc.com\/lt\/papildmateriali-un-uzstadisana\/montavimo-instrukcija\/"]}]},{"@type":"BreadcrumbList","@id":"https:\/\/www.tycroc.com\/lt\/papildmateriali-un-uzstadisana\/montavimo-instrukcija\/#breadcrumb","itemListElement":[{"@type":"ListItem","position":1,"name":"Home","item":"https:\/\/www.tycroc.com\/lt\/"},{"@type":"ListItem","position":2,"name":"Papildmateri\u0101li Un Uzst\u0101d\u012b\u0161ana","item":"https:\/\/www.tycroc.com\/lt\/papildmateriali-un-uzstadisana\/"},{"@type":"ListItem","position":3,"name":"Montavimo instrukcija"}]},{"@type":"WebSite","@id":"https:\/\/www.tycroc.com\/lt\/#website","url":"https:\/\/www.tycroc.com\/lt\/","name":"TYCROC","description":"","publisher":{"@id":"https:\/\/www.tycroc.com\/lt\/#organization"},"potentialAction":[{"@type":"SearchAction","target":{"@type":"EntryPoint","urlTemplate":"https:\/\/www.tycroc.com\/lt\/?s={search_term_string}"},"query-input":"required name=search_term_string"}],"inLanguage":"lt-LT"},{"@type":"Organization","@id":"https:\/\/www.tycroc.com\/lt\/#organization","name":"TYCROC","url":"https:\/\/www.tycroc.com\/lt\/","logo":{"@type":"ImageObject","inLanguage":"lt-LT","@id":"https:\/\/www.tycroc.com\/lt\/#\/schema\/logo\/image\/","url":"https:\/\/www.tycroc.com\/wp-content\/uploads\/2020\/03\/cropped-tycroc-logo.png","contentUrl":"https:\/\/www.tycroc.com\/wp-content\/uploads\/2020\/03\/cropped-tycroc-logo.png","width":205,"height":59,"caption":"TYCROC"},"image":{"@id":"https:\/\/www.tycroc.com\/lt\/#\/schema\/logo\/image\/"}}]}},"_links":{"self":[{"href":"https:\/\/www.tycroc.com\/lt\/wp-json\/wp\/v2\/pages\/5200"}],"collection":[{"href":"https:\/\/www.tycroc.com\/lt\/wp-json\/wp\/v2\/pages"}],"about":[{"href":"https:\/\/www.tycroc.com\/lt\/wp-json\/wp\/v2\/types\/page"}],"author":[{"embeddable":true,"href":"https:\/\/www.tycroc.com\/lt\/wp-json\/wp\/v2\/users\/3"}],"replies":[{"embeddable":true,"href":"https:\/\/www.tycroc.com\/lt\/wp-json\/wp\/v2\/comments?post=5200"}],"version-history":[{"count":37,"href":"https:\/\/www.tycroc.com\/lt\/wp-json\/wp\/v2\/pages\/5200\/revisions"}],"predecessor-version":[{"id":30182,"href":"https:\/\/www.tycroc.com\/lt\/wp-json\/wp\/v2\/pages\/5200\/revisions\/30182"}],"up":[{"embeddable":true,"href":"https:\/\/www.tycroc.com\/lt\/wp-json\/wp\/v2\/pages\/5127"}],"wp:attachment":[{"href":"https:\/\/www.tycroc.com\/lt\/wp-json\/wp\/v2\/media?parent=5200"}],"curies":[{"name":"wp","href":"https:\/\/api.w.org\/{rel}","templated":true}]}}