{"id":5186,"date":"2019-11-02T13:50:49","date_gmt":"2019-11-02T13:50:49","guid":{"rendered":"https:\/\/www.tycroc.com\/papildmateriali-un-uzstadisana\/sertifikatai\/"},"modified":"2026-01-22T15:57:59","modified_gmt":"2026-01-22T13:57:59","slug":"sertifikatai","status":"publish","type":"page","link":"https:\/\/www.tycroc.com\/lt\/papildmateriali-un-uzstadisana\/sertifikatai\/","title":{"rendered":"Sertifikatai"},"content":{"rendered":"\t\t<div data-elementor-type=\"wp-page\" data-elementor-id=\"5186\" class=\"elementor elementor-5186 elementor-4376\">\n\t\t\t\t\t\t<section class=\"elementor-section elementor-top-section elementor-element elementor-element-04044a3 elementor-section-boxed elementor-section-height-default elementor-section-height-default\" data-id=\"04044a3\" data-element_type=\"section\" data-settings=\"{&quot;jet_parallax_layout_list&quot;:[{&quot;jet_parallax_layout_image&quot;:{&quot;url&quot;:&quot;&quot;,&quot;id&quot;:&quot;&quot;,&quot;size&quot;:&quot;&quot;},&quot;_id&quot;:&quot;70e7c52&quot;,&quot;jet_parallax_layout_image_tablet&quot;:{&quot;url&quot;:&quot;&quot;,&quot;id&quot;:&quot;&quot;,&quot;size&quot;:&quot;&quot;},&quot;jet_parallax_layout_image_mobile&quot;:{&quot;url&quot;:&quot;&quot;,&quot;id&quot;:&quot;&quot;,&quot;size&quot;:&quot;&quot;},&quot;jet_parallax_layout_speed&quot;:{&quot;unit&quot;:&quot;%&quot;,&quot;size&quot;:50,&quot;sizes&quot;:[]},&quot;jet_parallax_layout_type&quot;:&quot;scroll&quot;,&quot;jet_parallax_layout_direction&quot;:null,&quot;jet_parallax_layout_fx_direction&quot;:null,&quot;jet_parallax_layout_z_index&quot;:&quot;&quot;,&quot;jet_parallax_layout_bg_x&quot;:50,&quot;jet_parallax_layout_bg_x_tablet&quot;:&quot;&quot;,&quot;jet_parallax_layout_bg_x_mobile&quot;:&quot;&quot;,&quot;jet_parallax_layout_bg_y&quot;:50,&quot;jet_parallax_layout_bg_y_tablet&quot;:&quot;&quot;,&quot;jet_parallax_layout_bg_y_mobile&quot;:&quot;&quot;,&quot;jet_parallax_layout_bg_size&quot;:&quot;auto&quot;,&quot;jet_parallax_layout_bg_size_tablet&quot;:&quot;&quot;,&quot;jet_parallax_layout_bg_size_mobile&quot;:&quot;&quot;,&quot;jet_parallax_layout_animation_prop&quot;:&quot;transform&quot;,&quot;jet_parallax_layout_on&quot;:[&quot;desktop&quot;,&quot;tablet&quot;]}]}\">\n\t\t\t\t\t\t<div class=\"elementor-container elementor-column-gap-default\">\n\t\t\t\t\t<div class=\"elementor-column elementor-col-100 elementor-top-column elementor-element elementor-element-6b9a343\" data-id=\"6b9a343\" data-element_type=\"column\">\n\t\t\t<div class=\"elementor-widget-wrap elementor-element-populated\">\n\t\t\t\t\t\t<div class=\"elementor-element elementor-element-2081ac7 elementor-icon-list--layout-traditional elementor-list-item-link-full_width elementor-widget elementor-widget-icon-list\" data-id=\"2081ac7\" data-element_type=\"widget\" data-widget_type=\"icon-list.default\">\n\t\t\t\t<div class=\"elementor-widget-container\">\n\t\t\t\t\t<ul class=\"elementor-icon-list-items\">\n\t\t\t\t\t\t\t<li class=\"elementor-icon-list-item\">\n\t\t\t\t\t\t\t\t\t\t\t<a href=\"https:\/\/www.tycroc.com\/wp-content\/uploads\/2024\/11\/DoP_TWP-2411_LT-1.pdf\" target=\"_blank\">\n\n\t\t\t\t\t\t\t\t\t\t\t\t<span class=\"elementor-icon-list-icon\">\n\t\t\t\t\t\t\t<i aria-hidden=\"true\" class=\"far fa-file-pdf\"><\/i>\t\t\t\t\t\t<\/span>\n\t\t\t\t\t\t\t\t\t\t<span class=\"elementor-icon-list-text\">Eksploatacini\u0173 Savybi\u0173 Deklaracija (DoP) Nr. TWP-2411<\/span>\n\t\t\t\t\t\t\t\t\t\t\t<\/a>\n\t\t\t\t\t\t\t\t\t<\/li>\n\t\t\t\t\t\t\t\t<li class=\"elementor-icon-list-item\">\n\t\t\t\t\t\t\t\t\t\t\t<a href=\"https:\/\/www.tycroc.com\/wp-content\/uploads\/2022\/08\/DoP_UHP-2208_lt.pdf\" target=\"_blank\">\n\n\t\t\t\t\t\t\t\t\t\t\t\t<span class=\"elementor-icon-list-icon\">\n\t\t\t\t\t\t\t<i aria-hidden=\"true\" class=\"far fa-file-pdf\"><\/i>\t\t\t\t\t\t<\/span>\n\t\t\t\t\t\t\t\t\t\t<span class=\"elementor-icon-list-text\">Eksploatacini\u0173 Savybi\u0173 Deklaracija  (DoP) Nr. UHP-2208<\/span>\n\t\t\t\t\t\t\t\t\t\t\t<\/a>\n\t\t\t\t\t\t\t\t\t<\/li>\n\t\t\t\t\t\t\t\t<li class=\"elementor-icon-list-item\">\n\t\t\t\t\t\t\t\t\t\t\t<a href=\"https:\/\/www.tycroc.com\/wp-content\/uploads\/2026\/01\/M1_3748_Tycroc-OU_2024-05-14_fi.pdf\" target=\"_blank\">\n\n\t\t\t\t\t\t\t\t\t\t\t\t<span class=\"elementor-icon-list-icon\">\n\t\t\t\t\t\t\t<i aria-hidden=\"true\" class=\"far fa-file-pdf\"><\/i>\t\t\t\t\t\t<\/span>\n\t\t\t\t\t\t\t\t\t\t<span class=\"elementor-icon-list-text\">M1 sertifikatas Nr. 3748 (suomi\u0173)<\/span>\n\t\t\t\t\t\t\t\t\t\t\t<\/a>\n\t\t\t\t\t\t\t\t\t<\/li>\n\t\t\t\t\t\t\t\t<li class=\"elementor-icon-list-item\">\n\t\t\t\t\t\t\t\t\t\t\t<a href=\"https:\/\/www.tycroc.com\/wp-content\/uploads\/2026\/01\/M1_3971_Tycroc-OU_2025-06-19_fi.pdf\" target=\"_blank\">\n\n\t\t\t\t\t\t\t\t\t\t\t\t<span class=\"elementor-icon-list-icon\">\n\t\t\t\t\t\t\t<i aria-hidden=\"true\" class=\"far fa-file-pdf\"><\/i>\t\t\t\t\t\t<\/span>\n\t\t\t\t\t\t\t\t\t\t<span class=\"elementor-icon-list-text\">M1 sertifikatas Nr. 3971 (suomi\u0173)<\/span>\n\t\t\t\t\t\t\t\t\t\t\t<\/a>\n\t\t\t\t\t\t\t\t\t<\/li>\n\t\t\t\t\t\t\t\t<li class=\"elementor-icon-list-item\">\n\t\t\t\t\t\t\t\t\t\t\t<a href=\"https:\/\/www.tycroc.com\/wp-content\/uploads\/2026\/01\/M1_4554_Tycroc-OU_2025-02-11_fi.pdf\" target=\"_blank\">\n\n\t\t\t\t\t\t\t\t\t\t\t\t<span class=\"elementor-icon-list-icon\">\n\t\t\t\t\t\t\t<i aria-hidden=\"true\" class=\"far fa-file-pdf\"><\/i>\t\t\t\t\t\t<\/span>\n\t\t\t\t\t\t\t\t\t\t<span class=\"elementor-icon-list-text\">M1 sertifikatas Nr. 4554 (suomi\u0173)<\/span>\n\t\t\t\t\t\t\t\t\t\t\t<\/a>\n\t\t\t\t\t\t\t\t\t<\/li>\n\t\t\t\t\t\t\t\t<li class=\"elementor-icon-list-item\">\n\t\t\t\t\t\t\t\t\t\t\t<a href=\"https:\/\/www.tycroc.com\/wp-content\/uploads\/2020\/08\/SINTEF-TG-20745_no.pdf\" target=\"_blank\">\n\n\t\t\t\t\t\t\t\t\t\t\t\t<span class=\"elementor-icon-list-icon\">\n\t\t\t\t\t\t\t<i aria-hidden=\"true\" class=\"far fa-file-pdf\"><\/i>\t\t\t\t\t\t<\/span>\n\t\t\t\t\t\t\t\t\t\t<span class=\"elementor-icon-list-text\">Sintef produkto sertifikatas Nr. TG 20745 (norveg\u0173)<\/span>\n\t\t\t\t\t\t\t\t\t\t\t<\/a>\n\t\t\t\t\t\t\t\t\t<\/li>\n\t\t\t\t\t\t\t\t<li class=\"elementor-icon-list-item\">\n\t\t\t\t\t\t\t\t\t\t\t<a href=\"https:\/\/www.tycroc.com\/wp-content\/uploads\/2025\/07\/EPD_RTS_402_25_Tycroc_PERT-pipe.pdf\" target=\"_blank\">\n\n\t\t\t\t\t\t\t\t\t\t\t\t<span class=\"elementor-icon-list-icon\">\n\t\t\t\t\t\t\t<i aria-hidden=\"true\" class=\"far fa-file-pdf\"><\/i>\t\t\t\t\t\t<\/span>\n\t\t\t\t\t\t\t\t\t\t<span class=\"elementor-icon-list-text\">EPD Tycroc PERT (angli\u0161kai)<\/span>\n\t\t\t\t\t\t\t\t\t\t\t<\/a>\n\t\t\t\t\t\t\t\t\t<\/li>\n\t\t\t\t\t\t\t\t<li class=\"elementor-icon-list-item\">\n\t\t\t\t\t\t\t\t\t\t\t<a href=\"https:\/\/www.tycroc.com\/wp-content\/uploads\/2024\/11\/EPD_Tycroc_Premium_FIX_EN.pdf\" target=\"_blank\">\n\n\t\t\t\t\t\t\t\t\t\t\t\t<span class=\"elementor-icon-list-icon\">\n\t\t\t\t\t\t\t<i aria-hidden=\"true\" class=\"far fa-file-pdf\"><\/i>\t\t\t\t\t\t<\/span>\n\t\t\t\t\t\t\t\t\t\t<span class=\"elementor-icon-list-text\">EPD Tycroc Premium FIX (angli\u0161kai)<\/span>\n\t\t\t\t\t\t\t\t\t\t\t<\/a>\n\t\t\t\t\t\t\t\t\t<\/li>\n\t\t\t\t\t\t\t\t<li class=\"elementor-icon-list-item\">\n\t\t\t\t\t\t\t\t\t\t\t<a href=\"https:\/\/www.tycroc.com\/wp-content\/uploads\/2024\/11\/EPD_Tycroc_Fast_FIX_EN.pdf\" target=\"_blank\">\n\n\t\t\t\t\t\t\t\t\t\t\t\t<span class=\"elementor-icon-list-icon\">\n\t\t\t\t\t\t\t<i aria-hidden=\"true\" class=\"far fa-file-pdf\"><\/i>\t\t\t\t\t\t<\/span>\n\t\t\t\t\t\t\t\t\t\t<span class=\"elementor-icon-list-text\">EPD Tycroc Fast FIX (angli\u0161kai)<\/span>\n\t\t\t\t\t\t\t\t\t\t\t<\/a>\n\t\t\t\t\t\t\t\t\t<\/li>\n\t\t\t\t\t\t\t\t<li class=\"elementor-icon-list-item\">\n\t\t\t\t\t\t\t\t\t\t\t<a href=\"https:\/\/www.tycroc.com\/wp-content\/uploads\/2025\/11\/Premium-FIX_TDS_LT_25.pdf\" target=\"_blank\">\n\n\t\t\t\t\t\t\t\t\t\t\t\t<span class=\"elementor-icon-list-icon\">\n\t\t\t\t\t\t\t<i aria-hidden=\"true\" class=\"far fa-file-pdf\"><\/i>\t\t\t\t\t\t<\/span>\n\t\t\t\t\t\t\t\t\t\t<span class=\"elementor-icon-list-text\">Tycroc Premium FIX technini\u0173 duomen\u0173 lapas<\/span>\n\t\t\t\t\t\t\t\t\t\t\t<\/a>\n\t\t\t\t\t\t\t\t\t<\/li>\n\t\t\t\t\t\t\t\t<li class=\"elementor-icon-list-item\">\n\t\t\t\t\t\t\t\t\t\t\t<a href=\"https:\/\/www.tycroc.com\/wp-content\/uploads\/2021\/11\/Fast-FIX_TDS_LT_21.pdf\" target=\"_blank\">\n\n\t\t\t\t\t\t\t\t\t\t\t\t<span class=\"elementor-icon-list-icon\">\n\t\t\t\t\t\t\t<i aria-hidden=\"true\" class=\"far fa-file-pdf\"><\/i>\t\t\t\t\t\t<\/span>\n\t\t\t\t\t\t\t\t\t\t<span class=\"elementor-icon-list-text\">Tycroc Fast FIX technini\u0173 duomen\u0173 lapas<\/span>\n\t\t\t\t\t\t\t\t\t\t\t<\/a>\n\t\t\t\t\t\t\t\t\t<\/li>\n\t\t\t\t\t\t\t\t<li class=\"elementor-icon-list-item\">\n\t\t\t\t\t\t\t\t\t\t\t<a href=\"https:\/\/www.tycroc.com\/wp-content\/uploads\/2025\/10\/Premium_Fix_SDS_LT.pdf\" target=\"_blank\">\n\n\t\t\t\t\t\t\t\t\t\t\t\t<span class=\"elementor-icon-list-icon\">\n\t\t\t\t\t\t\t<i aria-hidden=\"true\" class=\"far fa-file-pdf\"><\/i>\t\t\t\t\t\t<\/span>\n\t\t\t\t\t\t\t\t\t\t<span class=\"elementor-icon-list-text\">Tycroc Premium FIX duomen\u0173 lapas<\/span>\n\t\t\t\t\t\t\t\t\t\t\t<\/a>\n\t\t\t\t\t\t\t\t\t<\/li>\n\t\t\t\t\t\t\t\t<li class=\"elementor-icon-list-item\">\n\t\t\t\t\t\t\t\t\t\t\t<a href=\"https:\/\/www.tycroc.com\/wp-content\/uploads\/2025\/10\/Fast_Fix_SDS_LT.pdf\" target=\"_blank\">\n\n\t\t\t\t\t\t\t\t\t\t\t\t<span class=\"elementor-icon-list-icon\">\n\t\t\t\t\t\t\t<i aria-hidden=\"true\" class=\"far fa-file-pdf\"><\/i>\t\t\t\t\t\t<\/span>\n\t\t\t\t\t\t\t\t\t\t<span class=\"elementor-icon-list-text\">Tycroc Fast FIX duomen\u0173 lapas<\/span>\n\t\t\t\t\t\t\t\t\t\t\t<\/a>\n\t\t\t\t\t\t\t\t\t<\/li>\n\t\t\t\t\t\t\t\t<li class=\"elementor-icon-list-item\">\n\t\t\t\t\t\t\t\t\t\t\t<a href=\"https:\/\/www.tycroc.com\/wp-content\/uploads\/2019\/11\/UHP-impact-noise-test-reports-compressed-1-3.pdf\" target=\"_blank\">\n\n\t\t\t\t\t\t\t\t\t\t\t\t<span class=\"elementor-icon-list-icon\">\n\t\t\t\t\t\t\t<i aria-hidden=\"true\" class=\"far fa-file-pdf\"><\/i>\t\t\t\t\t\t<\/span>\n\t\t\t\t\t\t\t\t\t\t<span class=\"elementor-icon-list-text\">Tycroc UHP sm\u016bgio triuk\u0161mo bandymo ataskaita (angli\u0161kai)<\/span>\n\t\t\t\t\t\t\t\t\t\t\t<\/a>\n\t\t\t\t\t\t\t\t\t<\/li>\n\t\t\t\t\t\t\t\t<li class=\"elementor-icon-list-item\">\n\t\t\t\t\t\t\t\t\t\t\t<a href=\"https:\/\/www.tycroc.com\/wp-content\/uploads\/2024\/01\/Metal_washer_TDS_EN.pdf\" target=\"_blank\">\n\n\t\t\t\t\t\t\t\t\t\t\t\t<span class=\"elementor-icon-list-icon\">\n\t\t\t\t\t\t\t<i aria-hidden=\"true\" class=\"far fa-file-pdf\"><\/i>\t\t\t\t\t\t<\/span>\n\t\t\t\t\t\t\t\t\t\t<span class=\"elementor-icon-list-text\">Tycroc tvirtinimo pover\u017el\u0117  technini\u0173 duomen\u0173 lapas (angli\u0161kai)<\/span>\n\t\t\t\t\t\t\t\t\t\t\t<\/a>\n\t\t\t\t\t\t\t\t\t<\/li>\n\t\t\t\t\t\t\t\t<li class=\"elementor-icon-list-item\">\n\t\t\t\t\t\t\t\t\t\t\t<a href=\"https:\/\/www.tycroc.com\/wp-content\/uploads\/2024\/01\/Combi_screw_TDS_EN.pdf\" target=\"_blank\">\n\n\t\t\t\t\t\t\t\t\t\t\t\t<span class=\"elementor-icon-list-icon\">\n\t\t\t\t\t\t\t<i aria-hidden=\"true\" class=\"far fa-file-pdf\"><\/i>\t\t\t\t\t\t<\/span>\n\t\t\t\t\t\t\t\t\t\t<span class=\"elementor-icon-list-text\">Tycroc sraigtas technini\u0173 duomen\u0173 lapas (angli\u0161kai)<\/span>\n\t\t\t\t\t\t\t\t\t\t\t<\/a>\n\t\t\t\t\t\t\t\t\t<\/li>\n\t\t\t\t\t\t\t\t<li class=\"elementor-icon-list-item\">\n\t\t\t\t\t\t\t\t\t\t\t<a href=\"https:\/\/www.tycroc.com\/wp-content\/uploads\/2020\/08\/Tycroc-metal-dowel_TDS_EN.pdf\" target=\"_blank\">\n\n\t\t\t\t\t\t\t\t\t\t\t\t<span class=\"elementor-icon-list-icon\">\n\t\t\t\t\t\t\t<i aria-hidden=\"true\" class=\"far fa-file-pdf\"><\/i>\t\t\t\t\t\t<\/span>\n\t\t\t\t\t\t\t\t\t\t<span class=\"elementor-icon-list-text\">Tycroc tvirtinimo ankeris technini\u0173 duomen\u0173 lapas (angli\u0161kai)<\/span>\n\t\t\t\t\t\t\t\t\t\t\t<\/a>\n\t\t\t\t\t\t\t\t\t<\/li>\n\t\t\t\t\t\t\t\t<li class=\"elementor-icon-list-item\">\n\t\t\t\t\t\t\t\t\t\t\t<a href=\"https:\/\/www.tycroc.com\/wp-content\/uploads\/2024\/01\/TAPE70_TDS_EN.pdf\" target=\"_blank\">\n\n\t\t\t\t\t\t\t\t\t\t\t\t<span class=\"elementor-icon-list-icon\">\n\t\t\t\t\t\t\t<i aria-hidden=\"true\" class=\"far fa-file-pdf\"><\/i>\t\t\t\t\t\t<\/span>\n\t\t\t\t\t\t\t\t\t\t<span class=\"elementor-icon-list-text\">Tycroc aliuminio juosta technini\u0173 duomen\u0173 lapas (angli\u0161kai)<\/span>\n\t\t\t\t\t\t\t\t\t\t\t<\/a>\n\t\t\t\t\t\t\t\t\t<\/li>\n\t\t\t\t\t\t\t\t<li class=\"elementor-icon-list-item\">\n\t\t\t\t\t\t\t\t\t\t\t<a href=\"http:\/\/andmebaas.epa.ee\/avalik\/#\/trademarks?nr=M201701095&#038;ln=en\" target=\"_blank\">\n\n\t\t\t\t\t\t\t\t\t\t\t\t<span class=\"elementor-icon-list-icon\">\n\t\t\t\t\t\t\t<i aria-hidden=\"true\" class=\"far fa-file-pdf\"><\/i>\t\t\t\t\t\t<\/span>\n\t\t\t\t\t\t\t\t\t\t<span class=\"elementor-icon-list-text\">Prek\u0117s \u017eenklo registracija Nr.55985 (angli\u0161kai)<\/span>\n\t\t\t\t\t\t\t\t\t\t\t<\/a>\n\t\t\t\t\t\t\t\t\t<\/li>\n\t\t\t\t\t\t\t\t<li class=\"elementor-icon-list-item\">\n\t\t\t\t\t\t\t\t\t\t\t<a href=\"http:\/\/andmebaas.epa.ee\/avalik\/#\/design?nr=D201700015&#038;ln=en\" target=\"_blank\">\n\n\t\t\t\t\t\t\t\t\t\t\t\t<span class=\"elementor-icon-list-icon\">\n\t\t\t\t\t\t\t<i aria-hidden=\"true\" class=\"far fa-file-pdf\"><\/i>\t\t\t\t\t\t<\/span>\n\t\t\t\t\t\t\t\t\t\t<span class=\"elementor-icon-list-text\">Pramoninio dizaino registracijos Nr..02046 (angli\u0161kai)<\/span>\n\t\t\t\t\t\t\t\t\t\t\t<\/a>\n\t\t\t\t\t\t\t\t\t<\/li>\n\t\t\t\t\t\t\t\t<li class=\"elementor-icon-list-item\">\n\t\t\t\t\t\t\t\t\t\t\t<a href=\"https:\/\/www.tycroc.com\/wp-content\/uploads\/2019\/11\/EUIPO-No-017955554-2-2.pdf\" target=\"_blank\">\n\n\t\t\t\t\t\t\t\t\t\t\t\t<span class=\"elementor-icon-list-icon\">\n\t\t\t\t\t\t\t<i aria-hidden=\"true\" class=\"far fa-file-pdf\"><\/i>\t\t\t\t\t\t<\/span>\n\t\t\t\t\t\t\t\t\t\t<span class=\"elementor-icon-list-text\">EUIPO Certification Of Registration No. 017955554 (angli\u0161kai)<\/span>\n\t\t\t\t\t\t\t\t\t\t\t<\/a>\n\t\t\t\t\t\t\t\t\t<\/li>\n\t\t\t\t\t\t<\/ul>\n\t\t\t\t<\/div>\n\t\t\t\t<\/div>\n\t\t\t\t\t<\/div>\n\t\t<\/div>\n\t\t\t\t\t<\/div>\n\t\t<\/section>\n\t\t\t\t<\/div>\n\t\t","protected":false},"excerpt":{"rendered":"<p>Eksploatacini\u0173 Savybi\u0173 Deklaracija (DoP) Nr. TWP-2411 Eksploatacini\u0173 Savybi\u0173 Deklaracija (DoP) Nr. UHP-2208 M1 sertifikatas Nr. 3748 (suomi\u0173) M1 sertifikatas Nr. 3971 (suomi\u0173) M1 sertifikatas Nr. 4554 (suomi\u0173) Sintef produkto sertifikatas Nr. TG 20745 (norveg\u0173) EPD Tycroc PERT (angli\u0161kai) EPD Tycroc Premium FIX (angli\u0161kai) EPD Tycroc Fast FIX (angli\u0161kai) Tycroc Premium FIX technini\u0173 duomen\u0173 lapas Tycroc [&hellip;]<\/p>\n","protected":false},"author":3,"featured_media":0,"parent":5127,"menu_order":2,"comment_status":"closed","ping_status":"closed","template":"","meta":{"_acf_changed":false,"content-type":"","footnotes":""},"class_list":["post-5186","page","type-page","status-publish","hentry"],"acf":[],"yoast_head":"<!-- This site is optimized with the Yoast SEO plugin v23.2 - https:\/\/yoast.com\/wordpress\/plugins\/seo\/ -->\n<title>Sertifikatai - TYCROC<\/title>\n<meta name=\"robots\" content=\"index, follow, max-snippet:-1, max-image-preview:large, max-video-preview:-1\" \/>\n<link rel=\"canonical\" href=\"https:\/\/www.tycroc.com\/lt\/papildmateriali-un-uzstadisana\/sertifikatai\/\" \/>\n<meta property=\"og:locale\" content=\"lt_LT\" \/>\n<meta property=\"og:type\" content=\"article\" \/>\n<meta property=\"og:title\" content=\"Sertifikatai - TYCROC\" \/>\n<meta property=\"og:description\" content=\"Eksploatacini\u0173 Savybi\u0173 Deklaracija (DoP) Nr. TWP-2411 Eksploatacini\u0173 Savybi\u0173 Deklaracija (DoP) Nr. UHP-2208 M1 sertifikatas Nr. 3748 (suomi\u0173) M1 sertifikatas Nr. 3971 (suomi\u0173) M1 sertifikatas Nr. 4554 (suomi\u0173) Sintef produkto sertifikatas Nr. TG 20745 (norveg\u0173) EPD Tycroc PERT (angli\u0161kai) EPD Tycroc Premium FIX (angli\u0161kai) EPD Tycroc Fast FIX (angli\u0161kai) Tycroc Premium FIX technini\u0173 duomen\u0173 lapas Tycroc [&hellip;]\" \/>\n<meta property=\"og:url\" content=\"https:\/\/www.tycroc.com\/lt\/papildmateriali-un-uzstadisana\/sertifikatai\/\" \/>\n<meta property=\"og:site_name\" content=\"TYCROC\" \/>\n<meta property=\"article:modified_time\" content=\"2026-01-22T13:57:59+00:00\" \/>\n<meta name=\"twitter:card\" content=\"summary_large_image\" \/>\n<meta name=\"twitter:label1\" content=\"Est. reading time\" \/>\n\t<meta name=\"twitter:data1\" content=\"1 minut\u0117\" \/>\n<script type=\"application\/ld+json\" class=\"yoast-schema-graph\">{\"@context\":\"https:\/\/schema.org\",\"@graph\":[{\"@type\":\"WebPage\",\"@id\":\"https:\/\/www.tycroc.com\/lt\/papildmateriali-un-uzstadisana\/sertifikatai\/\",\"url\":\"https:\/\/www.tycroc.com\/lt\/papildmateriali-un-uzstadisana\/sertifikatai\/\",\"name\":\"Sertifikatai - TYCROC\",\"isPartOf\":{\"@id\":\"https:\/\/www.tycroc.com\/lt\/#website\"},\"datePublished\":\"2019-11-02T13:50:49+00:00\",\"dateModified\":\"2026-01-22T13:57:59+00:00\",\"breadcrumb\":{\"@id\":\"https:\/\/www.tycroc.com\/lt\/papildmateriali-un-uzstadisana\/sertifikatai\/#breadcrumb\"},\"inLanguage\":\"lt-LT\",\"potentialAction\":[{\"@type\":\"ReadAction\",\"target\":[\"https:\/\/www.tycroc.com\/lt\/papildmateriali-un-uzstadisana\/sertifikatai\/\"]}]},{\"@type\":\"BreadcrumbList\",\"@id\":\"https:\/\/www.tycroc.com\/lt\/papildmateriali-un-uzstadisana\/sertifikatai\/#breadcrumb\",\"itemListElement\":[{\"@type\":\"ListItem\",\"position\":1,\"name\":\"Home\",\"item\":\"https:\/\/www.tycroc.com\/lt\/\"},{\"@type\":\"ListItem\",\"position\":2,\"name\":\"Papildmateri\u0101li Un Uzst\u0101d\u012b\u0161ana\",\"item\":\"https:\/\/www.tycroc.com\/lt\/papildmateriali-un-uzstadisana\/\"},{\"@type\":\"ListItem\",\"position\":3,\"name\":\"Sertifikatai\"}]},{\"@type\":\"WebSite\",\"@id\":\"https:\/\/www.tycroc.com\/lt\/#website\",\"url\":\"https:\/\/www.tycroc.com\/lt\/\",\"name\":\"TYCROC\",\"description\":\"\",\"publisher\":{\"@id\":\"https:\/\/www.tycroc.com\/lt\/#organization\"},\"potentialAction\":[{\"@type\":\"SearchAction\",\"target\":{\"@type\":\"EntryPoint\",\"urlTemplate\":\"https:\/\/www.tycroc.com\/lt\/?s={search_term_string}\"},\"query-input\":\"required name=search_term_string\"}],\"inLanguage\":\"lt-LT\"},{\"@type\":\"Organization\",\"@id\":\"https:\/\/www.tycroc.com\/lt\/#organization\",\"name\":\"TYCROC\",\"url\":\"https:\/\/www.tycroc.com\/lt\/\",\"logo\":{\"@type\":\"ImageObject\",\"inLanguage\":\"lt-LT\",\"@id\":\"https:\/\/www.tycroc.com\/lt\/#\/schema\/logo\/image\/\",\"url\":\"https:\/\/www.tycroc.com\/wp-content\/uploads\/2020\/03\/cropped-tycroc-logo.png\",\"contentUrl\":\"https:\/\/www.tycroc.com\/wp-content\/uploads\/2020\/03\/cropped-tycroc-logo.png\",\"width\":205,\"height\":59,\"caption\":\"TYCROC\"},\"image\":{\"@id\":\"https:\/\/www.tycroc.com\/lt\/#\/schema\/logo\/image\/\"}}]}<\/script>\n<!-- \/ Yoast SEO plugin. -->","yoast_head_json":{"title":"Sertifikatai - TYCROC","robots":{"index":"index","follow":"follow","max-snippet":"max-snippet:-1","max-image-preview":"max-image-preview:large","max-video-preview":"max-video-preview:-1"},"canonical":"https:\/\/www.tycroc.com\/lt\/papildmateriali-un-uzstadisana\/sertifikatai\/","og_locale":"lt_LT","og_type":"article","og_title":"Sertifikatai - TYCROC","og_description":"Eksploatacini\u0173 Savybi\u0173 Deklaracija (DoP) Nr. TWP-2411 Eksploatacini\u0173 Savybi\u0173 Deklaracija (DoP) Nr. UHP-2208 M1 sertifikatas Nr. 3748 (suomi\u0173) M1 sertifikatas Nr. 3971 (suomi\u0173) M1 sertifikatas Nr. 4554 (suomi\u0173) Sintef produkto sertifikatas Nr. TG 20745 (norveg\u0173) EPD Tycroc PERT (angli\u0161kai) EPD Tycroc Premium FIX (angli\u0161kai) EPD Tycroc Fast FIX (angli\u0161kai) Tycroc Premium FIX technini\u0173 duomen\u0173 lapas Tycroc [&hellip;]","og_url":"https:\/\/www.tycroc.com\/lt\/papildmateriali-un-uzstadisana\/sertifikatai\/","og_site_name":"TYCROC","article_modified_time":"2026-01-22T13:57:59+00:00","twitter_card":"summary_large_image","twitter_misc":{"Est. reading time":"1 minut\u0117"},"schema":{"@context":"https:\/\/schema.org","@graph":[{"@type":"WebPage","@id":"https:\/\/www.tycroc.com\/lt\/papildmateriali-un-uzstadisana\/sertifikatai\/","url":"https:\/\/www.tycroc.com\/lt\/papildmateriali-un-uzstadisana\/sertifikatai\/","name":"Sertifikatai - TYCROC","isPartOf":{"@id":"https:\/\/www.tycroc.com\/lt\/#website"},"datePublished":"2019-11-02T13:50:49+00:00","dateModified":"2026-01-22T13:57:59+00:00","breadcrumb":{"@id":"https:\/\/www.tycroc.com\/lt\/papildmateriali-un-uzstadisana\/sertifikatai\/#breadcrumb"},"inLanguage":"lt-LT","potentialAction":[{"@type":"ReadAction","target":["https:\/\/www.tycroc.com\/lt\/papildmateriali-un-uzstadisana\/sertifikatai\/"]}]},{"@type":"BreadcrumbList","@id":"https:\/\/www.tycroc.com\/lt\/papildmateriali-un-uzstadisana\/sertifikatai\/#breadcrumb","itemListElement":[{"@type":"ListItem","position":1,"name":"Home","item":"https:\/\/www.tycroc.com\/lt\/"},{"@type":"ListItem","position":2,"name":"Papildmateri\u0101li Un Uzst\u0101d\u012b\u0161ana","item":"https:\/\/www.tycroc.com\/lt\/papildmateriali-un-uzstadisana\/"},{"@type":"ListItem","position":3,"name":"Sertifikatai"}]},{"@type":"WebSite","@id":"https:\/\/www.tycroc.com\/lt\/#website","url":"https:\/\/www.tycroc.com\/lt\/","name":"TYCROC","description":"","publisher":{"@id":"https:\/\/www.tycroc.com\/lt\/#organization"},"potentialAction":[{"@type":"SearchAction","target":{"@type":"EntryPoint","urlTemplate":"https:\/\/www.tycroc.com\/lt\/?s={search_term_string}"},"query-input":"required name=search_term_string"}],"inLanguage":"lt-LT"},{"@type":"Organization","@id":"https:\/\/www.tycroc.com\/lt\/#organization","name":"TYCROC","url":"https:\/\/www.tycroc.com\/lt\/","logo":{"@type":"ImageObject","inLanguage":"lt-LT","@id":"https:\/\/www.tycroc.com\/lt\/#\/schema\/logo\/image\/","url":"https:\/\/www.tycroc.com\/wp-content\/uploads\/2020\/03\/cropped-tycroc-logo.png","contentUrl":"https:\/\/www.tycroc.com\/wp-content\/uploads\/2020\/03\/cropped-tycroc-logo.png","width":205,"height":59,"caption":"TYCROC"},"image":{"@id":"https:\/\/www.tycroc.com\/lt\/#\/schema\/logo\/image\/"}}]}},"_links":{"self":[{"href":"https:\/\/www.tycroc.com\/lt\/wp-json\/wp\/v2\/pages\/5186"}],"collection":[{"href":"https:\/\/www.tycroc.com\/lt\/wp-json\/wp\/v2\/pages"}],"about":[{"href":"https:\/\/www.tycroc.com\/lt\/wp-json\/wp\/v2\/types\/page"}],"author":[{"embeddable":true,"href":"https:\/\/www.tycroc.com\/lt\/wp-json\/wp\/v2\/users\/3"}],"replies":[{"embeddable":true,"href":"https:\/\/www.tycroc.com\/lt\/wp-json\/wp\/v2\/comments?post=5186"}],"version-history":[{"count":51,"href":"https:\/\/www.tycroc.com\/lt\/wp-json\/wp\/v2\/pages\/5186\/revisions"}],"predecessor-version":[{"id":31418,"href":"https:\/\/www.tycroc.com\/lt\/wp-json\/wp\/v2\/pages\/5186\/revisions\/31418"}],"up":[{"embeddable":true,"href":"https:\/\/www.tycroc.com\/lt\/wp-json\/wp\/v2\/pages\/5127"}],"wp:attachment":[{"href":"https:\/\/www.tycroc.com\/lt\/wp-json\/wp\/v2\/media?parent=5186"}],"curies":[{"name":"wp","href":"https:\/\/api.w.org\/{rel}","templated":true}]}}