{"id":7097,"date":"2020-03-13T16:35:11","date_gmt":"2020-03-13T16:35:11","guid":{"rendered":"https:\/\/www.tycroc.com\/yritys\/annamme-tukemme\/"},"modified":"2020-07-28T08:44:11","modified_gmt":"2020-07-28T08:44:11","slug":"annamme-tukemme","status":"publish","type":"page","link":"https:\/\/www.tycroc.com\/fi\/yritys\/annamme-tukemme\/","title":{"rendered":"Annamme tukemme"},"content":{"rendered":"\t\t<div data-elementor-type=\"wp-page\" data-elementor-id=\"7097\" class=\"elementor elementor-7097 elementor-7067\">\n\t\t\t\t\t\t<section class=\"elementor-section elementor-top-section elementor-element elementor-element-44abbdd elementor-section-boxed elementor-section-height-default elementor-section-height-default\" data-id=\"44abbdd\" data-element_type=\"section\" data-settings=\"{&quot;jet_parallax_layout_list&quot;:[{&quot;jet_parallax_layout_image&quot;:{&quot;url&quot;:&quot;&quot;,&quot;id&quot;:&quot;&quot;,&quot;size&quot;:&quot;&quot;},&quot;_id&quot;:&quot;18d9d23&quot;,&quot;jet_parallax_layout_image_tablet&quot;:{&quot;url&quot;:&quot;&quot;,&quot;id&quot;:&quot;&quot;,&quot;size&quot;:&quot;&quot;},&quot;jet_parallax_layout_image_mobile&quot;:{&quot;url&quot;:&quot;&quot;,&quot;id&quot;:&quot;&quot;,&quot;size&quot;:&quot;&quot;},&quot;jet_parallax_layout_speed&quot;:{&quot;unit&quot;:&quot;%&quot;,&quot;size&quot;:50,&quot;sizes&quot;:[]},&quot;jet_parallax_layout_type&quot;:&quot;scroll&quot;,&quot;jet_parallax_layout_direction&quot;:null,&quot;jet_parallax_layout_fx_direction&quot;:null,&quot;jet_parallax_layout_z_index&quot;:&quot;&quot;,&quot;jet_parallax_layout_bg_x&quot;:50,&quot;jet_parallax_layout_bg_y&quot;:50,&quot;jet_parallax_layout_bg_size&quot;:&quot;auto&quot;,&quot;jet_parallax_layout_animation_prop&quot;:&quot;transform&quot;,&quot;jet_parallax_layout_on&quot;:[&quot;desktop&quot;,&quot;tablet&quot;],&quot;jet_parallax_layout_bg_x_tablet&quot;:&quot;&quot;,&quot;jet_parallax_layout_bg_x_mobile&quot;:&quot;&quot;,&quot;jet_parallax_layout_bg_y_tablet&quot;:&quot;&quot;,&quot;jet_parallax_layout_bg_y_mobile&quot;:&quot;&quot;,&quot;jet_parallax_layout_bg_size_tablet&quot;:&quot;&quot;,&quot;jet_parallax_layout_bg_size_mobile&quot;:&quot;&quot;}]}\">\n\t\t\t\t\t\t<div class=\"elementor-container elementor-column-gap-default\">\n\t\t\t\t\t<div class=\"elementor-column elementor-col-100 elementor-top-column elementor-element elementor-element-eb73fe3\" data-id=\"eb73fe3\" data-element_type=\"column\">\n\t\t\t<div class=\"elementor-widget-wrap elementor-element-populated\">\n\t\t\t\t\t\t<div class=\"elementor-element elementor-element-e9bf084 elementor-widget elementor-widget-text-editor\" data-id=\"e9bf084\" data-element_type=\"widget\" data-widget_type=\"text-editor.default\">\n\t\t\t\t<div class=\"elementor-widget-container\">\n\t\t\t\t\t\t\t<p>Tycroc on antanut tukensa useampien erilaisten projektien toteuttamiseen. Eniten olemme edist\u00e4neet yhteiskunnan kehityst\u00e4 urheilun tukemisen kautta.<\/p>\t\t\t\t\t\t<\/div>\n\t\t\t\t<\/div>\n\t\t\t\t<div class=\"elementor-element elementor-element-d122e7c elementor-widget elementor-widget-spacer\" data-id=\"d122e7c\" data-element_type=\"widget\" data-widget_type=\"spacer.default\">\n\t\t\t\t<div class=\"elementor-widget-container\">\n\t\t\t\t\t<div class=\"elementor-spacer\">\n\t\t\t<div class=\"elementor-spacer-inner\"><\/div>\n\t\t<\/div>\n\t\t\t\t<\/div>\n\t\t\t\t<\/div>\n\t\t\t\t<div class=\"elementor-element elementor-element-013efbf elementor-widget elementor-widget-image\" data-id=\"013efbf\" data-element_type=\"widget\" data-widget_type=\"image.default\">\n\t\t\t\t<div class=\"elementor-widget-container\">\n\t\t\t\t\t\t\t\t\t\t\t\t\t<img fetchpriority=\"high\" decoding=\"async\" width=\"720\" height=\"400\" src=\"https:\/\/www.tycroc.com\/wp-content\/uploads\/2020\/03\/jalgrattakool.jpg\" class=\"attachment-medium_large size-medium_large wp-image-7071\" alt=\"\" srcset=\"https:\/\/www.tycroc.com\/wp-content\/uploads\/2020\/03\/jalgrattakool.jpg 720w, https:\/\/www.tycroc.com\/wp-content\/uploads\/2020\/03\/jalgrattakool-300x167.jpg 300w, https:\/\/www.tycroc.com\/wp-content\/uploads\/2020\/03\/jalgrattakool-600x333.jpg 600w\" sizes=\"(max-width: 720px) 100vw, 720px\" data-copyright=\"\" data-headline=\"jalgrattakool\" data-description=\"\" \/>\t\t\t\t\t\t\t\t\t\t\t\t\t<\/div>\n\t\t\t\t<\/div>\n\t\t\t\t<div class=\"elementor-element elementor-element-04fbf2b elementor-widget elementor-widget-text-editor\" data-id=\"04fbf2b\" data-element_type=\"widget\" data-widget_type=\"text-editor.default\">\n\t\t\t\t<div class=\"elementor-widget-container\">\n\t\t\t\t\t\t\t<p>Tuemme nuorten\u00a0py\u00f6r\u00e4ilykerho &#8221;Kalevi Jalgrattakool&#8221;.<\/p><p><a href=\"http:\/\/www.jalgrattakool.ee\">www.jalgrattakool.ee<\/a><\/p>\t\t\t\t\t\t<\/div>\n\t\t\t\t<\/div>\n\t\t\t\t<div class=\"elementor-element elementor-element-5abd330 elementor-widget elementor-widget-spacer\" data-id=\"5abd330\" data-element_type=\"widget\" data-widget_type=\"spacer.default\">\n\t\t\t\t<div class=\"elementor-widget-container\">\n\t\t\t\t\t<div class=\"elementor-spacer\">\n\t\t\t<div class=\"elementor-spacer-inner\"><\/div>\n\t\t<\/div>\n\t\t\t\t<\/div>\n\t\t\t\t<\/div>\n\t\t\t\t<div class=\"elementor-element elementor-element-0224672 elementor-widget elementor-widget-image\" data-id=\"0224672\" data-element_type=\"widget\" data-widget_type=\"image.default\">\n\t\t\t\t<div class=\"elementor-widget-container\">\n\t\t\t\t\t\t\t\t\t\t\t\t\t<img decoding=\"async\" width=\"768\" height=\"512\" data-src=\"https:\/\/www.tycroc.com\/wp-content\/uploads\/2020\/03\/Rapla-pronks-2015-768x512.jpg\" class=\"attachment-medium_large size-medium_large wp-image-7079 lazyload\" alt=\"\" data-srcset=\"https:\/\/www.tycroc.com\/wp-content\/uploads\/2020\/03\/Rapla-pronks-2015-768x512.jpg 768w, https:\/\/www.tycroc.com\/wp-content\/uploads\/2020\/03\/Rapla-pronks-2015-300x200.jpg 300w, https:\/\/www.tycroc.com\/wp-content\/uploads\/2020\/03\/Rapla-pronks-2015-1024x682.jpg 1024w, https:\/\/www.tycroc.com\/wp-content\/uploads\/2020\/03\/Rapla-pronks-2015-1536x1024.jpg 1536w, https:\/\/www.tycroc.com\/wp-content\/uploads\/2020\/03\/Rapla-pronks-2015-600x400.jpg 600w, https:\/\/www.tycroc.com\/wp-content\/uploads\/2020\/03\/Rapla-pronks-2015.jpg 2000w\" data-sizes=\"(max-width: 768px) 100vw, 768px\" data-copyright=\"\" data-headline=\"Rapla pronks 2015\" data-description=\"\" src=\"data:image\/gif;base64,R0lGODlhAQABAAAAACH5BAEKAAEALAAAAAABAAEAAAICTAEAOw==\" style=\"--smush-placeholder-width: 768px; --smush-placeholder-aspect-ratio: 768\/512;\" \/><noscript><img decoding=\"async\" width=\"768\" height=\"512\" src=\"https:\/\/www.tycroc.com\/wp-content\/uploads\/2020\/03\/Rapla-pronks-2015-768x512.jpg\" class=\"attachment-medium_large size-medium_large wp-image-7079\" alt=\"\" srcset=\"https:\/\/www.tycroc.com\/wp-content\/uploads\/2020\/03\/Rapla-pronks-2015-768x512.jpg 768w, https:\/\/www.tycroc.com\/wp-content\/uploads\/2020\/03\/Rapla-pronks-2015-300x200.jpg 300w, https:\/\/www.tycroc.com\/wp-content\/uploads\/2020\/03\/Rapla-pronks-2015-1024x682.jpg 1024w, https:\/\/www.tycroc.com\/wp-content\/uploads\/2020\/03\/Rapla-pronks-2015-1536x1024.jpg 1536w, https:\/\/www.tycroc.com\/wp-content\/uploads\/2020\/03\/Rapla-pronks-2015-600x400.jpg 600w, https:\/\/www.tycroc.com\/wp-content\/uploads\/2020\/03\/Rapla-pronks-2015.jpg 2000w\" sizes=\"(max-width: 768px) 100vw, 768px\" data-copyright=\"\" data-headline=\"Rapla pronks 2015\" data-description=\"\" \/><\/noscript>\t\t\t\t\t\t\t\t\t\t\t\t\t<\/div>\n\t\t\t\t<\/div>\n\t\t\t\t<div class=\"elementor-element elementor-element-45332eb elementor-widget elementor-widget-text-editor\" data-id=\"45332eb\" data-element_type=\"widget\" data-widget_type=\"text-editor.default\">\n\t\t\t\t<div class=\"elementor-widget-container\">\n\t\t\t\t\t\t\t<p>Avustamme my\u00f6s kansalaisj\u00e4rjest\u00f6\u00e4 Raplan Koripallokoulu. Alkaen 2012-2015\u00a0kaudesta olimme Raplan koripallokoulun ensimm\u00e4isen joukkueen nimisponsori.<\/p><p><a href=\"http:\/\/www.raplakk.ee\/\">www.raplakk.ee<\/a><\/p>\t\t\t\t\t\t<\/div>\n\t\t\t\t<\/div>\n\t\t\t\t<div class=\"elementor-element elementor-element-fd60512 elementor-widget elementor-widget-spacer\" data-id=\"fd60512\" data-element_type=\"widget\" data-widget_type=\"spacer.default\">\n\t\t\t\t<div class=\"elementor-widget-container\">\n\t\t\t\t\t<div class=\"elementor-spacer\">\n\t\t\t<div class=\"elementor-spacer-inner\"><\/div>\n\t\t<\/div>\n\t\t\t\t<\/div>\n\t\t\t\t<\/div>\n\t\t\t\t<div class=\"elementor-element elementor-element-cf2261f elementor-widget elementor-widget-image\" data-id=\"cf2261f\" data-element_type=\"widget\" data-widget_type=\"image.default\">\n\t\t\t\t<div class=\"elementor-widget-container\">\n\t\t\t\t\t\t\t\t\t\t\t\t\t<img decoding=\"async\" width=\"768\" height=\"150\" data-src=\"https:\/\/www.tycroc.com\/wp-content\/uploads\/2020\/03\/taipoks-768x150.jpg\" class=\"attachment-medium_large size-medium_large wp-image-7087 lazyload\" alt=\"\" data-srcset=\"https:\/\/www.tycroc.com\/wp-content\/uploads\/2020\/03\/taipoks-768x150.jpg 768w, https:\/\/www.tycroc.com\/wp-content\/uploads\/2020\/03\/taipoks-300x59.jpg 300w, https:\/\/www.tycroc.com\/wp-content\/uploads\/2020\/03\/taipoks-600x117.jpg 600w, https:\/\/www.tycroc.com\/wp-content\/uploads\/2020\/03\/taipoks.jpg 956w\" data-sizes=\"(max-width: 768px) 100vw, 768px\" data-copyright=\"\" data-headline=\"taipoks\" data-description=\"\" src=\"data:image\/gif;base64,R0lGODlhAQABAAAAACH5BAEKAAEALAAAAAABAAEAAAICTAEAOw==\" style=\"--smush-placeholder-width: 768px; --smush-placeholder-aspect-ratio: 768\/150;\" \/><noscript><img decoding=\"async\" width=\"768\" height=\"150\" src=\"https:\/\/www.tycroc.com\/wp-content\/uploads\/2020\/03\/taipoks-768x150.jpg\" class=\"attachment-medium_large size-medium_large wp-image-7087\" alt=\"\" srcset=\"https:\/\/www.tycroc.com\/wp-content\/uploads\/2020\/03\/taipoks-768x150.jpg 768w, https:\/\/www.tycroc.com\/wp-content\/uploads\/2020\/03\/taipoks-300x59.jpg 300w, https:\/\/www.tycroc.com\/wp-content\/uploads\/2020\/03\/taipoks-600x117.jpg 600w, https:\/\/www.tycroc.com\/wp-content\/uploads\/2020\/03\/taipoks.jpg 956w\" sizes=\"(max-width: 768px) 100vw, 768px\" data-copyright=\"\" data-headline=\"taipoks\" data-description=\"\" \/><\/noscript>\t\t\t\t\t\t\t\t\t\t\t\t\t<\/div>\n\t\t\t\t<\/div>\n\t\t\t\t<div class=\"elementor-element elementor-element-1ecd6a0 elementor-widget elementor-widget-text-editor\" data-id=\"1ecd6a0\" data-element_type=\"widget\" data-widget_type=\"text-editor.default\">\n\t\t\t\t<div class=\"elementor-widget-container\">\n\t\t\t\t\t\t\t<p>Tuemme kansalaisj\u00e4rjest\u00f6\u00e4 Tallinnan thainyrkkeilyn klubi.<\/p><p><span style=\"caret-color: #54595f; color: #54595f;\"><a href=\"http:\/\/www.taipoks.ee\">www.taipoks.ee<\/a><\/span><\/p>\t\t\t\t\t\t<\/div>\n\t\t\t\t<\/div>\n\t\t\t\t\t<\/div>\n\t\t<\/div>\n\t\t\t\t\t<\/div>\n\t\t<\/section>\n\t\t\t\t<\/div>\n\t\t","protected":false},"excerpt":{"rendered":"<p>Tycroc on antanut tukensa useampien erilaisten projektien toteuttamiseen. Eniten olemme edist\u00e4neet yhteiskunnan kehityst\u00e4 urheilun tukemisen kautta. Tuemme nuorten&nbsp;py\u00f6r\u00e4ilykerho &#8221;Kalevi Jalgrattakool&#8221;. www.jalgrattakool.ee Avustamme my\u00f6s kansalaisj\u00e4rjest\u00f6\u00e4 Raplan Koripallokoulu. Alkaen 2012-2015&nbsp;kaudesta olimme Raplan koripallokoulun ensimm\u00e4isen joukkueen nimisponsori. www.raplakk.ee Tuemme kansalaisj\u00e4rjest\u00f6\u00e4 Tallinnan thainyrkkeilyn klubi. www.taipoks.ee<\/p>\n","protected":false},"author":3,"featured_media":0,"parent":7048,"menu_order":0,"comment_status":"closed","ping_status":"closed","template":"","meta":{"_acf_changed":false,"content-type":"","footnotes":""},"class_list":["post-7097","page","type-page","status-publish","hentry"],"acf":[],"yoast_head":"<!-- This site is optimized with the Yoast SEO plugin v23.2 - https:\/\/yoast.com\/wordpress\/plugins\/seo\/ -->\n<title>Annamme tukemme - TYCROC<\/title>\n<meta name=\"description\" content=\"Tycroc on antanut tukensa useampien erilaisten projektien toteuttamiseen. Eniten olemme edist\u00e4neet yhteiskunnan kehityst\u00e4 urheilun tukemisen kautta.\" \/>\n<meta name=\"robots\" content=\"index, follow, max-snippet:-1, max-image-preview:large, max-video-preview:-1\" \/>\n<link rel=\"canonical\" href=\"https:\/\/www.tycroc.com\/fi\/yritys\/annamme-tukemme\/\" \/>\n<meta property=\"og:locale\" content=\"fi_FI\" \/>\n<meta property=\"og:type\" content=\"article\" \/>\n<meta property=\"og:title\" content=\"Annamme tukemme - TYCROC\" \/>\n<meta property=\"og:description\" content=\"Tycroc on antanut tukensa useampien erilaisten projektien toteuttamiseen. Eniten olemme edist\u00e4neet yhteiskunnan kehityst\u00e4 urheilun tukemisen kautta.\" \/>\n<meta property=\"og:url\" content=\"https:\/\/www.tycroc.com\/fi\/yritys\/annamme-tukemme\/\" \/>\n<meta property=\"og:site_name\" content=\"TYCROC\" \/>\n<meta property=\"article:modified_time\" content=\"2020-07-28T08:44:11+00:00\" \/>\n<meta property=\"og:image\" content=\"https:\/\/www.tycroc.com\/wp-content\/uploads\/2020\/03\/jalgrattakool.jpg\" \/>\n<meta name=\"twitter:card\" content=\"summary_large_image\" \/>\n<script type=\"application\/ld+json\" class=\"yoast-schema-graph\">{\"@context\":\"https:\/\/schema.org\",\"@graph\":[{\"@type\":\"WebPage\",\"@id\":\"https:\/\/www.tycroc.com\/fi\/yritys\/annamme-tukemme\/\",\"url\":\"https:\/\/www.tycroc.com\/fi\/yritys\/annamme-tukemme\/\",\"name\":\"Annamme tukemme - TYCROC\",\"isPartOf\":{\"@id\":\"https:\/\/www.tycroc.com\/fi\/#website\"},\"primaryImageOfPage\":{\"@id\":\"https:\/\/www.tycroc.com\/fi\/yritys\/annamme-tukemme\/#primaryimage\"},\"image\":{\"@id\":\"https:\/\/www.tycroc.com\/fi\/yritys\/annamme-tukemme\/#primaryimage\"},\"thumbnailUrl\":\"https:\/\/www.tycroc.com\/wp-content\/uploads\/2020\/03\/jalgrattakool.jpg\",\"datePublished\":\"2020-03-13T16:35:11+00:00\",\"dateModified\":\"2020-07-28T08:44:11+00:00\",\"description\":\"Tycroc on antanut tukensa useampien erilaisten projektien toteuttamiseen. Eniten olemme edist\u00e4neet yhteiskunnan kehityst\u00e4 urheilun tukemisen kautta.\",\"breadcrumb\":{\"@id\":\"https:\/\/www.tycroc.com\/fi\/yritys\/annamme-tukemme\/#breadcrumb\"},\"inLanguage\":\"fi\",\"potentialAction\":[{\"@type\":\"ReadAction\",\"target\":[\"https:\/\/www.tycroc.com\/fi\/yritys\/annamme-tukemme\/\"]}]},{\"@type\":\"ImageObject\",\"inLanguage\":\"fi\",\"@id\":\"https:\/\/www.tycroc.com\/fi\/yritys\/annamme-tukemme\/#primaryimage\",\"url\":\"https:\/\/www.tycroc.com\/wp-content\/uploads\/2020\/03\/jalgrattakool.jpg\",\"contentUrl\":\"https:\/\/www.tycroc.com\/wp-content\/uploads\/2020\/03\/jalgrattakool.jpg\"},{\"@type\":\"BreadcrumbList\",\"@id\":\"https:\/\/www.tycroc.com\/fi\/yritys\/annamme-tukemme\/#breadcrumb\",\"itemListElement\":[{\"@type\":\"ListItem\",\"position\":1,\"name\":\"Home\",\"item\":\"https:\/\/www.tycroc.com\/fi\/\"},{\"@type\":\"ListItem\",\"position\":2,\"name\":\"Yritys\",\"item\":\"https:\/\/www.tycroc.com\/fi\/yritys\/\"},{\"@type\":\"ListItem\",\"position\":3,\"name\":\"Annamme tukemme\"}]},{\"@type\":\"WebSite\",\"@id\":\"https:\/\/www.tycroc.com\/fi\/#website\",\"url\":\"https:\/\/www.tycroc.com\/fi\/\",\"name\":\"TYCROC\",\"description\":\"\",\"publisher\":{\"@id\":\"https:\/\/www.tycroc.com\/fi\/#organization\"},\"potentialAction\":[{\"@type\":\"SearchAction\",\"target\":{\"@type\":\"EntryPoint\",\"urlTemplate\":\"https:\/\/www.tycroc.com\/fi\/?s={search_term_string}\"},\"query-input\":\"required name=search_term_string\"}],\"inLanguage\":\"fi\"},{\"@type\":\"Organization\",\"@id\":\"https:\/\/www.tycroc.com\/fi\/#organization\",\"name\":\"TYCROC\",\"url\":\"https:\/\/www.tycroc.com\/fi\/\",\"logo\":{\"@type\":\"ImageObject\",\"inLanguage\":\"fi\",\"@id\":\"https:\/\/www.tycroc.com\/fi\/#\/schema\/logo\/image\/\",\"url\":\"https:\/\/www.tycroc.com\/wp-content\/uploads\/2020\/03\/cropped-tycroc-logo.png\",\"contentUrl\":\"https:\/\/www.tycroc.com\/wp-content\/uploads\/2020\/03\/cropped-tycroc-logo.png\",\"width\":205,\"height\":59,\"caption\":\"TYCROC\"},\"image\":{\"@id\":\"https:\/\/www.tycroc.com\/fi\/#\/schema\/logo\/image\/\"}}]}<\/script>\n<!-- \/ Yoast SEO plugin. -->","yoast_head_json":{"title":"Annamme tukemme - TYCROC","description":"Tycroc on antanut tukensa useampien erilaisten projektien toteuttamiseen. Eniten olemme edist\u00e4neet yhteiskunnan kehityst\u00e4 urheilun tukemisen kautta.","robots":{"index":"index","follow":"follow","max-snippet":"max-snippet:-1","max-image-preview":"max-image-preview:large","max-video-preview":"max-video-preview:-1"},"canonical":"https:\/\/www.tycroc.com\/fi\/yritys\/annamme-tukemme\/","og_locale":"fi_FI","og_type":"article","og_title":"Annamme tukemme - TYCROC","og_description":"Tycroc on antanut tukensa useampien erilaisten projektien toteuttamiseen. Eniten olemme edist\u00e4neet yhteiskunnan kehityst\u00e4 urheilun tukemisen kautta.","og_url":"https:\/\/www.tycroc.com\/fi\/yritys\/annamme-tukemme\/","og_site_name":"TYCROC","article_modified_time":"2020-07-28T08:44:11+00:00","og_image":[{"url":"https:\/\/www.tycroc.com\/wp-content\/uploads\/2020\/03\/jalgrattakool.jpg"}],"twitter_card":"summary_large_image","schema":{"@context":"https:\/\/schema.org","@graph":[{"@type":"WebPage","@id":"https:\/\/www.tycroc.com\/fi\/yritys\/annamme-tukemme\/","url":"https:\/\/www.tycroc.com\/fi\/yritys\/annamme-tukemme\/","name":"Annamme tukemme - TYCROC","isPartOf":{"@id":"https:\/\/www.tycroc.com\/fi\/#website"},"primaryImageOfPage":{"@id":"https:\/\/www.tycroc.com\/fi\/yritys\/annamme-tukemme\/#primaryimage"},"image":{"@id":"https:\/\/www.tycroc.com\/fi\/yritys\/annamme-tukemme\/#primaryimage"},"thumbnailUrl":"https:\/\/www.tycroc.com\/wp-content\/uploads\/2020\/03\/jalgrattakool.jpg","datePublished":"2020-03-13T16:35:11+00:00","dateModified":"2020-07-28T08:44:11+00:00","description":"Tycroc on antanut tukensa useampien erilaisten projektien toteuttamiseen. Eniten olemme edist\u00e4neet yhteiskunnan kehityst\u00e4 urheilun tukemisen kautta.","breadcrumb":{"@id":"https:\/\/www.tycroc.com\/fi\/yritys\/annamme-tukemme\/#breadcrumb"},"inLanguage":"fi","potentialAction":[{"@type":"ReadAction","target":["https:\/\/www.tycroc.com\/fi\/yritys\/annamme-tukemme\/"]}]},{"@type":"ImageObject","inLanguage":"fi","@id":"https:\/\/www.tycroc.com\/fi\/yritys\/annamme-tukemme\/#primaryimage","url":"https:\/\/www.tycroc.com\/wp-content\/uploads\/2020\/03\/jalgrattakool.jpg","contentUrl":"https:\/\/www.tycroc.com\/wp-content\/uploads\/2020\/03\/jalgrattakool.jpg"},{"@type":"BreadcrumbList","@id":"https:\/\/www.tycroc.com\/fi\/yritys\/annamme-tukemme\/#breadcrumb","itemListElement":[{"@type":"ListItem","position":1,"name":"Home","item":"https:\/\/www.tycroc.com\/fi\/"},{"@type":"ListItem","position":2,"name":"Yritys","item":"https:\/\/www.tycroc.com\/fi\/yritys\/"},{"@type":"ListItem","position":3,"name":"Annamme tukemme"}]},{"@type":"WebSite","@id":"https:\/\/www.tycroc.com\/fi\/#website","url":"https:\/\/www.tycroc.com\/fi\/","name":"TYCROC","description":"","publisher":{"@id":"https:\/\/www.tycroc.com\/fi\/#organization"},"potentialAction":[{"@type":"SearchAction","target":{"@type":"EntryPoint","urlTemplate":"https:\/\/www.tycroc.com\/fi\/?s={search_term_string}"},"query-input":"required name=search_term_string"}],"inLanguage":"fi"},{"@type":"Organization","@id":"https:\/\/www.tycroc.com\/fi\/#organization","name":"TYCROC","url":"https:\/\/www.tycroc.com\/fi\/","logo":{"@type":"ImageObject","inLanguage":"fi","@id":"https:\/\/www.tycroc.com\/fi\/#\/schema\/logo\/image\/","url":"https:\/\/www.tycroc.com\/wp-content\/uploads\/2020\/03\/cropped-tycroc-logo.png","contentUrl":"https:\/\/www.tycroc.com\/wp-content\/uploads\/2020\/03\/cropped-tycroc-logo.png","width":205,"height":59,"caption":"TYCROC"},"image":{"@id":"https:\/\/www.tycroc.com\/fi\/#\/schema\/logo\/image\/"}}]}},"_links":{"self":[{"href":"https:\/\/www.tycroc.com\/fi\/wp-json\/wp\/v2\/pages\/7097"}],"collection":[{"href":"https:\/\/www.tycroc.com\/fi\/wp-json\/wp\/v2\/pages"}],"about":[{"href":"https:\/\/www.tycroc.com\/fi\/wp-json\/wp\/v2\/types\/page"}],"author":[{"embeddable":true,"href":"https:\/\/www.tycroc.com\/fi\/wp-json\/wp\/v2\/users\/3"}],"replies":[{"embeddable":true,"href":"https:\/\/www.tycroc.com\/fi\/wp-json\/wp\/v2\/comments?post=7097"}],"version-history":[{"count":5,"href":"https:\/\/www.tycroc.com\/fi\/wp-json\/wp\/v2\/pages\/7097\/revisions"}],"predecessor-version":[{"id":15465,"href":"https:\/\/www.tycroc.com\/fi\/wp-json\/wp\/v2\/pages\/7097\/revisions\/15465"}],"up":[{"embeddable":true,"href":"https:\/\/www.tycroc.com\/fi\/wp-json\/wp\/v2\/pages\/7048"}],"wp:attachment":[{"href":"https:\/\/www.tycroc.com\/fi\/wp-json\/wp\/v2\/media?parent=7097"}],"curies":[{"name":"wp","href":"https:\/\/api.w.org\/{rel}","templated":true}]}}