{"id":15552,"date":"2020-07-29T06:37:38","date_gmt":"2020-07-29T06:37:38","guid":{"rendered":"https:\/\/www.tycroc.com\/ratkaisut\/hoyrysauna\/"},"modified":"2020-08-06T20:02:18","modified_gmt":"2020-08-06T17:02:18","slug":"hoyrysauna","status":"publish","type":"page","link":"https:\/\/www.tycroc.com\/fi\/ratkaisut\/hoyrysauna\/","title":{"rendered":"H\u00f6yrysauna"},"content":{"rendered":"\t\t<div data-elementor-type=\"wp-page\" data-elementor-id=\"15552\" class=\"elementor elementor-15552 elementor-7924\">\n\t\t\t\t\t\t<section class=\"elementor-section elementor-top-section elementor-element elementor-element-08b916d elementor-section-boxed elementor-section-height-default elementor-section-height-default\" data-id=\"08b916d\" data-element_type=\"section\" data-settings=\"{&quot;jet_parallax_layout_list&quot;:[{&quot;jet_parallax_layout_image&quot;:{&quot;url&quot;:&quot;&quot;,&quot;id&quot;:&quot;&quot;,&quot;size&quot;:&quot;&quot;},&quot;_id&quot;:&quot;f0c175b&quot;,&quot;jet_parallax_layout_image_tablet&quot;:{&quot;url&quot;:&quot;&quot;,&quot;id&quot;:&quot;&quot;,&quot;size&quot;:&quot;&quot;},&quot;jet_parallax_layout_image_mobile&quot;:{&quot;url&quot;:&quot;&quot;,&quot;id&quot;:&quot;&quot;,&quot;size&quot;:&quot;&quot;},&quot;jet_parallax_layout_speed&quot;:{&quot;unit&quot;:&quot;%&quot;,&quot;size&quot;:50,&quot;sizes&quot;:[]},&quot;jet_parallax_layout_type&quot;:&quot;scroll&quot;,&quot;jet_parallax_layout_direction&quot;:null,&quot;jet_parallax_layout_z_index&quot;:&quot;&quot;,&quot;jet_parallax_layout_bg_x&quot;:50,&quot;jet_parallax_layout_bg_y&quot;:50,&quot;jet_parallax_layout_bg_size&quot;:&quot;auto&quot;,&quot;jet_parallax_layout_animation_prop&quot;:&quot;transform&quot;,&quot;jet_parallax_layout_on&quot;:[&quot;desktop&quot;,&quot;tablet&quot;],&quot;jet_parallax_layout_fx_direction&quot;:null,&quot;jet_parallax_layout_bg_x_tablet&quot;:&quot;&quot;,&quot;jet_parallax_layout_bg_x_mobile&quot;:&quot;&quot;,&quot;jet_parallax_layout_bg_y_tablet&quot;:&quot;&quot;,&quot;jet_parallax_layout_bg_y_mobile&quot;:&quot;&quot;,&quot;jet_parallax_layout_bg_size_tablet&quot;:&quot;&quot;,&quot;jet_parallax_layout_bg_size_mobile&quot;:&quot;&quot;}],&quot;background_background&quot;:&quot;classic&quot;}\">\n\t\t\t\t\t\t<div class=\"elementor-container elementor-column-gap-default\">\n\t\t\t\t\t<div class=\"elementor-column elementor-col-33 elementor-top-column elementor-element elementor-element-02b5d9e\" data-id=\"02b5d9e\" data-element_type=\"column\">\n\t\t\t<div class=\"elementor-widget-wrap elementor-element-populated\">\n\t\t\t\t\t\t<div class=\"elementor-element elementor-element-cccce5b elementor-widget elementor-widget-jet-animated-box\" data-id=\"cccce5b\" data-element_type=\"widget\" data-widget_type=\"jet-animated-box.default\">\n\t\t\t\t<div class=\"elementor-widget-container\">\n\t\t\t<div class=\"elementor-jet-animated-box jet-elements\"><div id=\"jet-animated-box-cccce5b\" class=\"jet-animated-box jet-box-effect-1\" data-settings='{\"widgetId\":\"cccce5b\",\"switchEventType\":\"hover\",\"paperFoldDirection\":\"left\",\"slideOutDirection\":\"left\",\"peelCornerPosition\":\"right\"}'>\n\t<div id=\"jet-animated-box__front-cccce5b\" class=\"jet-animated-box__front\">\n\t\t<div class=\"jet-animated-box__inner\"><div class=\"jet-animated-box__content\"><h3 class=\"jet-animated-box__title jet-animated-box__title--front\">TYCROC FXL & FXW<\/h3><\/div><\/div>\n\t\t<div class=\"jet-animated-box__overlay\"><\/div><\/div>\n\t<div id=\"jet-animated-box__back-cccce5b\" class=\"jet-animated-box__back\">\n\t\t<div class=\"jet-animated-box__inner\"><div class=\"jet-animated-box__content\"><a class=\"elementor-button elementor-size-md jet-animated-box__button jet-animated-box__button--back jet-animated-box__button--icon-\" href=\"https:\/\/www.tycroc.com\/fi\/tuotteet\/tycroc-fxl-fxw\/\"><span class=\"jet-animated-box__button-text\">TYCROC FXL & FXW<\/span><\/a>\n\n<\/div><\/div>\n\t\t<div class=\"jet-animated-box__overlay\"><\/div><\/div>\n<\/div>\n<\/div>\t\t<\/div>\n\t\t\t\t<\/div>\n\t\t\t\t<div class=\"elementor-element elementor-element-9e9ffac elementor-fixed-height-250 elementor-widget elementor-widget-text-editor\" data-id=\"9e9ffac\" data-element_type=\"widget\" data-widget_type=\"text-editor.default\">\n\t\t\t\t<div class=\"elementor-widget-container\">\n\t\t\t\t\t\t\t<p>Tycroc FXL ja FXW rakennuslevyn sis\u00e4lt\u00f6 on puristettu polystyreenivaahto <em>(XPS foam)<\/em>.<\/p>\n\t\t\t\t\t\t<\/div>\n\t\t\t\t<\/div>\n\t\t\t\t\t<\/div>\n\t\t<\/div>\n\t\t\t\t<div class=\"elementor-column elementor-col-33 elementor-top-column elementor-element elementor-element-1e99ac6\" data-id=\"1e99ac6\" data-element_type=\"column\">\n\t\t\t<div class=\"elementor-widget-wrap elementor-element-populated\">\n\t\t\t\t\t\t<div class=\"elementor-element elementor-element-f4d5c42 elementor-widget elementor-widget-jet-animated-box\" data-id=\"f4d5c42\" data-element_type=\"widget\" data-widget_type=\"jet-animated-box.default\">\n\t\t\t\t<div class=\"elementor-widget-container\">\n\t\t\t<div class=\"elementor-jet-animated-box jet-elements\"><div id=\"jet-animated-box-f4d5c42\" class=\"jet-animated-box jet-box-effect-1\" data-settings='{\"widgetId\":\"f4d5c42\",\"switchEventType\":\"hover\",\"paperFoldDirection\":\"left\",\"slideOutDirection\":\"left\",\"peelCornerPosition\":\"right\"}'>\n\t<div id=\"jet-animated-box__front-f4d5c42\" class=\"jet-animated-box__front\">\n\t\t<div class=\"jet-animated-box__inner\"><div class=\"jet-animated-box__content\"><h3 class=\"jet-animated-box__title jet-animated-box__title--front\">TYCROC TWP<\/h3><\/div><\/div>\n\t\t<div class=\"jet-animated-box__overlay\"><\/div><\/div>\n\t<div id=\"jet-animated-box__back-f4d5c42\" class=\"jet-animated-box__back\">\n\t\t<div class=\"jet-animated-box__inner\"><div class=\"jet-animated-box__content\"><a class=\"elementor-button elementor-size-md jet-animated-box__button jet-animated-box__button--back jet-animated-box__button--icon-\" href=\"https:\/\/www.tycroc.com\/fi\/tuotteet\/tycroc-twp\/\"><span class=\"jet-animated-box__button-text\">TYCROC TWP<\/span><\/a>\n\n<\/div><\/div>\n\t\t<div class=\"jet-animated-box__overlay\"><\/div><\/div>\n<\/div>\n<\/div>\t\t<\/div>\n\t\t\t\t<\/div>\n\t\t\t\t<div class=\"elementor-element elementor-element-e90cb9a elementor-fixed-height-250 elementor-widget elementor-widget-text-editor\" data-id=\"e90cb9a\" data-element_type=\"widget\" data-widget_type=\"text-editor.default\">\n\t\t\t\t<div class=\"elementor-widget-container\">\n\t\t\t\t\t\t\t<p>Tycroc TWP rakennuslevyn sis\u00e4lt\u00f6 on puristettu polystyreenivaahto <em>(XPS foam)<\/em>.<\/p>\n\t\t\t\t\t\t<\/div>\n\t\t\t\t<\/div>\n\t\t\t\t\t<\/div>\n\t\t<\/div>\n\t\t\t\t<div class=\"elementor-column elementor-col-33 elementor-top-column elementor-element elementor-element-f88f106\" data-id=\"f88f106\" data-element_type=\"column\">\n\t\t\t<div class=\"elementor-widget-wrap elementor-element-populated\">\n\t\t\t\t\t\t<div class=\"elementor-element elementor-element-968b09d elementor-widget elementor-widget-jet-animated-box\" data-id=\"968b09d\" data-element_type=\"widget\" data-widget_type=\"jet-animated-box.default\">\n\t\t\t\t<div class=\"elementor-widget-container\">\n\t\t\t<div class=\"elementor-jet-animated-box jet-elements\"><div id=\"jet-animated-box-968b09d\" class=\"jet-animated-box jet-box-effect-1\" data-settings='{\"widgetId\":\"968b09d\",\"switchEventType\":\"hover\",\"paperFoldDirection\":\"left\",\"slideOutDirection\":\"left\",\"peelCornerPosition\":\"right\"}'>\n\t<div id=\"jet-animated-box__front-968b09d\" class=\"jet-animated-box__front\">\n\t\t<div class=\"jet-animated-box__inner\"><div class=\"jet-animated-box__content\"><h3 class=\"jet-animated-box__title jet-animated-box__title--front\">KIINNITYS- & ERISTYSTARVIKKEET<\/h3><\/div><\/div>\n\t\t<div class=\"jet-animated-box__overlay\"><\/div><\/div>\n\t<div id=\"jet-animated-box__back-968b09d\" class=\"jet-animated-box__back\">\n\t\t<div class=\"jet-animated-box__inner\"><div class=\"jet-animated-box__content\"><a class=\"elementor-button elementor-size-md jet-animated-box__button jet-animated-box__button--back jet-animated-box__button--icon-\" href=\"https:\/\/www.tycroc.com\/fi\/tuotteet\/kiinnitys-eristystarvikkeet\/\"><span class=\"jet-animated-box__button-text\">KIINNITYS- & ERISTYSTARVIKKEET<\/span><\/a>\n\n<\/div><\/div>\n\t\t<div class=\"jet-animated-box__overlay\"><\/div><\/div>\n<\/div>\n<\/div>\t\t<\/div>\n\t\t\t\t<\/div>\n\t\t\t\t<div class=\"elementor-element elementor-element-d211c85 elementor-fixed-height-250 elementor-widget elementor-widget-text-editor\" data-id=\"d211c85\" data-element_type=\"widget\" data-widget_type=\"text-editor.default\">\n\t\t\t\t<div class=\"elementor-widget-container\">\n\t\t\t\t\t\t\t<p>Tuotteiden j\u00e4rjestelm\u00e4llist\u00e4 yhteensopivuutta ovat tarkastaneet ja sille hyv\u00e4ksynn\u00e4n antaneet usean valtion tunnetut ja tunnistetut sertifiointivirastot.<\/p>\n\t\t\t\t\t\t<\/div>\n\t\t\t\t<\/div>\n\t\t\t\t\t<\/div>\n\t\t<\/div>\n\t\t\t\t\t<\/div>\n\t\t<\/section>\n\t\t\t\t<\/div>\n\t\t","protected":false},"excerpt":{"rendered":"<p>TYCROC FXL &amp; FXW TYCROC FXL &amp; FXW Tycroc FXL ja FXW rakennuslevyn sis\u00e4lt\u00f6 on puristettu polystyreenivaahto (XPS foam). TYCROC TWP TYCROC TWP Tycroc TWP rakennuslevyn sis\u00e4lt\u00f6 on puristettu polystyreenivaahto (XPS foam). KIINNITYS- &amp; ERISTYSTARVIKKEET KIINNITYS- &amp; ERISTYSTARVIKKEET Tuotteiden j\u00e4rjestelm\u00e4llist\u00e4 yhteensopivuutta ovat tarkastaneet ja sille hyv\u00e4ksynn\u00e4n antaneet usean valtion tunnetut ja tunnistetut sertifiointivirastot.<\/p>\n","protected":false},"author":3,"featured_media":0,"parent":15479,"menu_order":0,"comment_status":"closed","ping_status":"closed","template":"","meta":{"_acf_changed":false,"content-type":"","footnotes":""},"class_list":["post-15552","page","type-page","status-publish","hentry"],"acf":[],"yoast_head":"<!-- This site is optimized with the Yoast SEO plugin v23.2 - https:\/\/yoast.com\/wordpress\/plugins\/seo\/ -->\n<title>H\u00f6yrysauna - TYCROC<\/title>\n<meta name=\"description\" content=\"Tycroc TWP, FXL &amp; FXW vedenpit\u00e4v\u00e4t rakennuslevyt ja tarvikkeet h\u00f6yrysaunojen ja muiden m\u00e4rk\u00e4tilojen rakentamiseen.\" \/>\n<meta name=\"robots\" content=\"index, follow, max-snippet:-1, max-image-preview:large, max-video-preview:-1\" \/>\n<link rel=\"canonical\" href=\"https:\/\/www.tycroc.com\/fi\/ratkaisut\/hoyrysauna\/\" \/>\n<meta property=\"og:locale\" content=\"fi_FI\" \/>\n<meta property=\"og:type\" content=\"article\" \/>\n<meta property=\"og:title\" content=\"H\u00f6yrysauna - TYCROC\" \/>\n<meta property=\"og:description\" content=\"Tycroc TWP, FXL &amp; FXW vedenpit\u00e4v\u00e4t rakennuslevyt ja tarvikkeet h\u00f6yrysaunojen ja muiden m\u00e4rk\u00e4tilojen rakentamiseen.\" \/>\n<meta property=\"og:url\" content=\"https:\/\/www.tycroc.com\/fi\/ratkaisut\/hoyrysauna\/\" \/>\n<meta property=\"og:site_name\" content=\"TYCROC\" \/>\n<meta property=\"article:modified_time\" content=\"2020-08-06T17:02:18+00:00\" \/>\n<meta name=\"twitter:card\" content=\"summary_large_image\" \/>\n<script type=\"application\/ld+json\" class=\"yoast-schema-graph\">{\"@context\":\"https:\/\/schema.org\",\"@graph\":[{\"@type\":\"WebPage\",\"@id\":\"https:\/\/www.tycroc.com\/fi\/ratkaisut\/hoyrysauna\/\",\"url\":\"https:\/\/www.tycroc.com\/fi\/ratkaisut\/hoyrysauna\/\",\"name\":\"H\u00f6yrysauna - TYCROC\",\"isPartOf\":{\"@id\":\"https:\/\/www.tycroc.com\/fi\/#website\"},\"datePublished\":\"2020-07-29T06:37:38+00:00\",\"dateModified\":\"2020-08-06T17:02:18+00:00\",\"description\":\"Tycroc TWP, FXL & FXW vedenpit\u00e4v\u00e4t rakennuslevyt ja tarvikkeet h\u00f6yrysaunojen ja muiden m\u00e4rk\u00e4tilojen rakentamiseen.\",\"breadcrumb\":{\"@id\":\"https:\/\/www.tycroc.com\/fi\/ratkaisut\/hoyrysauna\/#breadcrumb\"},\"inLanguage\":\"fi\",\"potentialAction\":[{\"@type\":\"ReadAction\",\"target\":[\"https:\/\/www.tycroc.com\/fi\/ratkaisut\/hoyrysauna\/\"]}]},{\"@type\":\"BreadcrumbList\",\"@id\":\"https:\/\/www.tycroc.com\/fi\/ratkaisut\/hoyrysauna\/#breadcrumb\",\"itemListElement\":[{\"@type\":\"ListItem\",\"position\":1,\"name\":\"Home\",\"item\":\"https:\/\/www.tycroc.com\/fi\/\"},{\"@type\":\"ListItem\",\"position\":2,\"name\":\"Ratkaisut\",\"item\":\"https:\/\/www.tycroc.com\/fi\/applications\/\"},{\"@type\":\"ListItem\",\"position\":3,\"name\":\"H\u00f6yrysauna\"}]},{\"@type\":\"WebSite\",\"@id\":\"https:\/\/www.tycroc.com\/fi\/#website\",\"url\":\"https:\/\/www.tycroc.com\/fi\/\",\"name\":\"TYCROC\",\"description\":\"\",\"publisher\":{\"@id\":\"https:\/\/www.tycroc.com\/fi\/#organization\"},\"potentialAction\":[{\"@type\":\"SearchAction\",\"target\":{\"@type\":\"EntryPoint\",\"urlTemplate\":\"https:\/\/www.tycroc.com\/fi\/?s={search_term_string}\"},\"query-input\":\"required name=search_term_string\"}],\"inLanguage\":\"fi\"},{\"@type\":\"Organization\",\"@id\":\"https:\/\/www.tycroc.com\/fi\/#organization\",\"name\":\"TYCROC\",\"url\":\"https:\/\/www.tycroc.com\/fi\/\",\"logo\":{\"@type\":\"ImageObject\",\"inLanguage\":\"fi\",\"@id\":\"https:\/\/www.tycroc.com\/fi\/#\/schema\/logo\/image\/\",\"url\":\"https:\/\/www.tycroc.com\/wp-content\/uploads\/2020\/03\/cropped-tycroc-logo.png\",\"contentUrl\":\"https:\/\/www.tycroc.com\/wp-content\/uploads\/2020\/03\/cropped-tycroc-logo.png\",\"width\":205,\"height\":59,\"caption\":\"TYCROC\"},\"image\":{\"@id\":\"https:\/\/www.tycroc.com\/fi\/#\/schema\/logo\/image\/\"}}]}<\/script>\n<!-- \/ Yoast SEO plugin. -->","yoast_head_json":{"title":"H\u00f6yrysauna - TYCROC","description":"Tycroc TWP, FXL & FXW vedenpit\u00e4v\u00e4t rakennuslevyt ja tarvikkeet h\u00f6yrysaunojen ja muiden m\u00e4rk\u00e4tilojen rakentamiseen.","robots":{"index":"index","follow":"follow","max-snippet":"max-snippet:-1","max-image-preview":"max-image-preview:large","max-video-preview":"max-video-preview:-1"},"canonical":"https:\/\/www.tycroc.com\/fi\/ratkaisut\/hoyrysauna\/","og_locale":"fi_FI","og_type":"article","og_title":"H\u00f6yrysauna - TYCROC","og_description":"Tycroc TWP, FXL & FXW vedenpit\u00e4v\u00e4t rakennuslevyt ja tarvikkeet h\u00f6yrysaunojen ja muiden m\u00e4rk\u00e4tilojen rakentamiseen.","og_url":"https:\/\/www.tycroc.com\/fi\/ratkaisut\/hoyrysauna\/","og_site_name":"TYCROC","article_modified_time":"2020-08-06T17:02:18+00:00","twitter_card":"summary_large_image","schema":{"@context":"https:\/\/schema.org","@graph":[{"@type":"WebPage","@id":"https:\/\/www.tycroc.com\/fi\/ratkaisut\/hoyrysauna\/","url":"https:\/\/www.tycroc.com\/fi\/ratkaisut\/hoyrysauna\/","name":"H\u00f6yrysauna - TYCROC","isPartOf":{"@id":"https:\/\/www.tycroc.com\/fi\/#website"},"datePublished":"2020-07-29T06:37:38+00:00","dateModified":"2020-08-06T17:02:18+00:00","description":"Tycroc TWP, FXL & FXW vedenpit\u00e4v\u00e4t rakennuslevyt ja tarvikkeet h\u00f6yrysaunojen ja muiden m\u00e4rk\u00e4tilojen rakentamiseen.","breadcrumb":{"@id":"https:\/\/www.tycroc.com\/fi\/ratkaisut\/hoyrysauna\/#breadcrumb"},"inLanguage":"fi","potentialAction":[{"@type":"ReadAction","target":["https:\/\/www.tycroc.com\/fi\/ratkaisut\/hoyrysauna\/"]}]},{"@type":"BreadcrumbList","@id":"https:\/\/www.tycroc.com\/fi\/ratkaisut\/hoyrysauna\/#breadcrumb","itemListElement":[{"@type":"ListItem","position":1,"name":"Home","item":"https:\/\/www.tycroc.com\/fi\/"},{"@type":"ListItem","position":2,"name":"Ratkaisut","item":"https:\/\/www.tycroc.com\/fi\/applications\/"},{"@type":"ListItem","position":3,"name":"H\u00f6yrysauna"}]},{"@type":"WebSite","@id":"https:\/\/www.tycroc.com\/fi\/#website","url":"https:\/\/www.tycroc.com\/fi\/","name":"TYCROC","description":"","publisher":{"@id":"https:\/\/www.tycroc.com\/fi\/#organization"},"potentialAction":[{"@type":"SearchAction","target":{"@type":"EntryPoint","urlTemplate":"https:\/\/www.tycroc.com\/fi\/?s={search_term_string}"},"query-input":"required name=search_term_string"}],"inLanguage":"fi"},{"@type":"Organization","@id":"https:\/\/www.tycroc.com\/fi\/#organization","name":"TYCROC","url":"https:\/\/www.tycroc.com\/fi\/","logo":{"@type":"ImageObject","inLanguage":"fi","@id":"https:\/\/www.tycroc.com\/fi\/#\/schema\/logo\/image\/","url":"https:\/\/www.tycroc.com\/wp-content\/uploads\/2020\/03\/cropped-tycroc-logo.png","contentUrl":"https:\/\/www.tycroc.com\/wp-content\/uploads\/2020\/03\/cropped-tycroc-logo.png","width":205,"height":59,"caption":"TYCROC"},"image":{"@id":"https:\/\/www.tycroc.com\/fi\/#\/schema\/logo\/image\/"}}]}},"_links":{"self":[{"href":"https:\/\/www.tycroc.com\/fi\/wp-json\/wp\/v2\/pages\/15552"}],"collection":[{"href":"https:\/\/www.tycroc.com\/fi\/wp-json\/wp\/v2\/pages"}],"about":[{"href":"https:\/\/www.tycroc.com\/fi\/wp-json\/wp\/v2\/types\/page"}],"author":[{"embeddable":true,"href":"https:\/\/www.tycroc.com\/fi\/wp-json\/wp\/v2\/users\/3"}],"replies":[{"embeddable":true,"href":"https:\/\/www.tycroc.com\/fi\/wp-json\/wp\/v2\/comments?post=15552"}],"version-history":[{"count":2,"href":"https:\/\/www.tycroc.com\/fi\/wp-json\/wp\/v2\/pages\/15552\/revisions"}],"predecessor-version":[{"id":16459,"href":"https:\/\/www.tycroc.com\/fi\/wp-json\/wp\/v2\/pages\/15552\/revisions\/16459"}],"up":[{"embeddable":true,"href":"https:\/\/www.tycroc.com\/fi\/wp-json\/wp\/v2\/pages\/15479"}],"wp:attachment":[{"href":"https:\/\/www.tycroc.com\/fi\/wp-json\/wp\/v2\/media?parent=15552"}],"curies":[{"name":"wp","href":"https:\/\/api.w.org\/{rel}","templated":true}]}}