{"id":15550,"date":"2020-07-29T06:36:55","date_gmt":"2020-07-29T06:36:55","guid":{"rendered":"https:\/\/www.tycroc.com\/ratkaisut\/suihkunurka\/"},"modified":"2020-08-06T20:05:19","modified_gmt":"2020-08-06T17:05:19","slug":"suihkunurkka","status":"publish","type":"page","link":"https:\/\/www.tycroc.com\/fi\/ratkaisut\/suihkunurkka\/","title":{"rendered":"Suihkunurkka"},"content":{"rendered":"\t\t<div data-elementor-type=\"wp-page\" data-elementor-id=\"15550\" class=\"elementor elementor-15550 elementor-7920\">\n\t\t\t\t\t\t<section class=\"elementor-section elementor-top-section elementor-element elementor-element-85fcf07 elementor-section-boxed elementor-section-height-default elementor-section-height-default\" data-id=\"85fcf07\" data-element_type=\"section\" data-settings=\"{&quot;jet_parallax_layout_list&quot;:[{&quot;jet_parallax_layout_image&quot;:{&quot;url&quot;:&quot;&quot;,&quot;id&quot;:&quot;&quot;,&quot;size&quot;:&quot;&quot;},&quot;_id&quot;:&quot;4ffae5d&quot;,&quot;jet_parallax_layout_image_tablet&quot;:{&quot;url&quot;:&quot;&quot;,&quot;id&quot;:&quot;&quot;,&quot;size&quot;:&quot;&quot;},&quot;jet_parallax_layout_image_mobile&quot;:{&quot;url&quot;:&quot;&quot;,&quot;id&quot;:&quot;&quot;,&quot;size&quot;:&quot;&quot;},&quot;jet_parallax_layout_speed&quot;:{&quot;unit&quot;:&quot;%&quot;,&quot;size&quot;:50,&quot;sizes&quot;:[]},&quot;jet_parallax_layout_type&quot;:&quot;scroll&quot;,&quot;jet_parallax_layout_direction&quot;:null,&quot;jet_parallax_layout_fx_direction&quot;:null,&quot;jet_parallax_layout_z_index&quot;:&quot;&quot;,&quot;jet_parallax_layout_bg_x&quot;:50,&quot;jet_parallax_layout_bg_y&quot;:50,&quot;jet_parallax_layout_bg_size&quot;:&quot;auto&quot;,&quot;jet_parallax_layout_animation_prop&quot;:&quot;transform&quot;,&quot;jet_parallax_layout_on&quot;:[&quot;desktop&quot;,&quot;tablet&quot;],&quot;jet_parallax_layout_bg_x_tablet&quot;:&quot;&quot;,&quot;jet_parallax_layout_bg_x_mobile&quot;:&quot;&quot;,&quot;jet_parallax_layout_bg_y_tablet&quot;:&quot;&quot;,&quot;jet_parallax_layout_bg_y_mobile&quot;:&quot;&quot;,&quot;jet_parallax_layout_bg_size_tablet&quot;:&quot;&quot;,&quot;jet_parallax_layout_bg_size_mobile&quot;:&quot;&quot;}]}\">\n\t\t\t\t\t\t<div class=\"elementor-container elementor-column-gap-default\">\n\t\t\t\t\t<div class=\"elementor-column elementor-col-100 elementor-top-column elementor-element elementor-element-06c5cef\" data-id=\"06c5cef\" data-element_type=\"column\">\n\t\t\t<div class=\"elementor-widget-wrap elementor-element-populated\">\n\t\t\t\t\t\t<section class=\"elementor-section elementor-inner-section elementor-element elementor-element-91fe2c1 elementor-section-boxed elementor-section-height-default elementor-section-height-default\" data-id=\"91fe2c1\" data-element_type=\"section\" data-settings=\"{&quot;jet_parallax_layout_list&quot;:[{&quot;jet_parallax_layout_image&quot;:{&quot;url&quot;:&quot;&quot;,&quot;id&quot;:&quot;&quot;,&quot;size&quot;:&quot;&quot;},&quot;_id&quot;:&quot;e651511&quot;,&quot;jet_parallax_layout_image_tablet&quot;:{&quot;url&quot;:&quot;&quot;,&quot;id&quot;:&quot;&quot;,&quot;size&quot;:&quot;&quot;},&quot;jet_parallax_layout_image_mobile&quot;:{&quot;url&quot;:&quot;&quot;,&quot;id&quot;:&quot;&quot;,&quot;size&quot;:&quot;&quot;},&quot;jet_parallax_layout_speed&quot;:{&quot;unit&quot;:&quot;%&quot;,&quot;size&quot;:50,&quot;sizes&quot;:[]},&quot;jet_parallax_layout_type&quot;:&quot;scroll&quot;,&quot;jet_parallax_layout_direction&quot;:null,&quot;jet_parallax_layout_fx_direction&quot;:null,&quot;jet_parallax_layout_z_index&quot;:&quot;&quot;,&quot;jet_parallax_layout_bg_x&quot;:50,&quot;jet_parallax_layout_bg_y&quot;:50,&quot;jet_parallax_layout_bg_size&quot;:&quot;auto&quot;,&quot;jet_parallax_layout_animation_prop&quot;:&quot;transform&quot;,&quot;jet_parallax_layout_on&quot;:[&quot;desktop&quot;,&quot;tablet&quot;],&quot;jet_parallax_layout_bg_x_tablet&quot;:&quot;&quot;,&quot;jet_parallax_layout_bg_x_mobile&quot;:&quot;&quot;,&quot;jet_parallax_layout_bg_y_tablet&quot;:&quot;&quot;,&quot;jet_parallax_layout_bg_y_mobile&quot;:&quot;&quot;,&quot;jet_parallax_layout_bg_size_tablet&quot;:&quot;&quot;,&quot;jet_parallax_layout_bg_size_mobile&quot;:&quot;&quot;}]}\">\n\t\t\t\t\t\t<div class=\"elementor-container elementor-column-gap-default\">\n\t\t\t\t\t<div class=\"elementor-column elementor-col-50 elementor-inner-column elementor-element elementor-element-39bda71\" data-id=\"39bda71\" data-element_type=\"column\">\n\t\t\t<div class=\"elementor-widget-wrap elementor-element-populated\">\n\t\t\t\t\t\t<div class=\"elementor-element elementor-element-ed7269f elementor-widget elementor-widget-jet-animated-box\" data-id=\"ed7269f\" data-element_type=\"widget\" data-widget_type=\"jet-animated-box.default\">\n\t\t\t\t<div class=\"elementor-widget-container\">\n\t\t\t<div class=\"elementor-jet-animated-box jet-elements\"><div id=\"jet-animated-box-ed7269f\" class=\"jet-animated-box jet-box-effect-1\" data-settings='{\"widgetId\":\"ed7269f\",\"switchEventType\":\"hover\",\"paperFoldDirection\":\"left\",\"slideOutDirection\":\"left\",\"peelCornerPosition\":\"right\"}'>\n\t<div id=\"jet-animated-box__front-ed7269f\" class=\"jet-animated-box__front\">\n\t\t<div class=\"jet-animated-box__inner\"><div class=\"jet-animated-box__content\"><h3 class=\"jet-animated-box__title jet-animated-box__title--front\">SUIHKUALTAAT<\/h3><\/div><\/div>\n\t\t<div class=\"jet-animated-box__overlay\"><\/div><\/div>\n\t<div id=\"jet-animated-box__back-ed7269f\" class=\"jet-animated-box__back\">\n\t\t<div class=\"jet-animated-box__inner\"><div class=\"jet-animated-box__content\"><a class=\"elementor-button elementor-size-md jet-animated-box__button jet-animated-box__button--back jet-animated-box__button--icon-\" href=\"https:\/\/www.tycroc.com\/fi\/tuotteet\/suihkualtaat-ja-lattiakaivot\/\"><span class=\"jet-animated-box__button-text\">SUIHKUALTAAT<\/span><\/a>\n\n<\/div><\/div>\n\t\t<div class=\"jet-animated-box__overlay\"><\/div><\/div>\n<\/div>\n<\/div>\t\t<\/div>\n\t\t\t\t<\/div>\n\t\t\t\t<div class=\"elementor-element elementor-element-3797295 elementor-fixed-height-250 elementor-widget elementor-widget-text-editor\" data-id=\"3797295\" data-element_type=\"widget\" data-widget_type=\"text-editor.default\">\n\t\t\t\t<div class=\"elementor-widget-container\">\n\t\t\t\t\t\t\t<p>Ratkaisu on hydrofoobinen kuten Tycroc TWP\u00a0rakennuslevykin ja sit\u00e4 ei tarvitse kattaa jollakin toisella vedeneristeell\u00e4.<\/p>\n\t\t\t\t\t\t<\/div>\n\t\t\t\t<\/div>\n\t\t\t\t\t<\/div>\n\t\t<\/div>\n\t\t\t\t<div class=\"elementor-column elementor-col-50 elementor-inner-column elementor-element elementor-element-eb4385b\" data-id=\"eb4385b\" data-element_type=\"column\">\n\t\t\t<div class=\"elementor-widget-wrap elementor-element-populated\">\n\t\t\t\t\t\t<div class=\"elementor-element elementor-element-30b134e elementor-widget elementor-widget-jet-animated-box\" data-id=\"30b134e\" data-element_type=\"widget\" data-widget_type=\"jet-animated-box.default\">\n\t\t\t\t<div class=\"elementor-widget-container\">\n\t\t\t<div class=\"elementor-jet-animated-box jet-elements\"><div id=\"jet-animated-box-30b134e\" class=\"jet-animated-box jet-box-effect-1\" data-settings='{\"widgetId\":\"30b134e\",\"switchEventType\":\"hover\",\"paperFoldDirection\":\"left\",\"slideOutDirection\":\"left\",\"peelCornerPosition\":\"right\"}'>\n\t<div id=\"jet-animated-box__front-30b134e\" class=\"jet-animated-box__front\">\n\t\t<div class=\"jet-animated-box__inner\"><div class=\"jet-animated-box__content\"><h3 class=\"jet-animated-box__title jet-animated-box__title--front\">KIINNITYS- & ERISTYSTARVIKKEET<\/h3><\/div><\/div>\n\t\t<div class=\"jet-animated-box__overlay\"><\/div><\/div>\n\t<div id=\"jet-animated-box__back-30b134e\" class=\"jet-animated-box__back\">\n\t\t<div class=\"jet-animated-box__inner\"><div class=\"jet-animated-box__content\"><a class=\"elementor-button elementor-size-md jet-animated-box__button jet-animated-box__button--back jet-animated-box__button--icon-\" href=\"https:\/\/www.tycroc.com\/fi\/tuotteet\/kiinnitys-eristystarvikkeet\/\"><span class=\"jet-animated-box__button-text\">KIINNITYS- & ERISTYSTARVIKKEET<\/span><\/a>\n\n<\/div><\/div>\n\t\t<div class=\"jet-animated-box__overlay\"><\/div><\/div>\n<\/div>\n<\/div>\t\t<\/div>\n\t\t\t\t<\/div>\n\t\t\t\t<div class=\"elementor-element elementor-element-742e402 elementor-fixed-height-250 elementor-widget elementor-widget-text-editor\" data-id=\"742e402\" data-element_type=\"widget\" data-widget_type=\"text-editor.default\">\n\t\t\t\t<div class=\"elementor-widget-container\">\n\t\t\t\t\t\t\t<p>Tuotteiden j\u00e4rjestelm\u00e4llist\u00e4 yhteensopivuutta ovat tarkastaneet ja sille hyv\u00e4ksynn\u00e4n antaneet usean valtion tunnetut ja tunnistetut sertifiointivirastot.<\/p>\n\t\t\t\t\t\t<\/div>\n\t\t\t\t<\/div>\n\t\t\t\t\t<\/div>\n\t\t<\/div>\n\t\t\t\t\t<\/div>\n\t\t<\/section>\n\t\t\t\t\t<\/div>\n\t\t<\/div>\n\t\t\t\t\t<\/div>\n\t\t<\/section>\n\t\t\t\t<\/div>\n\t\t","protected":false},"excerpt":{"rendered":"<p>SUIHKUALTAAT SUIHKUALTAAT Ratkaisu on hydrofoobinen kuten Tycroc TWP&nbsp;rakennuslevykin ja sit\u00e4 ei tarvitse kattaa jollakin toisella vedeneristeell\u00e4. KIINNITYS- &amp; ERISTYSTARVIKKEET KIINNITYS- &amp; ERISTYSTARVIKKEET Tuotteiden j\u00e4rjestelm\u00e4llist\u00e4 yhteensopivuutta ovat tarkastaneet ja sille hyv\u00e4ksynn\u00e4n antaneet usean valtion tunnetut ja tunnistetut sertifiointivirastot.<\/p>\n","protected":false},"author":3,"featured_media":0,"parent":15479,"menu_order":0,"comment_status":"closed","ping_status":"closed","template":"","meta":{"_acf_changed":false,"content-type":"","footnotes":""},"class_list":["post-15550","page","type-page","status-publish","hentry"],"acf":[],"yoast_head":"<!-- This site is optimized with the Yoast SEO plugin v23.2 - https:\/\/yoast.com\/wordpress\/plugins\/seo\/ -->\n<title>Suihkunurkka - TYCROC<\/title>\n<meta name=\"description\" content=\"Vedenpit\u00e4v\u00e4 ja viimeistelyyn tehty Tycroc-suihkuallasarja ja tarvikkeet.\" \/>\n<meta name=\"robots\" content=\"index, follow, max-snippet:-1, max-image-preview:large, max-video-preview:-1\" \/>\n<link rel=\"canonical\" href=\"https:\/\/www.tycroc.com\/fi\/ratkaisut\/suihkunurkka\/\" \/>\n<meta property=\"og:locale\" content=\"fi_FI\" \/>\n<meta property=\"og:type\" content=\"article\" \/>\n<meta property=\"og:title\" content=\"Suihkunurkka - TYCROC\" \/>\n<meta property=\"og:description\" content=\"Vedenpit\u00e4v\u00e4 ja viimeistelyyn tehty Tycroc-suihkuallasarja ja tarvikkeet.\" \/>\n<meta property=\"og:url\" content=\"https:\/\/www.tycroc.com\/fi\/ratkaisut\/suihkunurkka\/\" \/>\n<meta property=\"og:site_name\" content=\"TYCROC\" \/>\n<meta property=\"article:modified_time\" content=\"2020-08-06T17:05:19+00:00\" \/>\n<meta name=\"twitter:card\" content=\"summary_large_image\" \/>\n<script type=\"application\/ld+json\" class=\"yoast-schema-graph\">{\"@context\":\"https:\/\/schema.org\",\"@graph\":[{\"@type\":\"WebPage\",\"@id\":\"https:\/\/www.tycroc.com\/fi\/ratkaisut\/suihkunurkka\/\",\"url\":\"https:\/\/www.tycroc.com\/fi\/ratkaisut\/suihkunurkka\/\",\"name\":\"Suihkunurkka - TYCROC\",\"isPartOf\":{\"@id\":\"https:\/\/www.tycroc.com\/fi\/#website\"},\"datePublished\":\"2020-07-29T06:36:55+00:00\",\"dateModified\":\"2020-08-06T17:05:19+00:00\",\"description\":\"Vedenpit\u00e4v\u00e4 ja viimeistelyyn tehty Tycroc-suihkuallasarja ja tarvikkeet.\",\"breadcrumb\":{\"@id\":\"https:\/\/www.tycroc.com\/fi\/ratkaisut\/suihkunurkka\/#breadcrumb\"},\"inLanguage\":\"fi\",\"potentialAction\":[{\"@type\":\"ReadAction\",\"target\":[\"https:\/\/www.tycroc.com\/fi\/ratkaisut\/suihkunurkka\/\"]}]},{\"@type\":\"BreadcrumbList\",\"@id\":\"https:\/\/www.tycroc.com\/fi\/ratkaisut\/suihkunurkka\/#breadcrumb\",\"itemListElement\":[{\"@type\":\"ListItem\",\"position\":1,\"name\":\"Home\",\"item\":\"https:\/\/www.tycroc.com\/fi\/\"},{\"@type\":\"ListItem\",\"position\":2,\"name\":\"Ratkaisut\",\"item\":\"https:\/\/www.tycroc.com\/fi\/applications\/\"},{\"@type\":\"ListItem\",\"position\":3,\"name\":\"Suihkunurkka\"}]},{\"@type\":\"WebSite\",\"@id\":\"https:\/\/www.tycroc.com\/fi\/#website\",\"url\":\"https:\/\/www.tycroc.com\/fi\/\",\"name\":\"TYCROC\",\"description\":\"\",\"publisher\":{\"@id\":\"https:\/\/www.tycroc.com\/fi\/#organization\"},\"potentialAction\":[{\"@type\":\"SearchAction\",\"target\":{\"@type\":\"EntryPoint\",\"urlTemplate\":\"https:\/\/www.tycroc.com\/fi\/?s={search_term_string}\"},\"query-input\":\"required name=search_term_string\"}],\"inLanguage\":\"fi\"},{\"@type\":\"Organization\",\"@id\":\"https:\/\/www.tycroc.com\/fi\/#organization\",\"name\":\"TYCROC\",\"url\":\"https:\/\/www.tycroc.com\/fi\/\",\"logo\":{\"@type\":\"ImageObject\",\"inLanguage\":\"fi\",\"@id\":\"https:\/\/www.tycroc.com\/fi\/#\/schema\/logo\/image\/\",\"url\":\"https:\/\/www.tycroc.com\/wp-content\/uploads\/2020\/03\/cropped-tycroc-logo.png\",\"contentUrl\":\"https:\/\/www.tycroc.com\/wp-content\/uploads\/2020\/03\/cropped-tycroc-logo.png\",\"width\":205,\"height\":59,\"caption\":\"TYCROC\"},\"image\":{\"@id\":\"https:\/\/www.tycroc.com\/fi\/#\/schema\/logo\/image\/\"}}]}<\/script>\n<!-- \/ Yoast SEO plugin. -->","yoast_head_json":{"title":"Suihkunurkka - TYCROC","description":"Vedenpit\u00e4v\u00e4 ja viimeistelyyn tehty Tycroc-suihkuallasarja ja tarvikkeet.","robots":{"index":"index","follow":"follow","max-snippet":"max-snippet:-1","max-image-preview":"max-image-preview:large","max-video-preview":"max-video-preview:-1"},"canonical":"https:\/\/www.tycroc.com\/fi\/ratkaisut\/suihkunurkka\/","og_locale":"fi_FI","og_type":"article","og_title":"Suihkunurkka - TYCROC","og_description":"Vedenpit\u00e4v\u00e4 ja viimeistelyyn tehty Tycroc-suihkuallasarja ja tarvikkeet.","og_url":"https:\/\/www.tycroc.com\/fi\/ratkaisut\/suihkunurkka\/","og_site_name":"TYCROC","article_modified_time":"2020-08-06T17:05:19+00:00","twitter_card":"summary_large_image","schema":{"@context":"https:\/\/schema.org","@graph":[{"@type":"WebPage","@id":"https:\/\/www.tycroc.com\/fi\/ratkaisut\/suihkunurkka\/","url":"https:\/\/www.tycroc.com\/fi\/ratkaisut\/suihkunurkka\/","name":"Suihkunurkka - TYCROC","isPartOf":{"@id":"https:\/\/www.tycroc.com\/fi\/#website"},"datePublished":"2020-07-29T06:36:55+00:00","dateModified":"2020-08-06T17:05:19+00:00","description":"Vedenpit\u00e4v\u00e4 ja viimeistelyyn tehty Tycroc-suihkuallasarja ja tarvikkeet.","breadcrumb":{"@id":"https:\/\/www.tycroc.com\/fi\/ratkaisut\/suihkunurkka\/#breadcrumb"},"inLanguage":"fi","potentialAction":[{"@type":"ReadAction","target":["https:\/\/www.tycroc.com\/fi\/ratkaisut\/suihkunurkka\/"]}]},{"@type":"BreadcrumbList","@id":"https:\/\/www.tycroc.com\/fi\/ratkaisut\/suihkunurkka\/#breadcrumb","itemListElement":[{"@type":"ListItem","position":1,"name":"Home","item":"https:\/\/www.tycroc.com\/fi\/"},{"@type":"ListItem","position":2,"name":"Ratkaisut","item":"https:\/\/www.tycroc.com\/fi\/applications\/"},{"@type":"ListItem","position":3,"name":"Suihkunurkka"}]},{"@type":"WebSite","@id":"https:\/\/www.tycroc.com\/fi\/#website","url":"https:\/\/www.tycroc.com\/fi\/","name":"TYCROC","description":"","publisher":{"@id":"https:\/\/www.tycroc.com\/fi\/#organization"},"potentialAction":[{"@type":"SearchAction","target":{"@type":"EntryPoint","urlTemplate":"https:\/\/www.tycroc.com\/fi\/?s={search_term_string}"},"query-input":"required name=search_term_string"}],"inLanguage":"fi"},{"@type":"Organization","@id":"https:\/\/www.tycroc.com\/fi\/#organization","name":"TYCROC","url":"https:\/\/www.tycroc.com\/fi\/","logo":{"@type":"ImageObject","inLanguage":"fi","@id":"https:\/\/www.tycroc.com\/fi\/#\/schema\/logo\/image\/","url":"https:\/\/www.tycroc.com\/wp-content\/uploads\/2020\/03\/cropped-tycroc-logo.png","contentUrl":"https:\/\/www.tycroc.com\/wp-content\/uploads\/2020\/03\/cropped-tycroc-logo.png","width":205,"height":59,"caption":"TYCROC"},"image":{"@id":"https:\/\/www.tycroc.com\/fi\/#\/schema\/logo\/image\/"}}]}},"_links":{"self":[{"href":"https:\/\/www.tycroc.com\/fi\/wp-json\/wp\/v2\/pages\/15550"}],"collection":[{"href":"https:\/\/www.tycroc.com\/fi\/wp-json\/wp\/v2\/pages"}],"about":[{"href":"https:\/\/www.tycroc.com\/fi\/wp-json\/wp\/v2\/types\/page"}],"author":[{"embeddable":true,"href":"https:\/\/www.tycroc.com\/fi\/wp-json\/wp\/v2\/users\/3"}],"replies":[{"embeddable":true,"href":"https:\/\/www.tycroc.com\/fi\/wp-json\/wp\/v2\/comments?post=15550"}],"version-history":[{"count":2,"href":"https:\/\/www.tycroc.com\/fi\/wp-json\/wp\/v2\/pages\/15550\/revisions"}],"predecessor-version":[{"id":16460,"href":"https:\/\/www.tycroc.com\/fi\/wp-json\/wp\/v2\/pages\/15550\/revisions\/16460"}],"up":[{"embeddable":true,"href":"https:\/\/www.tycroc.com\/fi\/wp-json\/wp\/v2\/pages\/15479"}],"wp:attachment":[{"href":"https:\/\/www.tycroc.com\/fi\/wp-json\/wp\/v2\/media?parent=15550"}],"curies":[{"name":"wp","href":"https:\/\/api.w.org\/{rel}","templated":true}]}}