{"id":15544,"date":"2020-07-29T06:35:13","date_gmt":"2020-07-29T06:35:13","guid":{"rendered":"https:\/\/www.tycroc.com\/ratkaisut\/kylpyhuoneen-seina-lattia-ja-katto\/"},"modified":"2020-08-06T20:06:23","modified_gmt":"2020-08-06T17:06:23","slug":"kylpyhuoneen-seina-lattia-ja-katto","status":"publish","type":"page","link":"https:\/\/www.tycroc.com\/fi\/ratkaisut\/kylpyhuoneen-seina-lattia-ja-katto\/","title":{"rendered":"Kylpyhuoneen sein\u00e4, lattia ja katto"},"content":{"rendered":"\t\t<div data-elementor-type=\"wp-page\" data-elementor-id=\"15544\" class=\"elementor elementor-15544 elementor-7918\">\n\t\t\t\t\t\t<section class=\"elementor-section elementor-top-section elementor-element elementor-element-938c25f elementor-section-boxed elementor-section-height-default elementor-section-height-default\" data-id=\"938c25f\" data-element_type=\"section\" data-settings=\"{&quot;jet_parallax_layout_list&quot;:[{&quot;jet_parallax_layout_image&quot;:{&quot;url&quot;:&quot;&quot;,&quot;id&quot;:&quot;&quot;,&quot;size&quot;:&quot;&quot;},&quot;_id&quot;:&quot;71617ee&quot;,&quot;jet_parallax_layout_image_tablet&quot;:{&quot;url&quot;:&quot;&quot;,&quot;id&quot;:&quot;&quot;,&quot;size&quot;:&quot;&quot;},&quot;jet_parallax_layout_image_mobile&quot;:{&quot;url&quot;:&quot;&quot;,&quot;id&quot;:&quot;&quot;,&quot;size&quot;:&quot;&quot;},&quot;jet_parallax_layout_speed&quot;:{&quot;unit&quot;:&quot;%&quot;,&quot;size&quot;:50,&quot;sizes&quot;:[]},&quot;jet_parallax_layout_type&quot;:&quot;scroll&quot;,&quot;jet_parallax_layout_direction&quot;:null,&quot;jet_parallax_layout_fx_direction&quot;:null,&quot;jet_parallax_layout_z_index&quot;:&quot;&quot;,&quot;jet_parallax_layout_bg_x&quot;:50,&quot;jet_parallax_layout_bg_y&quot;:50,&quot;jet_parallax_layout_bg_size&quot;:&quot;auto&quot;,&quot;jet_parallax_layout_animation_prop&quot;:&quot;transform&quot;,&quot;jet_parallax_layout_on&quot;:[&quot;desktop&quot;,&quot;tablet&quot;],&quot;jet_parallax_layout_bg_x_tablet&quot;:&quot;&quot;,&quot;jet_parallax_layout_bg_x_mobile&quot;:&quot;&quot;,&quot;jet_parallax_layout_bg_y_tablet&quot;:&quot;&quot;,&quot;jet_parallax_layout_bg_y_mobile&quot;:&quot;&quot;,&quot;jet_parallax_layout_bg_size_tablet&quot;:&quot;&quot;,&quot;jet_parallax_layout_bg_size_mobile&quot;:&quot;&quot;}]}\">\n\t\t\t\t\t\t<div class=\"elementor-container elementor-column-gap-default\">\n\t\t\t\t\t<div class=\"elementor-column elementor-col-100 elementor-top-column elementor-element elementor-element-935e1b7\" data-id=\"935e1b7\" data-element_type=\"column\">\n\t\t\t<div class=\"elementor-widget-wrap elementor-element-populated\">\n\t\t\t\t\t\t<section class=\"elementor-section elementor-inner-section elementor-element elementor-element-05fe243 elementor-section-boxed elementor-section-height-default elementor-section-height-default\" data-id=\"05fe243\" data-element_type=\"section\" data-settings=\"{&quot;jet_parallax_layout_list&quot;:[{&quot;jet_parallax_layout_image&quot;:{&quot;url&quot;:&quot;&quot;,&quot;id&quot;:&quot;&quot;,&quot;size&quot;:&quot;&quot;},&quot;_id&quot;:&quot;c49fb1b&quot;,&quot;jet_parallax_layout_image_tablet&quot;:{&quot;url&quot;:&quot;&quot;,&quot;id&quot;:&quot;&quot;,&quot;size&quot;:&quot;&quot;},&quot;jet_parallax_layout_image_mobile&quot;:{&quot;url&quot;:&quot;&quot;,&quot;id&quot;:&quot;&quot;,&quot;size&quot;:&quot;&quot;},&quot;jet_parallax_layout_speed&quot;:{&quot;unit&quot;:&quot;%&quot;,&quot;size&quot;:50,&quot;sizes&quot;:[]},&quot;jet_parallax_layout_type&quot;:&quot;scroll&quot;,&quot;jet_parallax_layout_direction&quot;:null,&quot;jet_parallax_layout_fx_direction&quot;:null,&quot;jet_parallax_layout_z_index&quot;:&quot;&quot;,&quot;jet_parallax_layout_bg_x&quot;:50,&quot;jet_parallax_layout_bg_y&quot;:50,&quot;jet_parallax_layout_bg_size&quot;:&quot;auto&quot;,&quot;jet_parallax_layout_animation_prop&quot;:&quot;transform&quot;,&quot;jet_parallax_layout_on&quot;:[&quot;desktop&quot;,&quot;tablet&quot;],&quot;jet_parallax_layout_bg_x_tablet&quot;:&quot;&quot;,&quot;jet_parallax_layout_bg_x_mobile&quot;:&quot;&quot;,&quot;jet_parallax_layout_bg_y_tablet&quot;:&quot;&quot;,&quot;jet_parallax_layout_bg_y_mobile&quot;:&quot;&quot;,&quot;jet_parallax_layout_bg_size_tablet&quot;:&quot;&quot;,&quot;jet_parallax_layout_bg_size_mobile&quot;:&quot;&quot;}]}\">\n\t\t\t\t\t\t<div class=\"elementor-container elementor-column-gap-default\">\n\t\t\t\t\t<div class=\"elementor-column elementor-col-50 elementor-inner-column elementor-element elementor-element-b3d4146\" data-id=\"b3d4146\" data-element_type=\"column\">\n\t\t\t<div class=\"elementor-widget-wrap elementor-element-populated\">\n\t\t\t\t\t\t<div class=\"elementor-element elementor-element-d7aef2f elementor-widget elementor-widget-jet-animated-box\" data-id=\"d7aef2f\" data-element_type=\"widget\" data-widget_type=\"jet-animated-box.default\">\n\t\t\t\t<div class=\"elementor-widget-container\">\n\t\t\t<div class=\"elementor-jet-animated-box jet-elements\"><div id=\"jet-animated-box-d7aef2f\" class=\"jet-animated-box jet-box-effect-1\" data-settings='{\"widgetId\":\"d7aef2f\",\"switchEventType\":\"hover\",\"paperFoldDirection\":\"left\",\"slideOutDirection\":\"left\",\"peelCornerPosition\":\"right\"}'>\n\t<div id=\"jet-animated-box__front-d7aef2f\" class=\"jet-animated-box__front\">\n\t\t<div class=\"jet-animated-box__inner\"><div class=\"jet-animated-box__content\"><h3 class=\"jet-animated-box__title jet-animated-box__title--front\">TYCROC TWP<\/h3><\/div><\/div>\n\t\t<div class=\"jet-animated-box__overlay\"><\/div><\/div>\n\t<div id=\"jet-animated-box__back-d7aef2f\" class=\"jet-animated-box__back\">\n\t\t<div class=\"jet-animated-box__inner\"><div class=\"jet-animated-box__content\"><a class=\"elementor-button elementor-size-md jet-animated-box__button jet-animated-box__button--back jet-animated-box__button--icon-\" href=\"https:\/\/www.tycroc.com\/fi\/tuotteet\/tycroc-twp\/\"><span class=\"jet-animated-box__button-text\">TYCROC TWP<\/span><\/a>\n\n<\/div><\/div>\n\t\t<div class=\"jet-animated-box__overlay\"><\/div><\/div>\n<\/div>\n<\/div>\t\t<\/div>\n\t\t\t\t<\/div>\n\t\t\t\t<div class=\"elementor-element elementor-element-7cc9ba4 elementor-fixed-height-250 elementor-widget elementor-widget-text-editor\" data-id=\"7cc9ba4\" data-element_type=\"widget\" data-widget_type=\"text-editor.default\">\n\t\t\t\t<div class=\"elementor-widget-container\">\n\t\t\t\t\t\t\t<p>Tycroc TWP rakennuslevyn sis\u00e4lt\u00f6 on puristettu polystyreenivaahto <em>(XPS foam)<\/em>.<\/p>\n\t\t\t\t\t\t<\/div>\n\t\t\t\t<\/div>\n\t\t\t\t\t<\/div>\n\t\t<\/div>\n\t\t\t\t<div class=\"elementor-column elementor-col-50 elementor-inner-column elementor-element elementor-element-71ff8ea\" data-id=\"71ff8ea\" data-element_type=\"column\">\n\t\t\t<div class=\"elementor-widget-wrap elementor-element-populated\">\n\t\t\t\t\t\t<div class=\"elementor-element elementor-element-b750fb9 elementor-widget elementor-widget-jet-animated-box\" data-id=\"b750fb9\" data-element_type=\"widget\" data-widget_type=\"jet-animated-box.default\">\n\t\t\t\t<div class=\"elementor-widget-container\">\n\t\t\t<div class=\"elementor-jet-animated-box jet-elements\"><div id=\"jet-animated-box-b750fb9\" class=\"jet-animated-box jet-box-effect-1\" data-settings='{\"widgetId\":\"b750fb9\",\"switchEventType\":\"hover\",\"paperFoldDirection\":\"left\",\"slideOutDirection\":\"left\",\"peelCornerPosition\":\"right\"}'>\n\t<div id=\"jet-animated-box__front-b750fb9\" class=\"jet-animated-box__front\">\n\t\t<div class=\"jet-animated-box__inner\"><div class=\"jet-animated-box__content\"><h3 class=\"jet-animated-box__title jet-animated-box__title--front\">KIINNITYS- & ERISTYSTARVIKKEET<\/h3><\/div><\/div>\n\t\t<div class=\"jet-animated-box__overlay\"><\/div><\/div>\n\t<div id=\"jet-animated-box__back-b750fb9\" class=\"jet-animated-box__back\">\n\t\t<div class=\"jet-animated-box__inner\"><div class=\"jet-animated-box__content\"><a class=\"elementor-button elementor-size-md jet-animated-box__button jet-animated-box__button--back jet-animated-box__button--icon-\" href=\"https:\/\/www.tycroc.com\/fi\/tuotteet\/kiinnitys-eristystarvikkeet\/\"><span class=\"jet-animated-box__button-text\">KIINNITYS- & ERISTYSTARVIKKEET<\/span><\/a>\n\n<\/div><\/div>\n\t\t<div class=\"jet-animated-box__overlay\"><\/div><\/div>\n<\/div>\n<\/div>\t\t<\/div>\n\t\t\t\t<\/div>\n\t\t\t\t<div class=\"elementor-element elementor-element-a1eadc4 elementor-fixed-height-250 elementor-widget elementor-widget-text-editor\" data-id=\"a1eadc4\" data-element_type=\"widget\" data-widget_type=\"text-editor.default\">\n\t\t\t\t<div class=\"elementor-widget-container\">\n\t\t\t\t\t\t\t<p>Tuotteiden j\u00e4rjestelm\u00e4llist\u00e4 yhteensopivuutta ovat tarkastaneet ja sille hyv\u00e4ksynn\u00e4n antaneet usean valtion tunnetut ja tunnistetut sertifiointivirastot.<\/p>\n\t\t\t\t\t\t<\/div>\n\t\t\t\t<\/div>\n\t\t\t\t\t<\/div>\n\t\t<\/div>\n\t\t\t\t\t<\/div>\n\t\t<\/section>\n\t\t\t\t\t<\/div>\n\t\t<\/div>\n\t\t\t\t\t<\/div>\n\t\t<\/section>\n\t\t\t\t<\/div>\n\t\t","protected":false},"excerpt":{"rendered":"<p>TYCROC TWP TYCROC TWP Tycroc TWP rakennuslevyn sis\u00e4lt\u00f6 on puristettu polystyreenivaahto (XPS foam). KIINNITYS- &amp; ERISTYSTARVIKKEET KIINNITYS- &amp; ERISTYSTARVIKKEET Tuotteiden j\u00e4rjestelm\u00e4llist\u00e4 yhteensopivuutta ovat tarkastaneet ja sille hyv\u00e4ksynn\u00e4n antaneet usean valtion tunnetut ja tunnistetut sertifiointivirastot.<\/p>\n","protected":false},"author":3,"featured_media":0,"parent":15479,"menu_order":0,"comment_status":"closed","ping_status":"closed","template":"","meta":{"_acf_changed":false,"content-type":"","footnotes":""},"class_list":["post-15544","page","type-page","status-publish","hentry"],"acf":[],"yoast_head":"<!-- This site is optimized with the Yoast SEO plugin v23.2 - https:\/\/yoast.com\/wordpress\/plugins\/seo\/ -->\n<title>Kylpyhuoneen sein\u00e4, lattia ja katto - TYCROC<\/title>\n<meta name=\"description\" content=\"Tycroc TWP vedenpit\u00e4v\u00e4t rakennuslevyt \/ m\u00e4rk\u00e4tilalevyt ja tarvikkeet seinien, lattioiden ja kattojen rakentamiseen m\u00e4rk\u00e4tiloissa.\" \/>\n<meta name=\"robots\" content=\"index, follow, max-snippet:-1, max-image-preview:large, max-video-preview:-1\" \/>\n<link rel=\"canonical\" href=\"https:\/\/www.tycroc.com\/fi\/ratkaisut\/kylpyhuoneen-seina-lattia-ja-katto\/\" \/>\n<meta property=\"og:locale\" content=\"fi_FI\" \/>\n<meta property=\"og:type\" content=\"article\" \/>\n<meta property=\"og:title\" content=\"Kylpyhuoneen sein\u00e4, lattia ja katto - TYCROC\" \/>\n<meta property=\"og:description\" content=\"Tycroc TWP vedenpit\u00e4v\u00e4t rakennuslevyt \/ m\u00e4rk\u00e4tilalevyt ja tarvikkeet seinien, lattioiden ja kattojen rakentamiseen m\u00e4rk\u00e4tiloissa.\" \/>\n<meta property=\"og:url\" content=\"https:\/\/www.tycroc.com\/fi\/ratkaisut\/kylpyhuoneen-seina-lattia-ja-katto\/\" \/>\n<meta property=\"og:site_name\" content=\"TYCROC\" \/>\n<meta property=\"article:modified_time\" content=\"2020-08-06T17:06:23+00:00\" \/>\n<meta name=\"twitter:card\" content=\"summary_large_image\" \/>\n<script type=\"application\/ld+json\" class=\"yoast-schema-graph\">{\"@context\":\"https:\/\/schema.org\",\"@graph\":[{\"@type\":\"WebPage\",\"@id\":\"https:\/\/www.tycroc.com\/fi\/ratkaisut\/kylpyhuoneen-seina-lattia-ja-katto\/\",\"url\":\"https:\/\/www.tycroc.com\/fi\/ratkaisut\/kylpyhuoneen-seina-lattia-ja-katto\/\",\"name\":\"Kylpyhuoneen sein\u00e4, lattia ja katto - TYCROC\",\"isPartOf\":{\"@id\":\"https:\/\/www.tycroc.com\/fi\/#website\"},\"datePublished\":\"2020-07-29T06:35:13+00:00\",\"dateModified\":\"2020-08-06T17:06:23+00:00\",\"description\":\"Tycroc TWP vedenpit\u00e4v\u00e4t rakennuslevyt \/ m\u00e4rk\u00e4tilalevyt ja tarvikkeet seinien, lattioiden ja kattojen rakentamiseen m\u00e4rk\u00e4tiloissa.\",\"breadcrumb\":{\"@id\":\"https:\/\/www.tycroc.com\/fi\/ratkaisut\/kylpyhuoneen-seina-lattia-ja-katto\/#breadcrumb\"},\"inLanguage\":\"fi\",\"potentialAction\":[{\"@type\":\"ReadAction\",\"target\":[\"https:\/\/www.tycroc.com\/fi\/ratkaisut\/kylpyhuoneen-seina-lattia-ja-katto\/\"]}]},{\"@type\":\"BreadcrumbList\",\"@id\":\"https:\/\/www.tycroc.com\/fi\/ratkaisut\/kylpyhuoneen-seina-lattia-ja-katto\/#breadcrumb\",\"itemListElement\":[{\"@type\":\"ListItem\",\"position\":1,\"name\":\"Home\",\"item\":\"https:\/\/www.tycroc.com\/fi\/\"},{\"@type\":\"ListItem\",\"position\":2,\"name\":\"Ratkaisut\",\"item\":\"https:\/\/www.tycroc.com\/fi\/applications\/\"},{\"@type\":\"ListItem\",\"position\":3,\"name\":\"Kylpyhuoneen sein\u00e4, lattia ja katto\"}]},{\"@type\":\"WebSite\",\"@id\":\"https:\/\/www.tycroc.com\/fi\/#website\",\"url\":\"https:\/\/www.tycroc.com\/fi\/\",\"name\":\"TYCROC\",\"description\":\"\",\"publisher\":{\"@id\":\"https:\/\/www.tycroc.com\/fi\/#organization\"},\"potentialAction\":[{\"@type\":\"SearchAction\",\"target\":{\"@type\":\"EntryPoint\",\"urlTemplate\":\"https:\/\/www.tycroc.com\/fi\/?s={search_term_string}\"},\"query-input\":\"required name=search_term_string\"}],\"inLanguage\":\"fi\"},{\"@type\":\"Organization\",\"@id\":\"https:\/\/www.tycroc.com\/fi\/#organization\",\"name\":\"TYCROC\",\"url\":\"https:\/\/www.tycroc.com\/fi\/\",\"logo\":{\"@type\":\"ImageObject\",\"inLanguage\":\"fi\",\"@id\":\"https:\/\/www.tycroc.com\/fi\/#\/schema\/logo\/image\/\",\"url\":\"https:\/\/www.tycroc.com\/wp-content\/uploads\/2020\/03\/cropped-tycroc-logo.png\",\"contentUrl\":\"https:\/\/www.tycroc.com\/wp-content\/uploads\/2020\/03\/cropped-tycroc-logo.png\",\"width\":205,\"height\":59,\"caption\":\"TYCROC\"},\"image\":{\"@id\":\"https:\/\/www.tycroc.com\/fi\/#\/schema\/logo\/image\/\"}}]}<\/script>\n<!-- \/ Yoast SEO plugin. -->","yoast_head_json":{"title":"Kylpyhuoneen sein\u00e4, lattia ja katto - TYCROC","description":"Tycroc TWP vedenpit\u00e4v\u00e4t rakennuslevyt \/ m\u00e4rk\u00e4tilalevyt ja tarvikkeet seinien, lattioiden ja kattojen rakentamiseen m\u00e4rk\u00e4tiloissa.","robots":{"index":"index","follow":"follow","max-snippet":"max-snippet:-1","max-image-preview":"max-image-preview:large","max-video-preview":"max-video-preview:-1"},"canonical":"https:\/\/www.tycroc.com\/fi\/ratkaisut\/kylpyhuoneen-seina-lattia-ja-katto\/","og_locale":"fi_FI","og_type":"article","og_title":"Kylpyhuoneen sein\u00e4, lattia ja katto - TYCROC","og_description":"Tycroc TWP vedenpit\u00e4v\u00e4t rakennuslevyt \/ m\u00e4rk\u00e4tilalevyt ja tarvikkeet seinien, lattioiden ja kattojen rakentamiseen m\u00e4rk\u00e4tiloissa.","og_url":"https:\/\/www.tycroc.com\/fi\/ratkaisut\/kylpyhuoneen-seina-lattia-ja-katto\/","og_site_name":"TYCROC","article_modified_time":"2020-08-06T17:06:23+00:00","twitter_card":"summary_large_image","schema":{"@context":"https:\/\/schema.org","@graph":[{"@type":"WebPage","@id":"https:\/\/www.tycroc.com\/fi\/ratkaisut\/kylpyhuoneen-seina-lattia-ja-katto\/","url":"https:\/\/www.tycroc.com\/fi\/ratkaisut\/kylpyhuoneen-seina-lattia-ja-katto\/","name":"Kylpyhuoneen sein\u00e4, lattia ja katto - TYCROC","isPartOf":{"@id":"https:\/\/www.tycroc.com\/fi\/#website"},"datePublished":"2020-07-29T06:35:13+00:00","dateModified":"2020-08-06T17:06:23+00:00","description":"Tycroc TWP vedenpit\u00e4v\u00e4t rakennuslevyt \/ m\u00e4rk\u00e4tilalevyt ja tarvikkeet seinien, lattioiden ja kattojen rakentamiseen m\u00e4rk\u00e4tiloissa.","breadcrumb":{"@id":"https:\/\/www.tycroc.com\/fi\/ratkaisut\/kylpyhuoneen-seina-lattia-ja-katto\/#breadcrumb"},"inLanguage":"fi","potentialAction":[{"@type":"ReadAction","target":["https:\/\/www.tycroc.com\/fi\/ratkaisut\/kylpyhuoneen-seina-lattia-ja-katto\/"]}]},{"@type":"BreadcrumbList","@id":"https:\/\/www.tycroc.com\/fi\/ratkaisut\/kylpyhuoneen-seina-lattia-ja-katto\/#breadcrumb","itemListElement":[{"@type":"ListItem","position":1,"name":"Home","item":"https:\/\/www.tycroc.com\/fi\/"},{"@type":"ListItem","position":2,"name":"Ratkaisut","item":"https:\/\/www.tycroc.com\/fi\/applications\/"},{"@type":"ListItem","position":3,"name":"Kylpyhuoneen sein\u00e4, lattia ja katto"}]},{"@type":"WebSite","@id":"https:\/\/www.tycroc.com\/fi\/#website","url":"https:\/\/www.tycroc.com\/fi\/","name":"TYCROC","description":"","publisher":{"@id":"https:\/\/www.tycroc.com\/fi\/#organization"},"potentialAction":[{"@type":"SearchAction","target":{"@type":"EntryPoint","urlTemplate":"https:\/\/www.tycroc.com\/fi\/?s={search_term_string}"},"query-input":"required name=search_term_string"}],"inLanguage":"fi"},{"@type":"Organization","@id":"https:\/\/www.tycroc.com\/fi\/#organization","name":"TYCROC","url":"https:\/\/www.tycroc.com\/fi\/","logo":{"@type":"ImageObject","inLanguage":"fi","@id":"https:\/\/www.tycroc.com\/fi\/#\/schema\/logo\/image\/","url":"https:\/\/www.tycroc.com\/wp-content\/uploads\/2020\/03\/cropped-tycroc-logo.png","contentUrl":"https:\/\/www.tycroc.com\/wp-content\/uploads\/2020\/03\/cropped-tycroc-logo.png","width":205,"height":59,"caption":"TYCROC"},"image":{"@id":"https:\/\/www.tycroc.com\/fi\/#\/schema\/logo\/image\/"}}]}},"_links":{"self":[{"href":"https:\/\/www.tycroc.com\/fi\/wp-json\/wp\/v2\/pages\/15544"}],"collection":[{"href":"https:\/\/www.tycroc.com\/fi\/wp-json\/wp\/v2\/pages"}],"about":[{"href":"https:\/\/www.tycroc.com\/fi\/wp-json\/wp\/v2\/types\/page"}],"author":[{"embeddable":true,"href":"https:\/\/www.tycroc.com\/fi\/wp-json\/wp\/v2\/users\/3"}],"replies":[{"embeddable":true,"href":"https:\/\/www.tycroc.com\/fi\/wp-json\/wp\/v2\/comments?post=15544"}],"version-history":[{"count":2,"href":"https:\/\/www.tycroc.com\/fi\/wp-json\/wp\/v2\/pages\/15544\/revisions"}],"predecessor-version":[{"id":16462,"href":"https:\/\/www.tycroc.com\/fi\/wp-json\/wp\/v2\/pages\/15544\/revisions\/16462"}],"up":[{"embeddable":true,"href":"https:\/\/www.tycroc.com\/fi\/wp-json\/wp\/v2\/pages\/15479"}],"wp:attachment":[{"href":"https:\/\/www.tycroc.com\/fi\/wp-json\/wp\/v2\/media?parent=15544"}],"curies":[{"name":"wp","href":"https:\/\/api.w.org\/{rel}","templated":true}]}}