{"id":8621,"date":"2020-07-21T19:36:35","date_gmt":"2020-07-21T19:36:35","guid":{"rendered":"https:\/\/www.tycroc.com\/lahendused\/porandakute\/"},"modified":"2023-05-16T13:35:03","modified_gmt":"2023-05-16T10:35:03","slug":"porandakute-ja-jahutus","status":"publish","type":"page","link":"https:\/\/www.tycroc.com\/et\/lahendused\/porandakute-ja-jahutus\/","title":{"rendered":"P\u00f5randak\u00fcte &#038; jahutus"},"content":{"rendered":"\t\t<div data-elementor-type=\"wp-page\" data-elementor-id=\"8621\" class=\"elementor elementor-8621 elementor-7916\">\n\t\t\t\t\t\t<section class=\"elementor-section elementor-top-section elementor-element elementor-element-99c62fc elementor-section-boxed elementor-section-height-default elementor-section-height-default\" data-id=\"99c62fc\" data-element_type=\"section\" data-settings=\"{&quot;jet_parallax_layout_list&quot;:[{&quot;jet_parallax_layout_image&quot;:{&quot;url&quot;:&quot;&quot;,&quot;id&quot;:&quot;&quot;,&quot;size&quot;:&quot;&quot;},&quot;_id&quot;:&quot;4ad0cf6&quot;,&quot;jet_parallax_layout_image_tablet&quot;:{&quot;url&quot;:&quot;&quot;,&quot;id&quot;:&quot;&quot;,&quot;size&quot;:&quot;&quot;},&quot;jet_parallax_layout_image_mobile&quot;:{&quot;url&quot;:&quot;&quot;,&quot;id&quot;:&quot;&quot;,&quot;size&quot;:&quot;&quot;},&quot;jet_parallax_layout_speed&quot;:{&quot;unit&quot;:&quot;%&quot;,&quot;size&quot;:50,&quot;sizes&quot;:[]},&quot;jet_parallax_layout_type&quot;:&quot;scroll&quot;,&quot;jet_parallax_layout_direction&quot;:null,&quot;jet_parallax_layout_fx_direction&quot;:null,&quot;jet_parallax_layout_z_index&quot;:&quot;&quot;,&quot;jet_parallax_layout_bg_x&quot;:50,&quot;jet_parallax_layout_bg_x_tablet&quot;:&quot;&quot;,&quot;jet_parallax_layout_bg_x_mobile&quot;:&quot;&quot;,&quot;jet_parallax_layout_bg_y&quot;:50,&quot;jet_parallax_layout_bg_y_tablet&quot;:&quot;&quot;,&quot;jet_parallax_layout_bg_y_mobile&quot;:&quot;&quot;,&quot;jet_parallax_layout_bg_size&quot;:&quot;auto&quot;,&quot;jet_parallax_layout_bg_size_tablet&quot;:&quot;&quot;,&quot;jet_parallax_layout_bg_size_mobile&quot;:&quot;&quot;,&quot;jet_parallax_layout_animation_prop&quot;:&quot;transform&quot;,&quot;jet_parallax_layout_on&quot;:[&quot;desktop&quot;,&quot;tablet&quot;]}]}\">\n\t\t\t\t\t\t<div class=\"elementor-container elementor-column-gap-default\">\n\t\t\t\t\t<div class=\"elementor-column elementor-col-100 elementor-top-column elementor-element elementor-element-87b75f4\" data-id=\"87b75f4\" data-element_type=\"column\">\n\t\t\t<div class=\"elementor-widget-wrap elementor-element-populated\">\n\t\t\t\t\t\t<section class=\"elementor-section elementor-inner-section elementor-element elementor-element-9d999fc elementor-section-boxed elementor-section-height-default elementor-section-height-default\" data-id=\"9d999fc\" data-element_type=\"section\" data-settings=\"{&quot;jet_parallax_layout_list&quot;:[{&quot;jet_parallax_layout_image&quot;:{&quot;url&quot;:&quot;&quot;,&quot;id&quot;:&quot;&quot;,&quot;size&quot;:&quot;&quot;},&quot;_id&quot;:&quot;b10e478&quot;,&quot;jet_parallax_layout_image_tablet&quot;:{&quot;url&quot;:&quot;&quot;,&quot;id&quot;:&quot;&quot;,&quot;size&quot;:&quot;&quot;},&quot;jet_parallax_layout_image_mobile&quot;:{&quot;url&quot;:&quot;&quot;,&quot;id&quot;:&quot;&quot;,&quot;size&quot;:&quot;&quot;},&quot;jet_parallax_layout_speed&quot;:{&quot;unit&quot;:&quot;%&quot;,&quot;size&quot;:50,&quot;sizes&quot;:[]},&quot;jet_parallax_layout_type&quot;:&quot;scroll&quot;,&quot;jet_parallax_layout_direction&quot;:null,&quot;jet_parallax_layout_fx_direction&quot;:null,&quot;jet_parallax_layout_z_index&quot;:&quot;&quot;,&quot;jet_parallax_layout_bg_x&quot;:50,&quot;jet_parallax_layout_bg_x_tablet&quot;:&quot;&quot;,&quot;jet_parallax_layout_bg_x_mobile&quot;:&quot;&quot;,&quot;jet_parallax_layout_bg_y&quot;:50,&quot;jet_parallax_layout_bg_y_tablet&quot;:&quot;&quot;,&quot;jet_parallax_layout_bg_y_mobile&quot;:&quot;&quot;,&quot;jet_parallax_layout_bg_size&quot;:&quot;auto&quot;,&quot;jet_parallax_layout_bg_size_tablet&quot;:&quot;&quot;,&quot;jet_parallax_layout_bg_size_mobile&quot;:&quot;&quot;,&quot;jet_parallax_layout_animation_prop&quot;:&quot;transform&quot;,&quot;jet_parallax_layout_on&quot;:[&quot;desktop&quot;,&quot;tablet&quot;]}]}\">\n\t\t\t\t\t\t<div class=\"elementor-container elementor-column-gap-default\">\n\t\t\t\t\t<div class=\"elementor-column elementor-col-33 elementor-inner-column elementor-element elementor-element-b4aed6c\" data-id=\"b4aed6c\" data-element_type=\"column\">\n\t\t\t<div class=\"elementor-widget-wrap elementor-element-populated\">\n\t\t\t\t\t\t<div class=\"elementor-element elementor-element-2113aa4 elementor-widget elementor-widget-jet-animated-box\" data-id=\"2113aa4\" data-element_type=\"widget\" data-widget_type=\"jet-animated-box.default\">\n\t\t\t\t<div class=\"elementor-widget-container\">\n\t\t\t<div class=\"elementor-jet-animated-box jet-elements\"><div id=\"jet-animated-box-2113aa4\" class=\"jet-animated-box jet-box-effect-1\" data-settings='{\"widgetId\":\"2113aa4\",\"switchEventType\":\"hover\",\"paperFoldDirection\":\"left\",\"slideOutDirection\":\"left\",\"peelCornerPosition\":\"right\"}'>\n\t<div id=\"jet-animated-box__front-2113aa4\" class=\"jet-animated-box__front\">\n\t\t<div class=\"jet-animated-box__inner\"><div class=\"jet-animated-box__content\"><h3 class=\"jet-animated-box__title jet-animated-box__title--front\">K\u00dcTTETORUD & KOLLEKTORID<\/h3><\/div><\/div>\n\t\t<div class=\"jet-animated-box__overlay\"><\/div><\/div>\n\t<div id=\"jet-animated-box__back-2113aa4\" class=\"jet-animated-box__back\">\n\t\t<div class=\"jet-animated-box__inner\"><div class=\"jet-animated-box__content\"><a class=\"elementor-button elementor-size-md jet-animated-box__button jet-animated-box__button--back jet-animated-box__button--icon-\" href=\"https:\/\/www.tycroc.com\/et\/tooted\/kuttetorud-kollektorid\/\"><span class=\"jet-animated-box__button-text\">Loe edasi<\/span><\/a>\n\n<\/div><\/div>\n\t\t<div class=\"jet-animated-box__overlay\"><\/div><\/div>\n<\/div>\n<\/div>\t\t<\/div>\n\t\t\t\t<\/div>\n\t\t\t\t<div class=\"elementor-element elementor-element-4c48bef elementor-fixed-height-250 elementor-widget elementor-widget-text-editor\" data-id=\"4c48bef\" data-element_type=\"widget\" data-widget_type=\"text-editor.default\">\n\t\t\t\t<div class=\"elementor-widget-container\">\n\t\t\t\t\t\t\t<p>PE-RT 5-kihilised k\u00fcttetorud ning komposiitmaterjalist modulaarsed kollektorid nii ruumide k\u00fctmiseks kui ka jahutamiseks.<\/p>\t\t\t\t\t\t<\/div>\n\t\t\t\t<\/div>\n\t\t\t\t\t<\/div>\n\t\t<\/div>\n\t\t\t\t<div class=\"elementor-column elementor-col-33 elementor-inner-column elementor-element elementor-element-c70b325\" data-id=\"c70b325\" data-element_type=\"column\">\n\t\t\t<div class=\"elementor-widget-wrap elementor-element-populated\">\n\t\t\t\t\t\t<div class=\"elementor-element elementor-element-5f4be8a elementor-widget elementor-widget-jet-animated-box\" data-id=\"5f4be8a\" data-element_type=\"widget\" data-widget_type=\"jet-animated-box.default\">\n\t\t\t\t<div class=\"elementor-widget-container\">\n\t\t\t<div class=\"elementor-jet-animated-box jet-elements\"><div id=\"jet-animated-box-5f4be8a\" class=\"jet-animated-box jet-box-effect-1\" data-settings='{\"widgetId\":\"5f4be8a\",\"switchEventType\":\"hover\",\"paperFoldDirection\":\"left\",\"slideOutDirection\":\"left\",\"peelCornerPosition\":\"right\"}'>\n\t<div id=\"jet-animated-box__front-5f4be8a\" class=\"jet-animated-box__front\">\n\t\t<div class=\"jet-animated-box__inner\"><div class=\"jet-animated-box__content\"><h3 class=\"jet-animated-box__title jet-animated-box__title--front\">TYCROC UHP<\/h3><\/div><\/div>\n\t\t<div class=\"jet-animated-box__overlay\"><\/div><\/div>\n\t<div id=\"jet-animated-box__back-5f4be8a\" class=\"jet-animated-box__back\">\n\t\t<div class=\"jet-animated-box__inner\"><div class=\"jet-animated-box__content\"><a class=\"elementor-button elementor-size-md jet-animated-box__button jet-animated-box__button--back jet-animated-box__button--icon-\" href=\"https:\/\/www.tycroc.com\/et\/tooted\/tycroc-uhp\/\"><span class=\"jet-animated-box__button-text\">Loe edasi<\/span><\/a>\n\n<\/div><\/div>\n\t\t<div class=\"jet-animated-box__overlay\"><\/div><\/div>\n<\/div>\n<\/div>\t\t<\/div>\n\t\t\t\t<\/div>\n\t\t\t\t<div class=\"elementor-element elementor-element-9dde1a4 elementor-fixed-height-250 elementor-widget elementor-widget-text-editor\" data-id=\"9dde1a4\" data-element_type=\"widget\" data-widget_type=\"text-editor.default\">\n\t\t\t\t<div class=\"elementor-widget-container\">\n\t\t\t\t\t\t\t<p>P\u00f5randak\u00fctte alusplaadid nii k\u00fcttetorude kui ka k\u00fcttekaablite paigaldamiseks.<\/p>\t\t\t\t\t\t<\/div>\n\t\t\t\t<\/div>\n\t\t\t\t\t<\/div>\n\t\t<\/div>\n\t\t\t\t<div class=\"elementor-column elementor-col-33 elementor-inner-column elementor-element elementor-element-0ae0869\" data-id=\"0ae0869\" data-element_type=\"column\">\n\t\t\t<div class=\"elementor-widget-wrap elementor-element-populated\">\n\t\t\t\t\t\t<div class=\"elementor-element elementor-element-2a8ef70 elementor-widget elementor-widget-jet-animated-box\" data-id=\"2a8ef70\" data-element_type=\"widget\" data-widget_type=\"jet-animated-box.default\">\n\t\t\t\t<div class=\"elementor-widget-container\">\n\t\t\t<div class=\"elementor-jet-animated-box jet-elements\"><div id=\"jet-animated-box-2a8ef70\" class=\"jet-animated-box jet-box-effect-1\" data-settings='{\"widgetId\":\"2a8ef70\",\"switchEventType\":\"hover\",\"paperFoldDirection\":\"left\",\"slideOutDirection\":\"left\",\"peelCornerPosition\":\"right\"}'>\n\t<div id=\"jet-animated-box__front-2a8ef70\" class=\"jet-animated-box__front\">\n\t\t<div class=\"jet-animated-box__inner\"><div class=\"jet-animated-box__content\"><h3 class=\"jet-animated-box__title jet-animated-box__title--front\">KINNITUS- & ISOLEERIMISTARVIKUD<\/h3><\/div><\/div>\n\t\t<div class=\"jet-animated-box__overlay\"><\/div><\/div>\n\t<div id=\"jet-animated-box__back-2a8ef70\" class=\"jet-animated-box__back\">\n\t\t<div class=\"jet-animated-box__inner\"><div class=\"jet-animated-box__content\"><a class=\"elementor-button elementor-size-md jet-animated-box__button jet-animated-box__button--back jet-animated-box__button--icon-\" href=\"https:\/\/www.tycroc.com\/et\/tooted\/kinnitus-isoleerimistarvikud\/\"><span class=\"jet-animated-box__button-text\">Loe edasi<\/span><\/a>\n\n<\/div><\/div>\n\t\t<div class=\"jet-animated-box__overlay\"><\/div><\/div>\n<\/div>\n<\/div>\t\t<\/div>\n\t\t\t\t<\/div>\n\t\t\t\t<div class=\"elementor-element elementor-element-3921f83 elementor-fixed-height-250 elementor-widget elementor-widget-text-editor\" data-id=\"3921f83\" data-element_type=\"widget\" data-widget_type=\"text-editor.default\">\n\t\t\t\t<div class=\"elementor-widget-container\">\n\t\t\t\t\t\t\t<p>Liimid, seibid ja muud kinnitusvahendid Tycroc toodete paigaldamiseks ning isoleerimiseks.<\/p>\t\t\t\t\t\t<\/div>\n\t\t\t\t<\/div>\n\t\t\t\t\t<\/div>\n\t\t<\/div>\n\t\t\t\t\t<\/div>\n\t\t<\/section>\n\t\t\t\t\t<\/div>\n\t\t<\/div>\n\t\t\t\t\t<\/div>\n\t\t<\/section>\n\t\t\t\t<\/div>\n\t\t","protected":false},"excerpt":{"rendered":"<p>K\u00dcTTETORUD &amp; KOLLEKTORID Loe edasi PE-RT 5-kihilised k\u00fcttetorud ning komposiitmaterjalist modulaarsed kollektorid nii ruumide k\u00fctmiseks kui ka jahutamiseks. TYCROC UHP Loe edasi P\u00f5randak\u00fctte alusplaadid nii k\u00fcttetorude kui ka k\u00fcttekaablite paigaldamiseks. KINNITUS- &amp; ISOLEERIMISTARVIKUD Loe edasi Liimid, seibid ja muud kinnitusvahendid Tycroc toodete paigaldamiseks ning isoleerimiseks.<\/p>\n","protected":false},"author":3,"featured_media":0,"parent":7863,"menu_order":0,"comment_status":"closed","ping_status":"closed","template":"","meta":{"_acf_changed":false,"content-type":"","footnotes":""},"class_list":["post-8621","page","type-page","status-publish","hentry"],"acf":[],"yoast_head":"<!-- This site is optimized with the Yoast SEO plugin v23.2 - https:\/\/yoast.com\/wordpress\/plugins\/seo\/ -->\n<title>P\u00f5randak\u00fcte &amp; jahutus - TYCROC<\/title>\n<meta name=\"description\" content=\"Tycroc UHP p\u00f5randak\u00fctte alusplaadid k\u00fcttetorude ja k\u00fcttekaablite paigaldamiseks betoonivalu vabalt. Lihtsustame ja kiirendame p\u00f5randak\u00fctte paigaldamist.\" \/>\n<meta name=\"robots\" content=\"index, follow, max-snippet:-1, max-image-preview:large, max-video-preview:-1\" \/>\n<link rel=\"canonical\" href=\"https:\/\/www.tycroc.com\/et\/lahendused\/porandakute-ja-jahutus\/\" \/>\n<meta property=\"og:locale\" content=\"et_EE\" \/>\n<meta property=\"og:type\" content=\"article\" \/>\n<meta property=\"og:title\" content=\"P\u00f5randak\u00fcte &amp; jahutus - TYCROC\" \/>\n<meta property=\"og:description\" content=\"Tycroc UHP p\u00f5randak\u00fctte alusplaadid k\u00fcttetorude ja k\u00fcttekaablite paigaldamiseks betoonivalu vabalt. Lihtsustame ja kiirendame p\u00f5randak\u00fctte paigaldamist.\" \/>\n<meta property=\"og:url\" content=\"https:\/\/www.tycroc.com\/et\/lahendused\/porandakute-ja-jahutus\/\" \/>\n<meta property=\"og:site_name\" content=\"TYCROC\" \/>\n<meta property=\"article:modified_time\" content=\"2023-05-16T10:35:03+00:00\" \/>\n<meta name=\"twitter:card\" content=\"summary_large_image\" \/>\n<meta name=\"twitter:label1\" content=\"Est. reading time\" \/>\n\t<meta name=\"twitter:data1\" content=\"1 minut\" \/>\n<script type=\"application\/ld+json\" class=\"yoast-schema-graph\">{\"@context\":\"https:\/\/schema.org\",\"@graph\":[{\"@type\":\"WebPage\",\"@id\":\"https:\/\/www.tycroc.com\/et\/lahendused\/porandakute-ja-jahutus\/\",\"url\":\"https:\/\/www.tycroc.com\/et\/lahendused\/porandakute-ja-jahutus\/\",\"name\":\"P\u00f5randak\u00fcte & jahutus - TYCROC\",\"isPartOf\":{\"@id\":\"https:\/\/www.tycroc.com\/et\/#website\"},\"datePublished\":\"2020-07-21T19:36:35+00:00\",\"dateModified\":\"2023-05-16T10:35:03+00:00\",\"description\":\"Tycroc UHP p\u00f5randak\u00fctte alusplaadid k\u00fcttetorude ja k\u00fcttekaablite paigaldamiseks betoonivalu vabalt. Lihtsustame ja kiirendame p\u00f5randak\u00fctte paigaldamist.\",\"breadcrumb\":{\"@id\":\"https:\/\/www.tycroc.com\/et\/lahendused\/porandakute-ja-jahutus\/#breadcrumb\"},\"inLanguage\":\"et\",\"potentialAction\":[{\"@type\":\"ReadAction\",\"target\":[\"https:\/\/www.tycroc.com\/et\/lahendused\/porandakute-ja-jahutus\/\"]}]},{\"@type\":\"BreadcrumbList\",\"@id\":\"https:\/\/www.tycroc.com\/et\/lahendused\/porandakute-ja-jahutus\/#breadcrumb\",\"itemListElement\":[{\"@type\":\"ListItem\",\"position\":1,\"name\":\"Home\",\"item\":\"https:\/\/www.tycroc.com\/et\/\"},{\"@type\":\"ListItem\",\"position\":2,\"name\":\"Lahendused\",\"item\":\"https:\/\/www.tycroc.com\/et\/applications\/\"},{\"@type\":\"ListItem\",\"position\":3,\"name\":\"P\u00f5randak\u00fcte &#038; jahutus\"}]},{\"@type\":\"WebSite\",\"@id\":\"https:\/\/www.tycroc.com\/et\/#website\",\"url\":\"https:\/\/www.tycroc.com\/et\/\",\"name\":\"TYCROC\",\"description\":\"\",\"publisher\":{\"@id\":\"https:\/\/www.tycroc.com\/et\/#organization\"},\"potentialAction\":[{\"@type\":\"SearchAction\",\"target\":{\"@type\":\"EntryPoint\",\"urlTemplate\":\"https:\/\/www.tycroc.com\/et\/?s={search_term_string}\"},\"query-input\":\"required name=search_term_string\"}],\"inLanguage\":\"et\"},{\"@type\":\"Organization\",\"@id\":\"https:\/\/www.tycroc.com\/et\/#organization\",\"name\":\"TYCROC\",\"url\":\"https:\/\/www.tycroc.com\/et\/\",\"logo\":{\"@type\":\"ImageObject\",\"inLanguage\":\"et\",\"@id\":\"https:\/\/www.tycroc.com\/et\/#\/schema\/logo\/image\/\",\"url\":\"https:\/\/www.tycroc.com\/wp-content\/uploads\/2020\/03\/cropped-tycroc-logo.png\",\"contentUrl\":\"https:\/\/www.tycroc.com\/wp-content\/uploads\/2020\/03\/cropped-tycroc-logo.png\",\"width\":205,\"height\":59,\"caption\":\"TYCROC\"},\"image\":{\"@id\":\"https:\/\/www.tycroc.com\/et\/#\/schema\/logo\/image\/\"}}]}<\/script>\n<!-- \/ Yoast SEO plugin. -->","yoast_head_json":{"title":"P\u00f5randak\u00fcte & jahutus - TYCROC","description":"Tycroc UHP p\u00f5randak\u00fctte alusplaadid k\u00fcttetorude ja k\u00fcttekaablite paigaldamiseks betoonivalu vabalt. Lihtsustame ja kiirendame p\u00f5randak\u00fctte paigaldamist.","robots":{"index":"index","follow":"follow","max-snippet":"max-snippet:-1","max-image-preview":"max-image-preview:large","max-video-preview":"max-video-preview:-1"},"canonical":"https:\/\/www.tycroc.com\/et\/lahendused\/porandakute-ja-jahutus\/","og_locale":"et_EE","og_type":"article","og_title":"P\u00f5randak\u00fcte & jahutus - TYCROC","og_description":"Tycroc UHP p\u00f5randak\u00fctte alusplaadid k\u00fcttetorude ja k\u00fcttekaablite paigaldamiseks betoonivalu vabalt. Lihtsustame ja kiirendame p\u00f5randak\u00fctte paigaldamist.","og_url":"https:\/\/www.tycroc.com\/et\/lahendused\/porandakute-ja-jahutus\/","og_site_name":"TYCROC","article_modified_time":"2023-05-16T10:35:03+00:00","twitter_card":"summary_large_image","twitter_misc":{"Est. reading time":"1 minut"},"schema":{"@context":"https:\/\/schema.org","@graph":[{"@type":"WebPage","@id":"https:\/\/www.tycroc.com\/et\/lahendused\/porandakute-ja-jahutus\/","url":"https:\/\/www.tycroc.com\/et\/lahendused\/porandakute-ja-jahutus\/","name":"P\u00f5randak\u00fcte & jahutus - TYCROC","isPartOf":{"@id":"https:\/\/www.tycroc.com\/et\/#website"},"datePublished":"2020-07-21T19:36:35+00:00","dateModified":"2023-05-16T10:35:03+00:00","description":"Tycroc UHP p\u00f5randak\u00fctte alusplaadid k\u00fcttetorude ja k\u00fcttekaablite paigaldamiseks betoonivalu vabalt. Lihtsustame ja kiirendame p\u00f5randak\u00fctte paigaldamist.","breadcrumb":{"@id":"https:\/\/www.tycroc.com\/et\/lahendused\/porandakute-ja-jahutus\/#breadcrumb"},"inLanguage":"et","potentialAction":[{"@type":"ReadAction","target":["https:\/\/www.tycroc.com\/et\/lahendused\/porandakute-ja-jahutus\/"]}]},{"@type":"BreadcrumbList","@id":"https:\/\/www.tycroc.com\/et\/lahendused\/porandakute-ja-jahutus\/#breadcrumb","itemListElement":[{"@type":"ListItem","position":1,"name":"Home","item":"https:\/\/www.tycroc.com\/et\/"},{"@type":"ListItem","position":2,"name":"Lahendused","item":"https:\/\/www.tycroc.com\/et\/applications\/"},{"@type":"ListItem","position":3,"name":"P\u00f5randak\u00fcte &#038; jahutus"}]},{"@type":"WebSite","@id":"https:\/\/www.tycroc.com\/et\/#website","url":"https:\/\/www.tycroc.com\/et\/","name":"TYCROC","description":"","publisher":{"@id":"https:\/\/www.tycroc.com\/et\/#organization"},"potentialAction":[{"@type":"SearchAction","target":{"@type":"EntryPoint","urlTemplate":"https:\/\/www.tycroc.com\/et\/?s={search_term_string}"},"query-input":"required name=search_term_string"}],"inLanguage":"et"},{"@type":"Organization","@id":"https:\/\/www.tycroc.com\/et\/#organization","name":"TYCROC","url":"https:\/\/www.tycroc.com\/et\/","logo":{"@type":"ImageObject","inLanguage":"et","@id":"https:\/\/www.tycroc.com\/et\/#\/schema\/logo\/image\/","url":"https:\/\/www.tycroc.com\/wp-content\/uploads\/2020\/03\/cropped-tycroc-logo.png","contentUrl":"https:\/\/www.tycroc.com\/wp-content\/uploads\/2020\/03\/cropped-tycroc-logo.png","width":205,"height":59,"caption":"TYCROC"},"image":{"@id":"https:\/\/www.tycroc.com\/et\/#\/schema\/logo\/image\/"}}]}},"_links":{"self":[{"href":"https:\/\/www.tycroc.com\/et\/wp-json\/wp\/v2\/pages\/8621"}],"collection":[{"href":"https:\/\/www.tycroc.com\/et\/wp-json\/wp\/v2\/pages"}],"about":[{"href":"https:\/\/www.tycroc.com\/et\/wp-json\/wp\/v2\/types\/page"}],"author":[{"embeddable":true,"href":"https:\/\/www.tycroc.com\/et\/wp-json\/wp\/v2\/users\/3"}],"replies":[{"embeddable":true,"href":"https:\/\/www.tycroc.com\/et\/wp-json\/wp\/v2\/comments?post=8621"}],"version-history":[{"count":29,"href":"https:\/\/www.tycroc.com\/et\/wp-json\/wp\/v2\/pages\/8621\/revisions"}],"predecessor-version":[{"id":21569,"href":"https:\/\/www.tycroc.com\/et\/wp-json\/wp\/v2\/pages\/8621\/revisions\/21569"}],"up":[{"embeddable":true,"href":"https:\/\/www.tycroc.com\/et\/wp-json\/wp\/v2\/pages\/7863"}],"wp:attachment":[{"href":"https:\/\/www.tycroc.com\/et\/wp-json\/wp\/v2\/media?parent=8621"}],"curies":[{"name":"wp","href":"https:\/\/api.w.org\/{rel}","templated":true}]}}