{"id":8617,"date":"2020-07-21T19:29:40","date_gmt":"2020-07-21T19:29:40","guid":{"rendered":"https:\/\/www.tycroc.com\/lahendused\/dusinurk\/"},"modified":"2023-05-16T10:44:29","modified_gmt":"2023-05-16T07:44:29","slug":"dusinurk","status":"publish","type":"page","link":"https:\/\/www.tycroc.com\/et\/lahendused\/dusinurk\/","title":{"rendered":"Du\u0161inurk"},"content":{"rendered":"\t\t<div data-elementor-type=\"wp-page\" data-elementor-id=\"8617\" class=\"elementor elementor-8617 elementor-7920\">\n\t\t\t\t\t\t<section class=\"elementor-section elementor-top-section elementor-element elementor-element-85fcf07 elementor-section-boxed elementor-section-height-default elementor-section-height-default\" data-id=\"85fcf07\" data-element_type=\"section\" data-settings=\"{&quot;jet_parallax_layout_list&quot;:[{&quot;jet_parallax_layout_image&quot;:{&quot;url&quot;:&quot;&quot;,&quot;id&quot;:&quot;&quot;,&quot;size&quot;:&quot;&quot;},&quot;_id&quot;:&quot;4ffae5d&quot;,&quot;jet_parallax_layout_image_tablet&quot;:{&quot;url&quot;:&quot;&quot;,&quot;id&quot;:&quot;&quot;,&quot;size&quot;:&quot;&quot;},&quot;jet_parallax_layout_image_mobile&quot;:{&quot;url&quot;:&quot;&quot;,&quot;id&quot;:&quot;&quot;,&quot;size&quot;:&quot;&quot;},&quot;jet_parallax_layout_speed&quot;:{&quot;unit&quot;:&quot;%&quot;,&quot;size&quot;:50,&quot;sizes&quot;:[]},&quot;jet_parallax_layout_type&quot;:&quot;scroll&quot;,&quot;jet_parallax_layout_direction&quot;:null,&quot;jet_parallax_layout_fx_direction&quot;:null,&quot;jet_parallax_layout_z_index&quot;:&quot;&quot;,&quot;jet_parallax_layout_bg_x&quot;:50,&quot;jet_parallax_layout_bg_x_tablet&quot;:&quot;&quot;,&quot;jet_parallax_layout_bg_x_mobile&quot;:&quot;&quot;,&quot;jet_parallax_layout_bg_y&quot;:50,&quot;jet_parallax_layout_bg_y_tablet&quot;:&quot;&quot;,&quot;jet_parallax_layout_bg_y_mobile&quot;:&quot;&quot;,&quot;jet_parallax_layout_bg_size&quot;:&quot;auto&quot;,&quot;jet_parallax_layout_bg_size_tablet&quot;:&quot;&quot;,&quot;jet_parallax_layout_bg_size_mobile&quot;:&quot;&quot;,&quot;jet_parallax_layout_animation_prop&quot;:&quot;transform&quot;,&quot;jet_parallax_layout_on&quot;:[&quot;desktop&quot;,&quot;tablet&quot;]}]}\">\n\t\t\t\t\t\t<div class=\"elementor-container elementor-column-gap-default\">\n\t\t\t\t\t<div class=\"elementor-column elementor-col-100 elementor-top-column elementor-element elementor-element-06c5cef\" data-id=\"06c5cef\" data-element_type=\"column\">\n\t\t\t<div class=\"elementor-widget-wrap elementor-element-populated\">\n\t\t\t\t\t\t<section class=\"elementor-section elementor-inner-section elementor-element elementor-element-91fe2c1 elementor-section-boxed elementor-section-height-default elementor-section-height-default\" data-id=\"91fe2c1\" data-element_type=\"section\" data-settings=\"{&quot;jet_parallax_layout_list&quot;:[{&quot;jet_parallax_layout_image&quot;:{&quot;url&quot;:&quot;&quot;,&quot;id&quot;:&quot;&quot;,&quot;size&quot;:&quot;&quot;},&quot;_id&quot;:&quot;e651511&quot;,&quot;jet_parallax_layout_image_tablet&quot;:{&quot;url&quot;:&quot;&quot;,&quot;id&quot;:&quot;&quot;,&quot;size&quot;:&quot;&quot;},&quot;jet_parallax_layout_image_mobile&quot;:{&quot;url&quot;:&quot;&quot;,&quot;id&quot;:&quot;&quot;,&quot;size&quot;:&quot;&quot;},&quot;jet_parallax_layout_speed&quot;:{&quot;unit&quot;:&quot;%&quot;,&quot;size&quot;:50,&quot;sizes&quot;:[]},&quot;jet_parallax_layout_type&quot;:&quot;scroll&quot;,&quot;jet_parallax_layout_direction&quot;:null,&quot;jet_parallax_layout_fx_direction&quot;:null,&quot;jet_parallax_layout_z_index&quot;:&quot;&quot;,&quot;jet_parallax_layout_bg_x&quot;:50,&quot;jet_parallax_layout_bg_x_tablet&quot;:&quot;&quot;,&quot;jet_parallax_layout_bg_x_mobile&quot;:&quot;&quot;,&quot;jet_parallax_layout_bg_y&quot;:50,&quot;jet_parallax_layout_bg_y_tablet&quot;:&quot;&quot;,&quot;jet_parallax_layout_bg_y_mobile&quot;:&quot;&quot;,&quot;jet_parallax_layout_bg_size&quot;:&quot;auto&quot;,&quot;jet_parallax_layout_bg_size_tablet&quot;:&quot;&quot;,&quot;jet_parallax_layout_bg_size_mobile&quot;:&quot;&quot;,&quot;jet_parallax_layout_animation_prop&quot;:&quot;transform&quot;,&quot;jet_parallax_layout_on&quot;:[&quot;desktop&quot;,&quot;tablet&quot;]}]}\">\n\t\t\t\t\t\t<div class=\"elementor-container elementor-column-gap-default\">\n\t\t\t\t\t<div class=\"elementor-column elementor-col-50 elementor-inner-column elementor-element elementor-element-39bda71\" data-id=\"39bda71\" data-element_type=\"column\">\n\t\t\t<div class=\"elementor-widget-wrap elementor-element-populated\">\n\t\t\t\t\t\t<div class=\"elementor-element elementor-element-ed7269f elementor-widget elementor-widget-jet-animated-box\" data-id=\"ed7269f\" data-element_type=\"widget\" data-widget_type=\"jet-animated-box.default\">\n\t\t\t\t<div class=\"elementor-widget-container\">\n\t\t\t<div class=\"elementor-jet-animated-box jet-elements\"><div id=\"jet-animated-box-ed7269f\" class=\"jet-animated-box jet-box-effect-1\" data-settings='{\"widgetId\":\"ed7269f\",\"switchEventType\":\"hover\",\"paperFoldDirection\":\"left\",\"slideOutDirection\":\"left\",\"peelCornerPosition\":\"right\"}'>\n\t<div id=\"jet-animated-box__front-ed7269f\" class=\"jet-animated-box__front\">\n\t\t<div class=\"jet-animated-box__inner\"><div class=\"jet-animated-box__content\"><h3 class=\"jet-animated-box__title jet-animated-box__title--front\">DU\u0160IALUSTE KOMPLEKTID<\/h3><\/div><\/div>\n\t\t<div class=\"jet-animated-box__overlay\"><\/div><\/div>\n\t<div id=\"jet-animated-box__back-ed7269f\" class=\"jet-animated-box__back\">\n\t\t<div class=\"jet-animated-box__inner\"><div class=\"jet-animated-box__content\"><a class=\"elementor-button elementor-size-md jet-animated-box__button jet-animated-box__button--back jet-animated-box__button--icon-\" href=\"https:\/\/www.tycroc.com\/et\/tooted\/shower-bases-drainages\/\"><span class=\"jet-animated-box__button-text\">DU\u0160IALUSTE KOMPLEKTID<\/span><\/a>\n\n<\/div><\/div>\n\t\t<div class=\"jet-animated-box__overlay\"><\/div><\/div>\n<\/div>\n<\/div>\t\t<\/div>\n\t\t\t\t<\/div>\n\t\t\t\t<div class=\"elementor-element elementor-element-3797295 elementor-fixed-height-250 elementor-widget elementor-widget-text-editor\" data-id=\"3797295\" data-element_type=\"widget\" data-widget_type=\"text-editor.default\">\n\t\t\t\t<div class=\"elementor-widget-container\">\n\t\t\t\t\t\t\t<p>Valmis kalletega viimistletavad du\u0161ialused trapiga, renniga v\u00f5i ilma.<\/p>\t\t\t\t\t\t<\/div>\n\t\t\t\t<\/div>\n\t\t\t\t\t<\/div>\n\t\t<\/div>\n\t\t\t\t<div class=\"elementor-column elementor-col-50 elementor-inner-column elementor-element elementor-element-eb4385b\" data-id=\"eb4385b\" data-element_type=\"column\">\n\t\t\t<div class=\"elementor-widget-wrap elementor-element-populated\">\n\t\t\t\t\t\t<div class=\"elementor-element elementor-element-30b134e elementor-widget elementor-widget-jet-animated-box\" data-id=\"30b134e\" data-element_type=\"widget\" data-widget_type=\"jet-animated-box.default\">\n\t\t\t\t<div class=\"elementor-widget-container\">\n\t\t\t<div class=\"elementor-jet-animated-box jet-elements\"><div id=\"jet-animated-box-30b134e\" class=\"jet-animated-box jet-box-effect-1\" data-settings='{\"widgetId\":\"30b134e\",\"switchEventType\":\"hover\",\"paperFoldDirection\":\"left\",\"slideOutDirection\":\"left\",\"peelCornerPosition\":\"right\"}'>\n\t<div id=\"jet-animated-box__front-30b134e\" class=\"jet-animated-box__front\">\n\t\t<div class=\"jet-animated-box__inner\"><div class=\"jet-animated-box__content\"><h3 class=\"jet-animated-box__title jet-animated-box__title--front\">KINNITUS- & ISOLEERIMISTARVIKUD<\/h3><\/div><\/div>\n\t\t<div class=\"jet-animated-box__overlay\"><\/div><\/div>\n\t<div id=\"jet-animated-box__back-30b134e\" class=\"jet-animated-box__back\">\n\t\t<div class=\"jet-animated-box__inner\"><div class=\"jet-animated-box__content\"><a class=\"elementor-button elementor-size-md jet-animated-box__button jet-animated-box__button--back jet-animated-box__button--icon-\" href=\"https:\/\/www.tycroc.com\/et\/tooted\/fastening-insulating-components\/\"><span class=\"jet-animated-box__button-text\">KINNITUS- & ISOLEERIMISTARVIKUD<\/span><\/a>\n\n<\/div><\/div>\n\t\t<div class=\"jet-animated-box__overlay\"><\/div><\/div>\n<\/div>\n<\/div>\t\t<\/div>\n\t\t\t\t<\/div>\n\t\t\t\t<div class=\"elementor-element elementor-element-742e402 elementor-fixed-height-250 elementor-widget elementor-widget-text-editor\" data-id=\"742e402\" data-element_type=\"widget\" data-widget_type=\"text-editor.default\">\n\t\t\t\t<div class=\"elementor-widget-container\">\n\t\t\t\t\t\t\t<p>Liimid, seibid ja muud kinnitusvahendid Tycroc toodete paigaldamiseks ning isoleerimiseks.<\/p>\t\t\t\t\t\t<\/div>\n\t\t\t\t<\/div>\n\t\t\t\t\t<\/div>\n\t\t<\/div>\n\t\t\t\t\t<\/div>\n\t\t<\/section>\n\t\t\t\t\t<\/div>\n\t\t<\/div>\n\t\t\t\t\t<\/div>\n\t\t<\/section>\n\t\t\t\t<\/div>\n\t\t","protected":false},"excerpt":{"rendered":"<p>DU\u0160IALUSTE KOMPLEKTID DU\u0160IALUSTE KOMPLEKTID Valmis kalletega viimistletavad du\u0161ialused trapiga, renniga v\u00f5i ilma. KINNITUS- &#038; ISOLEERIMISTARVIKUD KINNITUS- &#038; ISOLEERIMISTARVIKUD Liimid, seibid ja muud kinnitusvahendid Tycroc toodete paigaldamiseks ning isoleerimiseks.<\/p>\n","protected":false},"author":3,"featured_media":0,"parent":7863,"menu_order":0,"comment_status":"closed","ping_status":"closed","template":"","meta":{"_acf_changed":false,"content-type":"","footnotes":""},"class_list":["post-8617","page","type-page","status-publish","hentry"],"acf":[],"yoast_head":"<!-- This site is optimized with the Yoast SEO plugin v23.2 - https:\/\/yoast.com\/wordpress\/plugins\/seo\/ -->\n<title>Du\u0161inurk - TYCROC<\/title>\n<meta name=\"description\" content=\"Plaatimiseks valmis du\u0161ialused on spetsiaalselt v\u00e4ljat\u00f6\u00f6tatud lahendus du\u0161inurkade ja -kabiinide p\u00f5hja katmiseks. Saadaval nii trapiga kui ka renniga.\" \/>\n<meta name=\"robots\" content=\"index, follow, max-snippet:-1, max-image-preview:large, max-video-preview:-1\" \/>\n<link rel=\"canonical\" href=\"https:\/\/www.tycroc.com\/et\/lahendused\/dusinurk\/\" \/>\n<meta property=\"og:locale\" content=\"et_EE\" \/>\n<meta property=\"og:type\" content=\"article\" \/>\n<meta property=\"og:title\" content=\"Du\u0161inurk - TYCROC\" \/>\n<meta property=\"og:description\" content=\"Plaatimiseks valmis du\u0161ialused on spetsiaalselt v\u00e4ljat\u00f6\u00f6tatud lahendus du\u0161inurkade ja -kabiinide p\u00f5hja katmiseks. Saadaval nii trapiga kui ka renniga.\" \/>\n<meta property=\"og:url\" content=\"https:\/\/www.tycroc.com\/et\/lahendused\/dusinurk\/\" \/>\n<meta property=\"og:site_name\" content=\"TYCROC\" \/>\n<meta property=\"article:modified_time\" content=\"2023-05-16T07:44:29+00:00\" \/>\n<meta name=\"twitter:card\" content=\"summary_large_image\" \/>\n<meta name=\"twitter:label1\" content=\"Est. reading time\" \/>\n\t<meta name=\"twitter:data1\" content=\"1 minut\" \/>\n<script type=\"application\/ld+json\" class=\"yoast-schema-graph\">{\"@context\":\"https:\/\/schema.org\",\"@graph\":[{\"@type\":\"WebPage\",\"@id\":\"https:\/\/www.tycroc.com\/et\/lahendused\/dusinurk\/\",\"url\":\"https:\/\/www.tycroc.com\/et\/lahendused\/dusinurk\/\",\"name\":\"Du\u0161inurk - TYCROC\",\"isPartOf\":{\"@id\":\"https:\/\/www.tycroc.com\/et\/#website\"},\"datePublished\":\"2020-07-21T19:29:40+00:00\",\"dateModified\":\"2023-05-16T07:44:29+00:00\",\"description\":\"Plaatimiseks valmis du\u0161ialused on spetsiaalselt v\u00e4ljat\u00f6\u00f6tatud lahendus du\u0161inurkade ja -kabiinide p\u00f5hja katmiseks. Saadaval nii trapiga kui ka renniga.\",\"breadcrumb\":{\"@id\":\"https:\/\/www.tycroc.com\/et\/lahendused\/dusinurk\/#breadcrumb\"},\"inLanguage\":\"et\",\"potentialAction\":[{\"@type\":\"ReadAction\",\"target\":[\"https:\/\/www.tycroc.com\/et\/lahendused\/dusinurk\/\"]}]},{\"@type\":\"BreadcrumbList\",\"@id\":\"https:\/\/www.tycroc.com\/et\/lahendused\/dusinurk\/#breadcrumb\",\"itemListElement\":[{\"@type\":\"ListItem\",\"position\":1,\"name\":\"Home\",\"item\":\"https:\/\/www.tycroc.com\/et\/\"},{\"@type\":\"ListItem\",\"position\":2,\"name\":\"Lahendused\",\"item\":\"https:\/\/www.tycroc.com\/et\/applications\/\"},{\"@type\":\"ListItem\",\"position\":3,\"name\":\"Du\u0161inurk\"}]},{\"@type\":\"WebSite\",\"@id\":\"https:\/\/www.tycroc.com\/et\/#website\",\"url\":\"https:\/\/www.tycroc.com\/et\/\",\"name\":\"TYCROC\",\"description\":\"\",\"publisher\":{\"@id\":\"https:\/\/www.tycroc.com\/et\/#organization\"},\"potentialAction\":[{\"@type\":\"SearchAction\",\"target\":{\"@type\":\"EntryPoint\",\"urlTemplate\":\"https:\/\/www.tycroc.com\/et\/?s={search_term_string}\"},\"query-input\":\"required name=search_term_string\"}],\"inLanguage\":\"et\"},{\"@type\":\"Organization\",\"@id\":\"https:\/\/www.tycroc.com\/et\/#organization\",\"name\":\"TYCROC\",\"url\":\"https:\/\/www.tycroc.com\/et\/\",\"logo\":{\"@type\":\"ImageObject\",\"inLanguage\":\"et\",\"@id\":\"https:\/\/www.tycroc.com\/et\/#\/schema\/logo\/image\/\",\"url\":\"https:\/\/www.tycroc.com\/wp-content\/uploads\/2020\/03\/cropped-tycroc-logo.png\",\"contentUrl\":\"https:\/\/www.tycroc.com\/wp-content\/uploads\/2020\/03\/cropped-tycroc-logo.png\",\"width\":205,\"height\":59,\"caption\":\"TYCROC\"},\"image\":{\"@id\":\"https:\/\/www.tycroc.com\/et\/#\/schema\/logo\/image\/\"}}]}<\/script>\n<!-- \/ Yoast SEO plugin. -->","yoast_head_json":{"title":"Du\u0161inurk - TYCROC","description":"Plaatimiseks valmis du\u0161ialused on spetsiaalselt v\u00e4ljat\u00f6\u00f6tatud lahendus du\u0161inurkade ja -kabiinide p\u00f5hja katmiseks. Saadaval nii trapiga kui ka renniga.","robots":{"index":"index","follow":"follow","max-snippet":"max-snippet:-1","max-image-preview":"max-image-preview:large","max-video-preview":"max-video-preview:-1"},"canonical":"https:\/\/www.tycroc.com\/et\/lahendused\/dusinurk\/","og_locale":"et_EE","og_type":"article","og_title":"Du\u0161inurk - TYCROC","og_description":"Plaatimiseks valmis du\u0161ialused on spetsiaalselt v\u00e4ljat\u00f6\u00f6tatud lahendus du\u0161inurkade ja -kabiinide p\u00f5hja katmiseks. Saadaval nii trapiga kui ka renniga.","og_url":"https:\/\/www.tycroc.com\/et\/lahendused\/dusinurk\/","og_site_name":"TYCROC","article_modified_time":"2023-05-16T07:44:29+00:00","twitter_card":"summary_large_image","twitter_misc":{"Est. reading time":"1 minut"},"schema":{"@context":"https:\/\/schema.org","@graph":[{"@type":"WebPage","@id":"https:\/\/www.tycroc.com\/et\/lahendused\/dusinurk\/","url":"https:\/\/www.tycroc.com\/et\/lahendused\/dusinurk\/","name":"Du\u0161inurk - TYCROC","isPartOf":{"@id":"https:\/\/www.tycroc.com\/et\/#website"},"datePublished":"2020-07-21T19:29:40+00:00","dateModified":"2023-05-16T07:44:29+00:00","description":"Plaatimiseks valmis du\u0161ialused on spetsiaalselt v\u00e4ljat\u00f6\u00f6tatud lahendus du\u0161inurkade ja -kabiinide p\u00f5hja katmiseks. Saadaval nii trapiga kui ka renniga.","breadcrumb":{"@id":"https:\/\/www.tycroc.com\/et\/lahendused\/dusinurk\/#breadcrumb"},"inLanguage":"et","potentialAction":[{"@type":"ReadAction","target":["https:\/\/www.tycroc.com\/et\/lahendused\/dusinurk\/"]}]},{"@type":"BreadcrumbList","@id":"https:\/\/www.tycroc.com\/et\/lahendused\/dusinurk\/#breadcrumb","itemListElement":[{"@type":"ListItem","position":1,"name":"Home","item":"https:\/\/www.tycroc.com\/et\/"},{"@type":"ListItem","position":2,"name":"Lahendused","item":"https:\/\/www.tycroc.com\/et\/applications\/"},{"@type":"ListItem","position":3,"name":"Du\u0161inurk"}]},{"@type":"WebSite","@id":"https:\/\/www.tycroc.com\/et\/#website","url":"https:\/\/www.tycroc.com\/et\/","name":"TYCROC","description":"","publisher":{"@id":"https:\/\/www.tycroc.com\/et\/#organization"},"potentialAction":[{"@type":"SearchAction","target":{"@type":"EntryPoint","urlTemplate":"https:\/\/www.tycroc.com\/et\/?s={search_term_string}"},"query-input":"required name=search_term_string"}],"inLanguage":"et"},{"@type":"Organization","@id":"https:\/\/www.tycroc.com\/et\/#organization","name":"TYCROC","url":"https:\/\/www.tycroc.com\/et\/","logo":{"@type":"ImageObject","inLanguage":"et","@id":"https:\/\/www.tycroc.com\/et\/#\/schema\/logo\/image\/","url":"https:\/\/www.tycroc.com\/wp-content\/uploads\/2020\/03\/cropped-tycroc-logo.png","contentUrl":"https:\/\/www.tycroc.com\/wp-content\/uploads\/2020\/03\/cropped-tycroc-logo.png","width":205,"height":59,"caption":"TYCROC"},"image":{"@id":"https:\/\/www.tycroc.com\/et\/#\/schema\/logo\/image\/"}}]}},"_links":{"self":[{"href":"https:\/\/www.tycroc.com\/et\/wp-json\/wp\/v2\/pages\/8617"}],"collection":[{"href":"https:\/\/www.tycroc.com\/et\/wp-json\/wp\/v2\/pages"}],"about":[{"href":"https:\/\/www.tycroc.com\/et\/wp-json\/wp\/v2\/types\/page"}],"author":[{"embeddable":true,"href":"https:\/\/www.tycroc.com\/et\/wp-json\/wp\/v2\/users\/3"}],"replies":[{"embeddable":true,"href":"https:\/\/www.tycroc.com\/et\/wp-json\/wp\/v2\/comments?post=8617"}],"version-history":[{"count":10,"href":"https:\/\/www.tycroc.com\/et\/wp-json\/wp\/v2\/pages\/8617\/revisions"}],"predecessor-version":[{"id":21472,"href":"https:\/\/www.tycroc.com\/et\/wp-json\/wp\/v2\/pages\/8617\/revisions\/21472"}],"up":[{"embeddable":true,"href":"https:\/\/www.tycroc.com\/et\/wp-json\/wp\/v2\/pages\/7863"}],"wp:attachment":[{"href":"https:\/\/www.tycroc.com\/et\/wp-json\/wp\/v2\/media?parent=8617"}],"curies":[{"name":"wp","href":"https:\/\/api.w.org\/{rel}","templated":true}]}}