{"id":7095,"date":"2020-03-13T16:39:31","date_gmt":"2020-03-13T16:39:31","guid":{"rendered":"https:\/\/www.tycroc.com\/tycrocist\/toetame\/"},"modified":"2023-11-17T14:15:48","modified_gmt":"2023-11-17T12:15:48","slug":"toetame","status":"publish","type":"page","link":"https:\/\/www.tycroc.com\/et\/tycrocist\/toetame\/","title":{"rendered":"Toetame"},"content":{"rendered":"\t\t<div data-elementor-type=\"wp-page\" data-elementor-id=\"7095\" class=\"elementor elementor-7095 elementor-7067\">\n\t\t\t\t\t\t<section class=\"elementor-section elementor-top-section elementor-element elementor-element-0c82e56 elementor-section-boxed elementor-section-height-default elementor-section-height-default\" data-id=\"0c82e56\" data-element_type=\"section\" data-settings=\"{&quot;jet_parallax_layout_list&quot;:[{&quot;jet_parallax_layout_image&quot;:{&quot;url&quot;:&quot;&quot;,&quot;id&quot;:&quot;&quot;,&quot;size&quot;:&quot;&quot;},&quot;_id&quot;:&quot;797f239&quot;,&quot;jet_parallax_layout_image_tablet&quot;:{&quot;url&quot;:&quot;&quot;,&quot;id&quot;:&quot;&quot;,&quot;size&quot;:&quot;&quot;},&quot;jet_parallax_layout_image_mobile&quot;:{&quot;url&quot;:&quot;&quot;,&quot;id&quot;:&quot;&quot;,&quot;size&quot;:&quot;&quot;},&quot;jet_parallax_layout_speed&quot;:{&quot;unit&quot;:&quot;%&quot;,&quot;size&quot;:50,&quot;sizes&quot;:[]},&quot;jet_parallax_layout_type&quot;:&quot;scroll&quot;,&quot;jet_parallax_layout_direction&quot;:null,&quot;jet_parallax_layout_fx_direction&quot;:null,&quot;jet_parallax_layout_z_index&quot;:&quot;&quot;,&quot;jet_parallax_layout_bg_x&quot;:50,&quot;jet_parallax_layout_bg_x_tablet&quot;:&quot;&quot;,&quot;jet_parallax_layout_bg_x_mobile&quot;:&quot;&quot;,&quot;jet_parallax_layout_bg_y&quot;:50,&quot;jet_parallax_layout_bg_y_tablet&quot;:&quot;&quot;,&quot;jet_parallax_layout_bg_y_mobile&quot;:&quot;&quot;,&quot;jet_parallax_layout_bg_size&quot;:&quot;auto&quot;,&quot;jet_parallax_layout_bg_size_tablet&quot;:&quot;&quot;,&quot;jet_parallax_layout_bg_size_mobile&quot;:&quot;&quot;,&quot;jet_parallax_layout_animation_prop&quot;:&quot;transform&quot;,&quot;jet_parallax_layout_on&quot;:[&quot;desktop&quot;,&quot;tablet&quot;]}]}\">\n\t\t\t\t\t\t<div class=\"elementor-container elementor-column-gap-default\">\n\t\t\t\t\t<div class=\"elementor-column elementor-col-100 elementor-top-column elementor-element elementor-element-aa01ef2\" data-id=\"aa01ef2\" data-element_type=\"column\">\n\t\t\t<div class=\"elementor-widget-wrap elementor-element-populated\">\n\t\t\t\t\t\t<div class=\"elementor-element elementor-element-4691781 elementor-widget elementor-widget-text-editor\" data-id=\"4691781\" data-element_type=\"widget\" data-widget_type=\"text-editor.default\">\n\t\t\t\t<div class=\"elementor-widget-container\">\n\t\t\t\t\t\t\t<p>Oma panuse on Tycroc\u00a0andnud mitmete erinevate projektide elluviimisel. T\u00e4naseks k\u00f5ige pikemalt oleme \u00fchiskonna arengule kaasa aidanud l\u00e4bi spordi toetamise.<\/p>\t\t\t\t\t\t<\/div>\n\t\t\t\t<\/div>\n\t\t\t\t\t<\/div>\n\t\t<\/div>\n\t\t\t\t\t<\/div>\n\t\t<\/section>\n\t\t\t\t<section class=\"elementor-section elementor-top-section elementor-element elementor-element-44abbdd elementor-section-boxed elementor-section-height-default elementor-section-height-default\" data-id=\"44abbdd\" data-element_type=\"section\" data-settings=\"{&quot;jet_parallax_layout_list&quot;:[{&quot;jet_parallax_layout_image&quot;:{&quot;url&quot;:&quot;&quot;,&quot;id&quot;:&quot;&quot;,&quot;size&quot;:&quot;&quot;},&quot;_id&quot;:&quot;18d9d23&quot;,&quot;jet_parallax_layout_image_tablet&quot;:{&quot;url&quot;:&quot;&quot;,&quot;id&quot;:&quot;&quot;,&quot;size&quot;:&quot;&quot;},&quot;jet_parallax_layout_image_mobile&quot;:{&quot;url&quot;:&quot;&quot;,&quot;id&quot;:&quot;&quot;,&quot;size&quot;:&quot;&quot;},&quot;jet_parallax_layout_speed&quot;:{&quot;unit&quot;:&quot;%&quot;,&quot;size&quot;:50,&quot;sizes&quot;:[]},&quot;jet_parallax_layout_type&quot;:&quot;scroll&quot;,&quot;jet_parallax_layout_direction&quot;:null,&quot;jet_parallax_layout_fx_direction&quot;:null,&quot;jet_parallax_layout_z_index&quot;:&quot;&quot;,&quot;jet_parallax_layout_bg_x&quot;:50,&quot;jet_parallax_layout_bg_x_tablet&quot;:&quot;&quot;,&quot;jet_parallax_layout_bg_x_mobile&quot;:&quot;&quot;,&quot;jet_parallax_layout_bg_y&quot;:50,&quot;jet_parallax_layout_bg_y_tablet&quot;:&quot;&quot;,&quot;jet_parallax_layout_bg_y_mobile&quot;:&quot;&quot;,&quot;jet_parallax_layout_bg_size&quot;:&quot;auto&quot;,&quot;jet_parallax_layout_bg_size_tablet&quot;:&quot;&quot;,&quot;jet_parallax_layout_bg_size_mobile&quot;:&quot;&quot;,&quot;jet_parallax_layout_animation_prop&quot;:&quot;transform&quot;,&quot;jet_parallax_layout_on&quot;:[&quot;desktop&quot;,&quot;tablet&quot;]}]}\">\n\t\t\t\t\t\t<div class=\"elementor-container elementor-column-gap-default\">\n\t\t\t\t\t<div class=\"elementor-column elementor-col-100 elementor-top-column elementor-element elementor-element-eb73fe3\" data-id=\"eb73fe3\" data-element_type=\"column\">\n\t\t\t<div class=\"elementor-widget-wrap elementor-element-populated\">\n\t\t\t\t\t\t<div class=\"elementor-element elementor-element-e9bf084 elementor-widget elementor-widget-text-editor\" data-id=\"e9bf084\" data-element_type=\"widget\" data-widget_type=\"text-editor.default\">\n\t\t\t\t<div class=\"elementor-widget-container\">\n\t\t\t\t\t\t\t<p>Toetame Kevin Renno V\u00f5itlusspordi Akadeemia MT\u00dc-d.<br \/><a href=\"http:\/\/taipoks.ee\/\" target=\"_blank\" rel=\"noopener\">www.taipoks.ee<\/a><\/p>\t\t\t\t\t\t<\/div>\n\t\t\t\t<\/div>\n\t\t\t\t<div class=\"elementor-element elementor-element-9d9ab6f elementor-widget elementor-widget-image\" data-id=\"9d9ab6f\" data-element_type=\"widget\" data-widget_type=\"image.default\">\n\t\t\t\t<div class=\"elementor-widget-container\">\n\t\t\t\t\t\t\t\t\t\t\t\t\t<img fetchpriority=\"high\" decoding=\"async\" width=\"956\" height=\"187\" src=\"https:\/\/www.tycroc.com\/wp-content\/uploads\/2020\/03\/taipoks.jpg\" class=\"attachment-large size-large wp-image-7086\" alt=\"\" srcset=\"https:\/\/www.tycroc.com\/wp-content\/uploads\/2020\/03\/taipoks.jpg 956w, https:\/\/www.tycroc.com\/wp-content\/uploads\/2020\/03\/taipoks-300x59.jpg 300w, https:\/\/www.tycroc.com\/wp-content\/uploads\/2020\/03\/taipoks-768x150.jpg 768w, https:\/\/www.tycroc.com\/wp-content\/uploads\/2020\/03\/taipoks-600x117.jpg 600w\" sizes=\"(max-width: 956px) 100vw, 956px\" data-copyright=\"\" data-headline=\"taipoks\" data-description=\"\" \/>\t\t\t\t\t\t\t\t\t\t\t\t\t<\/div>\n\t\t\t\t<\/div>\n\t\t\t\t<div class=\"elementor-element elementor-element-f6e19d0 elementor-widget elementor-widget-spacer\" data-id=\"f6e19d0\" data-element_type=\"widget\" data-widget_type=\"spacer.default\">\n\t\t\t\t<div class=\"elementor-widget-container\">\n\t\t\t\t\t<div class=\"elementor-spacer\">\n\t\t\t<div class=\"elementor-spacer-inner\"><\/div>\n\t\t<\/div>\n\t\t\t\t<\/div>\n\t\t\t\t<\/div>\n\t\t\t\t<div class=\"elementor-element elementor-element-45332eb elementor-widget elementor-widget-text-editor\" data-id=\"45332eb\" data-element_type=\"widget\" data-widget_type=\"text-editor.default\">\n\t\t\t\t<div class=\"elementor-widget-container\">\n\t\t\t\t\t\t\t<p>Toetame Rapla Korvpallikool MT\u00dc-d.<br \/>\nOleme olnud\u00a0Rapla Korvpallikooli esindusmeeskonna nimesponsoriks alates 2012 kuni 2015.<br \/>\nTaas oleme toetajate ringis aastast 2017.<br \/>\n<a href=\"http:\/\/www.raplakk.ee\/\" target=\"_blank\" rel=\"noopener\">www.raplakk.ee<\/a><\/p>\n\t\t\t\t\t\t<\/div>\n\t\t\t\t<\/div>\n\t\t\t\t<div class=\"elementor-element elementor-element-0224672 elementor-widget elementor-widget-image\" data-id=\"0224672\" data-element_type=\"widget\" data-widget_type=\"image.default\">\n\t\t\t\t<div class=\"elementor-widget-container\">\n\t\t\t\t\t\t\t\t\t\t\t\t\t<img decoding=\"async\" width=\"1024\" height=\"682\" data-src=\"https:\/\/www.tycroc.com\/wp-content\/uploads\/2020\/03\/Rapla-pronks-2015-1024x682.jpg\" class=\"attachment-large size-large wp-image-7078 lazyload\" alt=\"\" data-srcset=\"https:\/\/www.tycroc.com\/wp-content\/uploads\/2020\/03\/Rapla-pronks-2015-1024x682.jpg 1024w, https:\/\/www.tycroc.com\/wp-content\/uploads\/2020\/03\/Rapla-pronks-2015-300x200.jpg 300w, https:\/\/www.tycroc.com\/wp-content\/uploads\/2020\/03\/Rapla-pronks-2015-768x512.jpg 768w, https:\/\/www.tycroc.com\/wp-content\/uploads\/2020\/03\/Rapla-pronks-2015-1536x1024.jpg 1536w, https:\/\/www.tycroc.com\/wp-content\/uploads\/2020\/03\/Rapla-pronks-2015-600x400.jpg 600w, https:\/\/www.tycroc.com\/wp-content\/uploads\/2020\/03\/Rapla-pronks-2015.jpg 2000w\" data-sizes=\"(max-width: 1024px) 100vw, 1024px\" data-copyright=\"\" data-headline=\"Rapla pronks 2015\" data-description=\"\" src=\"data:image\/gif;base64,R0lGODlhAQABAAAAACH5BAEKAAEALAAAAAABAAEAAAICTAEAOw==\" style=\"--smush-placeholder-width: 1024px; --smush-placeholder-aspect-ratio: 1024\/682;\" \/><noscript><img decoding=\"async\" width=\"1024\" height=\"682\" src=\"https:\/\/www.tycroc.com\/wp-content\/uploads\/2020\/03\/Rapla-pronks-2015-1024x682.jpg\" class=\"attachment-large size-large wp-image-7078\" alt=\"\" srcset=\"https:\/\/www.tycroc.com\/wp-content\/uploads\/2020\/03\/Rapla-pronks-2015-1024x682.jpg 1024w, https:\/\/www.tycroc.com\/wp-content\/uploads\/2020\/03\/Rapla-pronks-2015-300x200.jpg 300w, https:\/\/www.tycroc.com\/wp-content\/uploads\/2020\/03\/Rapla-pronks-2015-768x512.jpg 768w, https:\/\/www.tycroc.com\/wp-content\/uploads\/2020\/03\/Rapla-pronks-2015-1536x1024.jpg 1536w, https:\/\/www.tycroc.com\/wp-content\/uploads\/2020\/03\/Rapla-pronks-2015-600x400.jpg 600w, https:\/\/www.tycroc.com\/wp-content\/uploads\/2020\/03\/Rapla-pronks-2015.jpg 2000w\" sizes=\"(max-width: 1024px) 100vw, 1024px\" data-copyright=\"\" data-headline=\"Rapla pronks 2015\" data-description=\"\" \/><\/noscript>\t\t\t\t\t\t\t\t\t\t\t\t\t<\/div>\n\t\t\t\t<\/div>\n\t\t\t\t<div class=\"elementor-element elementor-element-4a43d8f elementor-widget elementor-widget-spacer\" data-id=\"4a43d8f\" data-element_type=\"widget\" data-widget_type=\"spacer.default\">\n\t\t\t\t<div class=\"elementor-widget-container\">\n\t\t\t\t\t<div class=\"elementor-spacer\">\n\t\t\t<div class=\"elementor-spacer-inner\"><\/div>\n\t\t<\/div>\n\t\t\t\t<\/div>\n\t\t\t\t<\/div>\n\t\t\t\t<div class=\"elementor-element elementor-element-71aed27 elementor-widget elementor-widget-text-editor\" data-id=\"71aed27\" data-element_type=\"widget\" data-widget_type=\"text-editor.default\">\n\t\t\t\t<div class=\"elementor-widget-container\">\n\t\t\t\t\t\t\t<p>Toetame Kalevi Jalgrattakool MT\u00dc-d.<br \/>\n<a href=\"http:\/\/www.jalgrattakool.ee\/\" target=\"_blank\" rel=\"noopener\">www.jalgrattakool.ee<\/a><\/p>\n\t\t\t\t\t\t<\/div>\n\t\t\t\t<\/div>\n\t\t\t\t<div class=\"elementor-element elementor-element-013efbf elementor-widget elementor-widget-image\" data-id=\"013efbf\" data-element_type=\"widget\" data-widget_type=\"image.default\">\n\t\t\t\t<div class=\"elementor-widget-container\">\n\t\t\t\t\t\t\t\t\t\t\t\t\t<img decoding=\"async\" width=\"720\" height=\"400\" data-src=\"https:\/\/www.tycroc.com\/wp-content\/uploads\/2020\/03\/jalgrattakool-e1586284433401.jpg\" class=\"attachment-large size-large wp-image-7070 lazyload\" alt=\"\" data-copyright=\"\" data-headline=\"jalgrattakool\" data-description=\"\" src=\"data:image\/gif;base64,R0lGODlhAQABAAAAACH5BAEKAAEALAAAAAABAAEAAAICTAEAOw==\" style=\"--smush-placeholder-width: 720px; --smush-placeholder-aspect-ratio: 720\/400;\" \/><noscript><img decoding=\"async\" width=\"720\" height=\"400\" src=\"https:\/\/www.tycroc.com\/wp-content\/uploads\/2020\/03\/jalgrattakool-e1586284433401.jpg\" class=\"attachment-large size-large wp-image-7070\" alt=\"\" data-copyright=\"\" data-headline=\"jalgrattakool\" data-description=\"\" \/><\/noscript>\t\t\t\t\t\t\t\t\t\t\t\t\t<\/div>\n\t\t\t\t<\/div>\n\t\t\t\t\t<\/div>\n\t\t<\/div>\n\t\t\t\t\t<\/div>\n\t\t<\/section>\n\t\t\t\t<\/div>\n\t\t","protected":false},"excerpt":{"rendered":"<p>Oma panuse on Tycroc\u00a0andnud mitmete erinevate projektide elluviimisel. T\u00e4naseks k\u00f5ige pikemalt oleme \u00fchiskonna arengule kaasa aidanud l\u00e4bi spordi toetamise. Toetame Kevin Renno V\u00f5itlusspordi Akadeemia MT\u00dc-d.www.taipoks.ee Toetame Rapla Korvpallikool MT\u00dc-d. Oleme olnud\u00a0Rapla Korvpallikooli esindusmeeskonna nimesponsoriks alates 2012 kuni 2015. Taas oleme toetajate ringis aastast 2017. www.raplakk.ee Toetame Kalevi Jalgrattakool MT\u00dc-d. www.jalgrattakool.ee<\/p>\n","protected":false},"author":3,"featured_media":0,"parent":7045,"menu_order":0,"comment_status":"closed","ping_status":"closed","template":"","meta":{"_acf_changed":false,"content-type":"","footnotes":""},"class_list":["post-7095","page","type-page","status-publish","hentry"],"acf":[],"yoast_head":"<!-- This site is optimized with the Yoast SEO plugin v23.2 - https:\/\/yoast.com\/wordpress\/plugins\/seo\/ -->\n<title>Toetame - TYCROC<\/title>\n<meta name=\"description\" content=\"Oma panuse on Tycroc andnud mitmete erinevate projektide elluviimisel. T\u00e4naseks k\u00f5ige pikemalt oleme \u00fchiskonna arengule kaasa aidanud l\u00e4bi spordi toetamise.\" \/>\n<meta name=\"robots\" content=\"index, follow, max-snippet:-1, max-image-preview:large, max-video-preview:-1\" \/>\n<link rel=\"canonical\" href=\"https:\/\/www.tycroc.com\/et\/tycrocist\/toetame\/\" \/>\n<meta property=\"og:locale\" content=\"et_EE\" \/>\n<meta property=\"og:type\" content=\"article\" \/>\n<meta property=\"og:title\" content=\"Toetame - TYCROC\" \/>\n<meta property=\"og:description\" content=\"Oma panuse on Tycroc andnud mitmete erinevate projektide elluviimisel. T\u00e4naseks k\u00f5ige pikemalt oleme \u00fchiskonna arengule kaasa aidanud l\u00e4bi spordi toetamise.\" \/>\n<meta property=\"og:url\" content=\"https:\/\/www.tycroc.com\/et\/tycrocist\/toetame\/\" \/>\n<meta property=\"og:site_name\" content=\"TYCROC\" \/>\n<meta property=\"article:modified_time\" content=\"2023-11-17T12:15:48+00:00\" \/>\n<meta property=\"og:image\" content=\"https:\/\/www.tycroc.com\/wp-content\/uploads\/2020\/03\/taipoks.jpg\" \/>\n<meta name=\"twitter:card\" content=\"summary_large_image\" \/>\n<meta name=\"twitter:label1\" content=\"Est. reading time\" \/>\n\t<meta name=\"twitter:data1\" content=\"1 minut\" \/>\n<script type=\"application\/ld+json\" class=\"yoast-schema-graph\">{\"@context\":\"https:\/\/schema.org\",\"@graph\":[{\"@type\":\"WebPage\",\"@id\":\"https:\/\/www.tycroc.com\/et\/tycrocist\/toetame\/\",\"url\":\"https:\/\/www.tycroc.com\/et\/tycrocist\/toetame\/\",\"name\":\"Toetame - TYCROC\",\"isPartOf\":{\"@id\":\"https:\/\/www.tycroc.com\/et\/#website\"},\"primaryImageOfPage\":{\"@id\":\"https:\/\/www.tycroc.com\/et\/tycrocist\/toetame\/#primaryimage\"},\"image\":{\"@id\":\"https:\/\/www.tycroc.com\/et\/tycrocist\/toetame\/#primaryimage\"},\"thumbnailUrl\":\"https:\/\/www.tycroc.com\/wp-content\/uploads\/2020\/03\/taipoks.jpg\",\"datePublished\":\"2020-03-13T16:39:31+00:00\",\"dateModified\":\"2023-11-17T12:15:48+00:00\",\"description\":\"Oma panuse on Tycroc andnud mitmete erinevate projektide elluviimisel. T\u00e4naseks k\u00f5ige pikemalt oleme \u00fchiskonna arengule kaasa aidanud l\u00e4bi spordi toetamise.\",\"breadcrumb\":{\"@id\":\"https:\/\/www.tycroc.com\/et\/tycrocist\/toetame\/#breadcrumb\"},\"inLanguage\":\"et\",\"potentialAction\":[{\"@type\":\"ReadAction\",\"target\":[\"https:\/\/www.tycroc.com\/et\/tycrocist\/toetame\/\"]}]},{\"@type\":\"ImageObject\",\"inLanguage\":\"et\",\"@id\":\"https:\/\/www.tycroc.com\/et\/tycrocist\/toetame\/#primaryimage\",\"url\":\"https:\/\/www.tycroc.com\/wp-content\/uploads\/2020\/03\/taipoks.jpg\",\"contentUrl\":\"https:\/\/www.tycroc.com\/wp-content\/uploads\/2020\/03\/taipoks.jpg\"},{\"@type\":\"BreadcrumbList\",\"@id\":\"https:\/\/www.tycroc.com\/et\/tycrocist\/toetame\/#breadcrumb\",\"itemListElement\":[{\"@type\":\"ListItem\",\"position\":1,\"name\":\"Home\",\"item\":\"https:\/\/www.tycroc.com\/et\/\"},{\"@type\":\"ListItem\",\"position\":2,\"name\":\"Tycrocist\",\"item\":\"https:\/\/www.tycroc.com\/et\/tycrocist\/\"},{\"@type\":\"ListItem\",\"position\":3,\"name\":\"Toetame\"}]},{\"@type\":\"WebSite\",\"@id\":\"https:\/\/www.tycroc.com\/et\/#website\",\"url\":\"https:\/\/www.tycroc.com\/et\/\",\"name\":\"TYCROC\",\"description\":\"\",\"publisher\":{\"@id\":\"https:\/\/www.tycroc.com\/et\/#organization\"},\"potentialAction\":[{\"@type\":\"SearchAction\",\"target\":{\"@type\":\"EntryPoint\",\"urlTemplate\":\"https:\/\/www.tycroc.com\/et\/?s={search_term_string}\"},\"query-input\":\"required name=search_term_string\"}],\"inLanguage\":\"et\"},{\"@type\":\"Organization\",\"@id\":\"https:\/\/www.tycroc.com\/et\/#organization\",\"name\":\"TYCROC\",\"url\":\"https:\/\/www.tycroc.com\/et\/\",\"logo\":{\"@type\":\"ImageObject\",\"inLanguage\":\"et\",\"@id\":\"https:\/\/www.tycroc.com\/et\/#\/schema\/logo\/image\/\",\"url\":\"https:\/\/www.tycroc.com\/wp-content\/uploads\/2020\/03\/cropped-tycroc-logo.png\",\"contentUrl\":\"https:\/\/www.tycroc.com\/wp-content\/uploads\/2020\/03\/cropped-tycroc-logo.png\",\"width\":205,\"height\":59,\"caption\":\"TYCROC\"},\"image\":{\"@id\":\"https:\/\/www.tycroc.com\/et\/#\/schema\/logo\/image\/\"}}]}<\/script>\n<!-- \/ Yoast SEO plugin. -->","yoast_head_json":{"title":"Toetame - TYCROC","description":"Oma panuse on Tycroc andnud mitmete erinevate projektide elluviimisel. T\u00e4naseks k\u00f5ige pikemalt oleme \u00fchiskonna arengule kaasa aidanud l\u00e4bi spordi toetamise.","robots":{"index":"index","follow":"follow","max-snippet":"max-snippet:-1","max-image-preview":"max-image-preview:large","max-video-preview":"max-video-preview:-1"},"canonical":"https:\/\/www.tycroc.com\/et\/tycrocist\/toetame\/","og_locale":"et_EE","og_type":"article","og_title":"Toetame - TYCROC","og_description":"Oma panuse on Tycroc andnud mitmete erinevate projektide elluviimisel. T\u00e4naseks k\u00f5ige pikemalt oleme \u00fchiskonna arengule kaasa aidanud l\u00e4bi spordi toetamise.","og_url":"https:\/\/www.tycroc.com\/et\/tycrocist\/toetame\/","og_site_name":"TYCROC","article_modified_time":"2023-11-17T12:15:48+00:00","og_image":[{"url":"https:\/\/www.tycroc.com\/wp-content\/uploads\/2020\/03\/taipoks.jpg"}],"twitter_card":"summary_large_image","twitter_misc":{"Est. reading time":"1 minut"},"schema":{"@context":"https:\/\/schema.org","@graph":[{"@type":"WebPage","@id":"https:\/\/www.tycroc.com\/et\/tycrocist\/toetame\/","url":"https:\/\/www.tycroc.com\/et\/tycrocist\/toetame\/","name":"Toetame - TYCROC","isPartOf":{"@id":"https:\/\/www.tycroc.com\/et\/#website"},"primaryImageOfPage":{"@id":"https:\/\/www.tycroc.com\/et\/tycrocist\/toetame\/#primaryimage"},"image":{"@id":"https:\/\/www.tycroc.com\/et\/tycrocist\/toetame\/#primaryimage"},"thumbnailUrl":"https:\/\/www.tycroc.com\/wp-content\/uploads\/2020\/03\/taipoks.jpg","datePublished":"2020-03-13T16:39:31+00:00","dateModified":"2023-11-17T12:15:48+00:00","description":"Oma panuse on Tycroc andnud mitmete erinevate projektide elluviimisel. T\u00e4naseks k\u00f5ige pikemalt oleme \u00fchiskonna arengule kaasa aidanud l\u00e4bi spordi toetamise.","breadcrumb":{"@id":"https:\/\/www.tycroc.com\/et\/tycrocist\/toetame\/#breadcrumb"},"inLanguage":"et","potentialAction":[{"@type":"ReadAction","target":["https:\/\/www.tycroc.com\/et\/tycrocist\/toetame\/"]}]},{"@type":"ImageObject","inLanguage":"et","@id":"https:\/\/www.tycroc.com\/et\/tycrocist\/toetame\/#primaryimage","url":"https:\/\/www.tycroc.com\/wp-content\/uploads\/2020\/03\/taipoks.jpg","contentUrl":"https:\/\/www.tycroc.com\/wp-content\/uploads\/2020\/03\/taipoks.jpg"},{"@type":"BreadcrumbList","@id":"https:\/\/www.tycroc.com\/et\/tycrocist\/toetame\/#breadcrumb","itemListElement":[{"@type":"ListItem","position":1,"name":"Home","item":"https:\/\/www.tycroc.com\/et\/"},{"@type":"ListItem","position":2,"name":"Tycrocist","item":"https:\/\/www.tycroc.com\/et\/tycrocist\/"},{"@type":"ListItem","position":3,"name":"Toetame"}]},{"@type":"WebSite","@id":"https:\/\/www.tycroc.com\/et\/#website","url":"https:\/\/www.tycroc.com\/et\/","name":"TYCROC","description":"","publisher":{"@id":"https:\/\/www.tycroc.com\/et\/#organization"},"potentialAction":[{"@type":"SearchAction","target":{"@type":"EntryPoint","urlTemplate":"https:\/\/www.tycroc.com\/et\/?s={search_term_string}"},"query-input":"required name=search_term_string"}],"inLanguage":"et"},{"@type":"Organization","@id":"https:\/\/www.tycroc.com\/et\/#organization","name":"TYCROC","url":"https:\/\/www.tycroc.com\/et\/","logo":{"@type":"ImageObject","inLanguage":"et","@id":"https:\/\/www.tycroc.com\/et\/#\/schema\/logo\/image\/","url":"https:\/\/www.tycroc.com\/wp-content\/uploads\/2020\/03\/cropped-tycroc-logo.png","contentUrl":"https:\/\/www.tycroc.com\/wp-content\/uploads\/2020\/03\/cropped-tycroc-logo.png","width":205,"height":59,"caption":"TYCROC"},"image":{"@id":"https:\/\/www.tycroc.com\/et\/#\/schema\/logo\/image\/"}}]}},"_links":{"self":[{"href":"https:\/\/www.tycroc.com\/et\/wp-json\/wp\/v2\/pages\/7095"}],"collection":[{"href":"https:\/\/www.tycroc.com\/et\/wp-json\/wp\/v2\/pages"}],"about":[{"href":"https:\/\/www.tycroc.com\/et\/wp-json\/wp\/v2\/types\/page"}],"author":[{"embeddable":true,"href":"https:\/\/www.tycroc.com\/et\/wp-json\/wp\/v2\/users\/3"}],"replies":[{"embeddable":true,"href":"https:\/\/www.tycroc.com\/et\/wp-json\/wp\/v2\/comments?post=7095"}],"version-history":[{"count":10,"href":"https:\/\/www.tycroc.com\/et\/wp-json\/wp\/v2\/pages\/7095\/revisions"}],"predecessor-version":[{"id":26946,"href":"https:\/\/www.tycroc.com\/et\/wp-json\/wp\/v2\/pages\/7095\/revisions\/26946"}],"up":[{"embeddable":true,"href":"https:\/\/www.tycroc.com\/et\/wp-json\/wp\/v2\/pages\/7045"}],"wp:attachment":[{"href":"https:\/\/www.tycroc.com\/et\/wp-json\/wp\/v2\/media?parent=7095"}],"curies":[{"name":"wp","href":"https:\/\/api.w.org\/{rel}","templated":true}]}}