{"id":23925,"date":"2019-03-22T16:02:49","date_gmt":"2019-03-22T16:02:49","guid":{"rendered":"https:\/\/www.tycroc.com\/contacts\/"},"modified":"2023-11-17T14:44:45","modified_gmt":"2023-11-17T12:44:45","slug":"contacts","status":"publish","type":"page","link":"https:\/\/www.tycroc.com\/cs\/contacts\/","title":{"rendered":"Kontakty"},"content":{"rendered":"\t\t<div data-elementor-type=\"wp-post\" data-elementor-id=\"23925\" class=\"elementor elementor-23925 elementor-14\">\n\t\t\t\t\t\t<section class=\"elementor-section elementor-top-section elementor-element elementor-element-266f5ce elementor-section-boxed elementor-section-height-default elementor-section-height-default\" data-id=\"266f5ce\" data-element_type=\"section\" data-settings=\"{&quot;jet_parallax_layout_list&quot;:[{&quot;jet_parallax_layout_image&quot;:{&quot;url&quot;:&quot;&quot;,&quot;id&quot;:&quot;&quot;,&quot;size&quot;:&quot;&quot;},&quot;_id&quot;:&quot;b7f798d&quot;,&quot;jet_parallax_layout_image_tablet&quot;:{&quot;url&quot;:&quot;&quot;,&quot;id&quot;:&quot;&quot;,&quot;size&quot;:&quot;&quot;},&quot;jet_parallax_layout_image_mobile&quot;:{&quot;url&quot;:&quot;&quot;,&quot;id&quot;:&quot;&quot;,&quot;size&quot;:&quot;&quot;},&quot;jet_parallax_layout_speed&quot;:{&quot;unit&quot;:&quot;%&quot;,&quot;size&quot;:50,&quot;sizes&quot;:[]},&quot;jet_parallax_layout_type&quot;:&quot;scroll&quot;,&quot;jet_parallax_layout_direction&quot;:null,&quot;jet_parallax_layout_fx_direction&quot;:null,&quot;jet_parallax_layout_z_index&quot;:&quot;&quot;,&quot;jet_parallax_layout_bg_x&quot;:50,&quot;jet_parallax_layout_bg_x_tablet&quot;:&quot;&quot;,&quot;jet_parallax_layout_bg_x_mobile&quot;:&quot;&quot;,&quot;jet_parallax_layout_bg_y&quot;:50,&quot;jet_parallax_layout_bg_y_tablet&quot;:&quot;&quot;,&quot;jet_parallax_layout_bg_y_mobile&quot;:&quot;&quot;,&quot;jet_parallax_layout_bg_size&quot;:&quot;auto&quot;,&quot;jet_parallax_layout_bg_size_tablet&quot;:&quot;&quot;,&quot;jet_parallax_layout_bg_size_mobile&quot;:&quot;&quot;,&quot;jet_parallax_layout_animation_prop&quot;:&quot;transform&quot;,&quot;jet_parallax_layout_on&quot;:[&quot;desktop&quot;,&quot;tablet&quot;]}]}\">\n\t\t\t\t\t\t<div class=\"elementor-container elementor-column-gap-no\">\n\t\t\t\t\t<div class=\"elementor-column elementor-col-100 elementor-top-column elementor-element elementor-element-fdbf9f3\" data-id=\"fdbf9f3\" data-element_type=\"column\">\n\t\t\t<div class=\"elementor-widget-wrap elementor-element-populated\">\n\t\t\t\t\t\t<div class=\"elementor-element elementor-element-e2c214d elementor-widget elementor-widget-image\" data-id=\"e2c214d\" data-element_type=\"widget\" data-widget_type=\"image.default\">\n\t\t\t\t<div class=\"elementor-widget-container\">\n\t\t\t\t\t\t\t\t\t\t\t\t\t<img decoding=\"async\" data-src=\"https:\/\/www.tycroc.com\/wp-content\/uploads\/elementor\/thumbs\/find-us-1500x500-1-othid5qxc5j0il1i6lggae9sz7f26qdrkvv9i3m380.jpg\" title=\"find us &#8211; 1500&#215;500\" alt=\"find us - 1500x500\" loading=\"lazy\" src=\"data:image\/gif;base64,R0lGODlhAQABAAAAACH5BAEKAAEALAAAAAABAAEAAAICTAEAOw==\" class=\"lazyload\" style=\"--smush-placeholder-width: 1300px; --smush-placeholder-aspect-ratio: 1300\/200;\" \/><noscript><img decoding=\"async\" src=\"https:\/\/www.tycroc.com\/wp-content\/uploads\/elementor\/thumbs\/find-us-1500x500-1-othid5qxc5j0il1i6lggae9sz7f26qdrkvv9i3m380.jpg\" title=\"find us &#8211; 1500&#215;500\" alt=\"find us - 1500x500\" loading=\"lazy\" \/><\/noscript>\t\t\t\t\t\t\t\t\t\t\t\t\t<\/div>\n\t\t\t\t<\/div>\n\t\t\t\t\t<\/div>\n\t\t<\/div>\n\t\t\t\t\t<\/div>\n\t\t<\/section>\n\t\t\t\t<section class=\"elementor-section elementor-top-section elementor-element elementor-element-db49383 elementor-section-boxed elementor-section-height-default elementor-section-height-default\" data-id=\"db49383\" data-element_type=\"section\" data-settings=\"{&quot;jet_parallax_layout_list&quot;:[{&quot;jet_parallax_layout_image&quot;:{&quot;url&quot;:&quot;&quot;,&quot;id&quot;:&quot;&quot;,&quot;size&quot;:&quot;&quot;},&quot;_id&quot;:&quot;ef9ff65&quot;,&quot;jet_parallax_layout_image_tablet&quot;:{&quot;url&quot;:&quot;&quot;,&quot;id&quot;:&quot;&quot;,&quot;size&quot;:&quot;&quot;},&quot;jet_parallax_layout_image_mobile&quot;:{&quot;url&quot;:&quot;&quot;,&quot;id&quot;:&quot;&quot;,&quot;size&quot;:&quot;&quot;},&quot;jet_parallax_layout_speed&quot;:{&quot;unit&quot;:&quot;%&quot;,&quot;size&quot;:50,&quot;sizes&quot;:[]},&quot;jet_parallax_layout_type&quot;:&quot;scroll&quot;,&quot;jet_parallax_layout_direction&quot;:null,&quot;jet_parallax_layout_fx_direction&quot;:null,&quot;jet_parallax_layout_z_index&quot;:&quot;&quot;,&quot;jet_parallax_layout_bg_x&quot;:50,&quot;jet_parallax_layout_bg_x_tablet&quot;:&quot;&quot;,&quot;jet_parallax_layout_bg_x_mobile&quot;:&quot;&quot;,&quot;jet_parallax_layout_bg_y&quot;:50,&quot;jet_parallax_layout_bg_y_tablet&quot;:&quot;&quot;,&quot;jet_parallax_layout_bg_y_mobile&quot;:&quot;&quot;,&quot;jet_parallax_layout_bg_size&quot;:&quot;auto&quot;,&quot;jet_parallax_layout_bg_size_tablet&quot;:&quot;&quot;,&quot;jet_parallax_layout_bg_size_mobile&quot;:&quot;&quot;,&quot;jet_parallax_layout_animation_prop&quot;:&quot;transform&quot;,&quot;jet_parallax_layout_on&quot;:[&quot;desktop&quot;,&quot;tablet&quot;]}]}\">\n\t\t\t\t\t\t<div class=\"elementor-container elementor-column-gap-no\">\n\t\t\t\t\t<div class=\"elementor-column elementor-col-50 elementor-top-column elementor-element elementor-element-dac7999\" data-id=\"dac7999\" data-element_type=\"column\" data-settings=\"{&quot;animation&quot;:&quot;none&quot;}\">\n\t\t\t<div class=\"elementor-widget-wrap elementor-element-populated\">\n\t\t\t\t\t\t<div class=\"elementor-element elementor-element-6b0d747 elementor-widget elementor-widget-heading\" data-id=\"6b0d747\" data-element_type=\"widget\" data-widget_type=\"heading.default\">\n\t\t\t\t<div class=\"elementor-widget-container\">\n\t\t\t<h3 class=\"elementor-heading-title elementor-size-default\">EEB Trade s.r.o.\n\n<\/h3>\t\t<\/div>\n\t\t\t\t<\/div>\n\t\t\t\t<div class=\"elementor-element elementor-element-c0efbae elementor-icon-list--layout-traditional elementor-list-item-link-full_width elementor-widget elementor-widget-icon-list\" data-id=\"c0efbae\" data-element_type=\"widget\" data-widget_type=\"icon-list.default\">\n\t\t\t\t<div class=\"elementor-widget-container\">\n\t\t\t\t\t<ul class=\"elementor-icon-list-items\">\n\t\t\t\t\t\t\t<li class=\"elementor-icon-list-item\">\n\t\t\t\t\t\t\t\t\t\t<span class=\"elementor-icon-list-text\">Pickova 566, 562 01 \u00dast\u00ed nad Orlic\u00ed,<\/span>\n\t\t\t\t\t\t\t\t\t<\/li>\n\t\t\t\t\t\t\t\t<li class=\"elementor-icon-list-item\">\n\t\t\t\t\t\t\t\t\t\t<span class=\"elementor-icon-list-text\">\u010cesk\u00e1 Republika<\/span>\n\t\t\t\t\t\t\t\t\t<\/li>\n\t\t\t\t\t\t\t\t<li class=\"elementor-icon-list-item\">\n\t\t\t\t\t\t\t\t\t\t<span class=\"elementor-icon-list-text\">Telefon: +420607011832<\/span>\n\t\t\t\t\t\t\t\t\t<\/li>\n\t\t\t\t\t\t\t\t<li class=\"elementor-icon-list-item\">\n\t\t\t\t\t\t\t\t\t\t<span class=\"elementor-icon-list-text\">E-mail: info[at]eeb-trade.cz<\/span>\n\t\t\t\t\t\t\t\t\t<\/li>\n\t\t\t\t\t\t\t\t<li class=\"elementor-icon-list-item\">\n\t\t\t\t\t\t\t\t\t\t<span class=\"elementor-icon-list-text\"> www.eeb-trade.cz<\/span>\n\t\t\t\t\t\t\t\t\t<\/li>\n\t\t\t\t\t\t\t\t<li class=\"elementor-icon-list-item\">\n\t\t\t\t\t\t\t\t\t\t<span class=\"elementor-icon-list-text\">I\u010c 19384416<\/span>\n\t\t\t\t\t\t\t\t\t<\/li>\n\t\t\t\t\t\t<\/ul>\n\t\t\t\t<\/div>\n\t\t\t\t<\/div>\n\t\t\t\t<div class=\"elementor-element elementor-element-9050fbe elementor-widget elementor-widget-spacer\" data-id=\"9050fbe\" data-element_type=\"widget\" data-widget_type=\"spacer.default\">\n\t\t\t\t<div class=\"elementor-widget-container\">\n\t\t\t\t\t<div class=\"elementor-spacer\">\n\t\t\t<div class=\"elementor-spacer-inner\"><\/div>\n\t\t<\/div>\n\t\t\t\t<\/div>\n\t\t\t\t<\/div>\n\t\t\t\t<div class=\"elementor-element elementor-element-57ce00b elementor-widget elementor-widget-image\" data-id=\"57ce00b\" data-element_type=\"widget\" data-widget_type=\"image.default\">\n\t\t\t\t<div class=\"elementor-widget-container\">\n\t\t\t\t\t\t\t\t\t\t\t\t\t<img fetchpriority=\"high\" decoding=\"async\" width=\"1024\" height=\"612\" src=\"https:\/\/www.tycroc.com\/wp-content\/uploads\/2019\/11\/Pirni-7-1024x612.jpg\" class=\"attachment-large size-large wp-image-23842\" alt=\"\" srcset=\"https:\/\/www.tycroc.com\/wp-content\/uploads\/2019\/11\/Pirni-7-1024x612.jpg 1024w, https:\/\/www.tycroc.com\/wp-content\/uploads\/2019\/11\/Pirni-7-300x179.jpg 300w, https:\/\/www.tycroc.com\/wp-content\/uploads\/2019\/11\/Pirni-7-768x459.jpg 768w, https:\/\/www.tycroc.com\/wp-content\/uploads\/2019\/11\/Pirni-7-1536x918.jpg 1536w, https:\/\/www.tycroc.com\/wp-content\/uploads\/2019\/11\/Pirni-7-600x359.jpg 600w, https:\/\/www.tycroc.com\/wp-content\/uploads\/2019\/11\/Pirni-7.jpg 2048w\" sizes=\"(max-width: 1024px) 100vw, 1024px\" data-copyright=\"\" data-headline=\"Pirni 7\" data-description=\"\" \/>\t\t\t\t\t\t\t\t\t\t\t\t\t<\/div>\n\t\t\t\t<\/div>\n\t\t\t\t<div class=\"elementor-element elementor-element-737b909 elementor-widget elementor-widget-spacer\" data-id=\"737b909\" data-element_type=\"widget\" data-widget_type=\"spacer.default\">\n\t\t\t\t<div class=\"elementor-widget-container\">\n\t\t\t\t\t<div class=\"elementor-spacer\">\n\t\t\t<div class=\"elementor-spacer-inner\"><\/div>\n\t\t<\/div>\n\t\t\t\t<\/div>\n\t\t\t\t<\/div>\n\t\t\t\t<div class=\"elementor-element elementor-element-99bea88 elementor-widget elementor-widget-heading\" data-id=\"99bea88\" data-element_type=\"widget\" data-widget_type=\"heading.default\">\n\t\t\t\t<div class=\"elementor-widget-container\">\n\t\t\t<h4 class=\"elementor-heading-title elementor-size-default\">Central warehouse<\/h4>\t\t<\/div>\n\t\t\t\t<\/div>\n\t\t\t\t<div class=\"elementor-element elementor-element-e2edada elementor-icon-list--layout-traditional elementor-list-item-link-full_width elementor-widget elementor-widget-icon-list\" data-id=\"e2edada\" data-element_type=\"widget\" data-widget_type=\"icon-list.default\">\n\t\t\t\t<div class=\"elementor-widget-container\">\n\t\t\t\t\t<ul class=\"elementor-icon-list-items\">\n\t\t\t\t\t\t\t<li class=\"elementor-icon-list-item\">\n\t\t\t\t\t\t\t\t\t\t<span class=\"elementor-icon-list-text\">Koidu 22a\/2, Rapla 79513, Estonia<\/span>\n\t\t\t\t\t\t\t\t\t<\/li>\n\t\t\t\t\t\t<\/ul>\n\t\t\t\t<\/div>\n\t\t\t\t<\/div>\n\t\t\t\t<div class=\"elementor-element elementor-element-a1724a5 elementor-widget elementor-widget-spacer\" data-id=\"a1724a5\" data-element_type=\"widget\" data-widget_type=\"spacer.default\">\n\t\t\t\t<div class=\"elementor-widget-container\">\n\t\t\t\t\t<div class=\"elementor-spacer\">\n\t\t\t<div class=\"elementor-spacer-inner\"><\/div>\n\t\t<\/div>\n\t\t\t\t<\/div>\n\t\t\t\t<\/div>\n\t\t\t\t<div class=\"elementor-element elementor-element-c68e19d elementor-widget elementor-widget-image\" data-id=\"c68e19d\" data-element_type=\"widget\" data-widget_type=\"image.default\">\n\t\t\t\t<div class=\"elementor-widget-container\">\n\t\t\t\t\t\t\t\t\t\t\t\t\t<img decoding=\"async\" width=\"600\" height=\"330\" data-src=\"https:\/\/www.tycroc.com\/wp-content\/uploads\/2020\/06\/ladu-600x330-1.jpg\" class=\"attachment-large size-large wp-image-24340 lazyload\" alt=\"\" data-srcset=\"https:\/\/www.tycroc.com\/wp-content\/uploads\/2020\/06\/ladu-600x330-1.jpg 600w, https:\/\/www.tycroc.com\/wp-content\/uploads\/2020\/06\/ladu-600x330-1-300x165.jpg 300w\" data-sizes=\"(max-width: 600px) 100vw, 600px\" data-copyright=\"\" data-headline=\"classic warehouse with pallet 3d rendering image\" data-description=\"\" src=\"data:image\/gif;base64,R0lGODlhAQABAAAAACH5BAEKAAEALAAAAAABAAEAAAICTAEAOw==\" style=\"--smush-placeholder-width: 600px; --smush-placeholder-aspect-ratio: 600\/330;\" \/><noscript><img decoding=\"async\" width=\"600\" height=\"330\" src=\"https:\/\/www.tycroc.com\/wp-content\/uploads\/2020\/06\/ladu-600x330-1.jpg\" class=\"attachment-large size-large wp-image-24340\" alt=\"\" srcset=\"https:\/\/www.tycroc.com\/wp-content\/uploads\/2020\/06\/ladu-600x330-1.jpg 600w, https:\/\/www.tycroc.com\/wp-content\/uploads\/2020\/06\/ladu-600x330-1-300x165.jpg 300w\" sizes=\"(max-width: 600px) 100vw, 600px\" data-copyright=\"\" data-headline=\"classic warehouse with pallet 3d rendering image\" data-description=\"\" \/><\/noscript>\t\t\t\t\t\t\t\t\t\t\t\t\t<\/div>\n\t\t\t\t<\/div>\n\t\t\t\t\t<\/div>\n\t\t<\/div>\n\t\t\t\t<div class=\"elementor-column elementor-col-50 elementor-top-column elementor-element elementor-element-19e8384\" data-id=\"19e8384\" data-element_type=\"column\" data-settings=\"{&quot;animation&quot;:&quot;none&quot;}\">\n\t\t\t<div class=\"elementor-widget-wrap elementor-element-populated\">\n\t\t\t\t\t\t<div class=\"elementor-element elementor-element-905f80d elementor-widget elementor-widget-heading\" data-id=\"905f80d\" data-element_type=\"widget\" data-widget_type=\"heading.default\">\n\t\t\t\t<div class=\"elementor-widget-container\">\n\t\t\t<h3 class=\"elementor-heading-title elementor-size-default\">Kontaktn\u00ed formul\u00e1\u0159<\/h3>\t\t<\/div>\n\t\t\t\t<\/div>\n\t\t\t\t<div class=\"elementor-element elementor-element-978641b elementor-widget elementor-widget-contact-form-7\" data-id=\"978641b\" data-element_type=\"widget\" data-widget_type=\"contact-form-7.default\">\n\t\t\t\t<div class=\"elementor-widget-container\">\n\t\t\t<div class=\"elementor-contact-form-7 jet-elements\">\n<div class=\"wpcf7 no-js\" id=\"wpcf7-f23953-o1\" lang=\"cs-CZ\" dir=\"ltr\">\n<div class=\"screen-reader-response\"><p role=\"status\" aria-live=\"polite\" aria-atomic=\"true\"><\/p> <ul><\/ul><\/div>\n<form action=\"\/cs\/wp-json\/wp\/v2\/pages\/23925#wpcf7-f23953-o1\" method=\"post\" class=\"wpcf7-form init\" aria-label=\"Kontaktn\u00ed formul\u00e1\u0159\" novalidate=\"novalidate\" data-status=\"init\">\n<div style=\"display: none;\">\n<input type=\"hidden\" name=\"_wpcf7\" value=\"23953\" \/>\n<input type=\"hidden\" name=\"_wpcf7_version\" value=\"5.9.8\" \/>\n<input type=\"hidden\" name=\"_wpcf7_locale\" value=\"cs_CZ\" \/>\n<input type=\"hidden\" name=\"_wpcf7_unit_tag\" value=\"wpcf7-f23953-o1\" \/>\n<input type=\"hidden\" name=\"_wpcf7_container_post\" value=\"0\" \/>\n<input type=\"hidden\" name=\"_wpcf7_posted_data_hash\" value=\"\" \/>\n<input type=\"hidden\" name=\"_wpcf7_recaptcha_response\" value=\"\" \/>\n<\/div>\n<div class=\"row\">\n\t<div class=\"col-md-4 col-sm-12 col-xs-12\">\n\t\t<p><label><br \/>\n<span class=\"wpcf7-form-control-wrap\" data-name=\"Name\"><input size=\"40\" maxlength=\"400\" class=\"wpcf7-form-control wpcf7-text wpcf7-validates-as-required\" aria-required=\"true\" aria-invalid=\"false\" placeholder=\"Name\" value=\"\" type=\"text\" name=\"Name\" \/><\/span> <\/label>\n\t\t<\/p>\n\t<\/div>\n\t<div class=\"col-md-4 col-sm-12 col-xs-12\">\n\t\t<p><label><br \/>\n<span class=\"wpcf7-form-control-wrap\" data-name=\"Phone\"><input size=\"40\" maxlength=\"400\" class=\"wpcf7-form-control wpcf7-text wpcf7-validates-as-required\" aria-required=\"true\" aria-invalid=\"false\" placeholder=\"Phone\" value=\"\" type=\"text\" name=\"Phone\" \/><\/span> <\/label>\n\t\t<\/p>\n\t<\/div>\n\t<div class=\"col-md-4 col-sm-12 col-xs-12\">\n\t\t<p><label><br \/>\n<span class=\"wpcf7-form-control-wrap\" data-name=\"your-email\"><input size=\"40\" maxlength=\"400\" class=\"wpcf7-form-control wpcf7-email wpcf7-validates-as-required wpcf7-text wpcf7-validates-as-email\" aria-required=\"true\" aria-invalid=\"false\" placeholder=\"Email\" value=\"\" type=\"email\" name=\"your-email\" \/><\/span> <\/label>\n\t\t<\/p>\n\t<\/div>\n\t<div class=\"col-md-12 col-sm-12 col-xs-12\">\n\t\t<p><label><br \/>\n<span class=\"wpcf7-form-control-wrap\" data-name=\"Message\"><textarea cols=\"40\" rows=\"10\" maxlength=\"2000\" class=\"wpcf7-form-control wpcf7-textarea\" aria-invalid=\"false\" placeholder=\"Message\" name=\"Message\"><\/textarea><\/span> <\/label>\n\t\t<\/p>\n\t<\/div>\n\t<div class=\"col-md-3 col-sm-6 col-xs-5\">\n\t<span class=\"wpcf7-form-control-wrap recaptcha\" data-name=\"recaptcha\"><span data-sitekey=\"6LcgkEIaAAAAAODUqfSRc5dXI9nqCGm_oD5yj2lZ\" class=\"wpcf7-form-control wpcf7-recaptcha g-recaptcha\"><\/span>\r\n<noscript>\r\n\t<div class=\"grecaptcha-noscript\">\r\n\t\t<iframe src=\"https:\/\/www.google.com\/recaptcha\/api\/fallback?k=6LcgkEIaAAAAAODUqfSRc5dXI9nqCGm_oD5yj2lZ\" frameborder=\"0\" scrolling=\"no\" width=\"310\" height=\"430\">\r\n\t\t<\/iframe>\r\n\t\t<textarea name=\"g-recaptcha-response\" rows=\"3\" cols=\"40\" placeholder=\"reCaptcha Response Here\">\r\n\t\t<\/textarea>\r\n\t<\/div>\r\n<\/noscript>\r\n<\/span>\n\t\t<p><input class=\"wpcf7-form-control wpcf7-submit has-spinner\" type=\"submit\" value=\"send\" \/>\n\t\t<\/p>\n\t<\/div>\n<\/div><p style=\"display: none !important;\" class=\"akismet-fields-container\" data-prefix=\"_wpcf7_ak_\"><label>&#916;<textarea name=\"_wpcf7_ak_hp_textarea\" cols=\"45\" rows=\"8\" maxlength=\"100\"><\/textarea><\/label><input type=\"hidden\" id=\"ak_js_1\" name=\"_wpcf7_ak_js\" value=\"163\"\/><script>document.getElementById( \"ak_js_1\" ).setAttribute( \"value\", ( new Date() ).getTime() );<\/script><\/p><div class=\"wpcf7-response-output\" aria-hidden=\"true\"><\/div>\n<\/form>\n<\/div>\n<\/div>\t\t<\/div>\n\t\t\t\t<\/div>\n\t\t\t\t\t<\/div>\n\t\t<\/div>\n\t\t\t\t\t<\/div>\n\t\t<\/section>\n\t\t\t\t<\/div>\n\t\t","protected":false},"excerpt":{"rendered":"<p>EEB Trade s.r.o. Pickova 566, 562 01 \u00dast\u00ed nad Orlic\u00ed, \u010cesk\u00e1 Republika Telefon: +420607011832 E-mail: info[at]eeb-trade.cz www.eeb-trade.cz I\u010c 19384416 Central warehouse Koidu 22a\/2, Rapla 79513, Estonia Kontaktn\u00ed formul\u00e1\u0159 &#916;<\/p>\n","protected":false},"author":1,"featured_media":0,"parent":0,"menu_order":0,"comment_status":"closed","ping_status":"closed","template":"","meta":{"_acf_changed":false,"content-type":"","footnotes":""},"class_list":["post-23925","page","type-page","status-publish","hentry"],"acf":[],"yoast_head":"<!-- This site is optimized with the Yoast SEO plugin v23.2 - https:\/\/yoast.com\/wordpress\/plugins\/seo\/ -->\n<title>Kontakty - TYCROC<\/title>\n<meta name=\"description\" content=\"Tycroc O\u00dc \u2219 Pirni 7, 10617, Tallinn, Estonia. Tel: +372 44 27 543\" \/>\n<meta name=\"robots\" content=\"index, follow, max-snippet:-1, max-image-preview:large, max-video-preview:-1\" \/>\n<link rel=\"canonical\" href=\"https:\/\/www.tycroc.com\/cs\/contacts\/\" \/>\n<meta property=\"og:locale\" content=\"cs_CZ\" \/>\n<meta property=\"og:type\" content=\"article\" \/>\n<meta property=\"og:title\" content=\"Kontakty - TYCROC\" \/>\n<meta property=\"og:description\" content=\"Tycroc O\u00dc \u2219 Pirni 7, 10617, Tallinn, Estonia. Tel: +372 44 27 543\" \/>\n<meta property=\"og:url\" content=\"https:\/\/www.tycroc.com\/cs\/contacts\/\" \/>\n<meta property=\"og:site_name\" content=\"TYCROC\" \/>\n<meta property=\"article:modified_time\" content=\"2023-11-17T12:44:45+00:00\" \/>\n<meta property=\"og:image\" content=\"https:\/\/www.tycroc.com\/wp-content\/uploads\/elementor\/thumbs\/find-us-1500x500-1-othid5qxc5j0il1i6lggae9sz7f26qdrkvv9i3m380.jpg\" \/>\n<meta name=\"twitter:card\" content=\"summary_large_image\" \/>\n<meta name=\"twitter:label1\" content=\"Odhadovan\u00e1 doba \u010dten\u00ed\" \/>\n\t<meta name=\"twitter:data1\" content=\"1 minuta\" \/>\n<script type=\"application\/ld+json\" class=\"yoast-schema-graph\">{\"@context\":\"https:\/\/schema.org\",\"@graph\":[{\"@type\":\"WebPage\",\"@id\":\"https:\/\/www.tycroc.com\/cs\/contacts\/\",\"url\":\"https:\/\/www.tycroc.com\/cs\/contacts\/\",\"name\":\"Kontakty - TYCROC\",\"isPartOf\":{\"@id\":\"https:\/\/www.tycroc.com\/cs\/#website\"},\"primaryImageOfPage\":{\"@id\":\"https:\/\/www.tycroc.com\/cs\/contacts\/#primaryimage\"},\"image\":{\"@id\":\"https:\/\/www.tycroc.com\/cs\/contacts\/#primaryimage\"},\"thumbnailUrl\":\"https:\/\/www.tycroc.com\/wp-content\/uploads\/elementor\/thumbs\/find-us-1500x500-1-othid5qxc5j0il1i6lggae9sz7f26qdrkvv9i3m380.jpg\",\"datePublished\":\"2019-03-22T16:02:49+00:00\",\"dateModified\":\"2023-11-17T12:44:45+00:00\",\"description\":\"Tycroc O\u00dc \u2219 Pirni 7, 10617, Tallinn, Estonia. Tel: +372 44 27 543\",\"breadcrumb\":{\"@id\":\"https:\/\/www.tycroc.com\/cs\/contacts\/#breadcrumb\"},\"inLanguage\":\"cs\",\"potentialAction\":[{\"@type\":\"ReadAction\",\"target\":[\"https:\/\/www.tycroc.com\/cs\/contacts\/\"]}]},{\"@type\":\"ImageObject\",\"inLanguage\":\"cs\",\"@id\":\"https:\/\/www.tycroc.com\/cs\/contacts\/#primaryimage\",\"url\":\"https:\/\/www.tycroc.com\/wp-content\/uploads\/elementor\/thumbs\/find-us-1500x500-1-othid5qxc5j0il1i6lggae9sz7f26qdrkvv9i3m380.jpg\",\"contentUrl\":\"https:\/\/www.tycroc.com\/wp-content\/uploads\/elementor\/thumbs\/find-us-1500x500-1-othid5qxc5j0il1i6lggae9sz7f26qdrkvv9i3m380.jpg\"},{\"@type\":\"BreadcrumbList\",\"@id\":\"https:\/\/www.tycroc.com\/cs\/contacts\/#breadcrumb\",\"itemListElement\":[{\"@type\":\"ListItem\",\"position\":1,\"name\":\"Home\",\"item\":\"https:\/\/www.tycroc.com\/cs\/\"},{\"@type\":\"ListItem\",\"position\":2,\"name\":\"Kontakty\"}]},{\"@type\":\"WebSite\",\"@id\":\"https:\/\/www.tycroc.com\/cs\/#website\",\"url\":\"https:\/\/www.tycroc.com\/cs\/\",\"name\":\"TYCROC\",\"description\":\"\",\"publisher\":{\"@id\":\"https:\/\/www.tycroc.com\/cs\/#organization\"},\"potentialAction\":[{\"@type\":\"SearchAction\",\"target\":{\"@type\":\"EntryPoint\",\"urlTemplate\":\"https:\/\/www.tycroc.com\/cs\/?s={search_term_string}\"},\"query-input\":\"required name=search_term_string\"}],\"inLanguage\":\"cs\"},{\"@type\":\"Organization\",\"@id\":\"https:\/\/www.tycroc.com\/cs\/#organization\",\"name\":\"TYCROC\",\"url\":\"https:\/\/www.tycroc.com\/cs\/\",\"logo\":{\"@type\":\"ImageObject\",\"inLanguage\":\"cs\",\"@id\":\"https:\/\/www.tycroc.com\/cs\/#\/schema\/logo\/image\/\",\"url\":\"https:\/\/www.tycroc.com\/wp-content\/uploads\/2020\/03\/cropped-tycroc-logo.png\",\"contentUrl\":\"https:\/\/www.tycroc.com\/wp-content\/uploads\/2020\/03\/cropped-tycroc-logo.png\",\"width\":205,\"height\":59,\"caption\":\"TYCROC\"},\"image\":{\"@id\":\"https:\/\/www.tycroc.com\/cs\/#\/schema\/logo\/image\/\"}}]}<\/script>\n<!-- \/ Yoast SEO plugin. -->","yoast_head_json":{"title":"Kontakty - TYCROC","description":"Tycroc O\u00dc \u2219 Pirni 7, 10617, Tallinn, Estonia. Tel: +372 44 27 543","robots":{"index":"index","follow":"follow","max-snippet":"max-snippet:-1","max-image-preview":"max-image-preview:large","max-video-preview":"max-video-preview:-1"},"canonical":"https:\/\/www.tycroc.com\/cs\/contacts\/","og_locale":"cs_CZ","og_type":"article","og_title":"Kontakty - TYCROC","og_description":"Tycroc O\u00dc \u2219 Pirni 7, 10617, Tallinn, Estonia. Tel: +372 44 27 543","og_url":"https:\/\/www.tycroc.com\/cs\/contacts\/","og_site_name":"TYCROC","article_modified_time":"2023-11-17T12:44:45+00:00","og_image":[{"url":"https:\/\/www.tycroc.com\/wp-content\/uploads\/elementor\/thumbs\/find-us-1500x500-1-othid5qxc5j0il1i6lggae9sz7f26qdrkvv9i3m380.jpg"}],"twitter_card":"summary_large_image","twitter_misc":{"Odhadovan\u00e1 doba \u010dten\u00ed":"1 minuta"},"schema":{"@context":"https:\/\/schema.org","@graph":[{"@type":"WebPage","@id":"https:\/\/www.tycroc.com\/cs\/contacts\/","url":"https:\/\/www.tycroc.com\/cs\/contacts\/","name":"Kontakty - TYCROC","isPartOf":{"@id":"https:\/\/www.tycroc.com\/cs\/#website"},"primaryImageOfPage":{"@id":"https:\/\/www.tycroc.com\/cs\/contacts\/#primaryimage"},"image":{"@id":"https:\/\/www.tycroc.com\/cs\/contacts\/#primaryimage"},"thumbnailUrl":"https:\/\/www.tycroc.com\/wp-content\/uploads\/elementor\/thumbs\/find-us-1500x500-1-othid5qxc5j0il1i6lggae9sz7f26qdrkvv9i3m380.jpg","datePublished":"2019-03-22T16:02:49+00:00","dateModified":"2023-11-17T12:44:45+00:00","description":"Tycroc O\u00dc \u2219 Pirni 7, 10617, Tallinn, Estonia. Tel: +372 44 27 543","breadcrumb":{"@id":"https:\/\/www.tycroc.com\/cs\/contacts\/#breadcrumb"},"inLanguage":"cs","potentialAction":[{"@type":"ReadAction","target":["https:\/\/www.tycroc.com\/cs\/contacts\/"]}]},{"@type":"ImageObject","inLanguage":"cs","@id":"https:\/\/www.tycroc.com\/cs\/contacts\/#primaryimage","url":"https:\/\/www.tycroc.com\/wp-content\/uploads\/elementor\/thumbs\/find-us-1500x500-1-othid5qxc5j0il1i6lggae9sz7f26qdrkvv9i3m380.jpg","contentUrl":"https:\/\/www.tycroc.com\/wp-content\/uploads\/elementor\/thumbs\/find-us-1500x500-1-othid5qxc5j0il1i6lggae9sz7f26qdrkvv9i3m380.jpg"},{"@type":"BreadcrumbList","@id":"https:\/\/www.tycroc.com\/cs\/contacts\/#breadcrumb","itemListElement":[{"@type":"ListItem","position":1,"name":"Home","item":"https:\/\/www.tycroc.com\/cs\/"},{"@type":"ListItem","position":2,"name":"Kontakty"}]},{"@type":"WebSite","@id":"https:\/\/www.tycroc.com\/cs\/#website","url":"https:\/\/www.tycroc.com\/cs\/","name":"TYCROC","description":"","publisher":{"@id":"https:\/\/www.tycroc.com\/cs\/#organization"},"potentialAction":[{"@type":"SearchAction","target":{"@type":"EntryPoint","urlTemplate":"https:\/\/www.tycroc.com\/cs\/?s={search_term_string}"},"query-input":"required name=search_term_string"}],"inLanguage":"cs"},{"@type":"Organization","@id":"https:\/\/www.tycroc.com\/cs\/#organization","name":"TYCROC","url":"https:\/\/www.tycroc.com\/cs\/","logo":{"@type":"ImageObject","inLanguage":"cs","@id":"https:\/\/www.tycroc.com\/cs\/#\/schema\/logo\/image\/","url":"https:\/\/www.tycroc.com\/wp-content\/uploads\/2020\/03\/cropped-tycroc-logo.png","contentUrl":"https:\/\/www.tycroc.com\/wp-content\/uploads\/2020\/03\/cropped-tycroc-logo.png","width":205,"height":59,"caption":"TYCROC"},"image":{"@id":"https:\/\/www.tycroc.com\/cs\/#\/schema\/logo\/image\/"}}]}},"_links":{"self":[{"href":"https:\/\/www.tycroc.com\/cs\/wp-json\/wp\/v2\/pages\/23925"}],"collection":[{"href":"https:\/\/www.tycroc.com\/cs\/wp-json\/wp\/v2\/pages"}],"about":[{"href":"https:\/\/www.tycroc.com\/cs\/wp-json\/wp\/v2\/types\/page"}],"author":[{"embeddable":true,"href":"https:\/\/www.tycroc.com\/cs\/wp-json\/wp\/v2\/users\/1"}],"replies":[{"embeddable":true,"href":"https:\/\/www.tycroc.com\/cs\/wp-json\/wp\/v2\/comments?post=23925"}],"version-history":[{"count":8,"href":"https:\/\/www.tycroc.com\/cs\/wp-json\/wp\/v2\/pages\/23925\/revisions"}],"predecessor-version":[{"id":27016,"href":"https:\/\/www.tycroc.com\/cs\/wp-json\/wp\/v2\/pages\/23925\/revisions\/27016"}],"wp:attachment":[{"href":"https:\/\/www.tycroc.com\/cs\/wp-json\/wp\/v2\/media?parent=23925"}],"curies":[{"name":"wp","href":"https:\/\/api.w.org\/{rel}","templated":true}]}}