{"id":23742,"date":"2020-03-13T16:35:11","date_gmt":"2020-03-13T16:35:11","guid":{"rendered":"https:\/\/www.tycroc.com\/we-support\/"},"modified":"2023-10-02T14:22:01","modified_gmt":"2023-10-02T11:22:01","slug":"we-support","status":"publish","type":"page","link":"https:\/\/www.tycroc.com\/cs\/about\/we-support\/","title":{"rendered":"Tycroc podporuje"},"content":{"rendered":"\t\t<div data-elementor-type=\"wp-page\" data-elementor-id=\"23742\" class=\"elementor elementor-23742 elementor-7067\">\n\t\t\t\t\t\t<section class=\"elementor-section elementor-top-section elementor-element elementor-element-44abbdd elementor-section-boxed elementor-section-height-default elementor-section-height-default\" data-id=\"44abbdd\" data-element_type=\"section\" data-settings=\"{&quot;jet_parallax_layout_list&quot;:[{&quot;jet_parallax_layout_image&quot;:{&quot;url&quot;:&quot;&quot;,&quot;id&quot;:&quot;&quot;,&quot;size&quot;:&quot;&quot;},&quot;_id&quot;:&quot;18d9d23&quot;,&quot;jet_parallax_layout_image_tablet&quot;:{&quot;url&quot;:&quot;&quot;,&quot;id&quot;:&quot;&quot;,&quot;size&quot;:&quot;&quot;},&quot;jet_parallax_layout_image_mobile&quot;:{&quot;url&quot;:&quot;&quot;,&quot;id&quot;:&quot;&quot;,&quot;size&quot;:&quot;&quot;},&quot;jet_parallax_layout_speed&quot;:{&quot;unit&quot;:&quot;%&quot;,&quot;size&quot;:50,&quot;sizes&quot;:[]},&quot;jet_parallax_layout_type&quot;:&quot;scroll&quot;,&quot;jet_parallax_layout_direction&quot;:null,&quot;jet_parallax_layout_fx_direction&quot;:null,&quot;jet_parallax_layout_z_index&quot;:&quot;&quot;,&quot;jet_parallax_layout_bg_x&quot;:50,&quot;jet_parallax_layout_bg_x_tablet&quot;:&quot;&quot;,&quot;jet_parallax_layout_bg_x_mobile&quot;:&quot;&quot;,&quot;jet_parallax_layout_bg_y&quot;:50,&quot;jet_parallax_layout_bg_y_tablet&quot;:&quot;&quot;,&quot;jet_parallax_layout_bg_y_mobile&quot;:&quot;&quot;,&quot;jet_parallax_layout_bg_size&quot;:&quot;auto&quot;,&quot;jet_parallax_layout_bg_size_tablet&quot;:&quot;&quot;,&quot;jet_parallax_layout_bg_size_mobile&quot;:&quot;&quot;,&quot;jet_parallax_layout_animation_prop&quot;:&quot;transform&quot;,&quot;jet_parallax_layout_on&quot;:[&quot;desktop&quot;,&quot;tablet&quot;]}]}\">\n\t\t\t\t\t\t<div class=\"elementor-container elementor-column-gap-default\">\n\t\t\t\t\t<div class=\"elementor-column elementor-col-100 elementor-top-column elementor-element elementor-element-eb73fe3\" data-id=\"eb73fe3\" data-element_type=\"column\">\n\t\t\t<div class=\"elementor-widget-wrap elementor-element-populated\">\n\t\t\t\t\t\t<div class=\"elementor-element elementor-element-e9bf084 elementor-widget elementor-widget-text-editor\" data-id=\"e9bf084\" data-element_type=\"widget\" data-widget_type=\"text-editor.default\">\n\t\t\t\t<div class=\"elementor-widget-container\">\n\t\t\t\t\t\t\t<p style=\"font-weight: 400;\">Tycroc podporoval r\u016fzn\u00e9 projekty, ale v\u011bt\u0161inou p\u0159isp\u00edv\u00e1me k rozvoji spole\u010dnosti podporou sportu.<\/p>\t\t\t\t\t\t<\/div>\n\t\t\t\t<\/div>\n\t\t\t\t<div class=\"elementor-element elementor-element-d122e7c elementor-widget elementor-widget-spacer\" data-id=\"d122e7c\" data-element_type=\"widget\" data-widget_type=\"spacer.default\">\n\t\t\t\t<div class=\"elementor-widget-container\">\n\t\t\t\t\t<div class=\"elementor-spacer\">\n\t\t\t<div class=\"elementor-spacer-inner\"><\/div>\n\t\t<\/div>\n\t\t\t\t<\/div>\n\t\t\t\t<\/div>\n\t\t\t\t<div class=\"elementor-element elementor-element-013efbf elementor-widget elementor-widget-image\" data-id=\"013efbf\" data-element_type=\"widget\" data-widget_type=\"image.default\">\n\t\t\t\t<div class=\"elementor-widget-container\">\n\t\t\t\t\t\t\t\t\t\t\t\t\t<img fetchpriority=\"high\" decoding=\"async\" width=\"720\" height=\"400\" src=\"https:\/\/www.tycroc.com\/wp-content\/uploads\/2020\/03\/jalgrattakool.jpg\" class=\"attachment-medium_large size-medium_large wp-image-23751\" alt=\"\" srcset=\"https:\/\/www.tycroc.com\/wp-content\/uploads\/2020\/03\/jalgrattakool.jpg 720w, https:\/\/www.tycroc.com\/wp-content\/uploads\/2020\/03\/jalgrattakool-300x167.jpg 300w, https:\/\/www.tycroc.com\/wp-content\/uploads\/2020\/03\/jalgrattakool-600x333.jpg 600w\" sizes=\"(max-width: 720px) 100vw, 720px\" data-copyright=\"\" data-headline=\"jalgrattakool\" data-description=\"\" \/>\t\t\t\t\t\t\t\t\t\t\t\t\t<\/div>\n\t\t\t\t<\/div>\n\t\t\t\t<div class=\"elementor-element elementor-element-04fbf2b elementor-widget elementor-widget-text-editor\" data-id=\"04fbf2b\" data-element_type=\"widget\" data-widget_type=\"text-editor.default\">\n\t\t\t\t<div class=\"elementor-widget-container\">\n\t\t\t\t\t\t\t<p style=\"font-weight: 400;\">Od roku 2017 jsme sponzorem cyklistick\u00e9ho klubu \u201eKalevi Jalgrattakool\u201c.<\/p>\r\n<a href=\"http:\/\/www.jalgrattakool.ee\">www.jalgrattakool.ee<\/a>\t\t\t\t\t\t<\/div>\n\t\t\t\t<\/div>\n\t\t\t\t<div class=\"elementor-element elementor-element-5abd330 elementor-widget elementor-widget-spacer\" data-id=\"5abd330\" data-element_type=\"widget\" data-widget_type=\"spacer.default\">\n\t\t\t\t<div class=\"elementor-widget-container\">\n\t\t\t\t\t<div class=\"elementor-spacer\">\n\t\t\t<div class=\"elementor-spacer-inner\"><\/div>\n\t\t<\/div>\n\t\t\t\t<\/div>\n\t\t\t\t<\/div>\n\t\t\t\t<div class=\"elementor-element elementor-element-0224672 elementor-widget elementor-widget-image\" data-id=\"0224672\" data-element_type=\"widget\" data-widget_type=\"image.default\">\n\t\t\t\t<div class=\"elementor-widget-container\">\n\t\t\t\t\t\t\t\t\t\t\t\t\t<img decoding=\"async\" width=\"768\" height=\"512\" data-src=\"https:\/\/www.tycroc.com\/wp-content\/uploads\/2020\/03\/Rapla-pronks-2015-768x512.jpg\" class=\"attachment-medium_large size-medium_large wp-image-23911 lazyload\" alt=\"\" data-srcset=\"https:\/\/www.tycroc.com\/wp-content\/uploads\/2020\/03\/Rapla-pronks-2015-768x512.jpg 768w, https:\/\/www.tycroc.com\/wp-content\/uploads\/2020\/03\/Rapla-pronks-2015-300x200.jpg 300w, https:\/\/www.tycroc.com\/wp-content\/uploads\/2020\/03\/Rapla-pronks-2015-1024x682.jpg 1024w, https:\/\/www.tycroc.com\/wp-content\/uploads\/2020\/03\/Rapla-pronks-2015-1536x1024.jpg 1536w, https:\/\/www.tycroc.com\/wp-content\/uploads\/2020\/03\/Rapla-pronks-2015-600x400.jpg 600w, https:\/\/www.tycroc.com\/wp-content\/uploads\/2020\/03\/Rapla-pronks-2015.jpg 2000w\" data-sizes=\"(max-width: 768px) 100vw, 768px\" data-copyright=\"\" data-headline=\"Rapla pronks 2015\" data-description=\"\" src=\"data:image\/gif;base64,R0lGODlhAQABAAAAACH5BAEKAAEALAAAAAABAAEAAAICTAEAOw==\" style=\"--smush-placeholder-width: 768px; --smush-placeholder-aspect-ratio: 768\/512;\" \/><noscript><img decoding=\"async\" width=\"768\" height=\"512\" src=\"https:\/\/www.tycroc.com\/wp-content\/uploads\/2020\/03\/Rapla-pronks-2015-768x512.jpg\" class=\"attachment-medium_large size-medium_large wp-image-23911\" alt=\"\" srcset=\"https:\/\/www.tycroc.com\/wp-content\/uploads\/2020\/03\/Rapla-pronks-2015-768x512.jpg 768w, https:\/\/www.tycroc.com\/wp-content\/uploads\/2020\/03\/Rapla-pronks-2015-300x200.jpg 300w, https:\/\/www.tycroc.com\/wp-content\/uploads\/2020\/03\/Rapla-pronks-2015-1024x682.jpg 1024w, https:\/\/www.tycroc.com\/wp-content\/uploads\/2020\/03\/Rapla-pronks-2015-1536x1024.jpg 1536w, https:\/\/www.tycroc.com\/wp-content\/uploads\/2020\/03\/Rapla-pronks-2015-600x400.jpg 600w, https:\/\/www.tycroc.com\/wp-content\/uploads\/2020\/03\/Rapla-pronks-2015.jpg 2000w\" sizes=\"(max-width: 768px) 100vw, 768px\" data-copyright=\"\" data-headline=\"Rapla pronks 2015\" data-description=\"\" \/><\/noscript>\t\t\t\t\t\t\t\t\t\t\t\t\t<\/div>\n\t\t\t\t<\/div>\n\t\t\t\t<div class=\"elementor-element elementor-element-45332eb elementor-widget elementor-widget-text-editor\" data-id=\"45332eb\" data-element_type=\"widget\" data-widget_type=\"text-editor.default\">\n\t\t\t\t<div class=\"elementor-widget-container\">\n\t\t\t\t\t\t\t<p style=\"font-weight: 400;\">Byli jsme sponzorem Rapla Basketball School a m\u011bli jsme smlouvu o sponzorstv\u00ed s prvn\u00edm t\u00fdmem Rapla Basketball School od sez\u00f3ny 2012-2015. Od roku 2017 jsme znovu sponzorem t\u00fdmu.<\/p>\r\n<a href=\"http:\/\/www.raplakk.ee\/\">www.raplakk.ee<\/a>\t\t\t\t\t\t<\/div>\n\t\t\t\t<\/div>\n\t\t\t\t<div class=\"elementor-element elementor-element-fd60512 elementor-widget elementor-widget-spacer\" data-id=\"fd60512\" data-element_type=\"widget\" data-widget_type=\"spacer.default\">\n\t\t\t\t<div class=\"elementor-widget-container\">\n\t\t\t\t\t<div class=\"elementor-spacer\">\n\t\t\t<div class=\"elementor-spacer-inner\"><\/div>\n\t\t<\/div>\n\t\t\t\t<\/div>\n\t\t\t\t<\/div>\n\t\t\t\t<div class=\"elementor-element elementor-element-cf2261f elementor-widget elementor-widget-image\" data-id=\"cf2261f\" data-element_type=\"widget\" data-widget_type=\"image.default\">\n\t\t\t\t<div class=\"elementor-widget-container\">\n\t\t\t\t\t\t\t\t\t\t\t\t\t<img decoding=\"async\" width=\"768\" height=\"150\" data-src=\"https:\/\/www.tycroc.com\/wp-content\/uploads\/2020\/03\/taipoks-768x150.jpg\" class=\"attachment-medium_large size-medium_large wp-image-23912 lazyload\" alt=\"\" data-srcset=\"https:\/\/www.tycroc.com\/wp-content\/uploads\/2020\/03\/taipoks-768x150.jpg 768w, https:\/\/www.tycroc.com\/wp-content\/uploads\/2020\/03\/taipoks-300x59.jpg 300w, https:\/\/www.tycroc.com\/wp-content\/uploads\/2020\/03\/taipoks-600x117.jpg 600w, https:\/\/www.tycroc.com\/wp-content\/uploads\/2020\/03\/taipoks.jpg 956w\" data-sizes=\"(max-width: 768px) 100vw, 768px\" data-copyright=\"\" data-headline=\"taipoks\" data-description=\"\" src=\"data:image\/gif;base64,R0lGODlhAQABAAAAACH5BAEKAAEALAAAAAABAAEAAAICTAEAOw==\" style=\"--smush-placeholder-width: 768px; --smush-placeholder-aspect-ratio: 768\/150;\" \/><noscript><img decoding=\"async\" width=\"768\" height=\"150\" src=\"https:\/\/www.tycroc.com\/wp-content\/uploads\/2020\/03\/taipoks-768x150.jpg\" class=\"attachment-medium_large size-medium_large wp-image-23912\" alt=\"\" srcset=\"https:\/\/www.tycroc.com\/wp-content\/uploads\/2020\/03\/taipoks-768x150.jpg 768w, https:\/\/www.tycroc.com\/wp-content\/uploads\/2020\/03\/taipoks-300x59.jpg 300w, https:\/\/www.tycroc.com\/wp-content\/uploads\/2020\/03\/taipoks-600x117.jpg 600w, https:\/\/www.tycroc.com\/wp-content\/uploads\/2020\/03\/taipoks.jpg 956w\" sizes=\"(max-width: 768px) 100vw, 768px\" data-copyright=\"\" data-headline=\"taipoks\" data-description=\"\" \/><\/noscript>\t\t\t\t\t\t\t\t\t\t\t\t\t<\/div>\n\t\t\t\t<\/div>\n\t\t\t\t<div class=\"elementor-element elementor-element-1ecd6a0 elementor-widget elementor-widget-text-editor\" data-id=\"1ecd6a0\" data-element_type=\"widget\" data-widget_type=\"text-editor.default\">\n\t\t\t\t<div class=\"elementor-widget-container\">\n\t\t\t\t\t\t\t<p style=\"font-weight: 400;\">Jsme sponzorem thaiboxu klubu v Tallinnu.<\/p>\r\n<span style=\"caret-color: #54595f; color: #54595f;\"><a href=\"http:\/\/www.taipoks.ee\">www.taipoks.ee<\/a><\/span>\t\t\t\t\t\t<\/div>\n\t\t\t\t<\/div>\n\t\t\t\t\t<\/div>\n\t\t<\/div>\n\t\t\t\t\t<\/div>\n\t\t<\/section>\n\t\t\t\t<\/div>\n\t\t","protected":false},"excerpt":{"rendered":"<p>Tycroc podporoval r\u016fzn\u00e9 projekty, ale v\u011bt\u0161inou p\u0159isp\u00edv\u00e1me k rozvoji spole\u010dnosti podporou sportu. Od roku 2017 jsme sponzorem cyklistick\u00e9ho klubu \u201eKalevi Jalgrattakool\u201c. www.jalgrattakool.ee Byli jsme sponzorem Rapla Basketball School a m\u011bli jsme smlouvu o sponzorstv\u00ed s prvn\u00edm t\u00fdmem Rapla Basketball School od sez\u00f3ny 2012-2015. Od roku 2017 jsme znovu sponzorem t\u00fdmu. www.raplakk.ee Jsme sponzorem thaiboxu klubu [&hellip;]<\/p>\n","protected":false},"author":3,"featured_media":0,"parent":23934,"menu_order":0,"comment_status":"closed","ping_status":"closed","template":"","meta":{"_acf_changed":false,"content-type":"","footnotes":""},"class_list":["post-23742","page","type-page","status-publish","hentry"],"acf":[],"yoast_head":"<!-- This site is optimized with the Yoast SEO plugin v23.2 - https:\/\/yoast.com\/wordpress\/plugins\/seo\/ -->\n<title>Tycroc podporuje - TYCROC<\/title>\n<meta name=\"description\" content=\"Tycroc podporoval r\u016fzn\u00e9 projekty, ale v\u011bt\u0161inou p\u0159isp\u00edv\u00e1me k rozvoji spole\u010dnosti podporou sportu.\" \/>\n<meta name=\"robots\" content=\"index, follow, max-snippet:-1, max-image-preview:large, max-video-preview:-1\" \/>\n<link rel=\"canonical\" href=\"https:\/\/www.tycroc.com\/cs\/about\/we-support\/\" \/>\n<meta property=\"og:locale\" content=\"cs_CZ\" \/>\n<meta property=\"og:type\" content=\"article\" \/>\n<meta property=\"og:title\" content=\"Tycroc podporuje - TYCROC\" \/>\n<meta property=\"og:description\" content=\"Tycroc podporoval r\u016fzn\u00e9 projekty, ale v\u011bt\u0161inou p\u0159isp\u00edv\u00e1me k rozvoji spole\u010dnosti podporou sportu.\" \/>\n<meta property=\"og:url\" content=\"https:\/\/www.tycroc.com\/cs\/about\/we-support\/\" \/>\n<meta property=\"og:site_name\" content=\"TYCROC\" \/>\n<meta property=\"article:modified_time\" content=\"2023-10-02T11:22:01+00:00\" \/>\n<meta property=\"og:image\" content=\"https:\/\/www.tycroc.com\/wp-content\/uploads\/2020\/03\/jalgrattakool.jpg\" \/>\n<meta name=\"twitter:card\" content=\"summary_large_image\" \/>\n<meta name=\"twitter:label1\" content=\"Odhadovan\u00e1 doba \u010dten\u00ed\" \/>\n\t<meta name=\"twitter:data1\" content=\"1 minuta\" \/>\n<script type=\"application\/ld+json\" class=\"yoast-schema-graph\">{\"@context\":\"https:\/\/schema.org\",\"@graph\":[{\"@type\":\"WebPage\",\"@id\":\"https:\/\/www.tycroc.com\/cs\/about\/we-support\/\",\"url\":\"https:\/\/www.tycroc.com\/cs\/about\/we-support\/\",\"name\":\"Tycroc podporuje - TYCROC\",\"isPartOf\":{\"@id\":\"https:\/\/www.tycroc.com\/cs\/#website\"},\"primaryImageOfPage\":{\"@id\":\"https:\/\/www.tycroc.com\/cs\/about\/we-support\/#primaryimage\"},\"image\":{\"@id\":\"https:\/\/www.tycroc.com\/cs\/about\/we-support\/#primaryimage\"},\"thumbnailUrl\":\"https:\/\/www.tycroc.com\/wp-content\/uploads\/2020\/03\/jalgrattakool.jpg\",\"datePublished\":\"2020-03-13T16:35:11+00:00\",\"dateModified\":\"2023-10-02T11:22:01+00:00\",\"description\":\"Tycroc podporoval r\u016fzn\u00e9 projekty, ale v\u011bt\u0161inou p\u0159isp\u00edv\u00e1me k rozvoji spole\u010dnosti podporou sportu.\",\"breadcrumb\":{\"@id\":\"https:\/\/www.tycroc.com\/cs\/about\/we-support\/#breadcrumb\"},\"inLanguage\":\"cs\",\"potentialAction\":[{\"@type\":\"ReadAction\",\"target\":[\"https:\/\/www.tycroc.com\/cs\/about\/we-support\/\"]}]},{\"@type\":\"ImageObject\",\"inLanguage\":\"cs\",\"@id\":\"https:\/\/www.tycroc.com\/cs\/about\/we-support\/#primaryimage\",\"url\":\"https:\/\/www.tycroc.com\/wp-content\/uploads\/2020\/03\/jalgrattakool.jpg\",\"contentUrl\":\"https:\/\/www.tycroc.com\/wp-content\/uploads\/2020\/03\/jalgrattakool.jpg\"},{\"@type\":\"BreadcrumbList\",\"@id\":\"https:\/\/www.tycroc.com\/cs\/about\/we-support\/#breadcrumb\",\"itemListElement\":[{\"@type\":\"ListItem\",\"position\":1,\"name\":\"Home\",\"item\":\"https:\/\/www.tycroc.com\/cs\/\"},{\"@type\":\"ListItem\",\"position\":2,\"name\":\"O Tycroc\",\"item\":\"https:\/\/www.tycroc.com\/cs\/about\/\"},{\"@type\":\"ListItem\",\"position\":3,\"name\":\"Tycroc podporuje\"}]},{\"@type\":\"WebSite\",\"@id\":\"https:\/\/www.tycroc.com\/cs\/#website\",\"url\":\"https:\/\/www.tycroc.com\/cs\/\",\"name\":\"TYCROC\",\"description\":\"\",\"publisher\":{\"@id\":\"https:\/\/www.tycroc.com\/cs\/#organization\"},\"potentialAction\":[{\"@type\":\"SearchAction\",\"target\":{\"@type\":\"EntryPoint\",\"urlTemplate\":\"https:\/\/www.tycroc.com\/cs\/?s={search_term_string}\"},\"query-input\":\"required name=search_term_string\"}],\"inLanguage\":\"cs\"},{\"@type\":\"Organization\",\"@id\":\"https:\/\/www.tycroc.com\/cs\/#organization\",\"name\":\"TYCROC\",\"url\":\"https:\/\/www.tycroc.com\/cs\/\",\"logo\":{\"@type\":\"ImageObject\",\"inLanguage\":\"cs\",\"@id\":\"https:\/\/www.tycroc.com\/cs\/#\/schema\/logo\/image\/\",\"url\":\"https:\/\/www.tycroc.com\/wp-content\/uploads\/2020\/03\/cropped-tycroc-logo.png\",\"contentUrl\":\"https:\/\/www.tycroc.com\/wp-content\/uploads\/2020\/03\/cropped-tycroc-logo.png\",\"width\":205,\"height\":59,\"caption\":\"TYCROC\"},\"image\":{\"@id\":\"https:\/\/www.tycroc.com\/cs\/#\/schema\/logo\/image\/\"}}]}<\/script>\n<!-- \/ Yoast SEO plugin. -->","yoast_head_json":{"title":"Tycroc podporuje - TYCROC","description":"Tycroc podporoval r\u016fzn\u00e9 projekty, ale v\u011bt\u0161inou p\u0159isp\u00edv\u00e1me k rozvoji spole\u010dnosti podporou sportu.","robots":{"index":"index","follow":"follow","max-snippet":"max-snippet:-1","max-image-preview":"max-image-preview:large","max-video-preview":"max-video-preview:-1"},"canonical":"https:\/\/www.tycroc.com\/cs\/about\/we-support\/","og_locale":"cs_CZ","og_type":"article","og_title":"Tycroc podporuje - TYCROC","og_description":"Tycroc podporoval r\u016fzn\u00e9 projekty, ale v\u011bt\u0161inou p\u0159isp\u00edv\u00e1me k rozvoji spole\u010dnosti podporou sportu.","og_url":"https:\/\/www.tycroc.com\/cs\/about\/we-support\/","og_site_name":"TYCROC","article_modified_time":"2023-10-02T11:22:01+00:00","og_image":[{"url":"https:\/\/www.tycroc.com\/wp-content\/uploads\/2020\/03\/jalgrattakool.jpg"}],"twitter_card":"summary_large_image","twitter_misc":{"Odhadovan\u00e1 doba \u010dten\u00ed":"1 minuta"},"schema":{"@context":"https:\/\/schema.org","@graph":[{"@type":"WebPage","@id":"https:\/\/www.tycroc.com\/cs\/about\/we-support\/","url":"https:\/\/www.tycroc.com\/cs\/about\/we-support\/","name":"Tycroc podporuje - TYCROC","isPartOf":{"@id":"https:\/\/www.tycroc.com\/cs\/#website"},"primaryImageOfPage":{"@id":"https:\/\/www.tycroc.com\/cs\/about\/we-support\/#primaryimage"},"image":{"@id":"https:\/\/www.tycroc.com\/cs\/about\/we-support\/#primaryimage"},"thumbnailUrl":"https:\/\/www.tycroc.com\/wp-content\/uploads\/2020\/03\/jalgrattakool.jpg","datePublished":"2020-03-13T16:35:11+00:00","dateModified":"2023-10-02T11:22:01+00:00","description":"Tycroc podporoval r\u016fzn\u00e9 projekty, ale v\u011bt\u0161inou p\u0159isp\u00edv\u00e1me k rozvoji spole\u010dnosti podporou sportu.","breadcrumb":{"@id":"https:\/\/www.tycroc.com\/cs\/about\/we-support\/#breadcrumb"},"inLanguage":"cs","potentialAction":[{"@type":"ReadAction","target":["https:\/\/www.tycroc.com\/cs\/about\/we-support\/"]}]},{"@type":"ImageObject","inLanguage":"cs","@id":"https:\/\/www.tycroc.com\/cs\/about\/we-support\/#primaryimage","url":"https:\/\/www.tycroc.com\/wp-content\/uploads\/2020\/03\/jalgrattakool.jpg","contentUrl":"https:\/\/www.tycroc.com\/wp-content\/uploads\/2020\/03\/jalgrattakool.jpg"},{"@type":"BreadcrumbList","@id":"https:\/\/www.tycroc.com\/cs\/about\/we-support\/#breadcrumb","itemListElement":[{"@type":"ListItem","position":1,"name":"Home","item":"https:\/\/www.tycroc.com\/cs\/"},{"@type":"ListItem","position":2,"name":"O Tycroc","item":"https:\/\/www.tycroc.com\/cs\/about\/"},{"@type":"ListItem","position":3,"name":"Tycroc podporuje"}]},{"@type":"WebSite","@id":"https:\/\/www.tycroc.com\/cs\/#website","url":"https:\/\/www.tycroc.com\/cs\/","name":"TYCROC","description":"","publisher":{"@id":"https:\/\/www.tycroc.com\/cs\/#organization"},"potentialAction":[{"@type":"SearchAction","target":{"@type":"EntryPoint","urlTemplate":"https:\/\/www.tycroc.com\/cs\/?s={search_term_string}"},"query-input":"required name=search_term_string"}],"inLanguage":"cs"},{"@type":"Organization","@id":"https:\/\/www.tycroc.com\/cs\/#organization","name":"TYCROC","url":"https:\/\/www.tycroc.com\/cs\/","logo":{"@type":"ImageObject","inLanguage":"cs","@id":"https:\/\/www.tycroc.com\/cs\/#\/schema\/logo\/image\/","url":"https:\/\/www.tycroc.com\/wp-content\/uploads\/2020\/03\/cropped-tycroc-logo.png","contentUrl":"https:\/\/www.tycroc.com\/wp-content\/uploads\/2020\/03\/cropped-tycroc-logo.png","width":205,"height":59,"caption":"TYCROC"},"image":{"@id":"https:\/\/www.tycroc.com\/cs\/#\/schema\/logo\/image\/"}}]}},"_links":{"self":[{"href":"https:\/\/www.tycroc.com\/cs\/wp-json\/wp\/v2\/pages\/23742"}],"collection":[{"href":"https:\/\/www.tycroc.com\/cs\/wp-json\/wp\/v2\/pages"}],"about":[{"href":"https:\/\/www.tycroc.com\/cs\/wp-json\/wp\/v2\/types\/page"}],"author":[{"embeddable":true,"href":"https:\/\/www.tycroc.com\/cs\/wp-json\/wp\/v2\/users\/3"}],"replies":[{"embeddable":true,"href":"https:\/\/www.tycroc.com\/cs\/wp-json\/wp\/v2\/comments?post=23742"}],"version-history":[{"count":12,"href":"https:\/\/www.tycroc.com\/cs\/wp-json\/wp\/v2\/pages\/23742\/revisions"}],"predecessor-version":[{"id":26218,"href":"https:\/\/www.tycroc.com\/cs\/wp-json\/wp\/v2\/pages\/23742\/revisions\/26218"}],"up":[{"embeddable":true,"href":"https:\/\/www.tycroc.com\/cs\/wp-json\/wp\/v2\/pages\/23934"}],"wp:attachment":[{"href":"https:\/\/www.tycroc.com\/cs\/wp-json\/wp\/v2\/media?parent=23742"}],"curies":[{"name":"wp","href":"https:\/\/api.w.org\/{rel}","templated":true}]}}