{"id":23717,"date":"2020-06-01T09:24:59","date_gmt":"2020-06-01T09:24:59","guid":{"rendered":"https:\/\/www.tycroc.com\/underfloor-heating\/"},"modified":"2023-08-31T13:53:43","modified_gmt":"2023-08-31T10:53:43","slug":"podlahove-vytapeni-a-chlaseni","status":"publish","type":"page","link":"https:\/\/www.tycroc.com\/cs\/applications\/podlahove-vytapeni-a-chlaseni\/","title":{"rendered":"Podlahov\u00e9 vyt\u00e1p\u011bni a chlasen\u00ed"},"content":{"rendered":"\t\t<div data-elementor-type=\"wp-page\" data-elementor-id=\"23717\" class=\"elementor elementor-23717 elementor-7916\">\n\t\t\t\t\t\t<section class=\"elementor-section elementor-top-section elementor-element elementor-element-99c62fc elementor-section-boxed elementor-section-height-default elementor-section-height-default\" data-id=\"99c62fc\" data-element_type=\"section\" data-settings=\"{&quot;jet_parallax_layout_list&quot;:[{&quot;jet_parallax_layout_image&quot;:{&quot;url&quot;:&quot;&quot;,&quot;id&quot;:&quot;&quot;,&quot;size&quot;:&quot;&quot;},&quot;_id&quot;:&quot;4ad0cf6&quot;,&quot;jet_parallax_layout_image_tablet&quot;:{&quot;url&quot;:&quot;&quot;,&quot;id&quot;:&quot;&quot;,&quot;size&quot;:&quot;&quot;},&quot;jet_parallax_layout_image_mobile&quot;:{&quot;url&quot;:&quot;&quot;,&quot;id&quot;:&quot;&quot;,&quot;size&quot;:&quot;&quot;},&quot;jet_parallax_layout_speed&quot;:{&quot;unit&quot;:&quot;%&quot;,&quot;size&quot;:50,&quot;sizes&quot;:[]},&quot;jet_parallax_layout_type&quot;:&quot;scroll&quot;,&quot;jet_parallax_layout_direction&quot;:null,&quot;jet_parallax_layout_fx_direction&quot;:null,&quot;jet_parallax_layout_z_index&quot;:&quot;&quot;,&quot;jet_parallax_layout_bg_x&quot;:50,&quot;jet_parallax_layout_bg_x_tablet&quot;:&quot;&quot;,&quot;jet_parallax_layout_bg_x_mobile&quot;:&quot;&quot;,&quot;jet_parallax_layout_bg_y&quot;:50,&quot;jet_parallax_layout_bg_y_tablet&quot;:&quot;&quot;,&quot;jet_parallax_layout_bg_y_mobile&quot;:&quot;&quot;,&quot;jet_parallax_layout_bg_size&quot;:&quot;auto&quot;,&quot;jet_parallax_layout_bg_size_tablet&quot;:&quot;&quot;,&quot;jet_parallax_layout_bg_size_mobile&quot;:&quot;&quot;,&quot;jet_parallax_layout_animation_prop&quot;:&quot;transform&quot;,&quot;jet_parallax_layout_on&quot;:[&quot;desktop&quot;,&quot;tablet&quot;]}]}\">\n\t\t\t\t\t\t<div class=\"elementor-container elementor-column-gap-default\">\n\t\t\t\t\t<div class=\"elementor-column elementor-col-100 elementor-top-column elementor-element elementor-element-87b75f4\" data-id=\"87b75f4\" data-element_type=\"column\">\n\t\t\t<div class=\"elementor-widget-wrap elementor-element-populated\">\n\t\t\t\t\t\t<section class=\"elementor-section elementor-inner-section elementor-element elementor-element-9d999fc elementor-section-boxed elementor-section-height-default elementor-section-height-default\" data-id=\"9d999fc\" data-element_type=\"section\" data-settings=\"{&quot;jet_parallax_layout_list&quot;:[{&quot;jet_parallax_layout_image&quot;:{&quot;url&quot;:&quot;&quot;,&quot;id&quot;:&quot;&quot;,&quot;size&quot;:&quot;&quot;},&quot;_id&quot;:&quot;b10e478&quot;,&quot;jet_parallax_layout_image_tablet&quot;:{&quot;url&quot;:&quot;&quot;,&quot;id&quot;:&quot;&quot;,&quot;size&quot;:&quot;&quot;},&quot;jet_parallax_layout_image_mobile&quot;:{&quot;url&quot;:&quot;&quot;,&quot;id&quot;:&quot;&quot;,&quot;size&quot;:&quot;&quot;},&quot;jet_parallax_layout_speed&quot;:{&quot;unit&quot;:&quot;%&quot;,&quot;size&quot;:50,&quot;sizes&quot;:[]},&quot;jet_parallax_layout_type&quot;:&quot;scroll&quot;,&quot;jet_parallax_layout_direction&quot;:null,&quot;jet_parallax_layout_fx_direction&quot;:null,&quot;jet_parallax_layout_z_index&quot;:&quot;&quot;,&quot;jet_parallax_layout_bg_x&quot;:50,&quot;jet_parallax_layout_bg_x_tablet&quot;:&quot;&quot;,&quot;jet_parallax_layout_bg_x_mobile&quot;:&quot;&quot;,&quot;jet_parallax_layout_bg_y&quot;:50,&quot;jet_parallax_layout_bg_y_tablet&quot;:&quot;&quot;,&quot;jet_parallax_layout_bg_y_mobile&quot;:&quot;&quot;,&quot;jet_parallax_layout_bg_size&quot;:&quot;auto&quot;,&quot;jet_parallax_layout_bg_size_tablet&quot;:&quot;&quot;,&quot;jet_parallax_layout_bg_size_mobile&quot;:&quot;&quot;,&quot;jet_parallax_layout_animation_prop&quot;:&quot;transform&quot;,&quot;jet_parallax_layout_on&quot;:[&quot;desktop&quot;,&quot;tablet&quot;]}]}\">\n\t\t\t\t\t\t<div class=\"elementor-container elementor-column-gap-default\">\n\t\t\t\t\t<div class=\"elementor-column elementor-col-33 elementor-inner-column elementor-element elementor-element-9ab3e10\" data-id=\"9ab3e10\" data-element_type=\"column\">\n\t\t\t<div class=\"elementor-widget-wrap elementor-element-populated\">\n\t\t\t\t\t\t<div class=\"elementor-element elementor-element-d52ffcf elementor-widget elementor-widget-jet-animated-box\" data-id=\"d52ffcf\" data-element_type=\"widget\" data-widget_type=\"jet-animated-box.default\">\n\t\t\t\t<div class=\"elementor-widget-container\">\n\t\t\t<div class=\"elementor-jet-animated-box jet-elements\"><div id=\"jet-animated-box-d52ffcf\" class=\"jet-animated-box jet-box-effect-1\" data-settings='{\"widgetId\":\"d52ffcf\",\"switchEventType\":\"hover\",\"paperFoldDirection\":\"left\",\"slideOutDirection\":\"left\",\"peelCornerPosition\":\"right\"}'>\n\t<div id=\"jet-animated-box__front-d52ffcf\" class=\"jet-animated-box__front\">\n\t\t<div class=\"jet-animated-box__inner\"><div class=\"jet-animated-box__content\"><h3 class=\"jet-animated-box__title jet-animated-box__title--front\">POTRUB\u00cd A ROZVAD\u011a\u010cE<\/h3><\/div><\/div>\n\t\t<div class=\"jet-animated-box__overlay\"><\/div><\/div>\n\t<div id=\"jet-animated-box__back-d52ffcf\" class=\"jet-animated-box__back\">\n\t\t<div class=\"jet-animated-box__inner\"><div class=\"jet-animated-box__content\"><a class=\"elementor-button elementor-size-md jet-animated-box__button jet-animated-box__button--back jet-animated-box__button--icon-\" href=\"https:\/\/www.tycroc.com\/products\/pipes-manifolds\/\"><span class=\"jet-animated-box__button-text\">P\u0159e\u010dt\u011bte si v\u00edce<\/span><\/a>\n\n<\/div><\/div>\n\t\t<div class=\"jet-animated-box__overlay\"><\/div><\/div>\n<\/div>\n<\/div>\t\t<\/div>\n\t\t\t\t<\/div>\n\t\t\t\t<div class=\"elementor-element elementor-element-fcbf276 elementor-fixed-height-250 elementor-widget elementor-widget-text-editor\" data-id=\"fcbf276\" data-element_type=\"widget\" data-widget_type=\"text-editor.default\">\n\t\t\t\t<div class=\"elementor-widget-container\">\n\t\t\t\t\t\t\t<p style=\"font-weight: 400;\">P\u011btivrstv\u00e9 trubky PE-RT a modul\u00e1rn\u00ed kompozitn\u00ed rozvad\u011b\u010de pro vyt\u00e1p\u011bn\u00ed a chlazen\u00ed.<\/p>\t\t\t\t\t\t<\/div>\n\t\t\t\t<\/div>\n\t\t\t\t\t<\/div>\n\t\t<\/div>\n\t\t\t\t<div class=\"elementor-column elementor-col-33 elementor-inner-column elementor-element elementor-element-b4aed6c\" data-id=\"b4aed6c\" data-element_type=\"column\">\n\t\t\t<div class=\"elementor-widget-wrap elementor-element-populated\">\n\t\t\t\t\t\t<div class=\"elementor-element elementor-element-5f4be8a elementor-widget elementor-widget-jet-animated-box\" data-id=\"5f4be8a\" data-element_type=\"widget\" data-widget_type=\"jet-animated-box.default\">\n\t\t\t\t<div class=\"elementor-widget-container\">\n\t\t\t<div class=\"elementor-jet-animated-box jet-elements\"><div id=\"jet-animated-box-5f4be8a\" class=\"jet-animated-box jet-box-effect-1\" data-settings='{\"widgetId\":\"5f4be8a\",\"switchEventType\":\"hover\",\"paperFoldDirection\":\"left\",\"slideOutDirection\":\"left\",\"peelCornerPosition\":\"right\"}'>\n\t<div id=\"jet-animated-box__front-5f4be8a\" class=\"jet-animated-box__front\">\n\t\t<div class=\"jet-animated-box__inner\"><div class=\"jet-animated-box__content\"><h3 class=\"jet-animated-box__title jet-animated-box__title--front\">TYCROC UHP<\/h3><\/div><\/div>\n\t\t<div class=\"jet-animated-box__overlay\"><\/div><\/div>\n\t<div id=\"jet-animated-box__back-5f4be8a\" class=\"jet-animated-box__back\">\n\t\t<div class=\"jet-animated-box__inner\"><div class=\"jet-animated-box__content\"><a class=\"elementor-button elementor-size-md jet-animated-box__button jet-animated-box__button--back jet-animated-box__button--icon-\" href=\"\/products\/tycroc-uhp\/\"><span class=\"jet-animated-box__button-text\">P\u0159e\u010dt\u011bte si v\u00edce<\/span><\/a>\n\n<\/div><\/div>\n\t\t<div class=\"jet-animated-box__overlay\"><\/div><\/div>\n<\/div>\n<\/div>\t\t<\/div>\n\t\t\t\t<\/div>\n\t\t\t\t<div class=\"elementor-element elementor-element-9dde1a4 elementor-fixed-height-250 elementor-widget elementor-widget-text-editor\" data-id=\"9dde1a4\" data-element_type=\"widget\" data-widget_type=\"text-editor.default\">\n\t\t\t\t<div class=\"elementor-widget-container\">\n\t\t\t\t\t\t\t<p style=\"font-weight: 400;\">Panely podlahov\u00e9ho vyt\u00e1p\u011bn\u00ed pro instalaci trubek a kabel\u016f podlahov\u00e9ho vyt\u00e1p\u011bn\u00ed.<\/p>\t\t\t\t\t\t<\/div>\n\t\t\t\t<\/div>\n\t\t\t\t\t<\/div>\n\t\t<\/div>\n\t\t\t\t<div class=\"elementor-column elementor-col-33 elementor-inner-column elementor-element elementor-element-c70b325\" data-id=\"c70b325\" data-element_type=\"column\">\n\t\t\t<div class=\"elementor-widget-wrap elementor-element-populated\">\n\t\t\t\t\t\t<div class=\"elementor-element elementor-element-2113aa4 elementor-widget elementor-widget-jet-animated-box\" data-id=\"2113aa4\" data-element_type=\"widget\" data-widget_type=\"jet-animated-box.default\">\n\t\t\t\t<div class=\"elementor-widget-container\">\n\t\t\t<div class=\"elementor-jet-animated-box jet-elements\"><div id=\"jet-animated-box-2113aa4\" class=\"jet-animated-box jet-box-effect-1\" data-settings='{\"widgetId\":\"2113aa4\",\"switchEventType\":\"hover\",\"paperFoldDirection\":\"left\",\"slideOutDirection\":\"left\",\"peelCornerPosition\":\"right\"}'>\n\t<div id=\"jet-animated-box__front-2113aa4\" class=\"jet-animated-box__front\">\n\t\t<div class=\"jet-animated-box__inner\"><div class=\"jet-animated-box__content\"><h3 class=\"jet-animated-box__title jet-animated-box__title--front\">UPEV\u0147OVAC\u00cd A IZOLA\u010cN\u00cd PRVKY<\/h3><\/div><\/div>\n\t\t<div class=\"jet-animated-box__overlay\"><\/div><\/div>\n\t<div id=\"jet-animated-box__back-2113aa4\" class=\"jet-animated-box__back\">\n\t\t<div class=\"jet-animated-box__inner\"><div class=\"jet-animated-box__content\"><a class=\"elementor-button elementor-size-md jet-animated-box__button jet-animated-box__button--back jet-animated-box__button--icon-\" href=\"https:\/\/www.tycroc.com\/products\/fastening-insulating-components\/\"><span class=\"jet-animated-box__button-text\">P\u0159e\u010dt\u011bte si v\u00edce<\/span><\/a>\n\n<\/div><\/div>\n\t\t<div class=\"jet-animated-box__overlay\"><\/div><\/div>\n<\/div>\n<\/div>\t\t<\/div>\n\t\t\t\t<\/div>\n\t\t\t\t<div class=\"elementor-element elementor-element-4c48bef elementor-fixed-height-250 elementor-widget elementor-widget-text-editor\" data-id=\"4c48bef\" data-element_type=\"widget\" data-widget_type=\"text-editor.default\">\n\t\t\t\t<div class=\"elementor-widget-container\">\n\t\t\t\t\t\t\t<p style=\"font-weight: 400;\">Lepidla, instala\u010dn\u00ed podlo\u017eky a dal\u0161\u00ed komponenty pro instalaci a izolaci v\u00fdrobk\u016f Tycroc.<\/p>\t\t\t\t\t\t<\/div>\n\t\t\t\t<\/div>\n\t\t\t\t\t<\/div>\n\t\t<\/div>\n\t\t\t\t\t<\/div>\n\t\t<\/section>\n\t\t\t\t\t<\/div>\n\t\t<\/div>\n\t\t\t\t\t<\/div>\n\t\t<\/section>\n\t\t\t\t<\/div>\n\t\t","protected":false},"excerpt":{"rendered":"<p>POTRUB\u00cd A ROZVAD\u011a\u010cE P\u0159e\u010dt\u011bte si v\u00edce P\u011btivrstv\u00e9 trubky PE-RT a modul\u00e1rn\u00ed kompozitn\u00ed rozvad\u011b\u010de pro vyt\u00e1p\u011bn\u00ed a chlazen\u00ed. TYCROC UHP P\u0159e\u010dt\u011bte si v\u00edce Panely podlahov\u00e9ho vyt\u00e1p\u011bn\u00ed pro instalaci trubek a kabel\u016f podlahov\u00e9ho vyt\u00e1p\u011bn\u00ed. UPEV\u0147OVAC\u00cd A IZOLA\u010cN\u00cd PRVKY P\u0159e\u010dt\u011bte si v\u00edce Lepidla, instala\u010dn\u00ed podlo\u017eky a dal\u0161\u00ed komponenty pro instalaci a izolaci v\u00fdrobk\u016f Tycroc.<\/p>\n","protected":false},"author":3,"featured_media":0,"parent":23730,"menu_order":0,"comment_status":"closed","ping_status":"closed","template":"","meta":{"_acf_changed":false,"content-type":"","footnotes":""},"class_list":["post-23717","page","type-page","status-publish","hentry"],"acf":[],"yoast_head":"<!-- This site is optimized with the Yoast SEO plugin v23.2 - https:\/\/yoast.com\/wordpress\/plugins\/seo\/ -->\n<title>Podlahov\u00e9 vyt\u00e1p\u011bni a chlasen\u00ed - TYCROC<\/title>\n<meta name=\"description\" content=\"Tycroc PERT trubky, TSL rozd\u011blova\u010de, podlahov\u00e9 topn\u00e9 panely UHP a p\u0159\u00edslu\u0161enstv\u00ed pro \u0159e\u0161en\u00ed s\u00e1lav\u00e9ho vyt\u00e1p\u011bn\u00ed a chlazen\u00ed.\" \/>\n<meta name=\"robots\" content=\"index, follow, max-snippet:-1, max-image-preview:large, max-video-preview:-1\" \/>\n<link rel=\"canonical\" href=\"https:\/\/www.tycroc.com\/cs\/applications\/podlahove-vytapeni-a-chlaseni\/\" \/>\n<meta property=\"og:locale\" content=\"cs_CZ\" \/>\n<meta property=\"og:type\" content=\"article\" \/>\n<meta property=\"og:title\" content=\"Podlahov\u00e9 vyt\u00e1p\u011bni a chlasen\u00ed - TYCROC\" \/>\n<meta property=\"og:description\" content=\"Tycroc PERT trubky, TSL rozd\u011blova\u010de, podlahov\u00e9 topn\u00e9 panely UHP a p\u0159\u00edslu\u0161enstv\u00ed pro \u0159e\u0161en\u00ed s\u00e1lav\u00e9ho vyt\u00e1p\u011bn\u00ed a chlazen\u00ed.\" \/>\n<meta property=\"og:url\" content=\"https:\/\/www.tycroc.com\/cs\/applications\/podlahove-vytapeni-a-chlaseni\/\" \/>\n<meta property=\"og:site_name\" content=\"TYCROC\" \/>\n<meta property=\"article:modified_time\" content=\"2023-08-31T10:53:43+00:00\" \/>\n<meta name=\"twitter:card\" content=\"summary_large_image\" \/>\n<meta name=\"twitter:label1\" content=\"Odhadovan\u00e1 doba \u010dten\u00ed\" \/>\n\t<meta name=\"twitter:data1\" content=\"1 minuta\" \/>\n<script type=\"application\/ld+json\" class=\"yoast-schema-graph\">{\"@context\":\"https:\/\/schema.org\",\"@graph\":[{\"@type\":\"WebPage\",\"@id\":\"https:\/\/www.tycroc.com\/cs\/applications\/podlahove-vytapeni-a-chlaseni\/\",\"url\":\"https:\/\/www.tycroc.com\/cs\/applications\/podlahove-vytapeni-a-chlaseni\/\",\"name\":\"Podlahov\u00e9 vyt\u00e1p\u011bni a chlasen\u00ed - TYCROC\",\"isPartOf\":{\"@id\":\"https:\/\/www.tycroc.com\/cs\/#website\"},\"datePublished\":\"2020-06-01T09:24:59+00:00\",\"dateModified\":\"2023-08-31T10:53:43+00:00\",\"description\":\"Tycroc PERT trubky, TSL rozd\u011blova\u010de, podlahov\u00e9 topn\u00e9 panely UHP a p\u0159\u00edslu\u0161enstv\u00ed pro \u0159e\u0161en\u00ed s\u00e1lav\u00e9ho vyt\u00e1p\u011bn\u00ed a chlazen\u00ed.\",\"breadcrumb\":{\"@id\":\"https:\/\/www.tycroc.com\/cs\/applications\/podlahove-vytapeni-a-chlaseni\/#breadcrumb\"},\"inLanguage\":\"cs\",\"potentialAction\":[{\"@type\":\"ReadAction\",\"target\":[\"https:\/\/www.tycroc.com\/cs\/applications\/podlahove-vytapeni-a-chlaseni\/\"]}]},{\"@type\":\"BreadcrumbList\",\"@id\":\"https:\/\/www.tycroc.com\/cs\/applications\/podlahove-vytapeni-a-chlaseni\/#breadcrumb\",\"itemListElement\":[{\"@type\":\"ListItem\",\"position\":1,\"name\":\"Home\",\"item\":\"https:\/\/www.tycroc.com\/cs\/\"},{\"@type\":\"ListItem\",\"position\":2,\"name\":\"Aplikace\",\"item\":\"https:\/\/www.tycroc.com\/cs\/applications\/\"},{\"@type\":\"ListItem\",\"position\":3,\"name\":\"Podlahov\u00e9 vyt\u00e1p\u011bni a chlasen\u00ed\"}]},{\"@type\":\"WebSite\",\"@id\":\"https:\/\/www.tycroc.com\/cs\/#website\",\"url\":\"https:\/\/www.tycroc.com\/cs\/\",\"name\":\"TYCROC\",\"description\":\"\",\"publisher\":{\"@id\":\"https:\/\/www.tycroc.com\/cs\/#organization\"},\"potentialAction\":[{\"@type\":\"SearchAction\",\"target\":{\"@type\":\"EntryPoint\",\"urlTemplate\":\"https:\/\/www.tycroc.com\/cs\/?s={search_term_string}\"},\"query-input\":\"required name=search_term_string\"}],\"inLanguage\":\"cs\"},{\"@type\":\"Organization\",\"@id\":\"https:\/\/www.tycroc.com\/cs\/#organization\",\"name\":\"TYCROC\",\"url\":\"https:\/\/www.tycroc.com\/cs\/\",\"logo\":{\"@type\":\"ImageObject\",\"inLanguage\":\"cs\",\"@id\":\"https:\/\/www.tycroc.com\/cs\/#\/schema\/logo\/image\/\",\"url\":\"https:\/\/www.tycroc.com\/wp-content\/uploads\/2020\/03\/cropped-tycroc-logo.png\",\"contentUrl\":\"https:\/\/www.tycroc.com\/wp-content\/uploads\/2020\/03\/cropped-tycroc-logo.png\",\"width\":205,\"height\":59,\"caption\":\"TYCROC\"},\"image\":{\"@id\":\"https:\/\/www.tycroc.com\/cs\/#\/schema\/logo\/image\/\"}}]}<\/script>\n<!-- \/ Yoast SEO plugin. -->","yoast_head_json":{"title":"Podlahov\u00e9 vyt\u00e1p\u011bni a chlasen\u00ed - TYCROC","description":"Tycroc PERT trubky, TSL rozd\u011blova\u010de, podlahov\u00e9 topn\u00e9 panely UHP a p\u0159\u00edslu\u0161enstv\u00ed pro \u0159e\u0161en\u00ed s\u00e1lav\u00e9ho vyt\u00e1p\u011bn\u00ed a chlazen\u00ed.","robots":{"index":"index","follow":"follow","max-snippet":"max-snippet:-1","max-image-preview":"max-image-preview:large","max-video-preview":"max-video-preview:-1"},"canonical":"https:\/\/www.tycroc.com\/cs\/applications\/podlahove-vytapeni-a-chlaseni\/","og_locale":"cs_CZ","og_type":"article","og_title":"Podlahov\u00e9 vyt\u00e1p\u011bni a chlasen\u00ed - TYCROC","og_description":"Tycroc PERT trubky, TSL rozd\u011blova\u010de, podlahov\u00e9 topn\u00e9 panely UHP a p\u0159\u00edslu\u0161enstv\u00ed pro \u0159e\u0161en\u00ed s\u00e1lav\u00e9ho vyt\u00e1p\u011bn\u00ed a chlazen\u00ed.","og_url":"https:\/\/www.tycroc.com\/cs\/applications\/podlahove-vytapeni-a-chlaseni\/","og_site_name":"TYCROC","article_modified_time":"2023-08-31T10:53:43+00:00","twitter_card":"summary_large_image","twitter_misc":{"Odhadovan\u00e1 doba \u010dten\u00ed":"1 minuta"},"schema":{"@context":"https:\/\/schema.org","@graph":[{"@type":"WebPage","@id":"https:\/\/www.tycroc.com\/cs\/applications\/podlahove-vytapeni-a-chlaseni\/","url":"https:\/\/www.tycroc.com\/cs\/applications\/podlahove-vytapeni-a-chlaseni\/","name":"Podlahov\u00e9 vyt\u00e1p\u011bni a chlasen\u00ed - TYCROC","isPartOf":{"@id":"https:\/\/www.tycroc.com\/cs\/#website"},"datePublished":"2020-06-01T09:24:59+00:00","dateModified":"2023-08-31T10:53:43+00:00","description":"Tycroc PERT trubky, TSL rozd\u011blova\u010de, podlahov\u00e9 topn\u00e9 panely UHP a p\u0159\u00edslu\u0161enstv\u00ed pro \u0159e\u0161en\u00ed s\u00e1lav\u00e9ho vyt\u00e1p\u011bn\u00ed a chlazen\u00ed.","breadcrumb":{"@id":"https:\/\/www.tycroc.com\/cs\/applications\/podlahove-vytapeni-a-chlaseni\/#breadcrumb"},"inLanguage":"cs","potentialAction":[{"@type":"ReadAction","target":["https:\/\/www.tycroc.com\/cs\/applications\/podlahove-vytapeni-a-chlaseni\/"]}]},{"@type":"BreadcrumbList","@id":"https:\/\/www.tycroc.com\/cs\/applications\/podlahove-vytapeni-a-chlaseni\/#breadcrumb","itemListElement":[{"@type":"ListItem","position":1,"name":"Home","item":"https:\/\/www.tycroc.com\/cs\/"},{"@type":"ListItem","position":2,"name":"Aplikace","item":"https:\/\/www.tycroc.com\/cs\/applications\/"},{"@type":"ListItem","position":3,"name":"Podlahov\u00e9 vyt\u00e1p\u011bni a chlasen\u00ed"}]},{"@type":"WebSite","@id":"https:\/\/www.tycroc.com\/cs\/#website","url":"https:\/\/www.tycroc.com\/cs\/","name":"TYCROC","description":"","publisher":{"@id":"https:\/\/www.tycroc.com\/cs\/#organization"},"potentialAction":[{"@type":"SearchAction","target":{"@type":"EntryPoint","urlTemplate":"https:\/\/www.tycroc.com\/cs\/?s={search_term_string}"},"query-input":"required name=search_term_string"}],"inLanguage":"cs"},{"@type":"Organization","@id":"https:\/\/www.tycroc.com\/cs\/#organization","name":"TYCROC","url":"https:\/\/www.tycroc.com\/cs\/","logo":{"@type":"ImageObject","inLanguage":"cs","@id":"https:\/\/www.tycroc.com\/cs\/#\/schema\/logo\/image\/","url":"https:\/\/www.tycroc.com\/wp-content\/uploads\/2020\/03\/cropped-tycroc-logo.png","contentUrl":"https:\/\/www.tycroc.com\/wp-content\/uploads\/2020\/03\/cropped-tycroc-logo.png","width":205,"height":59,"caption":"TYCROC"},"image":{"@id":"https:\/\/www.tycroc.com\/cs\/#\/schema\/logo\/image\/"}}]}},"_links":{"self":[{"href":"https:\/\/www.tycroc.com\/cs\/wp-json\/wp\/v2\/pages\/23717"}],"collection":[{"href":"https:\/\/www.tycroc.com\/cs\/wp-json\/wp\/v2\/pages"}],"about":[{"href":"https:\/\/www.tycroc.com\/cs\/wp-json\/wp\/v2\/types\/page"}],"author":[{"embeddable":true,"href":"https:\/\/www.tycroc.com\/cs\/wp-json\/wp\/v2\/users\/3"}],"replies":[{"embeddable":true,"href":"https:\/\/www.tycroc.com\/cs\/wp-json\/wp\/v2\/comments?post=23717"}],"version-history":[{"count":15,"href":"https:\/\/www.tycroc.com\/cs\/wp-json\/wp\/v2\/pages\/23717\/revisions"}],"predecessor-version":[{"id":25521,"href":"https:\/\/www.tycroc.com\/cs\/wp-json\/wp\/v2\/pages\/23717\/revisions\/25521"}],"up":[{"embeddable":true,"href":"https:\/\/www.tycroc.com\/cs\/wp-json\/wp\/v2\/pages\/23730"}],"wp:attachment":[{"href":"https:\/\/www.tycroc.com\/cs\/wp-json\/wp\/v2\/media?parent=23717"}],"curies":[{"name":"wp","href":"https:\/\/api.w.org\/{rel}","templated":true}]}}