{"id":23690,"date":"2020-06-01T09:27:29","date_gmt":"2020-06-01T09:27:29","guid":{"rendered":"https:\/\/www.tycroc.com\/bathtub-cladding\/"},"modified":"2023-08-30T14:05:39","modified_gmt":"2023-08-30T11:05:39","slug":"oblozeni-vany","status":"publish","type":"page","link":"https:\/\/www.tycroc.com\/cs\/applications\/oblozeni-vany\/","title":{"rendered":"Oblo\u017een\u00ed vany"},"content":{"rendered":"\t\t<div data-elementor-type=\"wp-page\" data-elementor-id=\"23690\" class=\"elementor elementor-23690 elementor-7922\">\n\t\t\t\t\t\t<section class=\"elementor-section elementor-top-section elementor-element elementor-element-eadd3d0 elementor-section-boxed elementor-section-height-default elementor-section-height-default\" data-id=\"eadd3d0\" data-element_type=\"section\" data-settings=\"{&quot;jet_parallax_layout_list&quot;:[{&quot;jet_parallax_layout_image&quot;:{&quot;url&quot;:&quot;&quot;,&quot;id&quot;:&quot;&quot;,&quot;size&quot;:&quot;&quot;},&quot;_id&quot;:&quot;37dc715&quot;,&quot;jet_parallax_layout_image_tablet&quot;:{&quot;url&quot;:&quot;&quot;,&quot;id&quot;:&quot;&quot;,&quot;size&quot;:&quot;&quot;},&quot;jet_parallax_layout_image_mobile&quot;:{&quot;url&quot;:&quot;&quot;,&quot;id&quot;:&quot;&quot;,&quot;size&quot;:&quot;&quot;},&quot;jet_parallax_layout_speed&quot;:{&quot;unit&quot;:&quot;%&quot;,&quot;size&quot;:50,&quot;sizes&quot;:[]},&quot;jet_parallax_layout_type&quot;:&quot;scroll&quot;,&quot;jet_parallax_layout_direction&quot;:null,&quot;jet_parallax_layout_fx_direction&quot;:null,&quot;jet_parallax_layout_z_index&quot;:&quot;&quot;,&quot;jet_parallax_layout_bg_x&quot;:50,&quot;jet_parallax_layout_bg_x_tablet&quot;:&quot;&quot;,&quot;jet_parallax_layout_bg_x_mobile&quot;:&quot;&quot;,&quot;jet_parallax_layout_bg_y&quot;:50,&quot;jet_parallax_layout_bg_y_tablet&quot;:&quot;&quot;,&quot;jet_parallax_layout_bg_y_mobile&quot;:&quot;&quot;,&quot;jet_parallax_layout_bg_size&quot;:&quot;auto&quot;,&quot;jet_parallax_layout_bg_size_tablet&quot;:&quot;&quot;,&quot;jet_parallax_layout_bg_size_mobile&quot;:&quot;&quot;,&quot;jet_parallax_layout_animation_prop&quot;:&quot;transform&quot;,&quot;jet_parallax_layout_on&quot;:[&quot;desktop&quot;,&quot;tablet&quot;]}]}\">\n\t\t\t\t\t\t<div class=\"elementor-container elementor-column-gap-default\">\n\t\t\t\t\t<div class=\"elementor-column elementor-col-100 elementor-top-column elementor-element elementor-element-36abb74\" data-id=\"36abb74\" data-element_type=\"column\">\n\t\t\t<div class=\"elementor-widget-wrap elementor-element-populated\">\n\t\t\t\t\t\t<section class=\"elementor-section elementor-inner-section elementor-element elementor-element-958a7ed elementor-section-boxed elementor-section-height-default elementor-section-height-default\" data-id=\"958a7ed\" data-element_type=\"section\" data-settings=\"{&quot;jet_parallax_layout_list&quot;:[{&quot;jet_parallax_layout_image&quot;:{&quot;url&quot;:&quot;&quot;,&quot;id&quot;:&quot;&quot;,&quot;size&quot;:&quot;&quot;},&quot;_id&quot;:&quot;0e63302&quot;,&quot;jet_parallax_layout_image_tablet&quot;:{&quot;url&quot;:&quot;&quot;,&quot;id&quot;:&quot;&quot;,&quot;size&quot;:&quot;&quot;},&quot;jet_parallax_layout_image_mobile&quot;:{&quot;url&quot;:&quot;&quot;,&quot;id&quot;:&quot;&quot;,&quot;size&quot;:&quot;&quot;},&quot;jet_parallax_layout_speed&quot;:{&quot;unit&quot;:&quot;%&quot;,&quot;size&quot;:50,&quot;sizes&quot;:[]},&quot;jet_parallax_layout_type&quot;:&quot;scroll&quot;,&quot;jet_parallax_layout_direction&quot;:null,&quot;jet_parallax_layout_fx_direction&quot;:null,&quot;jet_parallax_layout_z_index&quot;:&quot;&quot;,&quot;jet_parallax_layout_bg_x&quot;:50,&quot;jet_parallax_layout_bg_x_tablet&quot;:&quot;&quot;,&quot;jet_parallax_layout_bg_x_mobile&quot;:&quot;&quot;,&quot;jet_parallax_layout_bg_y&quot;:50,&quot;jet_parallax_layout_bg_y_tablet&quot;:&quot;&quot;,&quot;jet_parallax_layout_bg_y_mobile&quot;:&quot;&quot;,&quot;jet_parallax_layout_bg_size&quot;:&quot;auto&quot;,&quot;jet_parallax_layout_bg_size_tablet&quot;:&quot;&quot;,&quot;jet_parallax_layout_bg_size_mobile&quot;:&quot;&quot;,&quot;jet_parallax_layout_animation_prop&quot;:&quot;transform&quot;,&quot;jet_parallax_layout_on&quot;:[&quot;desktop&quot;,&quot;tablet&quot;]}]}\">\n\t\t\t\t\t\t<div class=\"elementor-container elementor-column-gap-default\">\n\t\t\t\t\t<div class=\"elementor-column elementor-col-50 elementor-inner-column elementor-element elementor-element-ef842f2\" data-id=\"ef842f2\" data-element_type=\"column\">\n\t\t\t<div class=\"elementor-widget-wrap elementor-element-populated\">\n\t\t\t\t\t\t<div class=\"elementor-element elementor-element-da296f1 elementor-widget elementor-widget-jet-animated-box\" data-id=\"da296f1\" data-element_type=\"widget\" data-widget_type=\"jet-animated-box.default\">\n\t\t\t\t<div class=\"elementor-widget-container\">\n\t\t\t<div class=\"elementor-jet-animated-box jet-elements\"><div id=\"jet-animated-box-da296f1\" class=\"jet-animated-box jet-box-effect-1\" data-settings='{\"widgetId\":\"da296f1\",\"switchEventType\":\"hover\",\"paperFoldDirection\":\"left\",\"slideOutDirection\":\"left\",\"peelCornerPosition\":\"right\"}'>\n\t<div id=\"jet-animated-box__front-da296f1\" class=\"jet-animated-box__front\">\n\t\t<div class=\"jet-animated-box__inner\"><div class=\"jet-animated-box__content\"><h3 class=\"jet-animated-box__title jet-animated-box__title--front\">KOUPELNOV\u00c9 DESKY<\/h3><\/div><\/div>\n\t\t<div class=\"jet-animated-box__overlay\"><\/div><\/div>\n\t<div id=\"jet-animated-box__back-da296f1\" class=\"jet-animated-box__back\">\n\t\t<div class=\"jet-animated-box__inner\"><div class=\"jet-animated-box__content\"><a class=\"elementor-button elementor-size-md jet-animated-box__button jet-animated-box__button--back jet-animated-box__button--icon-\" href=\"\/products\/bathboards\/\"><span class=\"jet-animated-box__button-text\">P\u0159e\u010dt\u011bte si v\u00edce<\/span><\/a>\n\n<\/div><\/div>\n\t\t<div class=\"jet-animated-box__overlay\"><\/div><\/div>\n<\/div>\n<\/div>\t\t<\/div>\n\t\t\t\t<\/div>\n\t\t\t\t<div class=\"elementor-element elementor-element-49ddb09 elementor-fixed-height-250 elementor-widget elementor-widget-text-editor\" data-id=\"49ddb09\" data-element_type=\"widget\" data-widget_type=\"text-editor.default\">\n\t\t\t\t<div class=\"elementor-widget-container\">\n\t\t\t\t\t\t\t<p style=\"font-weight: 400;\">Vodot\u011bsn\u00e9 obkladov\u00e9 desky pro obklady van.<\/p>\t\t\t\t\t\t<\/div>\n\t\t\t\t<\/div>\n\t\t\t\t\t<\/div>\n\t\t<\/div>\n\t\t\t\t<div class=\"elementor-column elementor-col-50 elementor-inner-column elementor-element elementor-element-f8f8da7\" data-id=\"f8f8da7\" data-element_type=\"column\">\n\t\t\t<div class=\"elementor-widget-wrap elementor-element-populated\">\n\t\t\t\t\t\t<div class=\"elementor-element elementor-element-8f7772e elementor-widget elementor-widget-jet-animated-box\" data-id=\"8f7772e\" data-element_type=\"widget\" data-widget_type=\"jet-animated-box.default\">\n\t\t\t\t<div class=\"elementor-widget-container\">\n\t\t\t<div class=\"elementor-jet-animated-box jet-elements\"><div id=\"jet-animated-box-8f7772e\" class=\"jet-animated-box jet-box-effect-1\" data-settings='{\"widgetId\":\"8f7772e\",\"switchEventType\":\"hover\",\"paperFoldDirection\":\"left\",\"slideOutDirection\":\"left\",\"peelCornerPosition\":\"right\"}'>\n\t<div id=\"jet-animated-box__front-8f7772e\" class=\"jet-animated-box__front\">\n\t\t<div class=\"jet-animated-box__inner\"><div class=\"jet-animated-box__content\"><h3 class=\"jet-animated-box__title jet-animated-box__title--front\">UPEV\u0147OVAC\u00cd A IZOLA\u010cN\u00cd PRVKY<\/h3><\/div><\/div>\n\t\t<div class=\"jet-animated-box__overlay\"><\/div><\/div>\n\t<div id=\"jet-animated-box__back-8f7772e\" class=\"jet-animated-box__back\">\n\t\t<div class=\"jet-animated-box__inner\"><div class=\"jet-animated-box__content\"><a class=\"elementor-button elementor-size-md jet-animated-box__button jet-animated-box__button--back jet-animated-box__button--icon-\" href=\"https:\/\/www.tycroc.com\/products\/fastening-insulating-components\/\"><span class=\"jet-animated-box__button-text\">P\u0159e\u010dt\u011bte si v\u00edce<\/span><\/a>\n\n<\/div><\/div>\n\t\t<div class=\"jet-animated-box__overlay\"><\/div><\/div>\n<\/div>\n<\/div>\t\t<\/div>\n\t\t\t\t<\/div>\n\t\t\t\t<div class=\"elementor-element elementor-element-e26416a elementor-fixed-height-250 elementor-widget elementor-widget-text-editor\" data-id=\"e26416a\" data-element_type=\"widget\" data-widget_type=\"text-editor.default\">\n\t\t\t\t<div class=\"elementor-widget-container\">\n\t\t\t\t\t\t\t<p style=\"font-weight: 400;\">Lepidla, instala\u010dn\u00ed podlo\u017eky a dal\u0161\u00ed komponenty pro instalaci a izolaci v\u00fdrobk\u016f Tycroc.<\/p>\t\t\t\t\t\t<\/div>\n\t\t\t\t<\/div>\n\t\t\t\t\t<\/div>\n\t\t<\/div>\n\t\t\t\t\t<\/div>\n\t\t<\/section>\n\t\t\t\t\t<\/div>\n\t\t<\/div>\n\t\t\t\t\t<\/div>\n\t\t<\/section>\n\t\t\t\t<\/div>\n\t\t","protected":false},"excerpt":{"rendered":"<p>KOUPELNOV\u00c9 DESKY P\u0159e\u010dt\u011bte si v\u00edce Vodot\u011bsn\u00e9 obkladov\u00e9 desky pro obklady van. UPEV\u0147OVAC\u00cd A IZOLA\u010cN\u00cd PRVKY P\u0159e\u010dt\u011bte si v\u00edce Lepidla, instala\u010dn\u00ed podlo\u017eky a dal\u0161\u00ed komponenty pro instalaci a izolaci v\u00fdrobk\u016f Tycroc.<\/p>\n","protected":false},"author":3,"featured_media":0,"parent":23730,"menu_order":0,"comment_status":"closed","ping_status":"closed","template":"","meta":{"_acf_changed":false,"content-type":"","footnotes":""},"class_list":["post-23690","page","type-page","status-publish","hentry"],"acf":[],"yoast_head":"<!-- This site is optimized with the Yoast SEO plugin v23.2 - https:\/\/yoast.com\/wordpress\/plugins\/seo\/ -->\n<title>Oblo\u017een\u00ed vany - TYCROC<\/title>\n<meta name=\"description\" content=\"Vodot\u011bsn\u00e9 a obkladov\u00e9 desky Tycroc a p\u0159\u00edslu\u0161enstv\u00ed (upev\u0148ovac\u00ed a izola\u010dn\u00ed prvky) pro obklady van.\" \/>\n<meta name=\"robots\" content=\"index, follow, max-snippet:-1, max-image-preview:large, max-video-preview:-1\" \/>\n<link rel=\"canonical\" href=\"https:\/\/www.tycroc.com\/cs\/applications\/oblozeni-vany\/\" \/>\n<meta property=\"og:locale\" content=\"cs_CZ\" \/>\n<meta property=\"og:type\" content=\"article\" \/>\n<meta property=\"og:title\" content=\"Oblo\u017een\u00ed vany - TYCROC\" \/>\n<meta property=\"og:description\" content=\"Vodot\u011bsn\u00e9 a obkladov\u00e9 desky Tycroc a p\u0159\u00edslu\u0161enstv\u00ed (upev\u0148ovac\u00ed a izola\u010dn\u00ed prvky) pro obklady van.\" \/>\n<meta property=\"og:url\" content=\"https:\/\/www.tycroc.com\/cs\/applications\/oblozeni-vany\/\" \/>\n<meta property=\"og:site_name\" content=\"TYCROC\" \/>\n<meta property=\"article:modified_time\" content=\"2023-08-30T11:05:39+00:00\" \/>\n<meta name=\"twitter:card\" content=\"summary_large_image\" \/>\n<meta name=\"twitter:label1\" content=\"Odhadovan\u00e1 doba \u010dten\u00ed\" \/>\n\t<meta name=\"twitter:data1\" content=\"1 minuta\" \/>\n<script type=\"application\/ld+json\" class=\"yoast-schema-graph\">{\"@context\":\"https:\/\/schema.org\",\"@graph\":[{\"@type\":\"WebPage\",\"@id\":\"https:\/\/www.tycroc.com\/cs\/applications\/oblozeni-vany\/\",\"url\":\"https:\/\/www.tycroc.com\/cs\/applications\/oblozeni-vany\/\",\"name\":\"Oblo\u017een\u00ed vany - TYCROC\",\"isPartOf\":{\"@id\":\"https:\/\/www.tycroc.com\/cs\/#website\"},\"datePublished\":\"2020-06-01T09:27:29+00:00\",\"dateModified\":\"2023-08-30T11:05:39+00:00\",\"description\":\"Vodot\u011bsn\u00e9 a obkladov\u00e9 desky Tycroc a p\u0159\u00edslu\u0161enstv\u00ed (upev\u0148ovac\u00ed a izola\u010dn\u00ed prvky) pro obklady van.\",\"breadcrumb\":{\"@id\":\"https:\/\/www.tycroc.com\/cs\/applications\/oblozeni-vany\/#breadcrumb\"},\"inLanguage\":\"cs\",\"potentialAction\":[{\"@type\":\"ReadAction\",\"target\":[\"https:\/\/www.tycroc.com\/cs\/applications\/oblozeni-vany\/\"]}]},{\"@type\":\"BreadcrumbList\",\"@id\":\"https:\/\/www.tycroc.com\/cs\/applications\/oblozeni-vany\/#breadcrumb\",\"itemListElement\":[{\"@type\":\"ListItem\",\"position\":1,\"name\":\"Home\",\"item\":\"https:\/\/www.tycroc.com\/cs\/\"},{\"@type\":\"ListItem\",\"position\":2,\"name\":\"Aplikace\",\"item\":\"https:\/\/www.tycroc.com\/cs\/applications\/\"},{\"@type\":\"ListItem\",\"position\":3,\"name\":\"Oblo\u017een\u00ed vany\"}]},{\"@type\":\"WebSite\",\"@id\":\"https:\/\/www.tycroc.com\/cs\/#website\",\"url\":\"https:\/\/www.tycroc.com\/cs\/\",\"name\":\"TYCROC\",\"description\":\"\",\"publisher\":{\"@id\":\"https:\/\/www.tycroc.com\/cs\/#organization\"},\"potentialAction\":[{\"@type\":\"SearchAction\",\"target\":{\"@type\":\"EntryPoint\",\"urlTemplate\":\"https:\/\/www.tycroc.com\/cs\/?s={search_term_string}\"},\"query-input\":\"required name=search_term_string\"}],\"inLanguage\":\"cs\"},{\"@type\":\"Organization\",\"@id\":\"https:\/\/www.tycroc.com\/cs\/#organization\",\"name\":\"TYCROC\",\"url\":\"https:\/\/www.tycroc.com\/cs\/\",\"logo\":{\"@type\":\"ImageObject\",\"inLanguage\":\"cs\",\"@id\":\"https:\/\/www.tycroc.com\/cs\/#\/schema\/logo\/image\/\",\"url\":\"https:\/\/www.tycroc.com\/wp-content\/uploads\/2020\/03\/cropped-tycroc-logo.png\",\"contentUrl\":\"https:\/\/www.tycroc.com\/wp-content\/uploads\/2020\/03\/cropped-tycroc-logo.png\",\"width\":205,\"height\":59,\"caption\":\"TYCROC\"},\"image\":{\"@id\":\"https:\/\/www.tycroc.com\/cs\/#\/schema\/logo\/image\/\"}}]}<\/script>\n<!-- \/ Yoast SEO plugin. -->","yoast_head_json":{"title":"Oblo\u017een\u00ed vany - TYCROC","description":"Vodot\u011bsn\u00e9 a obkladov\u00e9 desky Tycroc a p\u0159\u00edslu\u0161enstv\u00ed (upev\u0148ovac\u00ed a izola\u010dn\u00ed prvky) pro obklady van.","robots":{"index":"index","follow":"follow","max-snippet":"max-snippet:-1","max-image-preview":"max-image-preview:large","max-video-preview":"max-video-preview:-1"},"canonical":"https:\/\/www.tycroc.com\/cs\/applications\/oblozeni-vany\/","og_locale":"cs_CZ","og_type":"article","og_title":"Oblo\u017een\u00ed vany - TYCROC","og_description":"Vodot\u011bsn\u00e9 a obkladov\u00e9 desky Tycroc a p\u0159\u00edslu\u0161enstv\u00ed (upev\u0148ovac\u00ed a izola\u010dn\u00ed prvky) pro obklady van.","og_url":"https:\/\/www.tycroc.com\/cs\/applications\/oblozeni-vany\/","og_site_name":"TYCROC","article_modified_time":"2023-08-30T11:05:39+00:00","twitter_card":"summary_large_image","twitter_misc":{"Odhadovan\u00e1 doba \u010dten\u00ed":"1 minuta"},"schema":{"@context":"https:\/\/schema.org","@graph":[{"@type":"WebPage","@id":"https:\/\/www.tycroc.com\/cs\/applications\/oblozeni-vany\/","url":"https:\/\/www.tycroc.com\/cs\/applications\/oblozeni-vany\/","name":"Oblo\u017een\u00ed vany - TYCROC","isPartOf":{"@id":"https:\/\/www.tycroc.com\/cs\/#website"},"datePublished":"2020-06-01T09:27:29+00:00","dateModified":"2023-08-30T11:05:39+00:00","description":"Vodot\u011bsn\u00e9 a obkladov\u00e9 desky Tycroc a p\u0159\u00edslu\u0161enstv\u00ed (upev\u0148ovac\u00ed a izola\u010dn\u00ed prvky) pro obklady van.","breadcrumb":{"@id":"https:\/\/www.tycroc.com\/cs\/applications\/oblozeni-vany\/#breadcrumb"},"inLanguage":"cs","potentialAction":[{"@type":"ReadAction","target":["https:\/\/www.tycroc.com\/cs\/applications\/oblozeni-vany\/"]}]},{"@type":"BreadcrumbList","@id":"https:\/\/www.tycroc.com\/cs\/applications\/oblozeni-vany\/#breadcrumb","itemListElement":[{"@type":"ListItem","position":1,"name":"Home","item":"https:\/\/www.tycroc.com\/cs\/"},{"@type":"ListItem","position":2,"name":"Aplikace","item":"https:\/\/www.tycroc.com\/cs\/applications\/"},{"@type":"ListItem","position":3,"name":"Oblo\u017een\u00ed vany"}]},{"@type":"WebSite","@id":"https:\/\/www.tycroc.com\/cs\/#website","url":"https:\/\/www.tycroc.com\/cs\/","name":"TYCROC","description":"","publisher":{"@id":"https:\/\/www.tycroc.com\/cs\/#organization"},"potentialAction":[{"@type":"SearchAction","target":{"@type":"EntryPoint","urlTemplate":"https:\/\/www.tycroc.com\/cs\/?s={search_term_string}"},"query-input":"required name=search_term_string"}],"inLanguage":"cs"},{"@type":"Organization","@id":"https:\/\/www.tycroc.com\/cs\/#organization","name":"TYCROC","url":"https:\/\/www.tycroc.com\/cs\/","logo":{"@type":"ImageObject","inLanguage":"cs","@id":"https:\/\/www.tycroc.com\/cs\/#\/schema\/logo\/image\/","url":"https:\/\/www.tycroc.com\/wp-content\/uploads\/2020\/03\/cropped-tycroc-logo.png","contentUrl":"https:\/\/www.tycroc.com\/wp-content\/uploads\/2020\/03\/cropped-tycroc-logo.png","width":205,"height":59,"caption":"TYCROC"},"image":{"@id":"https:\/\/www.tycroc.com\/cs\/#\/schema\/logo\/image\/"}}]}},"_links":{"self":[{"href":"https:\/\/www.tycroc.com\/cs\/wp-json\/wp\/v2\/pages\/23690"}],"collection":[{"href":"https:\/\/www.tycroc.com\/cs\/wp-json\/wp\/v2\/pages"}],"about":[{"href":"https:\/\/www.tycroc.com\/cs\/wp-json\/wp\/v2\/types\/page"}],"author":[{"embeddable":true,"href":"https:\/\/www.tycroc.com\/cs\/wp-json\/wp\/v2\/users\/3"}],"replies":[{"embeddable":true,"href":"https:\/\/www.tycroc.com\/cs\/wp-json\/wp\/v2\/comments?post=23690"}],"version-history":[{"count":6,"href":"https:\/\/www.tycroc.com\/cs\/wp-json\/wp\/v2\/pages\/23690\/revisions"}],"predecessor-version":[{"id":25516,"href":"https:\/\/www.tycroc.com\/cs\/wp-json\/wp\/v2\/pages\/23690\/revisions\/25516"}],"up":[{"embeddable":true,"href":"https:\/\/www.tycroc.com\/cs\/wp-json\/wp\/v2\/pages\/23730"}],"wp:attachment":[{"href":"https:\/\/www.tycroc.com\/cs\/wp-json\/wp\/v2\/media?parent=23690"}],"curies":[{"name":"wp","href":"https:\/\/api.w.org\/{rel}","templated":true}]}}