{"id":23672,"date":"2020-06-01T09:28:28","date_gmt":"2020-06-01T09:28:28","guid":{"rendered":"https:\/\/www.tycroc.com\/bale-for-window\/"},"modified":"2023-08-30T14:01:08","modified_gmt":"2023-08-30T11:01:08","slug":"izolace-oken","status":"publish","type":"page","link":"https:\/\/www.tycroc.com\/cs\/applications\/izolace-oken\/","title":{"rendered":"Izolace oken"},"content":{"rendered":"\t\t<div data-elementor-type=\"wp-page\" data-elementor-id=\"23672\" class=\"elementor elementor-23672 elementor-7926\">\n\t\t\t\t\t\t<section class=\"elementor-section elementor-top-section elementor-element elementor-element-a6c3369 elementor-section-boxed elementor-section-height-default elementor-section-height-default\" data-id=\"a6c3369\" data-element_type=\"section\" data-settings=\"{&quot;jet_parallax_layout_list&quot;:[{&quot;jet_parallax_layout_image&quot;:{&quot;url&quot;:&quot;&quot;,&quot;id&quot;:&quot;&quot;,&quot;size&quot;:&quot;&quot;},&quot;_id&quot;:&quot;44f4133&quot;,&quot;jet_parallax_layout_image_tablet&quot;:{&quot;url&quot;:&quot;&quot;,&quot;id&quot;:&quot;&quot;,&quot;size&quot;:&quot;&quot;},&quot;jet_parallax_layout_image_mobile&quot;:{&quot;url&quot;:&quot;&quot;,&quot;id&quot;:&quot;&quot;,&quot;size&quot;:&quot;&quot;},&quot;jet_parallax_layout_speed&quot;:{&quot;unit&quot;:&quot;%&quot;,&quot;size&quot;:50,&quot;sizes&quot;:[]},&quot;jet_parallax_layout_type&quot;:&quot;scroll&quot;,&quot;jet_parallax_layout_direction&quot;:null,&quot;jet_parallax_layout_fx_direction&quot;:null,&quot;jet_parallax_layout_z_index&quot;:&quot;&quot;,&quot;jet_parallax_layout_bg_x&quot;:50,&quot;jet_parallax_layout_bg_x_tablet&quot;:&quot;&quot;,&quot;jet_parallax_layout_bg_x_mobile&quot;:&quot;&quot;,&quot;jet_parallax_layout_bg_y&quot;:50,&quot;jet_parallax_layout_bg_y_tablet&quot;:&quot;&quot;,&quot;jet_parallax_layout_bg_y_mobile&quot;:&quot;&quot;,&quot;jet_parallax_layout_bg_size&quot;:&quot;auto&quot;,&quot;jet_parallax_layout_bg_size_tablet&quot;:&quot;&quot;,&quot;jet_parallax_layout_bg_size_mobile&quot;:&quot;&quot;,&quot;jet_parallax_layout_animation_prop&quot;:&quot;transform&quot;,&quot;jet_parallax_layout_on&quot;:[&quot;desktop&quot;,&quot;tablet&quot;]}]}\">\n\t\t\t\t\t\t<div class=\"elementor-container elementor-column-gap-default\">\n\t\t\t\t\t<div class=\"elementor-column elementor-col-100 elementor-top-column elementor-element elementor-element-e0abd4f\" data-id=\"e0abd4f\" data-element_type=\"column\">\n\t\t\t<div class=\"elementor-widget-wrap elementor-element-populated\">\n\t\t\t\t\t\t<section class=\"elementor-section elementor-inner-section elementor-element elementor-element-17e0ac7 elementor-section-boxed elementor-section-height-default elementor-section-height-default\" data-id=\"17e0ac7\" data-element_type=\"section\" data-settings=\"{&quot;jet_parallax_layout_list&quot;:[{&quot;jet_parallax_layout_image&quot;:{&quot;url&quot;:&quot;&quot;,&quot;id&quot;:&quot;&quot;,&quot;size&quot;:&quot;&quot;},&quot;_id&quot;:&quot;af587fa&quot;,&quot;jet_parallax_layout_image_tablet&quot;:{&quot;url&quot;:&quot;&quot;,&quot;id&quot;:&quot;&quot;,&quot;size&quot;:&quot;&quot;},&quot;jet_parallax_layout_image_mobile&quot;:{&quot;url&quot;:&quot;&quot;,&quot;id&quot;:&quot;&quot;,&quot;size&quot;:&quot;&quot;},&quot;jet_parallax_layout_speed&quot;:{&quot;unit&quot;:&quot;%&quot;,&quot;size&quot;:50,&quot;sizes&quot;:[]},&quot;jet_parallax_layout_type&quot;:&quot;scroll&quot;,&quot;jet_parallax_layout_direction&quot;:null,&quot;jet_parallax_layout_fx_direction&quot;:null,&quot;jet_parallax_layout_z_index&quot;:&quot;&quot;,&quot;jet_parallax_layout_bg_x&quot;:50,&quot;jet_parallax_layout_bg_x_tablet&quot;:&quot;&quot;,&quot;jet_parallax_layout_bg_x_mobile&quot;:&quot;&quot;,&quot;jet_parallax_layout_bg_y&quot;:50,&quot;jet_parallax_layout_bg_y_tablet&quot;:&quot;&quot;,&quot;jet_parallax_layout_bg_y_mobile&quot;:&quot;&quot;,&quot;jet_parallax_layout_bg_size&quot;:&quot;auto&quot;,&quot;jet_parallax_layout_bg_size_tablet&quot;:&quot;&quot;,&quot;jet_parallax_layout_bg_size_mobile&quot;:&quot;&quot;,&quot;jet_parallax_layout_animation_prop&quot;:&quot;transform&quot;,&quot;jet_parallax_layout_on&quot;:[&quot;desktop&quot;,&quot;tablet&quot;]}]}\">\n\t\t\t\t\t\t<div class=\"elementor-container elementor-column-gap-default\">\n\t\t\t\t\t<div class=\"elementor-column elementor-col-50 elementor-inner-column elementor-element elementor-element-e21bed8\" data-id=\"e21bed8\" data-element_type=\"column\">\n\t\t\t<div class=\"elementor-widget-wrap elementor-element-populated\">\n\t\t\t\t\t\t<div class=\"elementor-element elementor-element-b640b9b elementor-widget elementor-widget-jet-animated-box\" data-id=\"b640b9b\" data-element_type=\"widget\" data-widget_type=\"jet-animated-box.default\">\n\t\t\t\t<div class=\"elementor-widget-container\">\n\t\t\t<div class=\"elementor-jet-animated-box jet-elements\"><div id=\"jet-animated-box-b640b9b\" class=\"jet-animated-box jet-box-effect-1\" data-settings='{\"widgetId\":\"b640b9b\",\"switchEventType\":\"hover\",\"paperFoldDirection\":\"left\",\"slideOutDirection\":\"left\",\"peelCornerPosition\":\"right\"}'>\n\t<div id=\"jet-animated-box__front-b640b9b\" class=\"jet-animated-box__front\">\n\t\t<div class=\"jet-animated-box__inner\"><div class=\"jet-animated-box__content\"><h3 class=\"jet-animated-box__title jet-animated-box__title--front\">TYCROC TWP<\/h3><\/div><\/div>\n\t\t<div class=\"jet-animated-box__overlay\"><\/div><\/div>\n\t<div id=\"jet-animated-box__back-b640b9b\" class=\"jet-animated-box__back\">\n\t\t<div class=\"jet-animated-box__inner\"><div class=\"jet-animated-box__content\"><a class=\"elementor-button elementor-size-md jet-animated-box__button jet-animated-box__button--back jet-animated-box__button--icon-\" href=\"\/products\/tycroc-twp\/\"><span class=\"jet-animated-box__button-text\">P\u0159e\u010dt\u011bte si v\u00edce<\/span><\/a>\n\n<\/div><\/div>\n\t\t<div class=\"jet-animated-box__overlay\"><\/div><\/div>\n<\/div>\n<\/div>\t\t<\/div>\n\t\t\t\t<\/div>\n\t\t\t\t<div class=\"elementor-element elementor-element-dca11f8 elementor-fixed-height-250 elementor-widget elementor-widget-text-editor\" data-id=\"dca11f8\" data-element_type=\"widget\" data-widget_type=\"text-editor.default\">\n\t\t\t\t<div class=\"elementor-widget-container\">\n\t\t\t\t\t\t\t<p style=\"font-weight: 400;\">Vodot\u011bsn\u00e9 stavebn\u00ed desky \/ podkladov\u00e9 desky pod obklady v koupeln\u00e1ch, parn\u00edch saun\u00e1ch, baz\u00e9nech a l\u00e1zn\u00edch.<\/p>\t\t\t\t\t\t<\/div>\n\t\t\t\t<\/div>\n\t\t\t\t\t<\/div>\n\t\t<\/div>\n\t\t\t\t<div class=\"elementor-column elementor-col-50 elementor-inner-column elementor-element elementor-element-e1d3035\" data-id=\"e1d3035\" data-element_type=\"column\">\n\t\t\t<div class=\"elementor-widget-wrap elementor-element-populated\">\n\t\t\t\t\t\t<div class=\"elementor-element elementor-element-b08cc08 elementor-widget elementor-widget-jet-animated-box\" data-id=\"b08cc08\" data-element_type=\"widget\" data-widget_type=\"jet-animated-box.default\">\n\t\t\t\t<div class=\"elementor-widget-container\">\n\t\t\t<div class=\"elementor-jet-animated-box jet-elements\"><div id=\"jet-animated-box-b08cc08\" class=\"jet-animated-box jet-box-effect-1\" data-settings='{\"widgetId\":\"b08cc08\",\"switchEventType\":\"hover\",\"paperFoldDirection\":\"left\",\"slideOutDirection\":\"left\",\"peelCornerPosition\":\"right\"}'>\n\t<div id=\"jet-animated-box__front-b08cc08\" class=\"jet-animated-box__front\">\n\t\t<div class=\"jet-animated-box__inner\"><div class=\"jet-animated-box__content\"><h3 class=\"jet-animated-box__title jet-animated-box__title--front\">UPEV\u0147OVAC\u00cd A IZOLA\u010cN\u00cd PRVKY<\/h3><\/div><\/div>\n\t\t<div class=\"jet-animated-box__overlay\"><\/div><\/div>\n\t<div id=\"jet-animated-box__back-b08cc08\" class=\"jet-animated-box__back\">\n\t\t<div class=\"jet-animated-box__inner\"><div class=\"jet-animated-box__content\"><a class=\"elementor-button elementor-size-md jet-animated-box__button jet-animated-box__button--back jet-animated-box__button--icon-\" href=\"https:\/\/www.tycroc.com\/products\/fastening-insulating-components\/\"><span class=\"jet-animated-box__button-text\">P\u0159e\u010dt\u011bte si v\u00edce<\/span><\/a>\n\n<\/div><\/div>\n\t\t<div class=\"jet-animated-box__overlay\"><\/div><\/div>\n<\/div>\n<\/div>\t\t<\/div>\n\t\t\t\t<\/div>\n\t\t\t\t<div class=\"elementor-element elementor-element-82acd87 elementor-fixed-height-250 elementor-widget elementor-widget-text-editor\" data-id=\"82acd87\" data-element_type=\"widget\" data-widget_type=\"text-editor.default\">\n\t\t\t\t<div class=\"elementor-widget-container\">\n\t\t\t\t\t\t\t<p style=\"font-weight: 400;\">Lepidla, instala\u010dn\u00ed podlo\u017eky a dal\u0161\u00ed komponenty pro instalaci a izolaci v\u00fdrobk\u016f Tycroc.<\/p>\t\t\t\t\t\t<\/div>\n\t\t\t\t<\/div>\n\t\t\t\t\t<\/div>\n\t\t<\/div>\n\t\t\t\t\t<\/div>\n\t\t<\/section>\n\t\t\t\t\t<\/div>\n\t\t<\/div>\n\t\t\t\t\t<\/div>\n\t\t<\/section>\n\t\t\t\t<\/div>\n\t\t","protected":false},"excerpt":{"rendered":"<p>TYCROC TWP P\u0159e\u010dt\u011bte si v\u00edce Vodot\u011bsn\u00e9 stavebn\u00ed desky \/ podkladov\u00e9 desky pod obklady v koupeln\u00e1ch, parn\u00edch saun\u00e1ch, baz\u00e9nech a l\u00e1zn\u00edch. UPEV\u0147OVAC\u00cd A IZOLA\u010cN\u00cd PRVKY P\u0159e\u010dt\u011bte si v\u00edce Lepidla, instala\u010dn\u00ed podlo\u017eky a dal\u0161\u00ed komponenty pro instalaci a izolaci v\u00fdrobk\u016f Tycroc.<\/p>\n","protected":false},"author":3,"featured_media":0,"parent":23730,"menu_order":0,"comment_status":"closed","ping_status":"closed","template":"","meta":{"_acf_changed":false,"content-type":"","footnotes":""},"class_list":["post-23672","page","type-page","status-publish","hentry"],"acf":[],"yoast_head":"<!-- This site is optimized with the Yoast SEO plugin v23.2 - https:\/\/yoast.com\/wordpress\/plugins\/seo\/ -->\n<title>Izolace oken - TYCROC<\/title>\n<meta name=\"description\" content=\"Tycroc TWP tileable waterproof building boards \/ tile backer boards and accessories (fastening and insulation components) for around the windows.Vodot\u011bsn\u00e9 stavebn\u00ed desky Tycroc TWP pro obklady a dla\u017eby a p\u0159\u00edslu\u0161enstv\u00ed (upev\u0148ovac\u00ed a izola\u010dn\u00ed prvky) pro okol\u00ed oken.\" \/>\n<meta name=\"robots\" content=\"index, follow, max-snippet:-1, max-image-preview:large, max-video-preview:-1\" \/>\n<link rel=\"canonical\" href=\"https:\/\/www.tycroc.com\/cs\/applications\/izolace-oken\/\" \/>\n<meta property=\"og:locale\" content=\"cs_CZ\" \/>\n<meta property=\"og:type\" content=\"article\" \/>\n<meta property=\"og:title\" content=\"Izolace oken - TYCROC\" \/>\n<meta property=\"og:description\" content=\"Tycroc TWP tileable waterproof building boards \/ tile backer boards and accessories (fastening and insulation components) for around the windows.Vodot\u011bsn\u00e9 stavebn\u00ed desky Tycroc TWP pro obklady a dla\u017eby a p\u0159\u00edslu\u0161enstv\u00ed (upev\u0148ovac\u00ed a izola\u010dn\u00ed prvky) pro okol\u00ed oken.\" \/>\n<meta property=\"og:url\" content=\"https:\/\/www.tycroc.com\/cs\/applications\/izolace-oken\/\" \/>\n<meta property=\"og:site_name\" content=\"TYCROC\" \/>\n<meta property=\"article:modified_time\" content=\"2023-08-30T11:01:08+00:00\" \/>\n<meta name=\"twitter:card\" content=\"summary_large_image\" \/>\n<meta name=\"twitter:label1\" content=\"Odhadovan\u00e1 doba \u010dten\u00ed\" \/>\n\t<meta name=\"twitter:data1\" content=\"1 minuta\" \/>\n<script type=\"application\/ld+json\" class=\"yoast-schema-graph\">{\"@context\":\"https:\/\/schema.org\",\"@graph\":[{\"@type\":\"WebPage\",\"@id\":\"https:\/\/www.tycroc.com\/cs\/applications\/izolace-oken\/\",\"url\":\"https:\/\/www.tycroc.com\/cs\/applications\/izolace-oken\/\",\"name\":\"Izolace oken - TYCROC\",\"isPartOf\":{\"@id\":\"https:\/\/www.tycroc.com\/cs\/#website\"},\"datePublished\":\"2020-06-01T09:28:28+00:00\",\"dateModified\":\"2023-08-30T11:01:08+00:00\",\"description\":\"Tycroc TWP tileable waterproof building boards \/ tile backer boards and accessories (fastening and insulation components) for around the windows.Vodot\u011bsn\u00e9 stavebn\u00ed desky Tycroc TWP pro obklady a dla\u017eby a p\u0159\u00edslu\u0161enstv\u00ed (upev\u0148ovac\u00ed a izola\u010dn\u00ed prvky) pro okol\u00ed oken.\",\"breadcrumb\":{\"@id\":\"https:\/\/www.tycroc.com\/cs\/applications\/izolace-oken\/#breadcrumb\"},\"inLanguage\":\"cs\",\"potentialAction\":[{\"@type\":\"ReadAction\",\"target\":[\"https:\/\/www.tycroc.com\/cs\/applications\/izolace-oken\/\"]}]},{\"@type\":\"BreadcrumbList\",\"@id\":\"https:\/\/www.tycroc.com\/cs\/applications\/izolace-oken\/#breadcrumb\",\"itemListElement\":[{\"@type\":\"ListItem\",\"position\":1,\"name\":\"Home\",\"item\":\"https:\/\/www.tycroc.com\/cs\/\"},{\"@type\":\"ListItem\",\"position\":2,\"name\":\"Aplikace\",\"item\":\"https:\/\/www.tycroc.com\/cs\/applications\/\"},{\"@type\":\"ListItem\",\"position\":3,\"name\":\"Izolace oken\"}]},{\"@type\":\"WebSite\",\"@id\":\"https:\/\/www.tycroc.com\/cs\/#website\",\"url\":\"https:\/\/www.tycroc.com\/cs\/\",\"name\":\"TYCROC\",\"description\":\"\",\"publisher\":{\"@id\":\"https:\/\/www.tycroc.com\/cs\/#organization\"},\"potentialAction\":[{\"@type\":\"SearchAction\",\"target\":{\"@type\":\"EntryPoint\",\"urlTemplate\":\"https:\/\/www.tycroc.com\/cs\/?s={search_term_string}\"},\"query-input\":\"required name=search_term_string\"}],\"inLanguage\":\"cs\"},{\"@type\":\"Organization\",\"@id\":\"https:\/\/www.tycroc.com\/cs\/#organization\",\"name\":\"TYCROC\",\"url\":\"https:\/\/www.tycroc.com\/cs\/\",\"logo\":{\"@type\":\"ImageObject\",\"inLanguage\":\"cs\",\"@id\":\"https:\/\/www.tycroc.com\/cs\/#\/schema\/logo\/image\/\",\"url\":\"https:\/\/www.tycroc.com\/wp-content\/uploads\/2020\/03\/cropped-tycroc-logo.png\",\"contentUrl\":\"https:\/\/www.tycroc.com\/wp-content\/uploads\/2020\/03\/cropped-tycroc-logo.png\",\"width\":205,\"height\":59,\"caption\":\"TYCROC\"},\"image\":{\"@id\":\"https:\/\/www.tycroc.com\/cs\/#\/schema\/logo\/image\/\"}}]}<\/script>\n<!-- \/ Yoast SEO plugin. -->","yoast_head_json":{"title":"Izolace oken - TYCROC","description":"Tycroc TWP tileable waterproof building boards \/ tile backer boards and accessories (fastening and insulation components) for around the windows.Vodot\u011bsn\u00e9 stavebn\u00ed desky Tycroc TWP pro obklady a dla\u017eby a p\u0159\u00edslu\u0161enstv\u00ed (upev\u0148ovac\u00ed a izola\u010dn\u00ed prvky) pro okol\u00ed oken.","robots":{"index":"index","follow":"follow","max-snippet":"max-snippet:-1","max-image-preview":"max-image-preview:large","max-video-preview":"max-video-preview:-1"},"canonical":"https:\/\/www.tycroc.com\/cs\/applications\/izolace-oken\/","og_locale":"cs_CZ","og_type":"article","og_title":"Izolace oken - TYCROC","og_description":"Tycroc TWP tileable waterproof building boards \/ tile backer boards and accessories (fastening and insulation components) for around the windows.Vodot\u011bsn\u00e9 stavebn\u00ed desky Tycroc TWP pro obklady a dla\u017eby a p\u0159\u00edslu\u0161enstv\u00ed (upev\u0148ovac\u00ed a izola\u010dn\u00ed prvky) pro okol\u00ed oken.","og_url":"https:\/\/www.tycroc.com\/cs\/applications\/izolace-oken\/","og_site_name":"TYCROC","article_modified_time":"2023-08-30T11:01:08+00:00","twitter_card":"summary_large_image","twitter_misc":{"Odhadovan\u00e1 doba \u010dten\u00ed":"1 minuta"},"schema":{"@context":"https:\/\/schema.org","@graph":[{"@type":"WebPage","@id":"https:\/\/www.tycroc.com\/cs\/applications\/izolace-oken\/","url":"https:\/\/www.tycroc.com\/cs\/applications\/izolace-oken\/","name":"Izolace oken - TYCROC","isPartOf":{"@id":"https:\/\/www.tycroc.com\/cs\/#website"},"datePublished":"2020-06-01T09:28:28+00:00","dateModified":"2023-08-30T11:01:08+00:00","description":"Tycroc TWP tileable waterproof building boards \/ tile backer boards and accessories (fastening and insulation components) for around the windows.Vodot\u011bsn\u00e9 stavebn\u00ed desky Tycroc TWP pro obklady a dla\u017eby a p\u0159\u00edslu\u0161enstv\u00ed (upev\u0148ovac\u00ed a izola\u010dn\u00ed prvky) pro okol\u00ed oken.","breadcrumb":{"@id":"https:\/\/www.tycroc.com\/cs\/applications\/izolace-oken\/#breadcrumb"},"inLanguage":"cs","potentialAction":[{"@type":"ReadAction","target":["https:\/\/www.tycroc.com\/cs\/applications\/izolace-oken\/"]}]},{"@type":"BreadcrumbList","@id":"https:\/\/www.tycroc.com\/cs\/applications\/izolace-oken\/#breadcrumb","itemListElement":[{"@type":"ListItem","position":1,"name":"Home","item":"https:\/\/www.tycroc.com\/cs\/"},{"@type":"ListItem","position":2,"name":"Aplikace","item":"https:\/\/www.tycroc.com\/cs\/applications\/"},{"@type":"ListItem","position":3,"name":"Izolace oken"}]},{"@type":"WebSite","@id":"https:\/\/www.tycroc.com\/cs\/#website","url":"https:\/\/www.tycroc.com\/cs\/","name":"TYCROC","description":"","publisher":{"@id":"https:\/\/www.tycroc.com\/cs\/#organization"},"potentialAction":[{"@type":"SearchAction","target":{"@type":"EntryPoint","urlTemplate":"https:\/\/www.tycroc.com\/cs\/?s={search_term_string}"},"query-input":"required name=search_term_string"}],"inLanguage":"cs"},{"@type":"Organization","@id":"https:\/\/www.tycroc.com\/cs\/#organization","name":"TYCROC","url":"https:\/\/www.tycroc.com\/cs\/","logo":{"@type":"ImageObject","inLanguage":"cs","@id":"https:\/\/www.tycroc.com\/cs\/#\/schema\/logo\/image\/","url":"https:\/\/www.tycroc.com\/wp-content\/uploads\/2020\/03\/cropped-tycroc-logo.png","contentUrl":"https:\/\/www.tycroc.com\/wp-content\/uploads\/2020\/03\/cropped-tycroc-logo.png","width":205,"height":59,"caption":"TYCROC"},"image":{"@id":"https:\/\/www.tycroc.com\/cs\/#\/schema\/logo\/image\/"}}]}},"_links":{"self":[{"href":"https:\/\/www.tycroc.com\/cs\/wp-json\/wp\/v2\/pages\/23672"}],"collection":[{"href":"https:\/\/www.tycroc.com\/cs\/wp-json\/wp\/v2\/pages"}],"about":[{"href":"https:\/\/www.tycroc.com\/cs\/wp-json\/wp\/v2\/types\/page"}],"author":[{"embeddable":true,"href":"https:\/\/www.tycroc.com\/cs\/wp-json\/wp\/v2\/users\/3"}],"replies":[{"embeddable":true,"href":"https:\/\/www.tycroc.com\/cs\/wp-json\/wp\/v2\/comments?post=23672"}],"version-history":[{"count":5,"href":"https:\/\/www.tycroc.com\/cs\/wp-json\/wp\/v2\/pages\/23672\/revisions"}],"predecessor-version":[{"id":25512,"href":"https:\/\/www.tycroc.com\/cs\/wp-json\/wp\/v2\/pages\/23672\/revisions\/25512"}],"up":[{"embeddable":true,"href":"https:\/\/www.tycroc.com\/cs\/wp-json\/wp\/v2\/pages\/23730"}],"wp:attachment":[{"href":"https:\/\/www.tycroc.com\/cs\/wp-json\/wp\/v2\/media?parent=23672"}],"curies":[{"name":"wp","href":"https:\/\/api.w.org\/{rel}","templated":true}]}}